{"id":636,"date":"2020-06-14T15:38:20","date_gmt":"2020-06-14T13:38:20","guid":{"rendered":"http:\/\/blogg.folkuniversitetet.nu\/fuendi\/?page_id=636"},"modified":"2020-06-14T15:40:44","modified_gmt":"2020-06-14T13:40:44","slug":"clase-del-9-de-junio","status":"publish","type":"page","link":"https:\/\/blogg.folkuniversitetet.nu\/fuendi\/clase-del-9-de-junio\/","title":{"rendered":"Clase del 9 de junio"},"content":{"rendered":"<h5>Bra fraser eller ord<\/h5>\n<ul>\n<li>\u00bfEst\u00e1s casada, -o?<\/li>\n<li>S\u00ed, estoy casado.<\/li>\n<li>No, no estoy casada.<\/li>\n<\/ul>\n<p>&nbsp;<\/p>\n<ul>\n<li>\u00bfEn qu\u00e9 trabajas?<\/li>\n<li>Trabajo como polic\u00eda\u00a0 \u00a0 \u00a0 \u00a0\/\u00a0 \u00a0 \u00a0 Soy polic\u00eda\u00a0 \u00a0\/\u00a0 \u00a0 Soy peluquera<\/li>\n<\/ul>\n<p>&nbsp;<\/p>\n<ul>\n<li>Mi padre ya no vive.<\/li>\n<li>Mi padre tampoco.<\/li>\n<\/ul>\n<p>&nbsp;<\/p>\n<ul>\n<li>doler = att ha ont i<\/li>\n<li>Me duele la cabeza\u00a0 \u00a0 \/\u00a0 \u00a0 Te duelen las piernas\u00a0 \u00a0\/\u00a0 \u00a0 Le duele el est\u00f3mago<\/li>\n<\/ul>\n<p>&nbsp;<\/p>\n<ul>\n<li>Tener dolor de = att ha ont i<\/li>\n<li>Tengo dolor de cabeza\u00a0 \u00a0 \u00a0\/\u00a0 \u00a0Tienes dolor de est\u00f3mago\u00a0 \u00a0 \/\u00a0 \u00a0 \u00a0Tiene dolor de muelas<\/li>\n<\/ul>\n<p>&nbsp;<\/p>\n<ul>\n<li>\u00bfQu\u00e9 te interesa\u00a0 \u00a0\/\u00a0 \u00a0gusta?<\/li>\n<li>Me interesa&#8230;\u00a0 \u00a0 Me gusta&#8230;\u00a0 \u00a0 \u00a0\/\u00a0 \u00a0 Me interesan&#8230;\u00a0 \u00a0\/\u00a0 \u00a0Me gustan<\/li>\n<li>Me interesa bailar.<\/li>\n<li>Me interesan las flores.<\/li>\n<li>Me interesa leer libros.<\/li>\n<li>Me interesan los libros de detectives o de cr\u00edmenes.<\/li>\n<li>Me interesan las novelas policiales.<\/li>\n<li>Me gustan las telenovelas.<\/li>\n<\/ul>\n<p>&nbsp;<\/p>\n<ul>\n<li>Gracias.<\/li>\n<li>Gracias a ti.<\/li>\n<li>Gracias a usted.<\/li>\n<\/ul>\n<h5>Juego de la Oca &#8211; Verbos regulares<\/h5>\n<p><a href=\"http:\/\/blogg.folkuniversitetet.nu\/fuendi\/files\/2020\/06\/Screenshot1.png\"><img loading=\"lazy\" decoding=\"async\" class=\"alignnone size-medium wp-image-637\" src=\"http:\/\/blogg.folkuniversitetet.nu\/fuendi\/files\/2020\/06\/Screenshot1-300x224.png\" alt=\"\" width=\"300\" height=\"224\" \/><\/a><\/p>\n<p>Fuente: https:\/\/espanolparainmigrantes.wordpress.com, con modificaciones de Diana Fuenmayor<\/p>\n<h5><span style=\"color: #ff0000\">TAREA:<\/span><\/h5>\n<ul>\n<li>Les recomiendo hacer la autoevaluaci\u00f3n (sj\u00e4lvdiagnoser) de las p\u00e1ginas 182 a 185 y repasar los contenidos necesarios. Controlen los resultados en las p\u00e1ginas 196 y 197.<\/li>\n<\/ul>\n<p>&nbsp;<\/p>\n","protected":false},"excerpt":{"rendered":"<p>Bra fraser eller ord \u00bfEst\u00e1s casada, -o? S\u00ed, estoy casado. No, no estoy casada. &nbsp; \u00bfEn qu\u00e9 trabajas? Trabajo como polic\u00eda\u00a0 \u00a0 \u00a0 \u00a0\/\u00a0 \u00a0 \u00a0 Soy polic\u00eda\u00a0 \u00a0\/\u00a0 \u00a0 Soy peluquera &nbsp; Mi padre ya no vive. Mi padre tampoco. &nbsp; doler = att ha ont i Me duele la cabeza\u00a0 \u00a0 \/\u00a0 \u00a0 &hellip; <a href=\"https:\/\/blogg.folkuniversitetet.nu\/fuendi\/clase-del-9-de-junio\/\" class=\"more-link\">Forts\u00e4tt l\u00e4sa <span class=\"screen-reader-text\">Clase del 9 de junio<\/span> <span class=\"meta-nav\">&rarr;<\/span><\/a><\/p>\n","protected":false},"author":787,"featured_media":0,"parent":0,"menu_order":0,"comment_status":"closed","ping_status":"closed","template":"","meta":{"footnotes":""},"class_list":["post-636","page","type-page","status-publish","hentry"],"_links":{"self":[{"href":"https:\/\/blogg.folkuniversitetet.nu\/fuendi\/wp-json\/wp\/v2\/pages\/636","targetHints":{"allow":["GET"]}}],"collection":[{"href":"https:\/\/blogg.folkuniversitetet.nu\/fuendi\/wp-json\/wp\/v2\/pages"}],"about":[{"href":"https:\/\/blogg.folkuniversitetet.nu\/fuendi\/wp-json\/wp\/v2\/types\/page"}],"author":[{"embeddable":true,"href":"https:\/\/blogg.folkuniversitetet.nu\/fuendi\/wp-json\/wp\/v2\/users\/787"}],"replies":[{"embeddable":true,"href":"https:\/\/blogg.folkuniversitetet.nu\/fuendi\/wp-json\/wp\/v2\/comments?post=636"}],"version-history":[{"count":3,"href":"https:\/\/blogg.folkuniversitetet.nu\/fuendi\/wp-json\/wp\/v2\/pages\/636\/revisions"}],"predecessor-version":[{"id":641,"href":"https:\/\/blogg.folkuniversitetet.nu\/fuendi\/wp-json\/wp\/v2\/pages\/636\/revisions\/641"}],"wp:attachment":[{"href":"https:\/\/blogg.folkuniversitetet.nu\/fuendi\/wp-json\/wp\/v2\/media?parent=636"}],"curies":[{"name":"wp","href":"https:\/\/api.w.org\/{rel}","templated":true}]}}