{"id":628,"date":"2020-06-04T21:42:38","date_gmt":"2020-06-04T19:42:38","guid":{"rendered":"http:\/\/blogg.folkuniversitetet.nu\/fuendi\/?page_id=628"},"modified":"2020-06-04T21:48:22","modified_gmt":"2020-06-04T19:48:22","slug":"clase-del-4-de-junio","status":"publish","type":"page","link":"https:\/\/blogg.folkuniversitetet.nu\/fuendi\/clase-del-4-de-junio\/","title":{"rendered":"Clase del 4 de junio"},"content":{"rendered":"<h5>\u00bfY tu fin de semana? (Ejemplo del ejercicio 9, p. 120)<\/h5>\n<p>A\u00a0 \u00a0\u00a0\u00a0\u00a0 \u00a1Hola! Mucho tiempo sin verte \/ Cu\u00e1nto tiempo. \u00bfC\u00f3mo est\u00e1s?<\/p>\n<p>B\u00a0\u00a0\u00a0\u00a0\u00a0\u00a0 Muy bien, gracias. El fin de semana he ido al cine con mi esposo, he montado bicicleta y he salido a cenar con mi hija.<\/p>\n<p>A\u00a0\u00a0\u00a0\u00a0\u00a0\u00a0 \u00a1Qu\u00e9 bien! A m\u00ed tambi\u00e9n me gusta ir al cine. Me encantan las pel\u00edculas. El fin de semana, por ejemplo, he visto dos pel\u00edculas con Fernando, pero en la casa, y luego hemos preparado una torta de zanahoria. \u00a1Qued\u00f3 riqu\u00edsima!<\/p>\n<p>B \u00a0\u00a0\u00a0\u00a0\u00a0 \u00bfCon Fernando? No s\u00e9 qui\u00e9n es. \u00bfPuedes describirlo?<\/p>\n<p>A\u00a0\u00a0\u00a0\u00a0\u00a0\u00a0 Fernando es mi amigo, \u00bfte acuerdas? Es alto, delgado, tiene el pelo negro y lleva gafas. Tiene 56 a\u00f1os.<\/p>\n<p>B \u00a0\u00a0\u00a0\u00a0\u00a0 \u00a1Claro! Ya s\u00e9 qui\u00e9n es.<\/p>\n<h5>M\u00e1s vocabulario del texto &#8221;Buscando apartamento&#8221;<\/h5>\n<p>llegar \u00a0\u00a0\u00a0\u00a0\u00a0\u00a0\u00a0\u00a0\u00a0\u00a0\u00a0\u00a0\u00a0\u00a0\u00a0\u00a0\u00a0 \u00a0\u00a0\u00a0\u00a0\u00a0\u00a0\u00a0\u00a0\u00a0\u00a0\u00a0\u00a0\u00a0\u00a0\u00a0\u00a0 <em>komma fram<\/em><\/p>\n<p>en casa de\u00a0 \u00a0 \u00a0 \u00a0 \u00a0 \u00a0 \u00a0 \u00a0 \u00a0 \u00a0 \u00a0 \u00a0 \u00a0<em>hos<\/em><\/p>\n<p>buscar\u00a0 \u00a0 \u00a0 \u00a0 \u00a0 \u00a0 \u00a0 \u00a0 \u00a0 \u00a0 \u00a0 \u00a0 \u00a0 \u00a0 \u00a0 \u00a0 \u00a0<em>s\u00f6ka<\/em><\/p>\n<p>encontrar\u00a0\u00a0\u00a0\u00a0\u00a0\u00a0\u00a0\u00a0\u00a0\u00a0\u00a0 \u00a0\u00a0\u00a0\u00a0\u00a0\u00a0\u00a0\u00a0\u00a0\u00a0\u00a0\u00a0\u00a0 <em>hitta<\/em><\/p>\n<p><em>\u00bfno?\u00a0\u00a0\u00a0\u00a0\u00a0\u00a0\u00a0\u00a0\u00a0\u00a0\u00a0\u00a0\u00a0\u00a0\u00a0\u00a0\u00a0\u00a0 \u00a0\u00a0\u00a0\u00a0\u00a0\u00a0\u00a0\u00a0\u00a0\u00a0\u00a0\u00a0\u00a0\u00a0\u00a0\u00a0\u00a0\u00a0 eller hur?<\/em><\/p>\n<p>acabar de + infinitivo \u00a0\u00a0\u00a0\u00a0\u00a0\u00a0\u00a0\u00a0\u00a0\u00a0\u00a0\u00a0\u00a0\u00a0\u00a0\u00a0\u00a0\u00a0\u00a0 <em>just ha + supinum<\/em><\/p>\n<p>Hasta el s\u00e1bado entonces\u00a0 \u00a0 \u00a0 \u00a0 \u00a0 <em>Vi ses p\u00e5 l\u00f6rdag d\u00e5<\/em><\/p>\n<h5>Frases \u00fatiles del ejercicio 3, p\u00e1gina 130 (una conversaci\u00f3n\u00a0 telef\u00f3nica entre madre e hija):<\/h5>\n<ul>\n<li>\u00a1Hola, mam\u00e1! Soy Julia.<\/li>\n<li>\u00a1Hola, cari\u00f1o! \u00bfQu\u00e9 tal?<\/li>\n<li>\u00a1Qu\u00e9 buena noticia!<\/li>\n<li>\u00a1Anda, Julia, qu\u00e9 bien!<\/li>\n<li>\u00a1Chao, cari\u00f1o, suerte!<\/li>\n<\/ul>\n<h5>Explica con tus propias palabras o da un ejemplo &#8211; <em>F\u00f6rklara med egna ord eller ge en synonym<\/em><\/h5>\n<p>Med egna ord = con tus propias palabras<\/p>\n<p>\u00bfPuedes explicar la palabra\u2026? \u00bfQu\u00e9 significa\u2026?:<\/p>\n<p>delgado (smal, mager) = una persona que no pesa mucho<\/p>\n<p>vivienda (bostad) = una casa o apartamento<\/p>\n<p>contento (n\u00f6jd) = sentirse bien y alegre.<\/p>\n<p>gemelos (tvillingar) = dos personas id\u00e9nticas<\/p>\n<p>salir a tomar algo = ir a beber cerveza, vino, etc.<\/p>\n<p>ir de compras = salir a comprar comida, ropa, etc.<\/p>\n<p>barato = algo que no es caro, que no cuesta mucho dinero.<\/p>\n<p>&nbsp;<\/p>\n<h5>M\u00e1s vocabulario del texto \u201cAs\u00ed vivo yo\u201d, p. 134-135<\/h5>\n<p><strong>Ordlista<\/strong><\/p>\n<p>m\u00e1s de = mer \u00e4n<\/p>\n<p>sobre todo = framf\u00f6rallt<\/p>\n<p>com\u00fan = vanlig\u00a0\u00a0 \/\u00a0 m\u00e1s com\u00fan = vanligare<\/p>\n<p>m\u00e1s + adjetivo = adjektiv + -are<\/p>\n<p>por = pa grund av\u2026<\/p>\n<p>porque = eftersom, d\u00e4rf\u00f6r att<\/p>\n<p>por eso = d\u00e4rf\u00f6r<\/p>\n<p>Por eso los j\u00f3venes no pueden comprar una vivienda.<\/p>\n<p>hasta = till, tills<\/p>\n<p>volver = aterv\u00e4nda<\/p>\n<p>pasar = tillbringa<\/p>\n<p>durante = under<\/p>\n<p>la mayor\u00eda de = de flesta<\/p>\n<p>&nbsp;<\/p>\n<h5><span style=\"color: #ff0000\">TAREA:<\/span><\/h5>\n<ul>\n<li>Prepararse para hacer el ejercicio\u00a0 9, p. 132, la pr\u00f3xima clase.<\/li>\n<li>Leer y estudiar el vocabulario de los textos: \u201cAs\u00ed vivo yo\u201d, p. 134-135. \u201cLa habitaci\u00f3n de Alan\u201d, p. 136-137. Y anotar dudas y preguntas.<\/li>\n<li>Estudiar el vocabulario de las p\u00e1ginas 140 y 141. Y anotar dudas y preguntas.<\/li>\n<\/ul>\n<h5>Un buen video para estudiar el vocabulario de la p\u00e1gina 141:<\/h5>\n<p><iframe loading=\"lazy\" title=\"Aprender espa\u00f1ol: Preposiciones de lugar - ubicaci\u00f3n (nivel b\u00e1sico)\" width=\"604\" height=\"340\" src=\"https:\/\/www.youtube.com\/embed\/pscQdqVKvx4?feature=oembed\" frameborder=\"0\" allow=\"accelerometer; autoplay; clipboard-write; encrypted-media; gyroscope; picture-in-picture; web-share\" referrerpolicy=\"strict-origin-when-cross-origin\" allowfullscreen><\/iframe><\/p>\n","protected":false},"excerpt":{"rendered":"<p>\u00bfY tu fin de semana? (Ejemplo del ejercicio 9, p. 120) A\u00a0 \u00a0\u00a0\u00a0\u00a0 \u00a1Hola! Mucho tiempo sin verte \/ Cu\u00e1nto tiempo. \u00bfC\u00f3mo est\u00e1s? B\u00a0\u00a0\u00a0\u00a0\u00a0\u00a0 Muy bien, gracias. El fin de semana he ido al cine con mi esposo, he montado bicicleta y he salido a cenar con mi hija. A\u00a0\u00a0\u00a0\u00a0\u00a0\u00a0 \u00a1Qu\u00e9 bien! A m\u00ed tambi\u00e9n &hellip; <a href=\"https:\/\/blogg.folkuniversitetet.nu\/fuendi\/clase-del-4-de-junio\/\" class=\"more-link\">Forts\u00e4tt l\u00e4sa <span class=\"screen-reader-text\">Clase del 4 de junio<\/span> <span class=\"meta-nav\">&rarr;<\/span><\/a><\/p>\n","protected":false},"author":787,"featured_media":0,"parent":0,"menu_order":0,"comment_status":"closed","ping_status":"closed","template":"","meta":{"footnotes":""},"class_list":["post-628","page","type-page","status-publish","hentry"],"_links":{"self":[{"href":"https:\/\/blogg.folkuniversitetet.nu\/fuendi\/wp-json\/wp\/v2\/pages\/628","targetHints":{"allow":["GET"]}}],"collection":[{"href":"https:\/\/blogg.folkuniversitetet.nu\/fuendi\/wp-json\/wp\/v2\/pages"}],"about":[{"href":"https:\/\/blogg.folkuniversitetet.nu\/fuendi\/wp-json\/wp\/v2\/types\/page"}],"author":[{"embeddable":true,"href":"https:\/\/blogg.folkuniversitetet.nu\/fuendi\/wp-json\/wp\/v2\/users\/787"}],"replies":[{"embeddable":true,"href":"https:\/\/blogg.folkuniversitetet.nu\/fuendi\/wp-json\/wp\/v2\/comments?post=628"}],"version-history":[{"count":4,"href":"https:\/\/blogg.folkuniversitetet.nu\/fuendi\/wp-json\/wp\/v2\/pages\/628\/revisions"}],"predecessor-version":[{"id":633,"href":"https:\/\/blogg.folkuniversitetet.nu\/fuendi\/wp-json\/wp\/v2\/pages\/628\/revisions\/633"}],"wp:attachment":[{"href":"https:\/\/blogg.folkuniversitetet.nu\/fuendi\/wp-json\/wp\/v2\/media?parent=628"}],"curies":[{"name":"wp","href":"https:\/\/api.w.org\/{rel}","templated":true}]}}