{"id":619,"date":"2020-06-02T20:38:26","date_gmt":"2020-06-02T18:38:26","guid":{"rendered":"http:\/\/blogg.folkuniversitetet.nu\/fuendi\/?page_id=619"},"modified":"2020-06-02T20:41:29","modified_gmt":"2020-06-02T18:41:29","slug":"clase-del-2-de-junio","status":"publish","type":"page","link":"https:\/\/blogg.folkuniversitetet.nu\/fuendi\/clase-del-2-de-junio\/","title":{"rendered":"Clase del 2 de junio"},"content":{"rendered":"<h5>Algunas oraciones o palabras vistas en la clase:<\/h5>\n<p>Mis padres est\u00e1n muertos\u00a0 \/\u00a0 Mis padres ya no viven.<\/p>\n<p>58 = cincuenta y ocho<\/p>\n<p>&#8211; \u00bfQu\u00e9 clima \/ tiempo hace?<br \/>\n&#8211; Hace sol y calor \/ Hace fr\u00edo \/ Llueve \/ Nieva<br \/>\n&#8211; Est\u00e1 lloviendo \/ Est\u00e1 nevando<\/p>\n<p>Estoy estudiando<\/p>\n<p>770 000 = setecientos setenta mil<\/p>\n<p>&nbsp;<\/p>\n<h5>ADJETIVOS (palabras que describen\/<em>ord som beskriver),<\/em> p. 46<\/h5>\n<p>Un pa\u00eds\u00a0peque\u00f1o\u00a0(ett litet land)<\/p>\n<p>Lagos\u00a0grandes\u00a0 (stora sj\u00f6ar)\u00a0\u00a0\u00a0\u00a0 grandes lagos<\/p>\n<p>Playas\u00a0fant\u00e1sticas\u00a0(fantastiska str\u00e4nder)<\/p>\n<p>Volcanes\u00a0activos\u00a0(aktiva vulkaner)<\/p>\n<p>Un clima\u00a0tropical\u00a0(ett tropiskt klimat)<\/p>\n<p>Temperaturas\u00a0altas\u00a0(h\u00f6ga temperaturer)<\/p>\n<p><strong>Observa:<\/strong><\/p>\n<p>I spanskan placeras adjektiv oftast efter substantiv.<\/p>\n<p>Adjektivet b\u00f6js efter substantivet som adjektivet beskriver:<\/p>\n<p>Casa bonita\u00a0\u00a0\u00a0 \u00a0\u00a0\u00a0\u00a0\u00a0\u00a0\u00a0\u00a0\u00a0 Coche bonito<\/p>\n<p>Casas bonitas\u00a0\u00a0\u00a0\u00a0\u00a0\u00a0\u00a0\u00a0\u00a0 Coches bonitos<\/p>\n<p><strong>Algunos adjetivos:<\/strong><\/p>\n<p>grande \u2013 grandes\u00a0\u00a0\u00a0\u00a0\u00a0\u00a0\u00a0\u00a0\u00a0\u00a0\u00a0\u00a0\u00a0\u00a0\u00a0\u00a0\u00a0\u00a0\u00a0\u00a0\u00a0\u00a0\u00a0\u00a0\u00a0\u00a0\u00a0\u00a0\u00a0\u00a0\u00a0\u00a0\u00a0\u00a0\u00a0\u00a0\u00a0\u00a0\u00a0 peque\u00f1o, -a, -os, -as<\/p>\n<p>bonito \/ guapo, -a, -os, -as\u00a0 \u00a0 \u00a0 \u00a0 \u00a0 \u00a0 \u00a0 \u00a0 \u00a0 \u00a0 \u00a0 feo, -a, -os, -as<\/p>\n<p>rico, -a, -os, -as\u00a0\u00a0\u00a0\u00a0\u00a0\u00a0\u00a0\u00a0\u00a0\u00a0\u00a0\u00a0\u00a0\u00a0\u00a0\u00a0\u00a0\u00a0\u00a0\u00a0\u00a0\u00a0\u00a0\u00a0\u00a0\u00a0\u00a0\u00a0\u00a0\u00a0\u00a0\u00a0\u00a0\u00a0\u00a0\u00a0\u00a0\u00a0\u00a0\u00a0\u00a0\u00a0\u00a0 pobre, -s<\/p>\n<p>alto, -a, -os, -as\u00a0\u00a0\u00a0\u00a0\u00a0\u00a0\u00a0\u00a0\u00a0\u00a0\u00a0\u00a0\u00a0\u00a0\u00a0\u00a0\u00a0\u00a0\u00a0\u00a0\u00a0\u00a0\u00a0\u00a0\u00a0\u00a0\u00a0\u00a0\u00a0\u00a0\u00a0\u00a0\u00a0\u00a0\u00a0\u00a0\u00a0\u00a0\u00a0\u00a0\u00a0\u00a0\u00a0 bajo, -a, -os, -as\u00a0\u00a0\u00a0bajito, bajita (-ito,-ita)<\/p>\n<p>mayor, -es\u00a0 \u00a0 \u00a0 \u00a0 \u00a0 \u00a0 \u00a0 \u00a0 \u00a0 \u00a0 \u00a0 \u00a0 \u00a0 \u00a0 \u00a0 \u00a0 \u00a0 \u00a0 \u00a0 \u00a0 \u00a0 \u00a0 \u00a0 \u00a0 \u00a0 \u00a0 \u00a0 menor, -es<\/p>\n<p>gordo, -a, -os, -as\u00a0\u00a0\u00a0\u00a0 gordito\u00a0 \u00a0 \u00a0 \u00a0 \u00a0 \u00a0 \u00a0 \u00a0 \u00a0 \u00a0flaco, -a, -os, -as\u00a0\u00a0\u00a0\u00a0\u00a0 flaquito<\/p>\n<p>&nbsp;<\/p>\n<h5>LOS COLORES \u2013 f\u00e4rger, p.48<\/h5>\n<p>Funcionan como sustantivos:\u00a0 \u00a0 El rojo es un color bonito.<\/p>\n<p>Funcionan como adjetivos:\u00a0 \u00a0 un vestido rojo \/ la casa blanca<\/p>\n<p>Rojo, -a, -os, -as<\/p>\n<p>Blanco, -a, -os, -as<\/p>\n<p>Amarillo, -a, -os, -as<\/p>\n<p>Negro, -a, -os, -as<\/p>\n<p>Azul, -es<\/p>\n<p>Gris, -es<\/p>\n<p>Marr\u00f3n, -es<\/p>\n<p>Verde, -s<\/p>\n<p>Rosa, -s<\/p>\n<p>Lila, -s<\/p>\n<p>Naranja, -s<\/p>\n<p><strong>Preguntas y respuestas:\u00a0\u00bfDe qu\u00e9 color es \/ son\u2026?<\/strong><\/p>\n<p>\u2013 \u00bfDe qu\u00e9 color son los tulipanes? \u00a0\u00a0\u00a0\u00a0<em>Vilken f\u00e4rg \u00e4r tulpaner?<\/em><\/p>\n<p>\u2013 Los tulipanes son amarillos<\/p>\n<p>\u2013 \u00bfCu\u00e1l es tu color favorito?\u00a0 \u00a0\u00a0\u00a0\u00a0\u00a0\u00a0\u00a0\u00a0\u00a0\u00a0<em>Vilken \u00e4r din favoritf\u00e4rg?<\/em><\/p>\n<p>\u2013 Mi color favorito es el azul.<\/p>\n<p><iframe loading=\"lazy\" title=\"Vocabulario de los colores en espa\u00f1ol - Vocabulary of colors in Spanish\" width=\"604\" height=\"340\" src=\"https:\/\/www.youtube.com\/embed\/kilEt7CoZic?start=3&#038;feature=oembed\" frameborder=\"0\" allow=\"accelerometer; autoplay; clipboard-write; encrypted-media; gyroscope; picture-in-picture; web-share\" referrerpolicy=\"strict-origin-when-cross-origin\" allowfullscreen><\/iframe><\/p>\n<p>&nbsp;<\/p>\n<h5><strong>Hay (<em>det finns<\/em>), p. 46<\/strong><\/h5>\n<p>Hay muchos lagos en Suecia.<\/p>\n<p>Hay un vaso sobre la mesa.<\/p>\n<p>Hay dos vasos sobre la mesa.<\/p>\n<p>Hay muchos vasos sobre la mesa.<\/p>\n<p>Hay vasos sobre la mesa.<\/p>\n<p>lago =\u00a0 sj\u00f6\u00a0 \u00a0 \u00a0 \u00a0vaso = glass\u00a0 \u00a0 \u00a0 sobre = p\u00e5\u00a0 \u00a0 \u00a0 \u00a0mesa = bord<\/p>\n<p>&nbsp;<\/p>\n<h5><strong>Estar = (att) vara, ligga, befinna sig och m\u00e5, p. 47<\/strong><\/h5>\n<p>Estoy casada.<\/p>\n<p>Suecia est\u00e1 en Europa.<\/p>\n<p>Estoy en mi casa.<\/p>\n<p>Estoy bien.<\/p>\n<p>&nbsp;<\/p>\n<h5><span style=\"color: #ff0000\">TAREA:<\/span><\/h5>\n<ul>\n<li>Ejercicios 4, p\u00e1gina 50.<\/li>\n<\/ul>\n<ul>\n<li>Ejercicio 10, p\u00e1gina\u00a0 52:\u00a0<em>Una presentaci\u00f3n de un pa\u00eds<\/em>. Presentar un pa\u00eds de Am\u00e9rica Central. Usar los textos de las p\u00e1ginas 44 (Nicaragua) y 69 (Espa\u00f1a) como modelos. Usar las preguntas del ejercicio 8, p\u00e1gina 51 como ayuda (hj\u00e4lpmedel).<\/li>\n<li>Repasar todo lo que hicimos hoy (Repetera allt som vi gjorde idag).<\/li>\n<\/ul>\n<p>&nbsp;<\/p>\n","protected":false},"excerpt":{"rendered":"<p>Algunas oraciones o palabras vistas en la clase: Mis padres est\u00e1n muertos\u00a0 \/\u00a0 Mis padres ya no viven. 58 = cincuenta y ocho &#8211; \u00bfQu\u00e9 clima \/ tiempo hace? &#8211; Hace sol y calor \/ Hace fr\u00edo \/ Llueve \/ Nieva &#8211; Est\u00e1 lloviendo \/ Est\u00e1 nevando Estoy estudiando 770 000 = setecientos setenta mil &hellip; <a href=\"https:\/\/blogg.folkuniversitetet.nu\/fuendi\/clase-del-2-de-junio\/\" class=\"more-link\">Forts\u00e4tt l\u00e4sa <span class=\"screen-reader-text\">Clase del 2 de junio<\/span> <span class=\"meta-nav\">&rarr;<\/span><\/a><\/p>\n","protected":false},"author":787,"featured_media":0,"parent":0,"menu_order":0,"comment_status":"closed","ping_status":"closed","template":"","meta":{"footnotes":""},"class_list":["post-619","page","type-page","status-publish","hentry"],"_links":{"self":[{"href":"https:\/\/blogg.folkuniversitetet.nu\/fuendi\/wp-json\/wp\/v2\/pages\/619","targetHints":{"allow":["GET"]}}],"collection":[{"href":"https:\/\/blogg.folkuniversitetet.nu\/fuendi\/wp-json\/wp\/v2\/pages"}],"about":[{"href":"https:\/\/blogg.folkuniversitetet.nu\/fuendi\/wp-json\/wp\/v2\/types\/page"}],"author":[{"embeddable":true,"href":"https:\/\/blogg.folkuniversitetet.nu\/fuendi\/wp-json\/wp\/v2\/users\/787"}],"replies":[{"embeddable":true,"href":"https:\/\/blogg.folkuniversitetet.nu\/fuendi\/wp-json\/wp\/v2\/comments?post=619"}],"version-history":[{"count":3,"href":"https:\/\/blogg.folkuniversitetet.nu\/fuendi\/wp-json\/wp\/v2\/pages\/619\/revisions"}],"predecessor-version":[{"id":623,"href":"https:\/\/blogg.folkuniversitetet.nu\/fuendi\/wp-json\/wp\/v2\/pages\/619\/revisions\/623"}],"wp:attachment":[{"href":"https:\/\/blogg.folkuniversitetet.nu\/fuendi\/wp-json\/wp\/v2\/media?parent=619"}],"curies":[{"name":"wp","href":"https:\/\/api.w.org\/{rel}","templated":true}]}}