{"id":616,"date":"2020-06-02T15:53:23","date_gmt":"2020-06-02T13:53:23","guid":{"rendered":"http:\/\/blogg.folkuniversitetet.nu\/fuendi\/?page_id=616"},"modified":"2020-06-02T22:31:07","modified_gmt":"2020-06-02T20:31:07","slug":"clase-del-28-de-mayo","status":"publish","type":"page","link":"https:\/\/blogg.folkuniversitetet.nu\/fuendi\/clase-del-28-de-mayo\/","title":{"rendered":"Clase del 28 de mayo"},"content":{"rendered":"<h5><a href=\"http:\/\/blogg.folkuniversitetet.nu\/fuendi\/files\/2020\/06\/Contenido-del-chat-.pdf\">Contenido del chat \u00a0 <\/a>\u21d0 Aqu\u00ed<\/h5>\n<h5>Buenas frases o palabras del ejercicio 8: \u00bfC\u00f3mo ha sido el domingo de Julia? (p. 120)<\/h5>\n<p>Cari\u00f1o = \u00e4lskling<\/p>\n<p>Qu\u00e9 d\u00eda m\u00e1s bonito, \u00bfno? \u00a0= Vilken h\u00e4rlig dag, eller hur?<\/p>\n<p>He tenido mucho que hacer, demasiado.<\/p>\n<p>tener que hacer = ha mycket att g\u00f6ra<\/p>\n<p>Hay demasiada gente en la calle.<\/p>\n<p>Me ha ayudado con la bicicleta, que est\u00e1 rota.<\/p>\n<p>ayudar (a alguien) (con) = hj\u00e4lpa (n\u00e5gon) (med)<\/p>\n<p>Ayudo a mi hijo con la tarea.<\/p>\n<p>Ayudo a mis estudiantes a entender las matem\u00e1ticas.<\/p>\n<p>rico, riqu\u00edsimo\u00a0 =\u00a0 god, gott, j\u00e4ttegod, j\u00e4ttegott<\/p>\n<p>sabroso \/ delicioso (<em>om mat<\/em>)<\/p>\n<p>La paella de mam\u00e1 est\u00e1 riqu\u00edsima.<\/p>\n<h5>Ver y decir<\/h5>\n<p>Veo televisi\u00f3n todas las noches.<\/p>\n<p>Julia ha visto un anuncio en el peri\u00f3dico.<\/p>\n<p>Voy a ver una pel\u00edcula en el cine el fin de semana.<\/p>\n<p>&nbsp;<\/p>\n<p>Diana: Veo televisi\u00f3n todas las noches.<\/p>\n<p>Diana dice que ve televisi\u00f3n todas las noches<\/p>\n<p>Diana dice que ve televisi\u00f3n todas las noches.<\/p>\n<p>Julia ha dicho que tiene 20 a\u00f1os.<\/p>\n<p>Voy a decir algo divertido hoy en mi clase de espa\u00f1ol.<\/p>\n<p>&nbsp;<\/p>\n<h5>\u00bfC\u00f3mo se contesta el tel\u00e9fono? &#8211; Hur man svarar p\u00e5 telefon?<\/h5>\n<p>En Espa\u00f1a: \u00bfS\u00ed?\u00a0 (m\u00e1s usado).\u00a0 Formal: Diga \/ d\u00edgame.<\/p>\n<p>En M\u00e9xico: Bueno<\/p>\n<p>En Venezuela y Colombia:\u00a0 Al\u00f3.<\/p>\n<p>&nbsp;<\/p>\n<h5><span style=\"color: #ff0000\">TAREA:<\/span><\/h5>\n<ul>\n<li>Prepararse para hacer el ejercicio\u00a0 9, p. 120, la pr\u00f3xima clase.<\/li>\n<li>Estudiar el vocabulario de las p\u00e1ginas 125 a 127.<\/li>\n<li>Ejercicios 1, 2 (a,b,c) y 4, p\u00e1gina 130.<\/li>\n<li>Ejercicios 5a y 6a, p\u00e1gina 131.<\/li>\n<\/ul>\n<p>&nbsp;<\/p>\n","protected":false},"excerpt":{"rendered":"<p>Contenido del chat \u00a0 \u21d0 Aqu\u00ed Buenas frases o palabras del ejercicio 8: \u00bfC\u00f3mo ha sido el domingo de Julia? (p. 120) Cari\u00f1o = \u00e4lskling Qu\u00e9 d\u00eda m\u00e1s bonito, \u00bfno? \u00a0= Vilken h\u00e4rlig dag, eller hur? He tenido mucho que hacer, demasiado. tener que hacer = ha mycket att g\u00f6ra Hay demasiada gente en la &hellip; <a href=\"https:\/\/blogg.folkuniversitetet.nu\/fuendi\/clase-del-28-de-mayo\/\" class=\"more-link\">Forts\u00e4tt l\u00e4sa <span class=\"screen-reader-text\">Clase del 28 de mayo<\/span> <span class=\"meta-nav\">&rarr;<\/span><\/a><\/p>\n","protected":false},"author":787,"featured_media":0,"parent":0,"menu_order":0,"comment_status":"closed","ping_status":"closed","template":"","meta":{"footnotes":""},"class_list":["post-616","page","type-page","status-publish","hentry"],"_links":{"self":[{"href":"https:\/\/blogg.folkuniversitetet.nu\/fuendi\/wp-json\/wp\/v2\/pages\/616","targetHints":{"allow":["GET"]}}],"collection":[{"href":"https:\/\/blogg.folkuniversitetet.nu\/fuendi\/wp-json\/wp\/v2\/pages"}],"about":[{"href":"https:\/\/blogg.folkuniversitetet.nu\/fuendi\/wp-json\/wp\/v2\/types\/page"}],"author":[{"embeddable":true,"href":"https:\/\/blogg.folkuniversitetet.nu\/fuendi\/wp-json\/wp\/v2\/users\/787"}],"replies":[{"embeddable":true,"href":"https:\/\/blogg.folkuniversitetet.nu\/fuendi\/wp-json\/wp\/v2\/comments?post=616"}],"version-history":[{"count":4,"href":"https:\/\/blogg.folkuniversitetet.nu\/fuendi\/wp-json\/wp\/v2\/pages\/616\/revisions"}],"predecessor-version":[{"id":627,"href":"https:\/\/blogg.folkuniversitetet.nu\/fuendi\/wp-json\/wp\/v2\/pages\/616\/revisions\/627"}],"wp:attachment":[{"href":"https:\/\/blogg.folkuniversitetet.nu\/fuendi\/wp-json\/wp\/v2\/media?parent=616"}],"curies":[{"name":"wp","href":"https:\/\/api.w.org\/{rel}","templated":true}]}}