{"id":607,"date":"2020-06-02T10:40:44","date_gmt":"2020-06-02T08:40:44","guid":{"rendered":"http:\/\/blogg.folkuniversitetet.nu\/fuendi\/?page_id=607"},"modified":"2020-06-02T15:43:15","modified_gmt":"2020-06-02T13:43:15","slug":"clase-del-1-de-junio","status":"publish","type":"page","link":"https:\/\/blogg.folkuniversitetet.nu\/fuendi\/clase-del-1-de-junio\/","title":{"rendered":"Clase del 1 de junio"},"content":{"rendered":"<h5><a href=\"http:\/\/blogg.folkuniversitetet.nu\/fuendi\/files\/2020\/06\/Chat-de-la-clase-1-de-junio.pdf\">Chat de la clase &#8211; 1 de junio \u00a0 <\/a>\u21d0 Aqu\u00ed<\/h5>\n<h5><a href=\"http:\/\/blogg.folkuniversitetet.nu\/fuendi\/files\/2020\/06\/Pronombres-objeto-indirecto-ejercicios.pdf\">Pronombres objeto indirecto + ejercicios\u00a0\u00a0<\/a>\u21d0 Aqu\u00ed<\/h5>\n<p>&nbsp;<\/p>\n<h5>TAREA:<\/h5>\n<ul>\n<li>Hacer los ejercicios con pronombres personales \u21d1.<\/li>\n<li>Leer el siguiente material sobre &#8221;Pedir y dar direcciones&#8221; (V\u00e4gbeskrivning): https:\/\/espanolparainmigrantes.wordpress.com\/tag\/preguntar-y-dar-direcciones\/<\/li>\n<\/ul>\n<p>(<em>Titta fr\u00e5n manen som fr\u00e5gar &#8221;Perdone, \u00bfsabe c\u00f3mo se va al museo Picasso?&#8221; till filmen &#8221;Direcciones en espa\u00f1ol&#8221;. Lite senare under veckan ska jag publicera en hel vokabul\u00e4r<\/em>).<\/p>\n<p>&nbsp;<\/p>\n<p>&nbsp;<\/p>\n<p>&nbsp;<\/p>\n","protected":false},"excerpt":{"rendered":"<p>Chat de la clase &#8211; 1 de junio \u00a0 \u21d0 Aqu\u00ed Pronombres objeto indirecto + ejercicios\u00a0\u00a0\u21d0 Aqu\u00ed &nbsp; TAREA: Hacer los ejercicios con pronombres personales \u21d1. Leer el siguiente material sobre &#8221;Pedir y dar direcciones&#8221; (V\u00e4gbeskrivning): https:\/\/espanolparainmigrantes.wordpress.com\/tag\/preguntar-y-dar-direcciones\/ (Titta fr\u00e5n manen som fr\u00e5gar &#8221;Perdone, \u00bfsabe c\u00f3mo se va al museo Picasso?&#8221; till filmen &#8221;Direcciones en espa\u00f1ol&#8221;. &hellip; <a href=\"https:\/\/blogg.folkuniversitetet.nu\/fuendi\/clase-del-1-de-junio\/\" class=\"more-link\">Forts\u00e4tt l\u00e4sa <span class=\"screen-reader-text\">Clase del 1 de junio<\/span> <span class=\"meta-nav\">&rarr;<\/span><\/a><\/p>\n","protected":false},"author":787,"featured_media":0,"parent":0,"menu_order":0,"comment_status":"closed","ping_status":"closed","template":"","meta":{"footnotes":""},"class_list":["post-607","page","type-page","status-publish","hentry"],"_links":{"self":[{"href":"https:\/\/blogg.folkuniversitetet.nu\/fuendi\/wp-json\/wp\/v2\/pages\/607","targetHints":{"allow":["GET"]}}],"collection":[{"href":"https:\/\/blogg.folkuniversitetet.nu\/fuendi\/wp-json\/wp\/v2\/pages"}],"about":[{"href":"https:\/\/blogg.folkuniversitetet.nu\/fuendi\/wp-json\/wp\/v2\/types\/page"}],"author":[{"embeddable":true,"href":"https:\/\/blogg.folkuniversitetet.nu\/fuendi\/wp-json\/wp\/v2\/users\/787"}],"replies":[{"embeddable":true,"href":"https:\/\/blogg.folkuniversitetet.nu\/fuendi\/wp-json\/wp\/v2\/comments?post=607"}],"version-history":[{"count":4,"href":"https:\/\/blogg.folkuniversitetet.nu\/fuendi\/wp-json\/wp\/v2\/pages\/607\/revisions"}],"predecessor-version":[{"id":614,"href":"https:\/\/blogg.folkuniversitetet.nu\/fuendi\/wp-json\/wp\/v2\/pages\/607\/revisions\/614"}],"wp:attachment":[{"href":"https:\/\/blogg.folkuniversitetet.nu\/fuendi\/wp-json\/wp\/v2\/media?parent=607"}],"curies":[{"name":"wp","href":"https:\/\/api.w.org\/{rel}","templated":true}]}}