{"id":586,"date":"2020-05-25T20:09:07","date_gmt":"2020-05-25T18:09:07","guid":{"rendered":"http:\/\/blogg.folkuniversitetet.nu\/fuendi\/?page_id=586"},"modified":"2021-02-20T07:19:08","modified_gmt":"2021-02-20T06:19:08","slug":"clase-del-25-de-mayo-forlagningskurs","status":"publish","type":"page","link":"https:\/\/blogg.folkuniversitetet.nu\/fuendi\/clase-del-25-de-mayo-forlagningskurs\/","title":{"rendered":"Clase del 25 de mayo &#8211; F\u00f6rl\u00e4gningskurs"},"content":{"rendered":"<h5><a href=\"http:\/\/blogg.folkuniversitetet.nu\/fuendi\/files\/2020\/05\/Chat-de-la-clase-25-de-mayo.pdf\">Chat de la clase \u00a0 \u00a0<\/a>\u21d2 Aqu\u00ed<\/h5>\n<h5>Pronombres objeto con algunas per\u00edfrasis verbales (querer + infinitivo, poder + infinitivo, deber + infinitivo, tener que + infinitivo)<\/h5>\n<p>Per\u00edfrasis verbal:\u00a0 2 o m\u00e1s verbos.<\/p>\n<p>Recuerda:<\/p>\n<p>Con <span style=\"color: #ff0000\">un solo verbo<\/span>, el pronombre est\u00e1 antes del verbo:\u00a0 \u00a0 \u00a0 yo\u00a0 \u00a0 <span style=\"color: #ff0000\">querer\u00a0<\/span> \u00a0 <strong>t\u00fa\u00a0<\/strong> \u00a0 \u21d2\u00a0 \u00a0 <strong>Te<\/strong> <span style=\"color: #ff0000\">quiero<\/span><\/p>\n<p>Pero con <span style=\"color: #ff0000\">dos verbos<\/span>:\u00a0 <span style=\"color: #ff0000\">Quiero escribir<\/span> <strong>una carta<\/strong>\u00a0 \u00a0 \u21d2\u00a0 \u00a0dos opciones: el pronombre antes o despu\u00e9s del verbo:<\/p>\n<ol>\n<li><strong>La<\/strong> <span style=\"color: #ff0000\">quiero escribir<\/span>.<\/li>\n<li><span style=\"color: #ff0000\">Quiero escribir<\/span><strong>la.<\/strong><\/li>\n<\/ol>\n<p>Ellos <span style=\"color: #ff0000\">quieren ver <\/span><strong>el partido:<\/strong><\/p>\n<ol>\n<li>Ellos <strong>lo<\/strong> <span style=\"color: #ff0000\">quieren ver<\/span>.<\/li>\n<li>Ellos <span style=\"color: #ff0000\">quieren ver<\/span><strong>lo<\/strong>.<\/li>\n<\/ol>\n<p>La profesora <span style=\"color: #ff0000\">quiere\u00a0ayudar<\/span><strong> a la estudiante.<\/strong><\/p>\n<ol>\n<li>La profesora <strong>la<\/strong> <span style=\"color: #ff0000\">quiere ayudar<\/span>.<\/li>\n<li>La profesora <span style=\"color: #ff0000\">quiere ayudar<\/span><strong>la<\/strong>.<\/li>\n<\/ol>\n<p>\u00bf<span style=\"color: #ff0000\">Puede traer<\/span> <strong>la cuenta<\/strong>?<\/p>\n<ol>\n<li>\u00bf<strong>La<\/strong> <span style=\"color: #ff0000\">puede traer<\/span>?<\/li>\n<li>\u00bf<span style=\"color: #ff0000\">Puede traer<\/span><strong>la<\/strong>?<\/li>\n<\/ol>\n<p><span style=\"color: #ff0000\">\u00a0Debo visitar<\/span> <strong>a mi madre<\/strong>.<\/p>\n<ol>\n<li><strong>La<\/strong> debo visitar.<\/li>\n<li>Debo visitar<strong>la.<\/strong><\/li>\n<\/ol>\n<p><span style=\"color: #ff0000\">Tengo que pagar<\/span> <strong>los impuestos.<\/strong><\/p>\n<ol>\n<li><strong>Los<\/strong> <span style=\"color: #ff0000\">tengo que pagar<\/span>.<\/li>\n<li><span style=\"color: #ff0000\">Tengo que pagar<\/span><strong>los<\/strong>.<\/li>\n<\/ol>\n<p>&nbsp;<\/p>\n<h5>TAREA:<\/h5>\n<ul>\n<li>Repasar el texto y el vocabulario de las p\u00e1ginas 57, 58 y 59.<\/li>\n<li>Repasar las expresiones con tener, p\u00e1gina 60.<\/li>\n<li>Repasar As\u00ed se dice, p\u00e1gina 62.<\/li>\n<li>Repasar el ejercicio 7, p\u00e1gina 65.<\/li>\n<li>Prepararse para hacer el ejercicio 9, p\u00e1gina 66, la pr\u00f3xima clase.<\/li>\n<li>Practicar con los pronombres objeto con este ejercicio: \u00a0<a href=\"http:\/\/blogg.folkuniversitetet.nu\/fuendi\/files\/2020\/05\/Ejercicios-con-pronombres-personales-objeto.pdf\">Ejercicios con pronombres personales objeto<\/a><\/li>\n<\/ul>\n","protected":false},"excerpt":{"rendered":"<p>Chat de la clase \u00a0 \u00a0\u21d2 Aqu\u00ed Pronombres objeto con algunas per\u00edfrasis verbales (querer + infinitivo, poder + infinitivo, deber + infinitivo, tener que + infinitivo) Per\u00edfrasis verbal:\u00a0 2 o m\u00e1s verbos. Recuerda: Con un solo verbo, el pronombre est\u00e1 antes del verbo:\u00a0 \u00a0 \u00a0 yo\u00a0 \u00a0 querer\u00a0 \u00a0 t\u00fa\u00a0 \u00a0 \u21d2\u00a0 \u00a0 Te quiero &hellip; <a href=\"https:\/\/blogg.folkuniversitetet.nu\/fuendi\/clase-del-25-de-mayo-forlagningskurs\/\" class=\"more-link\">Forts\u00e4tt l\u00e4sa <span class=\"screen-reader-text\">Clase del 25 de mayo &#8211; F\u00f6rl\u00e4gningskurs<\/span> <span class=\"meta-nav\">&rarr;<\/span><\/a><\/p>\n","protected":false},"author":787,"featured_media":0,"parent":0,"menu_order":0,"comment_status":"closed","ping_status":"closed","template":"","meta":{"footnotes":""},"class_list":["post-586","page","type-page","status-publish","hentry"],"_links":{"self":[{"href":"https:\/\/blogg.folkuniversitetet.nu\/fuendi\/wp-json\/wp\/v2\/pages\/586","targetHints":{"allow":["GET"]}}],"collection":[{"href":"https:\/\/blogg.folkuniversitetet.nu\/fuendi\/wp-json\/wp\/v2\/pages"}],"about":[{"href":"https:\/\/blogg.folkuniversitetet.nu\/fuendi\/wp-json\/wp\/v2\/types\/page"}],"author":[{"embeddable":true,"href":"https:\/\/blogg.folkuniversitetet.nu\/fuendi\/wp-json\/wp\/v2\/users\/787"}],"replies":[{"embeddable":true,"href":"https:\/\/blogg.folkuniversitetet.nu\/fuendi\/wp-json\/wp\/v2\/comments?post=586"}],"version-history":[{"count":7,"href":"https:\/\/blogg.folkuniversitetet.nu\/fuendi\/wp-json\/wp\/v2\/pages\/586\/revisions"}],"predecessor-version":[{"id":604,"href":"https:\/\/blogg.folkuniversitetet.nu\/fuendi\/wp-json\/wp\/v2\/pages\/586\/revisions\/604"}],"wp:attachment":[{"href":"https:\/\/blogg.folkuniversitetet.nu\/fuendi\/wp-json\/wp\/v2\/media?parent=586"}],"curies":[{"name":"wp","href":"https:\/\/api.w.org\/{rel}","templated":true}]}}