{"id":578,"date":"2020-05-19T20:44:45","date_gmt":"2020-05-19T18:44:45","guid":{"rendered":"http:\/\/blogg.folkuniversitetet.nu\/fuendi\/?page_id=578"},"modified":"2020-05-19T21:01:02","modified_gmt":"2020-05-19T19:01:02","slug":"clase-del-19-de-mayo","status":"publish","type":"page","link":"https:\/\/blogg.folkuniversitetet.nu\/fuendi\/clase-del-19-de-mayo\/","title":{"rendered":"Clase del 19 de mayo"},"content":{"rendered":"<h5>El genitivo<\/h5>\n<p><iframe loading=\"lazy\" title=\"GENITIV - Substantivens \u00e4gandeform i spanskan\" width=\"604\" height=\"453\" src=\"https:\/\/www.youtube.com\/embed\/2KrnaAGAyQo?start=271&#038;feature=oembed\" frameborder=\"0\" allow=\"accelerometer; autoplay; clipboard-write; encrypted-media; gyroscope; picture-in-picture; web-share\" referrerpolicy=\"strict-origin-when-cross-origin\" allowfullscreen><\/iframe><\/p>\n<p><strong><a href=\"http:\/\/blogg.folkuniversitetet.nu\/fuendi\/files\/2020\/01\/Genitivo-Ejercicio-Genitiv-\u2013-\u00d6vning.pdf\">Genitivo- Ejercicio \/ <em>Genitiv \u2013 \u00d6vning \u00a0 \u00a0<\/em><\/a>\u21d2 Aqu\u00ed<\/strong><\/p>\n<h5>Pronombres posesivos<\/h5>\n<p><iframe loading=\"lazy\" title=\"DEL 1 - Possessiva pronomen i singular - Anna De Matos\" width=\"604\" height=\"453\" src=\"https:\/\/www.youtube.com\/embed\/NkOw-qMtpxY?start=270&#038;feature=oembed\" frameborder=\"0\" allow=\"accelerometer; autoplay; clipboard-write; encrypted-media; gyroscope; picture-in-picture; web-share\" referrerpolicy=\"strict-origin-when-cross-origin\" allowfullscreen><\/iframe><\/p>\n<p><iframe loading=\"lazy\" title=\"Pronombres posesivos - Parte 1\" width=\"604\" height=\"453\" src=\"https:\/\/www.youtube.com\/embed\/7eKwPTcPgcs?feature=oembed\" frameborder=\"0\" allow=\"accelerometer; autoplay; clipboard-write; encrypted-media; gyroscope; picture-in-picture; web-share\" referrerpolicy=\"strict-origin-when-cross-origin\" allowfullscreen><\/iframe><\/p>\n<h5>Gustar y encantar<\/h5>\n<p><strong><a href=\"http:\/\/blogg.folkuniversitetet.nu\/fuendi\/files\/2020\/05\/GUSTAR-Y-ENCANTAR-1.pdf\">GUSTAR Y ENCANTAR \u00a0 \u00a0 <\/a>\u21d2\u00a0 \u00a0Explicaci\u00f3n aqu\u00ed<\/strong><\/p>\n<p><strong><span style=\"color: #ff0000\">TAREA:<\/span><\/strong><\/p>\n<ul>\n<li>Repasar las p\u00e1ginas 33 y 34, y las p\u00e1ginas 36, 37 y 38.<\/li>\n<li>Ejercicios 1, 2 y 4 p\u00e1gina 39.<\/li>\n<li>Estudiar el material sobre gustar y encantar.<\/li>\n<\/ul>\n<p>&nbsp;<\/p>\n","protected":false},"excerpt":{"rendered":"<p>El genitivo Genitivo- Ejercicio \/ Genitiv \u2013 \u00d6vning \u00a0 \u00a0\u21d2 Aqu\u00ed Pronombres posesivos Gustar y encantar GUSTAR Y ENCANTAR \u00a0 \u00a0 \u21d2\u00a0 \u00a0Explicaci\u00f3n aqu\u00ed TAREA: Repasar las p\u00e1ginas 33 y 34, y las p\u00e1ginas 36, 37 y 38. Ejercicios 1, 2 y 4 p\u00e1gina 39. Estudiar el material sobre gustar y encantar. &nbsp;<\/p>\n","protected":false},"author":787,"featured_media":0,"parent":0,"menu_order":0,"comment_status":"closed","ping_status":"closed","template":"","meta":{"footnotes":""},"class_list":["post-578","page","type-page","status-publish","hentry"],"_links":{"self":[{"href":"https:\/\/blogg.folkuniversitetet.nu\/fuendi\/wp-json\/wp\/v2\/pages\/578","targetHints":{"allow":["GET"]}}],"collection":[{"href":"https:\/\/blogg.folkuniversitetet.nu\/fuendi\/wp-json\/wp\/v2\/pages"}],"about":[{"href":"https:\/\/blogg.folkuniversitetet.nu\/fuendi\/wp-json\/wp\/v2\/types\/page"}],"author":[{"embeddable":true,"href":"https:\/\/blogg.folkuniversitetet.nu\/fuendi\/wp-json\/wp\/v2\/users\/787"}],"replies":[{"embeddable":true,"href":"https:\/\/blogg.folkuniversitetet.nu\/fuendi\/wp-json\/wp\/v2\/comments?post=578"}],"version-history":[{"count":4,"href":"https:\/\/blogg.folkuniversitetet.nu\/fuendi\/wp-json\/wp\/v2\/pages\/578\/revisions"}],"predecessor-version":[{"id":584,"href":"https:\/\/blogg.folkuniversitetet.nu\/fuendi\/wp-json\/wp\/v2\/pages\/578\/revisions\/584"}],"wp:attachment":[{"href":"https:\/\/blogg.folkuniversitetet.nu\/fuendi\/wp-json\/wp\/v2\/media?parent=578"}],"curies":[{"name":"wp","href":"https:\/\/api.w.org\/{rel}","templated":true}]}}