{"id":563,"date":"2020-05-14T20:06:01","date_gmt":"2020-05-14T18:06:01","guid":{"rendered":"http:\/\/blogg.folkuniversitetet.nu\/fuendi\/?page_id=563"},"modified":"2020-05-18T19:45:30","modified_gmt":"2020-05-18T17:45:30","slug":"clase-del-14-de-mayo","status":"publish","type":"page","link":"https:\/\/blogg.folkuniversitetet.nu\/fuendi\/clase-del-14-de-mayo\/","title":{"rendered":"Clase del 14 de mayo"},"content":{"rendered":"<h5><a href=\"http:\/\/blogg.folkuniversitetet.nu\/fuendi\/files\/2020\/05\/Chat-de-la-clase-14-de-mayo.pdf\">Chat de la clase &#8211; 14 de mayo \u00a0<\/a>\u21d0 Aqu\u00ed<\/h5>\n<h5><span style=\"color: #008000\">Ser<\/span>, <span style=\"color: #008000\">estar<\/span>, <span style=\"color: #008000\">tener<\/span>, <span style=\"color: #008000\">llevar<\/span> para describir personas<\/h5>\n<p><a href=\"http:\/\/blogg.folkuniversitetet.nu\/fuendi\/files\/2020\/02\/IMG_20200215_111832.jpg\"><img loading=\"lazy\" decoding=\"async\" class=\"size-medium wp-image-234\" src=\"http:\/\/blogg.folkuniversitetet.nu\/fuendi\/files\/2020\/02\/IMG_20200215_111832-261x300.jpg\" alt=\"\" width=\"261\" height=\"300\" \/><\/a><\/p>\n<p>&nbsp;<\/p>\n<p><strong>Vocabulario:<\/strong><\/p>\n<ul>\n<li>Una cicatriz en la mejilla = ett \u00e4rr p\u00e5 kinden<\/li>\n<li>Traje = kostym<\/li>\n<li>Un lunar en la barbilla = ett f\u00f6delsem\u00e4rke p\u00e5 hakan<\/li>\n<li>Ojos saltones = ut\u00e5tst\u00e5ende \u00f6gon<\/li>\n<li>Moreno = m\u00f6rk hud<\/li>\n<li>Bronceado = solbr\u00e4nd<\/li>\n<\/ul>\n<h5>Querer, necesitar, tratar de, seguir<\/h5>\n<p><strong>Querer<\/strong> + algo (sustantivo) \u21d2 Quiero una manzana \/ Quiero caf\u00e9<\/p>\n<p><strong>Querer<\/strong> + hacer algo (infinitivo) \u21d2 Quiero trabajar \/\u00a0Quiero bailar \/\u00a0Quiero estudiar espa\u00f1ol<\/p>\n<p>&nbsp;<\/p>\n<p><strong>Necesitar<\/strong> + algo (sustantivo) \u21d2 Necesito dinero<\/p>\n<p><strong>Necesitar<\/strong> + hacer algo (infinitivo) \u21d2 Necesito salir<\/p>\n<p>&nbsp;<\/p>\n<p><strong>Tratar de<\/strong> + hacer algo (infinitivo)<\/p>\n<p>Trato de estudiar todas las noches.<\/p>\n<p>He tratado de estudiar todas las noches.<\/p>\n<p>Voy a tratar de estudiar todas las noches.<\/p>\n<p>&nbsp;<\/p>\n<p><strong>Seguir<\/strong> + haciendo algo (gerundio)<\/p>\n<p>Quiero seguir estudiando espa\u00f1ol.<\/p>\n<p><em>(Jag vill forts\u00e4tta att l\u00e4sa spanska)<\/em>.<\/p>\n<p>&nbsp;<\/p>\n<p><strong>Gerundio:<\/strong><\/p>\n<p>Verbos terminados en &#8211;<span style=\"color: #ff0000\">ar<\/span>:\u00a0 \u00a0 \u00a0 +\u00a0 \u00a0 &#8211;<span style=\"color: #008000\">ando<\/span>.\u00a0 \u00a0 \u00a0Cant<span style=\"color: #ff0000\">ar<\/span> \u21d2 cant<span style=\"color: #008000\">ando<\/span><\/p>\n<p>Verbos terminados en &#8211;<span style=\"color: #ff0000\">er<\/span> o &#8211;<span style=\"color: #ff0000\">ir<\/span>:\u00a0 \u00a0+\u00a0 \u00a0 \u00a0&#8211;<span style=\"color: #008000\">iendo<span style=\"color: #000000\">.\u00a0 \u00a0 Ten<span style=\"color: #ff0000\">er<\/span> \u21d2 ten<span style=\"color: #008000\">iendo<\/span>.\u00a0 \u00a0Viv<span style=\"color: #ff0000\">ir<\/span> \u21d2 viv<span style=\"color: #008000\">iendo<\/span><\/span><\/span><\/p>\n<p>&nbsp;<\/p>\n<h5>Adjetivos GRANDE, BUENO, MALO<\/h5>\n<p>un coche\u00a0<span style=\"color: #ff0000\">grande<\/span>\u00a0 \u00a0 \u00a0 \u00a0 \u00a0 \u00a0 \u00a0 \u00a0 \u00a0 \u00a0 \u00a0 \u00a0 \u00a0un hombre\u00a0<span style=\"color: #ff0000\">bueno<\/span>\u00a0 \u00a0 \u00a0 \u00a0 \u00a0 \u00a0 \u00a0 \u00a0 \u00a0 \u00a0 \u00a0 \u00a0 \u00a0un hombre\u00a0<span style=\"color: #ff0000\">malo<\/span><\/p>\n<p>un\u00a0<span style=\"color: #ff0000\">gran<\/span>\u00a0coche\u00a0 \u00a0 \u00a0 \u00a0 \u00a0 \u00a0 \u00a0 \u00a0 \u00a0 \u00a0 \u00a0 \u00a0 \u00a0 \u00a0 \u00a0 \u00a0un\u00a0<span style=\"color: #ff0000\">buen<\/span>\u00a0hombre\u00a0 \u00a0 \u00a0 \u00a0 \u00a0 \u00a0 \u00a0 \u00a0 \u00a0 \u00a0 \u00a0 \u00a0 \u00a0 \u00a0un\u00a0<span style=\"color: #ff0000\">mal<\/span>\u00a0hombre<\/p>\n<p>&nbsp;<\/p>\n<p>una casa\u00a0<span style=\"color: #ff0000\">grande<\/span>\u00a0 \u00a0 \u00a0 \u00a0 \u00a0 \u00a0 \u00a0 \u00a0 \u00a0 \u00a0 \u00a0 \u00a0 \u00a0\u00a0una mujer\u00a0<span style=\"color: #ff0000\">buena\u00a0<\/span> \u00a0 \u00a0 \u00a0 \u00a0 \u00a0 \u00a0 \u00a0 \u00a0 \u00a0 \u00a0 \u00a0 \u00a0\u00a0una mujer\u00a0<span style=\"color: #ff0000\">mala<\/span><\/p>\n<p>una\u00a0<span style=\"color: #ff0000\">gran<\/span>\u00a0casa\u00a0 \u00a0 \u00a0 \u00a0 \u00a0 \u00a0 \u00a0 \u00a0 \u00a0 \u00a0 \u00a0 \u00a0 \u00a0 \u00a0 \u00a0 \u00a0una\u00a0<span style=\"color: #ff0000\">buena<\/span>\u00a0mujer\u00a0 \u00a0 \u00a0 \u00a0 \u00a0 \u00a0 \u00a0 \u00a0 \u00a0 \u00a0 \u00a0 \u00a0 \u00a0 una\u00a0<span style=\"color: #ff0000\">mala<\/span>\u00a0mujer<\/p>\n<p>\u21d3\u00a0 \u00a0 \u00a0 \u00a0 \u00a0 \u00a0 \u00a0 \u00a0 \u00a0 \u00a0 \u00a0 \u00a0 \u00a0 \u00a0 \u00a0 \u00a0 \u00a0 \u00a0 \u00a0 \u00a0 \u00a0 \u00a0 \u00a0 \u00a0 \u00a0 \u00a0 \u00a0 \u00a0 \u00a0 \u00a0 \u00a0 \u00a0 \u00a0 \u00a0 \u00a0 \u00a0 \u00a0 \u00a0 \u00a0 \u00a0 \u00a0 \u00a0 \u00a0 \u00a0 \u00a0 \u21d3<\/p>\n<p>grande cambia siempre\u00a0 \u00a0 \u00a0 \u00a0 \u00a0 \u00a0 \u00a0 \u00a0 \u00a0 \u00a0 \u00a0 \u00a0 \u00a0bueno y malo cambian solamente en masculino<\/p>\n<p>OBS!\u00a0 \u00a0 N\u00e4r man placerar adjektiv innan substantiv, vill man markera eller betona kvaliteten.<\/p>\n<p>&nbsp;<\/p>\n<p><span style=\"color: #ff0000;font-family: Bitter, Georgia, serif;font-size: 18px;font-weight: bold\">TAREA:<\/span><\/p>\n<ul>\n<li>Ejercicios 4 y 5, p. 118.<\/li>\n<li>Ejercicio 10, p. 120: Una carta ( del 1). Seguir las instrucciones y escribir una carta en Word.<\/li>\n<\/ul>\n","protected":false},"excerpt":{"rendered":"<p>Chat de la clase &#8211; 14 de mayo \u00a0\u21d0 Aqu\u00ed Ser, estar, tener, llevar para describir personas &nbsp; Vocabulario: Una cicatriz en la mejilla = ett \u00e4rr p\u00e5 kinden Traje = kostym Un lunar en la barbilla = ett f\u00f6delsem\u00e4rke p\u00e5 hakan Ojos saltones = ut\u00e5tst\u00e5ende \u00f6gon Moreno = m\u00f6rk hud Bronceado = solbr\u00e4nd Querer, &hellip; <a href=\"https:\/\/blogg.folkuniversitetet.nu\/fuendi\/clase-del-14-de-mayo\/\" class=\"more-link\">Forts\u00e4tt l\u00e4sa <span class=\"screen-reader-text\">Clase del 14 de mayo<\/span> <span class=\"meta-nav\">&rarr;<\/span><\/a><\/p>\n","protected":false},"author":787,"featured_media":0,"parent":0,"menu_order":0,"comment_status":"closed","ping_status":"closed","template":"","meta":{"footnotes":""},"class_list":["post-563","page","type-page","status-publish","hentry"],"_links":{"self":[{"href":"https:\/\/blogg.folkuniversitetet.nu\/fuendi\/wp-json\/wp\/v2\/pages\/563","targetHints":{"allow":["GET"]}}],"collection":[{"href":"https:\/\/blogg.folkuniversitetet.nu\/fuendi\/wp-json\/wp\/v2\/pages"}],"about":[{"href":"https:\/\/blogg.folkuniversitetet.nu\/fuendi\/wp-json\/wp\/v2\/types\/page"}],"author":[{"embeddable":true,"href":"https:\/\/blogg.folkuniversitetet.nu\/fuendi\/wp-json\/wp\/v2\/users\/787"}],"replies":[{"embeddable":true,"href":"https:\/\/blogg.folkuniversitetet.nu\/fuendi\/wp-json\/wp\/v2\/comments?post=563"}],"version-history":[{"count":6,"href":"https:\/\/blogg.folkuniversitetet.nu\/fuendi\/wp-json\/wp\/v2\/pages\/563\/revisions"}],"predecessor-version":[{"id":576,"href":"https:\/\/blogg.folkuniversitetet.nu\/fuendi\/wp-json\/wp\/v2\/pages\/563\/revisions\/576"}],"wp:attachment":[{"href":"https:\/\/blogg.folkuniversitetet.nu\/fuendi\/wp-json\/wp\/v2\/media?parent=563"}],"curies":[{"name":"wp","href":"https:\/\/api.w.org\/{rel}","templated":true}]}}