{"id":553,"date":"2020-05-13T19:04:48","date_gmt":"2020-05-13T17:04:48","guid":{"rendered":"http:\/\/blogg.folkuniversitetet.nu\/fuendi\/?page_id=553"},"modified":"2020-05-13T19:13:44","modified_gmt":"2020-05-13T17:13:44","slug":"clase-del-6-de-mayo-a-distancia","status":"publish","type":"page","link":"https:\/\/blogg.folkuniversitetet.nu\/fuendi\/clase-del-6-de-mayo-a-distancia\/","title":{"rendered":"Clase del 6 de mayo &#8211; A distancia"},"content":{"rendered":"<h5><a href=\"http:\/\/blogg.folkuniversitetet.nu\/fuendi\/files\/2020\/05\/Chat-de-la-clase-6-de-mayo.pdf\">Chat de la clase 6 de mayo \u00a0 <\/a>\u21d0 Aqu\u00ed<\/h5>\n<h5>Juego de la Oca &#8211; Verbos en presente<\/h5>\n<p><a href=\"http:\/\/blogg.folkuniversitetet.nu\/fuendi\/files\/2020\/05\/Screenshot1-2.png\"><img loading=\"lazy\" decoding=\"async\" class=\"alignnone size-medium wp-image-555\" src=\"http:\/\/blogg.folkuniversitetet.nu\/fuendi\/files\/2020\/05\/Screenshot1-2-300x169.png\" alt=\"\" width=\"300\" height=\"169\" \/><\/a><\/p>\n<h5>\u00bfPuedes decirlo?<\/h5>\n<ol>\n<li>Nombrar tres colores.<\/li>\n<li>Nombrar los d\u00edas de la semana.<\/li>\n<li>Conjugar el verbo estar en presente.<\/li>\n<li>Nombrar los meses del a\u00f1o.<\/li>\n<li>\u00bfQu\u00e9 fecha es hoy?<\/li>\n<li>Decir los n\u00fameros 73, 154 y 568.<\/li>\n<li>Contar del 10 al 31.<\/li>\n<li>Describir las banderas de dos pa\u00edses.<\/li>\n<li>Conjugar el verbo tener en presente.<\/li>\n<li>\u00bfQu\u00e9 te gusta? \u00bfQu\u00e9 te encanta? \u00bfQu\u00e9 te aburre? (3 cosas en total).<\/li>\n<li>Nombrar tres pa\u00edses de Am\u00e9rica Central y sus capitales.<\/li>\n<li>Describir tu pa\u00eds (3 cosas). No tiene salida al mar.<\/li>\n<li>Conjugar el verbo vivir en presente.<\/li>\n<li>\u00bfQu\u00e9 tiempo hace en primavera?<\/li>\n<li>Describe a tu familia (3 oraciones m\u00ednimo).<\/li>\n<li>Describe tu trabajo (3 oraciones m\u00ednimo).<\/li>\n<\/ol>\n<h5><span style=\"color: #ff0000\">TAREA:<\/span><\/h5>\n<p>Les recomiendo hacer la autoevaluaci\u00f3n (sj\u00e4lvdiagnoser) de las p\u00e1ginas 182 a 185 y repasar los contenidos necesarios. Controlen los resultados en las p\u00e1ginas 196 y 197.<\/p>\n","protected":false},"excerpt":{"rendered":"<p>Chat de la clase 6 de mayo \u00a0 \u21d0 Aqu\u00ed Juego de la Oca &#8211; Verbos en presente \u00bfPuedes decirlo? Nombrar tres colores. Nombrar los d\u00edas de la semana. Conjugar el verbo estar en presente. Nombrar los meses del a\u00f1o. \u00bfQu\u00e9 fecha es hoy? Decir los n\u00fameros 73, 154 y 568. Contar del 10 al &hellip; <a href=\"https:\/\/blogg.folkuniversitetet.nu\/fuendi\/clase-del-6-de-mayo-a-distancia\/\" class=\"more-link\">Forts\u00e4tt l\u00e4sa <span class=\"screen-reader-text\">Clase del 6 de mayo &#8211; A distancia<\/span> <span class=\"meta-nav\">&rarr;<\/span><\/a><\/p>\n","protected":false},"author":787,"featured_media":0,"parent":0,"menu_order":0,"comment_status":"closed","ping_status":"closed","template":"","meta":{"footnotes":""},"class_list":["post-553","page","type-page","status-publish","hentry"],"_links":{"self":[{"href":"https:\/\/blogg.folkuniversitetet.nu\/fuendi\/wp-json\/wp\/v2\/pages\/553","targetHints":{"allow":["GET"]}}],"collection":[{"href":"https:\/\/blogg.folkuniversitetet.nu\/fuendi\/wp-json\/wp\/v2\/pages"}],"about":[{"href":"https:\/\/blogg.folkuniversitetet.nu\/fuendi\/wp-json\/wp\/v2\/types\/page"}],"author":[{"embeddable":true,"href":"https:\/\/blogg.folkuniversitetet.nu\/fuendi\/wp-json\/wp\/v2\/users\/787"}],"replies":[{"embeddable":true,"href":"https:\/\/blogg.folkuniversitetet.nu\/fuendi\/wp-json\/wp\/v2\/comments?post=553"}],"version-history":[{"count":5,"href":"https:\/\/blogg.folkuniversitetet.nu\/fuendi\/wp-json\/wp\/v2\/pages\/553\/revisions"}],"predecessor-version":[{"id":561,"href":"https:\/\/blogg.folkuniversitetet.nu\/fuendi\/wp-json\/wp\/v2\/pages\/553\/revisions\/561"}],"wp:attachment":[{"href":"https:\/\/blogg.folkuniversitetet.nu\/fuendi\/wp-json\/wp\/v2\/media?parent=553"}],"curies":[{"name":"wp","href":"https:\/\/api.w.org\/{rel}","templated":true}]}}