{"id":541,"date":"2020-05-12T12:38:01","date_gmt":"2020-05-12T10:38:01","guid":{"rendered":"http:\/\/blogg.folkuniversitetet.nu\/fuendi\/?page_id=541"},"modified":"2020-05-12T21:00:56","modified_gmt":"2020-05-12T19:00:56","slug":"clase-del-12-de-mayo","status":"publish","type":"page","link":"https:\/\/blogg.folkuniversitetet.nu\/fuendi\/clase-del-12-de-mayo\/","title":{"rendered":"Clase del 12 de mayo"},"content":{"rendered":"<h5><a href=\"http:\/\/blogg.folkuniversitetet.nu\/fuendi\/files\/2020\/05\/Chat-de-la-clase-12-de-mayo.pdf\">Chat de la clase &#8211; 12 de mayo \u00a0 <\/a>\u21d0 Aqu\u00ed<\/h5>\n<h5>Los n\u00fameros del 0 al 100<\/h5>\n<p><iframe loading=\"lazy\" title=\"Aprender espa\u00f1ol: Los n\u00fameros del 0 al 100 (nivel b\u00e1sico)\" width=\"604\" height=\"340\" src=\"https:\/\/www.youtube.com\/embed\/7VbPiUSXzLI?start=149&#038;feature=oembed\" frameborder=\"0\" allow=\"accelerometer; autoplay; clipboard-write; encrypted-media; gyroscope; picture-in-picture; web-share\" referrerpolicy=\"strict-origin-when-cross-origin\" allowfullscreen><\/iframe><\/p>\n<p><strong>Buenas preguntas:\u00a0\u00a0<\/strong><\/p>\n<p>\u00bfCu\u00e1ntos \/ cu\u00e1ntas &#8230;\u00a0 \u00a0hay?\u00a0 \u00a0 \u21d2\u00a0 \u00a0 \u00a0 \u00bfCu\u00e1ntos <strong>estudiantes<\/strong> hay en el curso?<\/p>\n<p>\u00bfCu\u00e1ntos \/ cu\u00e1ntas&#8230;\u00a0 \u00a0 tienes?\u00a0 \u00a0 \u21d2\u00a0 \u00a0 \u00bfCu\u00e1ntos <strong>hijos<\/strong> tienes?<\/p>\n<p>&nbsp;<\/p>\n<h5>Recuerda (<em>kom ih\u00e5g<\/em>):<\/h5>\n<p>LLAMAR (SE)\u00a0 \u00a0 \u00a0 \u00a0 \u00a0 \u00a0 \u00a0 \u00a0 \u00a0TENER\u00a0\u00a0\u00a0\u00a0 VIVIR\u00a0 \u00a0 \u00a0HABLAR\u00a0 \u00a0 \u00a0 \u00a0 SER\u00a0 \u00a0 \u00a0 \u00a0 ESTUDIAR\u00a0 \u00a0 TRABAJAR<\/p>\n<p>Yo me llamo \u2026\u00a0\u00a0\u00a0\u00a0\u00a0\u00a0\u00a0\u00a0\u00a0\u00a0 tengo\u2026\u00a0\u00a0\u00a0 vivo\u2026\u00a0\u00a0 hablo\u2026\u00a0\u00a0\u00a0 soy\u2026\u00a0 \u00a0 \u00a0 \u00a0estudio\u2026\u00a0\u00a0\u00a0 trabajo\u2026<\/p>\n<p>T\u00fa\u00a0 te llamas\u00a0\u00a0\u00a0\u00a0\u00a0\u00a0\u00a0\u00a0\u00a0\u00a0\u00a0\u00a0\u00a0\u00a0 tienes\u2026\u00a0\u00a0 vives\u2026 hablas\u2026\u00a0 \u00a0eres\u2026\u00a0 \u00a0 \u00a0estudias\u2026\u00a0\u00a0 trabajas\u2026<\/p>\n<p>El \/ ella se llama\u2026.\u00a0\u00a0\u00a0 tiene\u2026.\u00a0\u00a0\u00a0 vive\u2026\u00a0\u00a0 habla\u2026 \u00a0\u00a0\u00a0es\u2026\u00a0 \u00a0 \u00a0 \u00a0 estudia\u2026\u00a0\u00a0\u00a0 \u00a0trabaja\u2026.<\/p>\n<p>&nbsp;<\/p>\n<h5><span style=\"color: #ff0000\"><strong>TAREA:<\/strong><\/span><\/h5>\n<ul>\n<li>Repasar todo lo visto hasta ahora.<\/li>\n<li>Ejercicio 6, p\u00e1gina 27.<\/li>\n<li>Ejercicio 11, Una presentaci\u00f3n, p\u00e1gina 28. Escribir un texto de 5-8 l\u00edneas (<em>Skriv en text p\u00e5 5-8 rader<\/em>).\u00a0 <em>G\u00f6r s\u00e5 h\u00e4r: 1) Presentera dig sj\u00e4lv. Skriv och ber\u00e4tta s\u00e5 mycket du kan om dig sj\u00e4lv: vem du \u00e4r, var du bor, och vad du g\u00f6r. 2) Anv\u00e4nd dig av ord och fraser ur Unidad 1 och de verb du beh\u00e4rskar.<\/em><\/li>\n<li>Escuchar y leer el texto \u201cAurora Arag\u00f3n, de Nicaragua\u201d, p\u00e1ginas 33 y 34, y estudiar el vocabulario.<\/li>\n<\/ul>\n","protected":false},"excerpt":{"rendered":"<p>Chat de la clase &#8211; 12 de mayo \u00a0 \u21d0 Aqu\u00ed Los n\u00fameros del 0 al 100 Buenas preguntas:\u00a0\u00a0 \u00bfCu\u00e1ntos \/ cu\u00e1ntas &#8230;\u00a0 \u00a0hay?\u00a0 \u00a0 \u21d2\u00a0 \u00a0 \u00a0 \u00bfCu\u00e1ntos estudiantes hay en el curso? \u00bfCu\u00e1ntos \/ cu\u00e1ntas&#8230;\u00a0 \u00a0 tienes?\u00a0 \u00a0 \u21d2\u00a0 \u00a0 \u00bfCu\u00e1ntos hijos tienes? &nbsp; Recuerda (kom ih\u00e5g): LLAMAR (SE)\u00a0 \u00a0 \u00a0 \u00a0 \u00a0 &hellip; <a href=\"https:\/\/blogg.folkuniversitetet.nu\/fuendi\/clase-del-12-de-mayo\/\" class=\"more-link\">Forts\u00e4tt l\u00e4sa <span class=\"screen-reader-text\">Clase del 12 de mayo<\/span> <span class=\"meta-nav\">&rarr;<\/span><\/a><\/p>\n","protected":false},"author":787,"featured_media":0,"parent":0,"menu_order":0,"comment_status":"closed","ping_status":"closed","template":"","meta":{"footnotes":""},"class_list":["post-541","page","type-page","status-publish","hentry"],"_links":{"self":[{"href":"https:\/\/blogg.folkuniversitetet.nu\/fuendi\/wp-json\/wp\/v2\/pages\/541","targetHints":{"allow":["GET"]}}],"collection":[{"href":"https:\/\/blogg.folkuniversitetet.nu\/fuendi\/wp-json\/wp\/v2\/pages"}],"about":[{"href":"https:\/\/blogg.folkuniversitetet.nu\/fuendi\/wp-json\/wp\/v2\/types\/page"}],"author":[{"embeddable":true,"href":"https:\/\/blogg.folkuniversitetet.nu\/fuendi\/wp-json\/wp\/v2\/users\/787"}],"replies":[{"embeddable":true,"href":"https:\/\/blogg.folkuniversitetet.nu\/fuendi\/wp-json\/wp\/v2\/comments?post=541"}],"version-history":[{"count":8,"href":"https:\/\/blogg.folkuniversitetet.nu\/fuendi\/wp-json\/wp\/v2\/pages\/541\/revisions"}],"predecessor-version":[{"id":551,"href":"https:\/\/blogg.folkuniversitetet.nu\/fuendi\/wp-json\/wp\/v2\/pages\/541\/revisions\/551"}],"wp:attachment":[{"href":"https:\/\/blogg.folkuniversitetet.nu\/fuendi\/wp-json\/wp\/v2\/media?parent=541"}],"curies":[{"name":"wp","href":"https:\/\/api.w.org\/{rel}","templated":true}]}}