{"id":504,"date":"2020-05-07T23:04:10","date_gmt":"2020-05-07T21:04:10","guid":{"rendered":"http:\/\/blogg.folkuniversitetet.nu\/fuendi\/?page_id=504"},"modified":"2020-05-08T01:22:31","modified_gmt":"2020-05-07T23:22:31","slug":"clase-del-7-de-mayo","status":"publish","type":"page","link":"https:\/\/blogg.folkuniversitetet.nu\/fuendi\/clase-del-7-de-mayo\/","title":{"rendered":"Clase del  7 de mayo"},"content":{"rendered":"<h5><a href=\"http:\/\/blogg.folkuniversitetet.nu\/fuendi\/files\/2020\/05\/Chat-del-7-de-mayo.pdf\">Chat del 7 de mayo\u00a0 <\/a>\u21d0 Aqu\u00ed<\/h5>\n<h5>Usos del PRESENTE \u2013\u00a0<em>Anv\u00e4ndningar av PRESENS (nutid)<\/em><\/h5>\n<p>1.Situar una acci\u00f3n en el momento del habla.<\/p>\n<p>Juan\u00a0<span style=\"color: #ff0000\">est\u00e1<\/span>\u00a0en su casa ahora.<\/p>\n<p>2. Describir rutinas o acciones que se repiten.<\/p>\n<p><span style=\"color: #ff0000\">Trabajo<\/span>\u00a0de d\u00eda y\u00a0<span style=\"color: #ff0000\">estudio<\/span>\u00a0de noche.<\/p>\n<p>3. Describir situaciones estables o permanentes.<\/p>\n<p><span style=\"color: #ff0000\">Soy<\/span>\u00a0venezolana\u00a0 \/\u00a0\u00a0<span style=\"color: #ff0000\">Tengo<\/span>\u00a0dos hijos.<\/p>\n<p>4. Expresar el futuro pr\u00f3ximo. Es necesario agregar <span style=\"color: #008000\">una expresi\u00f3n de tiempo<\/span> (<em>tidsuttryck<\/em>)<\/p>\n<p>Las clases\u00a0<span style=\"color: #ff0000\">comienzan<\/span>\u00a0<span style=\"color: #008000\">la semana que viene<\/span>.<\/p>\n<h5>Usos del PRET\u00c9RITO PERFECTO \u2013\u00a0<em>Anv\u00e4ndningar av PERFEKT<\/em><\/h5>\n<p>1. Expresar acciones pasadas ocurridas en un per\u00edodo de tiempo no terminado.<\/p>\n<p><span style=\"color: #ff0000\">He estudiado<\/span>\u00a0mucho esta semana.<\/p>\n<p>2. Expresar el n\u00famero de veces que hemos hecho algo durante nuestras vidas hasta hoy.<\/p>\n<p><span style=\"color: #ff0000\">He estado<\/span>\u00a0en la India dos veces.\u00a0 \u00a0 \/\u00a0 \u00a0 \u00a0 Nunca\u00a0<span style=\"color: #ff0000\">he estado<\/span>\u00a0en la India.<\/p>\n<p>\u2013 \u00bf<span style=\"color: #ff0000\">Has comido<\/span> alguna vez paella?\u00a0 \u00a0 \u00a0 \u2013 No, no he comido paella nunca.<\/p>\n<p>alguna vez = n\u00e5gonsin<\/p>\n<p>No\u00a0<span style=\"color: #ff0000\">ha nevado<\/span>\u00a0mucho este invierno.<\/p>\n<p><strong>\u00a0Algunas expresiones de tiempo con el PRET\u00c9RITO PERFECTO:<\/strong><\/p>\n<p>\u00faltimamente\u00a0 \u00a0 =\u00a0 \u00a0 p\u00e5 sista tiden<\/p>\n<p>hoy\u00a0 \u00a0=\u00a0 \u00a0idag<\/p>\n<p>esta ma\u00f1ana \/ tarde\u00a0 \u00a0=\u00a0 \u00a0i morse \/ i eftermiddag, i eftermiddags<\/p>\n<p>este a\u00f1o\u00a0 \u00a0=\u00a0 \u00a0i \u00e5r<\/p>\n<p>esta semana \/ este mes\u00a0 \u00a0=\u00a0 \u00a0den h\u00e4r veckan \/ den h\u00e4r m\u00e5naden<\/p>\n<p>durante\u00a0 ____ a\u00f1os\u00a0 \u00a0 \u00a0 =\u00a0 \u00a0i ____ \u00e5r<\/p>\n<p><span style=\"color: #ff0000\">He vivido<\/span>\u00a0en Suecia durante 3 a\u00f1os.\u00a0 \u00a0\/\u00a0 He vivido\u00a0en Suecia 3 a\u00f1os.<\/p>\n<p>desde (a\u00f1o)\u00a0 \u00a0 =\u00a0 \u00a0 \u00a0sedan (\u00e5r)<\/p>\n<p><span style=\"color: #ff0000\">He vivido<\/span>\u00a0en Suecia desde 2017.<\/p>\n<h5>Usos de IR A + INFINITIVO (futuro) \u2013\u00a0<em>Anv\u00e4ndningar av futurum<\/em><\/h5>\n<p>1. Expresar una acci\u00f3n planeada.<\/p>\n<p><span style=\"color: #ff0000\">Voy a salir<\/span>\u00a0con mi novio esta noche.<\/p>\n<p><span style=\"color: #ff0000\">Vas a tener<\/span>\u00a0una entrevista de trabajo el viernes.<\/p>\n<p>2. Expresar algo que suceder\u00e1 pronto.<\/p>\n<p><span style=\"color: #ff0000\">Va a nevar<\/span>.<\/p>\n<p><strong>Algunas expresiones de tiempo con IR A + INFINITIVO<\/strong><strong>:<\/strong><\/p>\n<p>ahora mismo<\/p>\n<p>la semana que viene \/ el mes que viene \/ el fin de semana que viene<\/p>\n<p>la pr\u00f3xima semana \/ el pr\u00f3ximo fin de semana<\/p>\n<p>el fin de semana<\/p>\n<p>el lunes \/ martes\u2026.<\/p>\n<p>despu\u00e9s \/ luego<\/p>\n<p>esta noche<\/p>\n<h5>Buenas preguntas para contestar y practicar:<\/h5>\n<ul>\n<li>\u00bfQu\u00e9 haces normalmente todos los d\u00edas?<\/li>\n<li>\u00bfQu\u00e9 has hecho el fin de semana?<\/li>\n<li>\u00bfQu\u00e9 vas a hacer durante el verano?<\/li>\n<\/ul>\n<h5>\u00bfC\u00f3mo es tu aspecto f\u00edsico?<\/h5>\n<p><a href=\"http:\/\/blogg.folkuniversitetet.nu\/fuendi\/files\/2020\/05\/Screenshot1.png\"><img loading=\"lazy\" decoding=\"async\" class=\"alignnone size-medium wp-image-512\" src=\"http:\/\/blogg.folkuniversitetet.nu\/fuendi\/files\/2020\/05\/Screenshot1-300x169.png\" alt=\"\" width=\"300\" height=\"169\" \/><\/a><\/p>\n<p><iframe loading=\"lazy\" title=\"Aprender espa\u00f1ol: Vocabulario descripci\u00f3n f\u00edsica (nivel b\u00e1sico)\" width=\"604\" height=\"340\" src=\"https:\/\/www.youtube.com\/embed\/IYSSFwqX32E?feature=oembed\" frameborder=\"0\" allow=\"accelerometer; autoplay; clipboard-write; encrypted-media; gyroscope; picture-in-picture; web-share\" referrerpolicy=\"strict-origin-when-cross-origin\" allowfullscreen><\/iframe><\/p>\n<p>&nbsp;<\/p>\n<p><iframe loading=\"lazy\" title=\"Aprender espa\u00f1ol: Ser, estar, tener y llevar para describir personas (nivel b\u00e1sico)\" width=\"604\" height=\"340\" src=\"https:\/\/www.youtube.com\/embed\/l-TFbsu0eAA?start=410&#038;feature=oembed\" frameborder=\"0\" allow=\"accelerometer; autoplay; clipboard-write; encrypted-media; gyroscope; picture-in-picture; web-share\" referrerpolicy=\"strict-origin-when-cross-origin\" allowfullscreen><\/iframe><\/p>\n<h5><em>Sedan<\/em>\u00a0 en espa\u00f1ol<\/h5>\n<p><em>sedan<\/em> \u00a0=\u00a0\u00a0 <span style=\"color: #ff0000\">desde<\/span> (preposici\u00f3n)<\/p>\n<p><span style=\"color: #ff0000\">Desde<\/span> que yo ten\u00eda 15 a\u00f1os \u21d2 <em>Sedan jag var femton<\/em><\/p>\n<p><em>sedan<\/em>\u00a0 =\u00a0 <span style=\"color: #ff0000\">despu\u00e9s<\/span> \/ <span style=\"color: #ff0000\">luego<\/span> \/ <span style=\"color: #ff0000\">m\u00e1s tarde<\/span> (adverbios)<\/p>\n<p>Primero vamos al cine y despu\u00e9s vamos a casa \u21d2<em> F\u00f6rst g\u00e5r vi p\u00e5 bio och sedan g\u00e5r vi hem<\/em><\/p>\n<p>&nbsp;<\/p>\n<h5><span style=\"color: #ff0000\">TAREA:<\/span><\/h5>\n<ul>\n<li>Leer el texto \u201cSoy Julia\u201d (p\u00e1ginas 114-115) y estudiar el vocabulario. Subrayar palabras o frases \u00fatiles.<\/li>\n<li>Repasar las expresiones de tiempo, p\u00e1ginas 93 y 116.<\/li>\n<li>Estudiar las p\u00e1ginas 116 y 117.<\/li>\n<li>Ejercicio 3, p\u00e1gina 118.<\/li>\n<li>Ejercicio 6a y 6b, y ejercicio 7, p\u00e1gina 119.<\/li>\n<li>Practicar con el Extramaterial de\u00a0Caminando 1 (www. nok.se), Unidad 5b.<\/li>\n<li><span style=\"color: #ff0000\">Nota:<\/span> No olvides enviarme pronto un correo con al menos 3 temas que te interesan.<\/li>\n<\/ul>\n","protected":false},"excerpt":{"rendered":"<p>Chat del 7 de mayo\u00a0 \u21d0 Aqu\u00ed Usos del PRESENTE \u2013\u00a0Anv\u00e4ndningar av PRESENS (nutid) 1.Situar una acci\u00f3n en el momento del habla. Juan\u00a0est\u00e1\u00a0en su casa ahora. 2. Describir rutinas o acciones que se repiten. Trabajo\u00a0de d\u00eda y\u00a0estudio\u00a0de noche. 3. Describir situaciones estables o permanentes. Soy\u00a0venezolana\u00a0 \/\u00a0\u00a0Tengo\u00a0dos hijos. 4. Expresar el futuro pr\u00f3ximo. Es necesario agregar &hellip; <a href=\"https:\/\/blogg.folkuniversitetet.nu\/fuendi\/clase-del-7-de-mayo\/\" class=\"more-link\">Forts\u00e4tt l\u00e4sa <span class=\"screen-reader-text\">Clase del  7 de mayo<\/span> <span class=\"meta-nav\">&rarr;<\/span><\/a><\/p>\n","protected":false},"author":787,"featured_media":0,"parent":0,"menu_order":0,"comment_status":"closed","ping_status":"closed","template":"","meta":{"footnotes":""},"class_list":["post-504","page","type-page","status-publish","hentry"],"_links":{"self":[{"href":"https:\/\/blogg.folkuniversitetet.nu\/fuendi\/wp-json\/wp\/v2\/pages\/504","targetHints":{"allow":["GET"]}}],"collection":[{"href":"https:\/\/blogg.folkuniversitetet.nu\/fuendi\/wp-json\/wp\/v2\/pages"}],"about":[{"href":"https:\/\/blogg.folkuniversitetet.nu\/fuendi\/wp-json\/wp\/v2\/types\/page"}],"author":[{"embeddable":true,"href":"https:\/\/blogg.folkuniversitetet.nu\/fuendi\/wp-json\/wp\/v2\/users\/787"}],"replies":[{"embeddable":true,"href":"https:\/\/blogg.folkuniversitetet.nu\/fuendi\/wp-json\/wp\/v2\/comments?post=504"}],"version-history":[{"count":9,"href":"https:\/\/blogg.folkuniversitetet.nu\/fuendi\/wp-json\/wp\/v2\/pages\/504\/revisions"}],"predecessor-version":[{"id":519,"href":"https:\/\/blogg.folkuniversitetet.nu\/fuendi\/wp-json\/wp\/v2\/pages\/504\/revisions\/519"}],"wp:attachment":[{"href":"https:\/\/blogg.folkuniversitetet.nu\/fuendi\/wp-json\/wp\/v2\/media?parent=504"}],"curies":[{"name":"wp","href":"https:\/\/api.w.org\/{rel}","templated":true}]}}