{"id":497,"date":"2020-05-06T06:46:22","date_gmt":"2020-05-06T04:46:22","guid":{"rendered":"http:\/\/blogg.folkuniversitetet.nu\/fuendi\/?page_id=497"},"modified":"2020-05-11T16:02:45","modified_gmt":"2020-05-11T14:02:45","slug":"clase-del-4-de-mayo-a-distancia","status":"publish","type":"page","link":"https:\/\/blogg.folkuniversitetet.nu\/fuendi\/clase-del-4-de-mayo-a-distancia\/","title":{"rendered":"Clase del 4 de mayo &#8211; A distancia"},"content":{"rendered":"<h5><a href=\"http:\/\/blogg.folkuniversitetet.nu\/fuendi\/files\/2020\/05\/Chat-de-la-clase-4-de-mayo.pdf\">Chat de la clase \u00a0 <\/a>\u21d0 Aqu\u00ed<\/h5>\n<h5>Preguntas y respuestas \u00fatiles<\/h5>\n<ul>\n<li>\u00bfQu\u00e9 d\u00eda es hoy?<\/li>\n<li>Hoy es lunes.<\/li>\n<\/ul>\n<p>&nbsp;<\/p>\n<ul>\n<li>\u00bfQu\u00e9 fecha es hoy?<\/li>\n<li>Hoy es lunes 4 de mayo.<\/li>\n<\/ul>\n<p>&nbsp;<\/p>\n<ul>\n<li>\u00bfEn qu\u00e9 mes es tu cumplea\u00f1os?\u00a0\u00a0\u00a0\u00a0\u00a0\u00a0\u00a0<em>I vilken m\u00e5nad \u00e4r din f\u00f6delsedag?<\/em><\/li>\n<li>Mi cumplea\u00f1os es en noviembre\u00a0 \/\u00a0 \u00a0es el 27 de noviembre.<\/li>\n<\/ul>\n<p>&nbsp;<\/p>\n<ul>\n<li>\u00bfQu\u00e9 tiempo hace?<\/li>\n<li>Hace fr\u00edo y est\u00e1 lloviendo.<\/li>\n<\/ul>\n<p>&nbsp;<\/p>\n<ul>\n<li>\u00bfQu\u00e9 clima hace en verano?<\/li>\n<li>En verano hace mucho sol y calor,\u00a0 y tambi\u00e9n llueve mucho.<\/li>\n<\/ul>\n<p>&nbsp;<\/p>\n<ul>\n<li>\u00bfEn qu\u00e9 trabajas?\u00a0\u00a0<em>Vad jobbar du med?<\/em><\/li>\n<li>\u00bfD\u00f3nde trabajas?\u00a0\u00a0<em>Var jobbar du?<\/em><\/li>\n<li>\u00bfTe gusta tu trabajo? \u00bfPor qu\u00e9? \u00bfPor qu\u00e9 no?\u00a0 \u00a0\u00a0<em>Gillar du ditt jobb? Varf\u00f6r? Varf\u00f6r inte?<\/em><\/li>\n<li>Me gusta mi trabajo porque (eftersom)\u2026 \/ No me gusta mi trabajo porque\u2026<\/li>\n<li>Adjetivos:\u00a0 (es)\u00a0 divertido \/ aburrido,\u00a0 (es) interesante \/ no (es) interesante\u2026<\/li>\n<\/ul>\n<h5>Vocabulario \u2013 nombres geogr\u00e1ficos\u00a0 \u00a0\u00a0<em>Vocabul\u00e4r \u2013 geografiska namn<\/em><\/h5>\n<p>pa\u00eds, un pa\u00eds, el pa\u00eds, los pa\u00edses\u00a0 \u00a0 \u00a0 \u00a0 \u00a0 \u00a0 \u00a0 \u00a0 \u00a0 \u00a0 \u00a0 \u00a0 land, ett land, landet<\/p>\n<p>ciudad, una, la, las ciudades\u00a0 \u00a0 \u00a0 \u00a0 \u00a0 \u00a0 \u00a0 \u00a0 \u00a0 \u00a0 \u00a0 \u00a0 \u00a0 \u00a0 stad<\/p>\n<p>capital, una, la\u00a0 \u00a0 \u00a0 \u00a0 \u00a0 \u00a0 \u00a0 \u00a0 \u00a0 \u00a0 \u00a0 \u00a0 \u00a0 \u00a0 \u00a0 \u00a0 \u00a0 \u00a0 \u00a0 \u00a0 \u00a0 \u00a0 \u00a0\u00a0\u00a0\u00a0\u00a0\u00a0\u00a0\u00a0\u00a0\u00a0\u00a0 huvudstad<\/p>\n<p>mar, un, el\u00a0 \u00a0 \u00a0 \u00a0 \u00a0 \u00a0 \u00a0 \u00a0 \u00a0 \u00a0 \u00a0 \u00a0 \u00a0 \u00a0 \u00a0 \u00a0 \u00a0 \u00a0 \u00a0 \u00a0 \u00a0 \u00a0 \u00a0 \u00a0 \u00a0 \u00a0 \u00a0 \u00a0\u00a0\u00a0\u00a0\u00a0\u00a0\u00a0\u00a0 hav<\/p>\n<p>oc\u00e9ano, un, el\u00a0 \u00a0 \u00a0 \u00a0 \u00a0 \u00a0 \u00a0 \u00a0 \u00a0 \u00a0 \u00a0 \u00a0 \u00a0 \u00a0 \u00a0 \u00a0 \u00a0 \u00a0 \u00a0 \u00a0 \u00a0 \u00a0 \u00a0 \u00a0\u00a0\u00a0\u00a0\u00a0\u00a0\u00a0\u00a0\u00a0\u00a0 ocean<\/p>\n<p>costa, una, la\u00a0 \u00a0 \u00a0 \u00a0 \u00a0 \u00a0 \u00a0 \u00a0 \u00a0 \u00a0 \u00a0 \u00a0 \u00a0 \u00a0 \u00a0 \u00a0 \u00a0 \u00a0 \u00a0 \u00a0 \u00a0 \u00a0 \u00a0 \u00a0 \u00a0\u00a0\u00a0\u00a0\u00a0\u00a0\u00a0\u00a0\u00a0 kust<\/p>\n<p>playa, una, la\u00a0 \u00a0 \u00a0 \u00a0 \u00a0 \u00a0 \u00a0 \u00a0 \u00a0 \u00a0 \u00a0 \u00a0 \u00a0 \u00a0 \u00a0 \u00a0 \u00a0 \u00a0 \u00a0 \u00a0 \u00a0 \u00a0 \u00a0 \u00a0 \u00a0\u00a0\u00a0\u00a0\u00a0\u00a0\u00a0\u00a0\u00a0 strand<\/p>\n<p>estrecho, un, el\u00a0 \u00a0 \u00a0 \u00a0 \u00a0 \u00a0 \u00a0 \u00a0 \u00a0 \u00a0 \u00a0 \u00a0 \u00a0 \u00a0 \u00a0 \u00a0 \u00a0 \u00a0 \u00a0 \u00a0 \u00a0 \u00a0 \u00a0\u00a0\u00a0\u00a0\u00a0\u00a0\u00a0\u00a0\u00a0\u00a0 sund<\/p>\n<p>monta\u00f1a, monta\u00f1as \/ monta\u00f1oso\u00a0 \u00a0 \u00a0 \u00a0 \u00a0 \u00a0 \u00a0 \u00a0 berg<\/p>\n<p>lago, un, el\u00a0 \u00a0 \u00a0 \u00a0 \u00a0 \u00a0 \u00a0 \u00a0 \u00a0 \u00a0 \u00a0 \u00a0 \u00a0 \u00a0 \u00a0 \u00a0 \u00a0 \u00a0 \u00a0 \u00a0 \u00a0 \u00a0 \u00a0 \u00a0 \u00a0 \u00a0 \u00a0\u00a0\u00a0\u00a0\u00a0\u00a0\u00a0\u00a0\u00a0 sj\u00f6<\/p>\n<p>bosque, un, el\u00a0 \u00a0 \u00a0 \u00a0 \u00a0 \u00a0 \u00a0 \u00a0 \u00a0 \u00a0 \u00a0 \u00a0 \u00a0 \u00a0 \u00a0 \u00a0 \u00a0 \u00a0 \u00a0 \u00a0 \u00a0 \u00a0 \u00a0 \u00a0 \u00a0 \u00a0 \u00a0 \u00a0 skog<\/p>\n<p>r\u00edo, un, el\u00a0 \u00a0 \u00a0 \u00a0 \u00a0 \u00a0 \u00a0 \u00a0 \u00a0 \u00a0 \u00a0 \u00a0 \u00a0 \u00a0 \u00a0 \u00a0 \u00a0 \u00a0 \u00a0 \u00a0 \u00a0 \u00a0 \u00a0 \u00a0 \u00a0 \u00a0 \u00a0\u00a0\u00a0\u00a0\u00a0\u00a0\u00a0\u00a0\u00a0\u00a0\u00a0\u00a0\u00a0 flod<\/p>\n<p>&nbsp;<\/p>\n<h5><span style=\"color: #ff0000\">TAREA:<\/span><\/h5>\n<ul>\n<li>Ejercicio 10, p\u00e1gina\u00a0 52:\u00a0<em>Una presentaci\u00f3n de un pa\u00eds<\/em>. Presentar un pa\u00eds de Am\u00e9rica Central. Usar los textos de las p\u00e1ginas 44 (Nicaragua) y 69 (Espa\u00f1a) como modelos. Usar las preguntas del ejercicio 8, p\u00e1gina 51 como ayuda (hj\u00e4lpmedel),<\/li>\n<li>Repasar todo lo que hicimos hoy (Repetera allt som vi gjorde idag).<\/li>\n<\/ul>\n","protected":false},"excerpt":{"rendered":"<p>Chat de la clase \u00a0 \u21d0 Aqu\u00ed Preguntas y respuestas \u00fatiles \u00bfQu\u00e9 d\u00eda es hoy? Hoy es lunes. &nbsp; \u00bfQu\u00e9 fecha es hoy? Hoy es lunes 4 de mayo. &nbsp; \u00bfEn qu\u00e9 mes es tu cumplea\u00f1os?\u00a0\u00a0\u00a0\u00a0\u00a0\u00a0\u00a0I vilken m\u00e5nad \u00e4r din f\u00f6delsedag? Mi cumplea\u00f1os es en noviembre\u00a0 \/\u00a0 \u00a0es el 27 de noviembre. &nbsp; \u00bfQu\u00e9 tiempo &hellip; <a href=\"https:\/\/blogg.folkuniversitetet.nu\/fuendi\/clase-del-4-de-mayo-a-distancia\/\" class=\"more-link\">Forts\u00e4tt l\u00e4sa <span class=\"screen-reader-text\">Clase del 4 de mayo &#8211; A distancia<\/span> <span class=\"meta-nav\">&rarr;<\/span><\/a><\/p>\n","protected":false},"author":787,"featured_media":0,"parent":0,"menu_order":0,"comment_status":"closed","ping_status":"closed","template":"","meta":{"footnotes":""},"class_list":["post-497","page","type-page","status-publish","hentry"],"_links":{"self":[{"href":"https:\/\/blogg.folkuniversitetet.nu\/fuendi\/wp-json\/wp\/v2\/pages\/497","targetHints":{"allow":["GET"]}}],"collection":[{"href":"https:\/\/blogg.folkuniversitetet.nu\/fuendi\/wp-json\/wp\/v2\/pages"}],"about":[{"href":"https:\/\/blogg.folkuniversitetet.nu\/fuendi\/wp-json\/wp\/v2\/types\/page"}],"author":[{"embeddable":true,"href":"https:\/\/blogg.folkuniversitetet.nu\/fuendi\/wp-json\/wp\/v2\/users\/787"}],"replies":[{"embeddable":true,"href":"https:\/\/blogg.folkuniversitetet.nu\/fuendi\/wp-json\/wp\/v2\/comments?post=497"}],"version-history":[{"count":5,"href":"https:\/\/blogg.folkuniversitetet.nu\/fuendi\/wp-json\/wp\/v2\/pages\/497\/revisions"}],"predecessor-version":[{"id":520,"href":"https:\/\/blogg.folkuniversitetet.nu\/fuendi\/wp-json\/wp\/v2\/pages\/497\/revisions\/520"}],"wp:attachment":[{"href":"https:\/\/blogg.folkuniversitetet.nu\/fuendi\/wp-json\/wp\/v2\/media?parent=497"}],"curies":[{"name":"wp","href":"https:\/\/api.w.org\/{rel}","templated":true}]}}