{"id":485,"date":"2020-04-29T18:02:49","date_gmt":"2020-04-29T16:02:49","guid":{"rendered":"http:\/\/blogg.folkuniversitetet.nu\/fuendi\/?page_id=485"},"modified":"2020-04-29T18:36:02","modified_gmt":"2020-04-29T16:36:02","slug":"clase-del-29-de-abril-a-distancia","status":"publish","type":"page","link":"https:\/\/blogg.folkuniversitetet.nu\/fuendi\/clase-del-29-de-abril-a-distancia\/","title":{"rendered":"Clase del 29 de abril &#8211; A distancia"},"content":{"rendered":"<h5><a href=\"http:\/\/blogg.folkuniversitetet.nu\/fuendi\/files\/2020\/04\/Chat-de-la-clase-29-de-abril.pdf\">Chat de la clase &#8211; 29 de abril \u00a0<\/a>\u21d0 Aqu\u00ed<\/h5>\n<h5>Preguntas y respuestas \u00fatiles<\/h5>\n<ul>\n<li>\u00bfEn qu\u00e9 mes es tu cumplea\u00f1os?\u00a0\u00a0\u00a0\u00a0\u00a0\u00a0 <em>I vilken m\u00e5nad \u00e4r din f\u00f6delsedag?<\/em><\/li>\n<li>Mi cumplea\u00f1os es en noviembre\u00a0 \/\u00a0 \u00a0es el 27 de noviembre.<\/li>\n<\/ul>\n<p>&nbsp;<\/p>\n<ul>\n<li>\u00bfQu\u00e9 tiempo hace?<\/li>\n<li>Hace fr\u00edo y est\u00e1 lloviendo.<\/li>\n<\/ul>\n<p>&nbsp;<\/p>\n<ul>\n<li>\u00bfQu\u00e9 clima hace en verano?<\/li>\n<li>En verano hace mucho sol y calor,\u00a0 y tambi\u00e9n llueve mucho.<\/li>\n<\/ul>\n<p>&nbsp;<\/p>\n<ul>\n<li>\u00bfEn qu\u00e9 trabajas?\u00a0 <em>Vad jobbar du med?<\/em><\/li>\n<li>\u00bfD\u00f3nde trabajas?\u00a0 <em>Var jobbar du?<\/em><\/li>\n<li>\u00bfTe gusta tu trabajo? \u00bfPor qu\u00e9? \u00bfPor qu\u00e9 no?\u00a0 \u00a0 <em>Gillar du ditt jobb? Varf\u00f6r? Varf\u00f6r inte?<\/em><\/li>\n<\/ul>\n<ul>\n<li>Me gusta mi trabajo porque (eftersom)\u2026 \/ No me gusta mi trabajo porque\u2026<\/li>\n<li>Adjetivos:\u00a0 (es)\u00a0 divertido \/ aburrido,\u00a0 (es) interesante \/ no (es) interesante\u2026<\/li>\n<\/ul>\n<h5>D\u00edas, meses y estaciones del a\u00f1o<\/h5>\n<p><iframe loading=\"lazy\" title=\"Aprender espa\u00f1ol: D\u00edas, meses y estaciones del a\u00f1o (nivel b\u00e1sico)\" width=\"604\" height=\"340\" src=\"https:\/\/www.youtube.com\/embed\/ZO-ey3B_XSw?start=3&#038;feature=oembed\" frameborder=\"0\" allow=\"accelerometer; autoplay; clipboard-write; encrypted-media; gyroscope; picture-in-picture; web-share\" referrerpolicy=\"strict-origin-when-cross-origin\" allowfullscreen><\/iframe><\/p>\n<h5>Pronunciaci\u00f3n: J \/ G<\/h5>\n<p><iframe loading=\"lazy\" title=\"Spanish pronunciation: J &amp; G\" width=\"604\" height=\"340\" src=\"https:\/\/www.youtube.com\/embed\/kNRLEXaJfs8?start=458&#038;feature=oembed\" frameborder=\"0\" allow=\"accelerometer; autoplay; clipboard-write; encrypted-media; gyroscope; picture-in-picture; web-share\" referrerpolicy=\"strict-origin-when-cross-origin\" allowfullscreen><\/iframe><\/p>\n<h5><span style=\"color: #ff0000\">TAREA:<\/span><\/h5>\n<ul>\n<li>Ejercicio 10, p\u00e1gina\u00a0 52: <em>Una presentaci\u00f3n de un pa\u00eds<\/em>. Presentar un pa\u00eds de Am\u00e9rica Central. Usar los textos de las p\u00e1ginas 44 (Nicaragua) y 69 (Espa\u00f1a) como modelos. Usar las preguntas del ejercicio 8, p\u00e1gina 51 como ayuda (hj\u00e4lpmedel),<\/li>\n<li>Repasar todo lo que hicimos hoy (Repetera allt som vi gjorde idag).<\/li>\n<\/ul>\n","protected":false},"excerpt":{"rendered":"<p>Chat de la clase &#8211; 29 de abril \u00a0\u21d0 Aqu\u00ed Preguntas y respuestas \u00fatiles \u00bfEn qu\u00e9 mes es tu cumplea\u00f1os?\u00a0\u00a0\u00a0\u00a0\u00a0\u00a0 I vilken m\u00e5nad \u00e4r din f\u00f6delsedag? Mi cumplea\u00f1os es en noviembre\u00a0 \/\u00a0 \u00a0es el 27 de noviembre. &nbsp; \u00bfQu\u00e9 tiempo hace? Hace fr\u00edo y est\u00e1 lloviendo. &nbsp; \u00bfQu\u00e9 clima hace en verano? En verano hace &hellip; <a href=\"https:\/\/blogg.folkuniversitetet.nu\/fuendi\/clase-del-29-de-abril-a-distancia\/\" class=\"more-link\">Forts\u00e4tt l\u00e4sa <span class=\"screen-reader-text\">Clase del 29 de abril &#8211; A distancia<\/span> <span class=\"meta-nav\">&rarr;<\/span><\/a><\/p>\n","protected":false},"author":787,"featured_media":0,"parent":0,"menu_order":0,"comment_status":"closed","ping_status":"closed","template":"","meta":{"footnotes":""},"class_list":["post-485","page","type-page","status-publish","hentry"],"_links":{"self":[{"href":"https:\/\/blogg.folkuniversitetet.nu\/fuendi\/wp-json\/wp\/v2\/pages\/485","targetHints":{"allow":["GET"]}}],"collection":[{"href":"https:\/\/blogg.folkuniversitetet.nu\/fuendi\/wp-json\/wp\/v2\/pages"}],"about":[{"href":"https:\/\/blogg.folkuniversitetet.nu\/fuendi\/wp-json\/wp\/v2\/types\/page"}],"author":[{"embeddable":true,"href":"https:\/\/blogg.folkuniversitetet.nu\/fuendi\/wp-json\/wp\/v2\/users\/787"}],"replies":[{"embeddable":true,"href":"https:\/\/blogg.folkuniversitetet.nu\/fuendi\/wp-json\/wp\/v2\/comments?post=485"}],"version-history":[{"count":8,"href":"https:\/\/blogg.folkuniversitetet.nu\/fuendi\/wp-json\/wp\/v2\/pages\/485\/revisions"}],"predecessor-version":[{"id":495,"href":"https:\/\/blogg.folkuniversitetet.nu\/fuendi\/wp-json\/wp\/v2\/pages\/485\/revisions\/495"}],"wp:attachment":[{"href":"https:\/\/blogg.folkuniversitetet.nu\/fuendi\/wp-json\/wp\/v2\/media?parent=485"}],"curies":[{"name":"wp","href":"https:\/\/api.w.org\/{rel}","templated":true}]}}