{"id":476,"date":"2020-04-27T21:15:18","date_gmt":"2020-04-27T19:15:18","guid":{"rendered":"http:\/\/blogg.folkuniversitetet.nu\/fuendi\/?page_id=476"},"modified":"2020-04-27T21:31:12","modified_gmt":"2020-04-27T19:31:12","slug":"clase-del-27-de-abril-a-distancia","status":"publish","type":"page","link":"https:\/\/blogg.folkuniversitetet.nu\/fuendi\/clase-del-27-de-abril-a-distancia\/","title":{"rendered":"Clase del 27 de abril &#8211; A distancia"},"content":{"rendered":"<h5><a href=\"http:\/\/blogg.folkuniversitetet.nu\/fuendi\/files\/2020\/04\/Chat-de-la-clase-27-de-abril.pdf\">Chat de la clase &#8211; 27 de abril \u00a0<\/a>\u21d0 Aqu\u00ed<\/h5>\n<h5>ADJETIVOS (palabras que describen\u00a0 \/ ord som beskriver)<\/h5>\n<p>Un pa\u00eds\u00a0<span style=\"color: #ff0000\">peque\u00f1o<\/span>\u00a0(ett litet land)<\/p>\n<p>Lagos\u00a0<span style=\"color: #ff0000\">grandes<\/span>\u00a0 (stora sj\u00f6ar)<\/p>\n<p>Playas\u00a0<span style=\"color: #ff0000\">fant\u00e1sticas<\/span>\u00a0(fantastiska str\u00e4nder)<\/p>\n<p>Volcanes\u00a0<span style=\"color: #ff0000\">activos<\/span>\u00a0(aktiva vulkaner)<\/p>\n<p>Un clima\u00a0<span style=\"color: #ff0000\">tropical<\/span>\u00a0(ett tropiskt klimat)<\/p>\n<p>Temperaturas\u00a0<span style=\"color: #ff0000\">altas\u00a0<\/span>(h\u00f6ga temperaturer)<\/p>\n<p><strong>Observa:<\/strong><\/p>\n<p>I spanskan placeras adjektiv oftast efter substantiv.<\/p>\n<p>Adjektivet b\u00f6js efter substantivet som adjektivet beskriver:<\/p>\n<p>Casa bonita\u00a0\u00a0\u00a0 \u00a0\u00a0\u00a0\u00a0\u00a0\u00a0\u00a0\u00a0\u00a0 Coche bonito<\/p>\n<p>Casas bonitas\u00a0\u00a0\u00a0\u00a0\u00a0\u00a0\u00a0\u00a0\u00a0 Coches bonitos<\/p>\n<p><strong>Algunos adjetivos:<\/strong><\/p>\n<p>grande \u2013 grandes\u00a0\u00a0\u00a0\u00a0\u00a0\u00a0\u00a0\u00a0\u00a0\u00a0\u00a0\u00a0\u00a0\u00a0\u00a0\u00a0\u00a0\u00a0\u00a0\u00a0\u00a0\u00a0\u00a0\u00a0\u00a0\u00a0\u00a0\u00a0\u00a0\u00a0\u00a0\u00a0\u00a0\u00a0\u00a0\u00a0\u00a0\u00a0\u00a0 peque\u00f1o, -a, -os, -as<\/p>\n<p>bonito \/ guapo, -a, -os, -as\u00a0 \u00a0 \u00a0 \u00a0 \u00a0 \u00a0 \u00a0 \u00a0 \u00a0 \u00a0 \u00a0feo, -a, -os, -as<\/p>\n<p>rico, -a, -os, -as\u00a0\u00a0\u00a0\u00a0\u00a0\u00a0\u00a0\u00a0\u00a0\u00a0\u00a0\u00a0\u00a0\u00a0\u00a0\u00a0\u00a0\u00a0\u00a0\u00a0\u00a0\u00a0\u00a0\u00a0\u00a0\u00a0\u00a0\u00a0\u00a0\u00a0\u00a0\u00a0\u00a0\u00a0\u00a0\u00a0\u00a0\u00a0\u00a0\u00a0\u00a0\u00a0\u00a0 pobre, -s<\/p>\n<p>alto, -a, -os, -as\u00a0\u00a0\u00a0\u00a0\u00a0\u00a0\u00a0\u00a0\u00a0\u00a0\u00a0\u00a0\u00a0\u00a0\u00a0\u00a0\u00a0\u00a0\u00a0\u00a0\u00a0\u00a0\u00a0\u00a0\u00a0\u00a0\u00a0\u00a0\u00a0\u00a0\u00a0\u00a0\u00a0\u00a0\u00a0\u00a0\u00a0\u00a0\u00a0\u00a0\u00a0\u00a0\u00a0 bajo, -a, -os, -as\u00a0\u00a0\u00a0\u00a0 \u00a0\u00a0\u00a0bajito, bajita (-ito, -ita)<\/p>\n<p>mayor, -es\u00a0 \u00a0 \u00a0 \u00a0 \u00a0 \u00a0 \u00a0 \u00a0 \u00a0 \u00a0 \u00a0 \u00a0 \u00a0 \u00a0 \u00a0 \u00a0 \u00a0 \u00a0 \u00a0 \u00a0 \u00a0 \u00a0 \u00a0 \u00a0 \u00a0 \u00a0 \u00a0 menor, -es<\/p>\n<p>gordo, -a, -os, -as\u00a0\u00a0\u00a0\u00a0 gordito\u00a0 \u00a0 \u00a0 \u00a0 \u00a0 \u00a0 \u00a0 \u00a0 \u00a0 \u00a0flaco, -a, -os, -as\u00a0\u00a0\u00a0\u00a0\u00a0 flaquito<\/p>\n<p>&nbsp;<\/p>\n<h5>LOS COLORES \u2013 f\u00e4rger<\/h5>\n<p>Funcionan como sustantivos:\u00a0 \u00a0 El rojo es un color bonito.<\/p>\n<p>Funcionan como adjetivos:\u00a0 \u00a0 un vestido rojo \/ la casa blanca<\/p>\n<p>Rojo, -a, -os, -as<\/p>\n<p>Blanco, -a, -os, -as<\/p>\n<p>Amarillo, -a, -os, -as<\/p>\n<p>Negro, -a, -os, -as<\/p>\n<p>Azul, -es<\/p>\n<p>Gris, -es<\/p>\n<p>Marr\u00f3n, -es<\/p>\n<p>Verde, -s<\/p>\n<p>Rosa, -s<\/p>\n<p>Lila, -s<\/p>\n<p>Naranja, -s<\/p>\n<p><strong>Preguntas y respuestas:\u00a0 \u00bfDe qu\u00e9 color es \/ son\u2026?<\/strong><\/p>\n<p>\u2013 \u00bfDe qu\u00e9 color son los tulipanes? \u00a0\u00a0\u00a0\u00a0<em>Vilken f\u00e4rg \u00e4r tulpaner?<\/em><\/p>\n<p>\u2013 Los tulipanes son amarillos<\/p>\n<p>\u2013 \u00bfCu\u00e1l es tu color favorito?\u00a0 \u00a0\u00a0\u00a0\u00a0\u00a0\u00a0\u00a0\u00a0\u00a0\u00a0<em>Vilken \u00e4r din favoritf\u00e4rg?<\/em><\/p>\n<p>\u2013 Mi color favorito es el azul.<\/p>\n<p><iframe loading=\"lazy\" title=\"Vocabulario de los colores en espa\u00f1ol - Vocabulary of colors in Spanish\" width=\"604\" height=\"340\" src=\"https:\/\/www.youtube.com\/embed\/kilEt7CoZic?start=3&#038;feature=oembed\" frameborder=\"0\" allow=\"accelerometer; autoplay; clipboard-write; encrypted-media; gyroscope; picture-in-picture; web-share\" referrerpolicy=\"strict-origin-when-cross-origin\" allowfullscreen><\/iframe><\/p>\n<h5>Los d\u00edas, los meses y las estaciones del a\u00f1o<\/h5>\n<p><iframe loading=\"lazy\" title=\"Aprender espa\u00f1ol: D\u00edas, meses y estaciones del a\u00f1o (nivel b\u00e1sico)\" width=\"604\" height=\"340\" src=\"https:\/\/www.youtube.com\/embed\/ZO-ey3B_XSw?start=1&#038;feature=oembed\" frameborder=\"0\" allow=\"accelerometer; autoplay; clipboard-write; encrypted-media; gyroscope; picture-in-picture; web-share\" referrerpolicy=\"strict-origin-when-cross-origin\" allowfullscreen><\/iframe><\/p>\n<p><a href=\"http:\/\/blogg.folkuniversitetet.nu\/fuendi\/files\/2019\/09\/D\u00edas-meses-y-estaciones-del-a\u00f1o-1.pdf\">D\u00edas, meses y estaciones del a\u00f1o\u00a0\u00a0 \u00a0 <\/a>\u21d0\u00a0 Vocabulario aqu\u00ed<\/p>\n<h5><span style=\"color: #ff0000\">TAREA:<\/span><\/h5>\n<ul>\n<li>Repasar las p\u00e1ginas 46 y 47.<\/li>\n<li>Ver el video sobre d\u00edas, meses y estaciones del a\u00f1o y estudiar el vocabulario.<\/li>\n<li>Ejercicios 1a, 2a, 3 (a y b), p\u00e1gina 49.<\/li>\n<li>Todos los ejercicios de la p\u00e1gina 51.<\/li>\n<\/ul>\n","protected":false},"excerpt":{"rendered":"<p>Chat de la clase &#8211; 27 de abril \u00a0\u21d0 Aqu\u00ed ADJETIVOS (palabras que describen\u00a0 \/ ord som beskriver) Un pa\u00eds\u00a0peque\u00f1o\u00a0(ett litet land) Lagos\u00a0grandes\u00a0 (stora sj\u00f6ar) Playas\u00a0fant\u00e1sticas\u00a0(fantastiska str\u00e4nder) Volcanes\u00a0activos\u00a0(aktiva vulkaner) Un clima\u00a0tropical\u00a0(ett tropiskt klimat) Temperaturas\u00a0altas\u00a0(h\u00f6ga temperaturer) Observa: I spanskan placeras adjektiv oftast efter substantiv. Adjektivet b\u00f6js efter substantivet som adjektivet beskriver: Casa bonita\u00a0\u00a0\u00a0 \u00a0\u00a0\u00a0\u00a0\u00a0\u00a0\u00a0\u00a0\u00a0 Coche bonito &hellip; <a href=\"https:\/\/blogg.folkuniversitetet.nu\/fuendi\/clase-del-27-de-abril-a-distancia\/\" class=\"more-link\">Forts\u00e4tt l\u00e4sa <span class=\"screen-reader-text\">Clase del 27 de abril &#8211; A distancia<\/span> <span class=\"meta-nav\">&rarr;<\/span><\/a><\/p>\n","protected":false},"author":787,"featured_media":0,"parent":0,"menu_order":0,"comment_status":"closed","ping_status":"closed","template":"","meta":{"footnotes":""},"class_list":["post-476","page","type-page","status-publish","hentry"],"_links":{"self":[{"href":"https:\/\/blogg.folkuniversitetet.nu\/fuendi\/wp-json\/wp\/v2\/pages\/476","targetHints":{"allow":["GET"]}}],"collection":[{"href":"https:\/\/blogg.folkuniversitetet.nu\/fuendi\/wp-json\/wp\/v2\/pages"}],"about":[{"href":"https:\/\/blogg.folkuniversitetet.nu\/fuendi\/wp-json\/wp\/v2\/types\/page"}],"author":[{"embeddable":true,"href":"https:\/\/blogg.folkuniversitetet.nu\/fuendi\/wp-json\/wp\/v2\/users\/787"}],"replies":[{"embeddable":true,"href":"https:\/\/blogg.folkuniversitetet.nu\/fuendi\/wp-json\/wp\/v2\/comments?post=476"}],"version-history":[{"count":6,"href":"https:\/\/blogg.folkuniversitetet.nu\/fuendi\/wp-json\/wp\/v2\/pages\/476\/revisions"}],"predecessor-version":[{"id":484,"href":"https:\/\/blogg.folkuniversitetet.nu\/fuendi\/wp-json\/wp\/v2\/pages\/476\/revisions\/484"}],"wp:attachment":[{"href":"https:\/\/blogg.folkuniversitetet.nu\/fuendi\/wp-json\/wp\/v2\/media?parent=476"}],"curies":[{"name":"wp","href":"https:\/\/api.w.org\/{rel}","templated":true}]}}