{"id":445,"date":"2020-04-20T19:43:52","date_gmt":"2020-04-20T17:43:52","guid":{"rendered":"http:\/\/blogg.folkuniversitetet.nu\/fuendi\/?page_id=445"},"modified":"2020-04-20T21:51:42","modified_gmt":"2020-04-20T19:51:42","slug":"clase-del-20-de-abril-a-distancia","status":"publish","type":"page","link":"https:\/\/blogg.folkuniversitetet.nu\/fuendi\/clase-del-20-de-abril-a-distancia\/","title":{"rendered":"Clase del 20 de abril &#8211; A distancia"},"content":{"rendered":"<h5><a href=\"http:\/\/blogg.folkuniversitetet.nu\/fuendi\/files\/2020\/04\/Chat-de-la-clase-3.pdf\">Chat de la clase <\/a>\u21d0\u21d0\u21d0 Aqu\u00ed<\/h5>\n<h5>Hay (<em>det finns<\/em>)<\/h5>\n<p>Hay muchos lagos en Suecia.<\/p>\n<p>HAY + un, unos + sustantivo + lugar<br \/>\nuna, una<\/p>\n<p>dos, tres&#8230;<\/p>\n<p>muchos \/ pocos<\/p>\n<p>sustantivo en plural<\/p>\n<ul>\n<li>Hay un vaso sobre la mesa.<\/li>\n<li>Hay dos vasos sobre la mesa.<\/li>\n<li>Hay muchos vasos sobre la mesa.<\/li>\n<li>Hay vasos sobre la mesa.<\/li>\n<\/ul>\n<p>lago =\u00a0 sj\u00f6\u00a0 \u00a0 \u00a0 \u00a0vaso = glass\u00a0 \u00a0 \u00a0 sobre = p\u00e5\u00a0 \u00a0 \u00a0 \u00a0mesa = bord<\/p>\n<h5>Profesiones<\/h5>\n<p><iframe loading=\"lazy\" title=\"Spanish Lesson 25 - JOBS PROFESSIONS in Spanish Vocabulary Las profesiones en espa\u00f1ol Vocabulario\" width=\"604\" height=\"340\" src=\"https:\/\/www.youtube.com\/embed\/McHFhmeik2c?start=1&#038;feature=oembed\" frameborder=\"0\" allow=\"accelerometer; autoplay; clipboard-write; encrypted-media; gyroscope; picture-in-picture; web-share\" referrerpolicy=\"strict-origin-when-cross-origin\" allowfullscreen><\/iframe><\/p>\n<p><a href=\"http:\/\/blogg.folkuniversitetet.nu\/fuendi\/files\/2020\/01\/Profesi\u00f3n-Yrke.pdf\">Profesi\u00f3n &#8211; Yrke <\/a>\u21d2\u21d2\u21d2Vocabulario<\/p>\n<h5><span style=\"color: #ff0000\">TAREA:<\/span><\/h5>\n<ul>\n<li>Leer el texto \u201cAm\u00e9rica Latina\u201d, p\u00e1ginas 44 y 45, y estudiar el vocabulario.<\/li>\n<li>Estudiar el vocabulario de la p\u00e1gina 48 sobre los colores, los meses del a\u00f1o, los puntos cardinales y las estaciones del a\u00f1o.<\/li>\n<li>Ver el video y estudiar el vocabulario de las profesiones (\u21d1\u21d1\u21d1).<\/li>\n<\/ul>\n","protected":false},"excerpt":{"rendered":"<p>Chat de la clase \u21d0\u21d0\u21d0 Aqu\u00ed Hay (det finns) Hay muchos lagos en Suecia. HAY + un, unos + sustantivo + lugar una, una dos, tres&#8230; muchos \/ pocos sustantivo en plural Hay un vaso sobre la mesa. Hay dos vasos sobre la mesa. Hay muchos vasos sobre la mesa. Hay vasos sobre la mesa. &hellip; <a href=\"https:\/\/blogg.folkuniversitetet.nu\/fuendi\/clase-del-20-de-abril-a-distancia\/\" class=\"more-link\">Forts\u00e4tt l\u00e4sa <span class=\"screen-reader-text\">Clase del 20 de abril &#8211; A distancia<\/span> <span class=\"meta-nav\">&rarr;<\/span><\/a><\/p>\n","protected":false},"author":787,"featured_media":0,"parent":0,"menu_order":0,"comment_status":"closed","ping_status":"closed","template":"","meta":{"footnotes":""},"class_list":["post-445","page","type-page","status-publish","hentry"],"_links":{"self":[{"href":"https:\/\/blogg.folkuniversitetet.nu\/fuendi\/wp-json\/wp\/v2\/pages\/445","targetHints":{"allow":["GET"]}}],"collection":[{"href":"https:\/\/blogg.folkuniversitetet.nu\/fuendi\/wp-json\/wp\/v2\/pages"}],"about":[{"href":"https:\/\/blogg.folkuniversitetet.nu\/fuendi\/wp-json\/wp\/v2\/types\/page"}],"author":[{"embeddable":true,"href":"https:\/\/blogg.folkuniversitetet.nu\/fuendi\/wp-json\/wp\/v2\/users\/787"}],"replies":[{"embeddable":true,"href":"https:\/\/blogg.folkuniversitetet.nu\/fuendi\/wp-json\/wp\/v2\/comments?post=445"}],"version-history":[{"count":8,"href":"https:\/\/blogg.folkuniversitetet.nu\/fuendi\/wp-json\/wp\/v2\/pages\/445\/revisions"}],"predecessor-version":[{"id":455,"href":"https:\/\/blogg.folkuniversitetet.nu\/fuendi\/wp-json\/wp\/v2\/pages\/445\/revisions\/455"}],"wp:attachment":[{"href":"https:\/\/blogg.folkuniversitetet.nu\/fuendi\/wp-json\/wp\/v2\/media?parent=445"}],"curies":[{"name":"wp","href":"https:\/\/api.w.org\/{rel}","templated":true}]}}