{"id":428,"date":"2020-04-15T15:22:46","date_gmt":"2020-04-15T13:22:46","guid":{"rendered":"http:\/\/blogg.folkuniversitetet.nu\/fuendi\/?page_id=428"},"modified":"2020-04-15T18:15:17","modified_gmt":"2020-04-15T16:15:17","slug":"clase-del-15-de-abril-a-distancia","status":"publish","type":"page","link":"https:\/\/blogg.folkuniversitetet.nu\/fuendi\/clase-del-15-de-abril-a-distancia\/","title":{"rendered":"Clase del 15 de abril &#8211; A distancia"},"content":{"rendered":"<h5><a href=\"http:\/\/blogg.folkuniversitetet.nu\/fuendi\/files\/2020\/04\/Chat-del-15-de-abril.pdf\">Chat de la clase\u00a0 <\/a>\u21d0\u21d0 Aqu\u00ed<\/h5>\n<h5>El \u00e1rbol de familia, p\u00e1gina 42:<\/h5>\n<h5><a href=\"http:\/\/blogg.folkuniversitetet.nu\/fuendi\/files\/2020\/04\/Screenshot1-1.png\"><img loading=\"lazy\" decoding=\"async\" class=\"alignnone size-medium wp-image-433\" src=\"http:\/\/blogg.folkuniversitetet.nu\/fuendi\/files\/2020\/04\/Screenshot1-1-300x174.png\" alt=\"\" width=\"300\" height=\"174\" \/>:<\/a><\/h5>\n<p><strong>Teresa:<\/strong><\/p>\n<p>Ella se llama Teresa y tiene 38 a\u00f1os. Vive en Managua. Ella est\u00e1 divorciada y tiene dos hijos: Elisa, de 18 a\u00f1os, y Luis, de 16 a\u00f1os. Los padres de Teresa se llaman Eulalia y Paco. Teresa\u00a0 tiene dos\u00a0 hermanos, Juan y Jos\u00e9. Tambi\u00e9n tiene dos sobrinos, Cristina y Maynor, que son los hijos de su hermano Juan.<\/p>\n<h5>Pregunta a Aurora (usted):<\/h5>\n<ul>\n<li>\u00bfC\u00f3mo se llama usted?<\/li>\n<li>\u00bfD\u00f3nde vive?<\/li>\n<li>\u00bfD\u00f3nde est\u00e1 Nicaragua?<\/li>\n<li>\u00bfVive en la capital?<\/li>\n<li>\u00bfEst\u00e1 casada?<\/li>\n<li>\u00bfC\u00f3mo se llama su marido?<\/li>\n<li>\u00bfTiene hijos?<\/li>\n<li>\u00bfEn qu\u00e9 trabaja?<\/li>\n<li>\u00bfC\u00f3mo es su trabajo? \u00bfLe gusta su trabajo?<\/li>\n<li>\u00bfViven ustedes en el centro de la ciudad?<\/li>\n<\/ul>\n<h5>Pregunta a un hombre\/una mujer (t\u00fa):<\/h5>\n<ul>\n<li>\u00bfC\u00f3mo te llamas?<\/li>\n<li>\u00bfD\u00f3nde vives?<\/li>\n<li>\u00bfD\u00f3nde est\u00e1 Nicaragua?<\/li>\n<li>\u00bfVives en la capital?<\/li>\n<li>\u00bfEst\u00e1s casado, -a?<\/li>\n<li>\u00bfC\u00f3mo se llama tu mujer \/ tu marido?<\/li>\n<li>\u00bfTienes hijos?<\/li>\n<li>\u00bfEn qu\u00e9 trabajas?<\/li>\n<li>\u00bfC\u00f3mo es tu trabajo? \u00bfTe gusta tu trabajo?<\/li>\n<li>\u00bfVives en el centro de la ciudad?<\/li>\n<\/ul>\n<h5>Pregunta a dos amigos \/ amigas (ustedes):<\/h5>\n<ul>\n<li>\u00bfC\u00f3mo se llaman?<\/li>\n<li>\u00bfD\u00f3nde viven?<\/li>\n<li>\u00bfD\u00f3nde est\u00e1 Nicaragua?<\/li>\n<li>\u00bfViven en la capital?<\/li>\n<li>\u00bfEst\u00e1n casados, -as?<\/li>\n<li>\u00bfC\u00f3mo se llaman sus mujeres \/ sus maridos?<\/li>\n<li>\u00bfTienen hijos?<\/li>\n<li>\u00bfEn qu\u00e9 trabajan?<\/li>\n<li>\u00bfC\u00f3mo son sus trabajos? \u00bfLes gustan sus trabajos?<\/li>\n<li>\u00bfViven en el centro de la ciudad?<\/li>\n<\/ul>\n<h5>Pregunta a dos amigos \/ amigas (vosotros):<\/h5>\n<ul>\n<li>\u00bfC\u00f3mo os llam\u00e1is?<\/li>\n<li>\u00bfD\u00f3nde viv\u00eds?<\/li>\n<li>\u00bfD\u00f3nde est\u00e1 Nicaragua?<\/li>\n<li>\u00bfViv\u00eds en la capital?<\/li>\n<li>\u00bfEst\u00e1is casados, -as?<\/li>\n<li>\u00bfC\u00f3mo se llaman vuestras mujeres \/ vuestros maridos?<\/li>\n<li>\u00bfTen\u00e9is hijos?<\/li>\n<li>\u00bfEn qu\u00e9 trabaj\u00e1is?<\/li>\n<li>\u00bfC\u00f3mo son vuestros trabajos? \u00bfOs gustan vuestros trabajos?<\/li>\n<li>\u00bfViv\u00eds en el centro de la ciudad?<\/li>\n<\/ul>\n<h5>Las profesiones<\/h5>\n<p><iframe loading=\"lazy\" title=\"Spanish Lesson 25 - JOBS PROFESSIONS in Spanish Vocabulary Las profesiones en espa\u00f1ol Vocabulario\" width=\"604\" height=\"340\" src=\"https:\/\/www.youtube.com\/embed\/McHFhmeik2c?feature=oembed\" frameborder=\"0\" allow=\"accelerometer; autoplay; clipboard-write; encrypted-media; gyroscope; picture-in-picture; web-share\" referrerpolicy=\"strict-origin-when-cross-origin\" allowfullscreen><\/iframe><\/p>\n<p><strong>Vocabulario sobre las profesiones aqu\u00ed \u21d2\u21d2\u21d2 \u00a0\u00a0<a href=\"http:\/\/blogg.folkuniversitetet.nu\/fuendi\/files\/2020\/01\/Profesi\u00f3n-Yrke.pdf\">Profesi\u00f3n &#8211; Yrke<\/a><\/strong><\/p>\n<h5><span style=\"color: #ff0000\">TAREA:<\/span><\/h5>\n<ul>\n<li>Repetir: Leer el texto \u201cAm\u00e9rica Latina\u201d, p\u00e1ginas 44 y 45, y estudiar el vocabulario.<\/li>\n<li>Repetir: Estudiar el vocabulario de la p\u00e1gina 48 sobre los colores, los meses del a\u00f1o, los puntos cardinales y las estaciones del a\u00f1o.<\/li>\n<li>Ver el video y el vocabulario de las profesiones (ya en el blog\u21d1\u21d1\u21d1).<\/li>\n<\/ul>\n","protected":false},"excerpt":{"rendered":"<p>Chat de la clase\u00a0 \u21d0\u21d0 Aqu\u00ed El \u00e1rbol de familia, p\u00e1gina 42: : Teresa: Ella se llama Teresa y tiene 38 a\u00f1os. Vive en Managua. Ella est\u00e1 divorciada y tiene dos hijos: Elisa, de 18 a\u00f1os, y Luis, de 16 a\u00f1os. Los padres de Teresa se llaman Eulalia y Paco. Teresa\u00a0 tiene dos\u00a0 hermanos, Juan &hellip; <a href=\"https:\/\/blogg.folkuniversitetet.nu\/fuendi\/clase-del-15-de-abril-a-distancia\/\" class=\"more-link\">Forts\u00e4tt l\u00e4sa <span class=\"screen-reader-text\">Clase del 15 de abril &#8211; A distancia<\/span> <span class=\"meta-nav\">&rarr;<\/span><\/a><\/p>\n","protected":false},"author":787,"featured_media":0,"parent":0,"menu_order":0,"comment_status":"closed","ping_status":"closed","template":"","meta":{"footnotes":""},"class_list":["post-428","page","type-page","status-publish","hentry"],"_links":{"self":[{"href":"https:\/\/blogg.folkuniversitetet.nu\/fuendi\/wp-json\/wp\/v2\/pages\/428","targetHints":{"allow":["GET"]}}],"collection":[{"href":"https:\/\/blogg.folkuniversitetet.nu\/fuendi\/wp-json\/wp\/v2\/pages"}],"about":[{"href":"https:\/\/blogg.folkuniversitetet.nu\/fuendi\/wp-json\/wp\/v2\/types\/page"}],"author":[{"embeddable":true,"href":"https:\/\/blogg.folkuniversitetet.nu\/fuendi\/wp-json\/wp\/v2\/users\/787"}],"replies":[{"embeddable":true,"href":"https:\/\/blogg.folkuniversitetet.nu\/fuendi\/wp-json\/wp\/v2\/comments?post=428"}],"version-history":[{"count":5,"href":"https:\/\/blogg.folkuniversitetet.nu\/fuendi\/wp-json\/wp\/v2\/pages\/428\/revisions"}],"predecessor-version":[{"id":436,"href":"https:\/\/blogg.folkuniversitetet.nu\/fuendi\/wp-json\/wp\/v2\/pages\/428\/revisions\/436"}],"wp:attachment":[{"href":"https:\/\/blogg.folkuniversitetet.nu\/fuendi\/wp-json\/wp\/v2\/media?parent=428"}],"curies":[{"name":"wp","href":"https:\/\/api.w.org\/{rel}","templated":true}]}}