{"id":420,"date":"2020-04-15T11:05:51","date_gmt":"2020-04-15T09:05:51","guid":{"rendered":"http:\/\/blogg.folkuniversitetet.nu\/fuendi\/?page_id=420"},"modified":"2020-04-15T11:05:51","modified_gmt":"2020-04-15T09:05:51","slug":"clase-del-8-de-abril-a-distancia","status":"publish","type":"page","link":"https:\/\/blogg.folkuniversitetet.nu\/fuendi\/clase-del-8-de-abril-a-distancia\/","title":{"rendered":"Clase del 8 de abril &#8211; A distancia"},"content":{"rendered":"<h5>\u00a0Aqu\u00ed\u00a0 \u21d2\u21d2\u21d2\u00a0 \u00a0<a href=\"http:\/\/blogg.folkuniversitetet.nu\/fuendi\/files\/2020\/04\/Chat-de-la-clase-8-de-abril.pdf\">Chat de la clase<\/a><\/h5>\n<h5><span style=\"color: #ff0000\">TAREA:<\/span><\/h5>\n<ul>\n<li>Leer el texto \u201cAm\u00e9rica Latina\u201d, p\u00e1ginas 44 y 45, y estudiar el vocabulario.<\/li>\n<li>Estudiar el vocabulario de la p\u00e1gina 48 sobre los colores, los meses del a\u00f1o, los puntos cardinales y las estaciones del a\u00f1o.<\/li>\n<\/ul>\n","protected":false},"excerpt":{"rendered":"<p>\u00a0Aqu\u00ed\u00a0 \u21d2\u21d2\u21d2\u00a0 \u00a0Chat de la clase TAREA: Leer el texto \u201cAm\u00e9rica Latina\u201d, p\u00e1ginas 44 y 45, y estudiar el vocabulario. Estudiar el vocabulario de la p\u00e1gina 48 sobre los colores, los meses del a\u00f1o, los puntos cardinales y las estaciones del a\u00f1o.<\/p>\n","protected":false},"author":787,"featured_media":0,"parent":0,"menu_order":0,"comment_status":"closed","ping_status":"closed","template":"","meta":{"footnotes":""},"class_list":["post-420","page","type-page","status-publish","hentry"],"_links":{"self":[{"href":"https:\/\/blogg.folkuniversitetet.nu\/fuendi\/wp-json\/wp\/v2\/pages\/420","targetHints":{"allow":["GET"]}}],"collection":[{"href":"https:\/\/blogg.folkuniversitetet.nu\/fuendi\/wp-json\/wp\/v2\/pages"}],"about":[{"href":"https:\/\/blogg.folkuniversitetet.nu\/fuendi\/wp-json\/wp\/v2\/types\/page"}],"author":[{"embeddable":true,"href":"https:\/\/blogg.folkuniversitetet.nu\/fuendi\/wp-json\/wp\/v2\/users\/787"}],"replies":[{"embeddable":true,"href":"https:\/\/blogg.folkuniversitetet.nu\/fuendi\/wp-json\/wp\/v2\/comments?post=420"}],"version-history":[{"count":1,"href":"https:\/\/blogg.folkuniversitetet.nu\/fuendi\/wp-json\/wp\/v2\/pages\/420\/revisions"}],"predecessor-version":[{"id":423,"href":"https:\/\/blogg.folkuniversitetet.nu\/fuendi\/wp-json\/wp\/v2\/pages\/420\/revisions\/423"}],"wp:attachment":[{"href":"https:\/\/blogg.folkuniversitetet.nu\/fuendi\/wp-json\/wp\/v2\/media?parent=420"}],"curies":[{"name":"wp","href":"https:\/\/api.w.org\/{rel}","templated":true}]}}