{"id":371,"date":"2020-04-01T22:26:24","date_gmt":"2020-04-01T20:26:24","guid":{"rendered":"http:\/\/blogg.folkuniversitetet.nu\/fuendi\/?page_id=371"},"modified":"2020-04-02T13:09:51","modified_gmt":"2020-04-02T11:09:51","slug":"clase-del-1-de-abril-a-distancia","status":"publish","type":"page","link":"https:\/\/blogg.folkuniversitetet.nu\/fuendi\/clase-del-1-de-abril-a-distancia\/","title":{"rendered":"Clase del 1 de abril &#8211; A distancia"},"content":{"rendered":"<h5>Chat de la clase\u00a0 \u00a0 \u21d2 Aqu\u00ed\u00a0 \u21d2\u00a0 \u00a0<a href=\"http:\/\/blogg.folkuniversitetet.nu\/fuendi\/files\/2020\/04\/Chat-del-1-de-abril.pdf\">Chat del 1 de abril<\/a><\/h5>\n<h5>M\u00e1s oraciones escritas por ustedes<\/h5>\n<ul>\n<li>Ellas son mejores amigas.<\/li>\n<li>A Julia le gusta llevar \/ usar vestidos.<\/li>\n<li>Ellas llevan zapatos altos \/ zapatos de tac\u00f3n \/ zapatos de tac\u00f3n alto.<\/li>\n<li>Llevan juntas una cesta de flores.<\/li>\n<li>Entre las dos llevan una cesta de flores.<\/li>\n<li>A ellas les encanta bailar en su tiempo libre.<\/li>\n<li>Ellos se llaman Carmencita y Carlos.<\/li>\n<li>Ellos est\u00e1n enamorados.<\/li>\n<li>Carmencita est\u00e1 muy apenada \/ muy triste.<\/li>\n<li>Creo que son esposos\u00a0 \u00a0 \/\u00a0 \u00a0 Creo que est\u00e1n casados.<\/li>\n<li>Es verano.<\/li>\n<\/ul>\n<h5>Algunos superlativos absolutos irregulares<\/h5>\n<p>bueno\u00a0 \u00a0 \u00a0 \u00a0 \u00a0 \u00a0 \u00a0 \u00a0 \u00a0 <strong>\u00a0<span style=\"color: #ff0000\">excelente<\/span>\u00a0<\/strong> \/\u00a0 <strong><span style=\"color: #ff0000\">muy<\/span><\/strong> bueno\u00a0 \u00a0\/\u00a0 \u00a0buen<span style=\"color: #ff0000\"><strong>\u00edsimo<\/strong><\/span><\/p>\n<p>malo\u00a0 \u00a0 \u00a0 \u00a0 \u00a0 \u00a0 \u00a0 \u00a0 \u00a0 \u00a0 \u00a0 <strong><span style=\"color: #ff0000\">p\u00e9simo<\/span><\/strong>\u00a0 \u00a0 \u00a0\/\u00a0 \u00a0<strong><span style=\"color: #ff0000\">muy<\/span><\/strong> malo\u00a0 \u00a0\/\u00a0 \u00a0 \u00a0mal<span style=\"color: #ff0000\"><strong>\u00edsimo<\/strong><\/span><\/p>\n<p>peque\u00f1o\u00a0 \u00a0 \u00a0 \u00a0 \u00a0 \u00a0 \u00a0 <strong><span style=\"color: #ff0000\">m\u00ednimo<\/span>\u00a0<\/strong> \/\u00a0 <strong><span style=\"color: #ff0000\">muy<\/span><\/strong> peque\u00f1o\u00a0 \u00a0\/\u00a0 \u00a0pequen<span style=\"color: #ff0000\"><strong>\u00edsimo<\/strong><\/span><\/p>\n<p>grande\u00a0 \u00a0 \u00a0 \u00a0 \u00a0 \u00a0 \u00a0 \u00a0 \u00a0 <strong><span style=\"color: #ff0000\">m\u00e1ximo<\/span>\u00a0<\/strong> \/\u00a0 <strong><span style=\"color: #ff0000\">muy<\/span><\/strong> grande\u00a0 \u00a0\/\u00a0 \u00a0grand<span style=\"color: #ff0000\"><strong>\u00edsimo<\/strong><\/span><\/p>\n<p>viejo\u00a0 \u00a0 \u00a0 \u00a0 \u00a0 \u21d2\u00a0 \u00a0 \u00a0 \u00a0 \u00a0referido a cosas, se usa el superlativo regular\u00a0 \u00a0 \u00a0 \u00a0 \u00a0 \u00a0 \u00a0<strong><span style=\"color: #ff0000\">muy<\/span><\/strong> viejo\u00a0 \u00a0\/\u00a0 \u00a0 viej<span style=\"color: #ff0000\"><strong>\u00edsimo<\/strong><\/span><\/p>\n<p>Pero debe evitarse usarlo con personas.<\/p>\n<p>No decimos:\u00a0 Juan es muy viejo \/ viej\u00edsimo\u00a0 \u00a0 \u00a0 (aunque es correcto).<\/p>\n<p>Preferimos decir: Juan es mayor\u00a0 \u00a0 \u00a0(tambi\u00e9n correcto).<\/p>\n<p><strong>Algunos ejemplos:<\/strong><\/p>\n<ul>\n<li>En este restaurante la comida es <span style=\"color: #ff0000\">excelente<\/span>, pero el servicio es <span style=\"color: #ff0000\">p\u00e9simo<\/span>.<\/li>\n<li>En casa el riesgo de contagiarse de coronavirus es <span style=\"color: #ff0000\">m\u00ednimo<\/span>.<\/li>\n<li>Suecia est\u00e1 en alerta <span style=\"color: #ff0000\">m\u00e1xima<\/span>.<\/li>\n<li>La casa de Carlos es <span style=\"color: #ff0000\">grand\u00edsima<\/span> \/ enorme (mucho m\u00e1s grande de lo normal).<\/li>\n<li>En mi calle hay una casa <span style=\"color: #ff0000\">viej\u00edsima<\/span> donde viven personas <span style=\"color: #ff0000\">mayores<\/span>.<\/li>\n<\/ul>\n<h5>Pronunciaci\u00f3n de la g<\/h5>\n<p>ga, gue, gui, go, gu\u00a0 \u21d2 En gue y gui no se pronuncia la u \u21d2 guerra, guiso<\/p>\n<p>Se pronuncia la u si lleva di\u00e9resis (\u00fc) \u21d2 g\u00fce, g\u00fci\u00a0 \u21d2 cig\u00fce\u00f1a, ling\u00fc\u00edstica<\/p>\n<p>ge, gi se pronuncian igual que je, ji\u00a0 \u21d2 gerente, giro<\/p>\n<p><iframe loading=\"lazy\" title=\"Spanish pronunciation: J &amp; G\" width=\"604\" height=\"340\" src=\"https:\/\/www.youtube.com\/embed\/kNRLEXaJfs8?feature=oembed\" frameborder=\"0\" allow=\"accelerometer; autoplay; clipboard-write; encrypted-media; gyroscope; picture-in-picture; web-share\" referrerpolicy=\"strict-origin-when-cross-origin\" allowfullscreen><\/iframe><\/p>\n<p><span style=\"color: #ff0000;font-family: Bitter, Georgia, serif;font-size: 18px\">TAREA:<\/span><\/p>\n<ul>\n<li>Ejercicios 1, 2, 4, 6, 7 y 8, p\u00e1ginas 164 y 165.<\/li>\n<li>Ejercicio 11 (hor\u00f6vning), p. 166.<\/li>\n<li>Prepararse para hacer el ejercicio 12,\u00a0 p. 166 (Una fiesta), durante la pr\u00f3xima clase.<\/li>\n<li>Leer y prepararse para el juego del REPASO, p. 170.<\/li>\n<\/ul>\n","protected":false},"excerpt":{"rendered":"<p>Chat de la clase\u00a0 \u00a0 \u21d2 Aqu\u00ed\u00a0 \u21d2\u00a0 \u00a0Chat del 1 de abril M\u00e1s oraciones escritas por ustedes Ellas son mejores amigas. A Julia le gusta llevar \/ usar vestidos. Ellas llevan zapatos altos \/ zapatos de tac\u00f3n \/ zapatos de tac\u00f3n alto. Llevan juntas una cesta de flores. Entre las dos llevan una cesta &hellip; <a href=\"https:\/\/blogg.folkuniversitetet.nu\/fuendi\/clase-del-1-de-abril-a-distancia\/\" class=\"more-link\">Forts\u00e4tt l\u00e4sa <span class=\"screen-reader-text\">Clase del 1 de abril &#8211; A distancia<\/span> <span class=\"meta-nav\">&rarr;<\/span><\/a><\/p>\n","protected":false},"author":787,"featured_media":0,"parent":0,"menu_order":0,"comment_status":"closed","ping_status":"closed","template":"","meta":{"footnotes":""},"class_list":["post-371","page","type-page","status-publish","hentry"],"_links":{"self":[{"href":"https:\/\/blogg.folkuniversitetet.nu\/fuendi\/wp-json\/wp\/v2\/pages\/371","targetHints":{"allow":["GET"]}}],"collection":[{"href":"https:\/\/blogg.folkuniversitetet.nu\/fuendi\/wp-json\/wp\/v2\/pages"}],"about":[{"href":"https:\/\/blogg.folkuniversitetet.nu\/fuendi\/wp-json\/wp\/v2\/types\/page"}],"author":[{"embeddable":true,"href":"https:\/\/blogg.folkuniversitetet.nu\/fuendi\/wp-json\/wp\/v2\/users\/787"}],"replies":[{"embeddable":true,"href":"https:\/\/blogg.folkuniversitetet.nu\/fuendi\/wp-json\/wp\/v2\/comments?post=371"}],"version-history":[{"count":9,"href":"https:\/\/blogg.folkuniversitetet.nu\/fuendi\/wp-json\/wp\/v2\/pages\/371\/revisions"}],"predecessor-version":[{"id":382,"href":"https:\/\/blogg.folkuniversitetet.nu\/fuendi\/wp-json\/wp\/v2\/pages\/371\/revisions\/382"}],"wp:attachment":[{"href":"https:\/\/blogg.folkuniversitetet.nu\/fuendi\/wp-json\/wp\/v2\/media?parent=371"}],"curies":[{"name":"wp","href":"https:\/\/api.w.org\/{rel}","templated":true}]}}