{"id":347,"date":"2020-03-13T12:24:29","date_gmt":"2020-03-13T11:24:29","guid":{"rendered":"http:\/\/blogg.folkuniversitetet.nu\/fuendi\/?page_id=347"},"modified":"2020-03-13T17:55:58","modified_gmt":"2020-03-13T16:55:58","slug":"clase-del-11-de-marzo-2","status":"publish","type":"page","link":"https:\/\/blogg.folkuniversitetet.nu\/fuendi\/clase-del-11-de-marzo-2\/","title":{"rendered":"Clase del 11 de marzo"},"content":{"rendered":"<h5>Hay\u00a0 o\u00a0 est\u00e1 \/ est\u00e1n<\/h5>\n<p>Material aqu\u00ed \u21d2\u21d2\u21d2 <a href=\"http:\/\/blogg.folkuniversitetet.nu\/fuendi\/files\/2020\/03\/Hay-Est\u00e1.pdf\">Hay-Est\u00e1<\/a><\/p>\n<h5>Expresiones de lugar<\/h5>\n<p><iframe loading=\"lazy\" title=\"Aprender espa\u00f1ol: Preposiciones de lugar - ubicaci\u00f3n (nivel b\u00e1sico)\" width=\"604\" height=\"340\" src=\"https:\/\/www.youtube.com\/embed\/pscQdqVKvx4?feature=oembed\" frameborder=\"0\" allow=\"accelerometer; autoplay; clipboard-write; encrypted-media; gyroscope; picture-in-picture; web-share\" referrerpolicy=\"strict-origin-when-cross-origin\" allowfullscreen><\/iframe><\/p>\n<h5>Demostrativos: este, ese, aquel<\/h5>\n<p>Material aqu\u00ed \u21d2\u21d2\u21d2 <a href=\"http:\/\/blogg.folkuniversitetet.nu\/fuendi\/files\/2020\/03\/fuendi_2020-03-11_0627_001.pdf\">ESTE &#8211; ESE<\/a><\/p>\n<p><iframe loading=\"lazy\" title=\"Aprender espa\u00f1ol: Los demostrativos (nivel b\u00e1sico)\" width=\"604\" height=\"340\" src=\"https:\/\/www.youtube.com\/embed\/fbtVQLIKVHo?feature=oembed\" frameborder=\"0\" allow=\"accelerometer; autoplay; clipboard-write; encrypted-media; gyroscope; picture-in-picture; web-share\" referrerpolicy=\"strict-origin-when-cross-origin\" allowfullscreen><\/iframe><\/p>\n<h5>El superlativo en espa\u00f1ol:<br \/>\nm\u00e1s guapo que, el m\u00e1s guapo, muy guapo\/guap\u00edsimo<\/h5>\n<p><iframe loading=\"lazy\" title=\"Comparativos y superlativo. Comparatives and superlative in Spanish.\" width=\"604\" height=\"340\" src=\"https:\/\/www.youtube.com\/embed\/Kzj48LcoN4U?feature=oembed\" frameborder=\"0\" allow=\"accelerometer; autoplay; clipboard-write; encrypted-media; gyroscope; picture-in-picture; web-share\" referrerpolicy=\"strict-origin-when-cross-origin\" allowfullscreen><\/iframe><\/p>\n<h5><span style=\"color: #ff0000\">TAREA:<\/span><\/h5>\n<ul>\n<li>Ejercicios 2, 3, 4, 6 y 7, p\u00e1ginas 156 y 157.<\/li>\n<li>Prepararse para hacer el ejercicio 8, p.157, y el ejercicio 11, p. 158, la pr\u00f3xima clase.<\/li>\n<\/ul>\n","protected":false},"excerpt":{"rendered":"<p>Hay\u00a0 o\u00a0 est\u00e1 \/ est\u00e1n Material aqu\u00ed \u21d2\u21d2\u21d2 Hay-Est\u00e1 Expresiones de lugar Demostrativos: este, ese, aquel Material aqu\u00ed \u21d2\u21d2\u21d2 ESTE &#8211; ESE El superlativo en espa\u00f1ol: m\u00e1s guapo que, el m\u00e1s guapo, muy guapo\/guap\u00edsimo TAREA: Ejercicios 2, 3, 4, 6 y 7, p\u00e1ginas 156 y 157. Prepararse para hacer el ejercicio 8, p.157, y el &hellip; <a href=\"https:\/\/blogg.folkuniversitetet.nu\/fuendi\/clase-del-11-de-marzo-2\/\" class=\"more-link\">Forts\u00e4tt l\u00e4sa <span class=\"screen-reader-text\">Clase del 11 de marzo<\/span> <span class=\"meta-nav\">&rarr;<\/span><\/a><\/p>\n","protected":false},"author":787,"featured_media":0,"parent":0,"menu_order":0,"comment_status":"closed","ping_status":"closed","template":"","meta":{"footnotes":""},"class_list":["post-347","page","type-page","status-publish","hentry"],"_links":{"self":[{"href":"https:\/\/blogg.folkuniversitetet.nu\/fuendi\/wp-json\/wp\/v2\/pages\/347","targetHints":{"allow":["GET"]}}],"collection":[{"href":"https:\/\/blogg.folkuniversitetet.nu\/fuendi\/wp-json\/wp\/v2\/pages"}],"about":[{"href":"https:\/\/blogg.folkuniversitetet.nu\/fuendi\/wp-json\/wp\/v2\/types\/page"}],"author":[{"embeddable":true,"href":"https:\/\/blogg.folkuniversitetet.nu\/fuendi\/wp-json\/wp\/v2\/users\/787"}],"replies":[{"embeddable":true,"href":"https:\/\/blogg.folkuniversitetet.nu\/fuendi\/wp-json\/wp\/v2\/comments?post=347"}],"version-history":[{"count":5,"href":"https:\/\/blogg.folkuniversitetet.nu\/fuendi\/wp-json\/wp\/v2\/pages\/347\/revisions"}],"predecessor-version":[{"id":355,"href":"https:\/\/blogg.folkuniversitetet.nu\/fuendi\/wp-json\/wp\/v2\/pages\/347\/revisions\/355"}],"wp:attachment":[{"href":"https:\/\/blogg.folkuniversitetet.nu\/fuendi\/wp-json\/wp\/v2\/media?parent=347"}],"curies":[{"name":"wp","href":"https:\/\/api.w.org\/{rel}","templated":true}]}}