{"id":277,"date":"2020-02-27T12:34:41","date_gmt":"2020-02-27T11:34:41","guid":{"rendered":"http:\/\/blogg.folkuniversitetet.nu\/fuendi\/?page_id=277"},"modified":"2020-02-27T13:08:09","modified_gmt":"2020-02-27T12:08:09","slug":"clase-del-26-de-febrero","status":"publish","type":"page","link":"https:\/\/blogg.folkuniversitetet.nu\/fuendi\/clase-del-26-de-febrero\/","title":{"rendered":"Clase del 26 de febrero"},"content":{"rendered":"<h5>Verbos regulares en PRESENTE\u00a0 \u2013 <em>Regelbundna verb i PRESENS (nutid)<\/em><\/h5>\n<p>\u21d3 F\u00f6rklaringar p\u00e5 svenska<\/p>\n<p><iframe loading=\"lazy\" title=\"Spanska regelbundna verb i presens\" width=\"604\" height=\"453\" src=\"https:\/\/www.youtube.com\/embed\/0MVuCovjqZM?feature=oembed\" frameborder=\"0\" allow=\"accelerometer; autoplay; clipboard-write; encrypted-media; gyroscope; picture-in-picture; web-share\" referrerpolicy=\"strict-origin-when-cross-origin\" allowfullscreen><\/iframe><\/p>\n<h5>Verbos irregulares (o<em>regelbundna verb)\u00a0<\/em>SER, ESTAR, TENER<\/h5>\n<p><strong>SER\u00a0\u00a0 (att vara)\u00a0 \u00a0 \u00a0 \u00a0 \u00a0 \u00a0 \u00a0 \u00a0 \u00a0 \u00a0 \u00a0 \u00a0 \u00a0 \u00a0 \u00a0 \u00a0 \u00a0 \u00a0 \u00a0ESTAR (att vara)\u00a0 \u00a0 \u00a0 \u00a0 \u00a0 \u00a0 \u00a0 \u00a0 \u00a0 \u00a0 \u00a0 \u00a0 \u00a0 \u00a0 \u00a0 \u00a0 \u00a0 \u00a0 \u00a0 \u00a0 \u00a0 \u00a0 TENER (att ha)<\/strong><\/p>\n<p>Yo\u00a0\u00a0\u00a0\u00a0\u00a0\u00a0 soy\u00a0 \u00a0 \u00a0 \u00a0 \u00a0 \u00a0 \u00a0 \u00a0 \u00a0 \u00a0 \u00a0 \u00a0 \u00a0 \u00a0 \u00a0 \u00a0 \u00a0 \u00a0 \u00a0 \u00a0 \u00a0 \u00a0 \u00a0 \u00a0 \u00a0 \u00a0 \u00a0 \u00a0 \u00a0 \u00a0 \u00a0 \u00a0 \u00a0estoy\u00a0 \u00a0 \u00a0 \u00a0 \u00a0 \u00a0 \u00a0 \u00a0 \u00a0 \u00a0 \u00a0 \u00a0 \u00a0 \u00a0 \u00a0 \u00a0 \u00a0 \u00a0 \u00a0 \u00a0 \u00a0 \u00a0 \u00a0 \u00a0 \u00a0 \u00a0 \u00a0 \u00a0 \u00a0 \u00a0 \u00a0tengo<\/p>\n<p>T\u00fa\u00a0\u00a0\u00a0\u00a0\u00a0\u00a0 eres\u00a0 \u00a0 \u00a0 \u00a0 \u00a0 \u00a0 \u00a0 \u00a0 \u00a0 \u00a0 \u00a0 \u00a0 \u00a0 \u00a0 \u00a0 \u00a0 \u00a0 \u00a0 \u00a0 \u00a0 \u00a0 \u00a0 \u00a0 \u00a0 \u00a0 \u00a0 \u00a0 \u00a0 \u00a0 \u00a0 \u00a0 \u00a0est\u00e1s\u00a0 \u00a0 \u00a0 \u00a0 \u00a0 \u00a0 \u00a0 \u00a0 \u00a0 \u00a0 \u00a0 \u00a0 \u00a0 \u00a0 \u00a0 \u00a0 \u00a0 \u00a0 \u00a0 \u00a0 \u00a0 \u00a0 \u00a0 \u00a0 \u00a0 \u00a0 \u00a0 \u00a0 \u00a0 \u00a0 \u00a0tienes<\/p>\n<p><strong>Ejemplos \u2013\u00a0<em>exempel<\/em>:<\/strong><\/p>\n<p>Soy de Suecia.\u00a0 \u00a0 \u00a0 \u00a0 \u00a0 \u00a0 \u00a0 \u00a0 \u00a0 \u00a0 \u00a0 \u00a0 \u00a0 \u00a0 \u00a0 Estoy bien\/mal\/m\u00e1s o menos.\u00a0 \u00a0 \u00a0 \u00a0 \u00a0 \u00a0 \u00a0 \u00a0 \u00a0 \u00a0 \u00a0 Tengo 2 hijos.<\/p>\n<p>Soy sueco.\u00a0 \u00a0 \u00a0 \u00a0 \u00a0 \u00a0 \u00a0 \u00a0 \u00a0 \u00a0 \u00a0 \u00a0 \u00a0 \u00a0 \u00a0 \u00a0 \u00a0 \u00a0 \u00a0 Estoy cansado.\u00a0 \u00a0 \u00a0 \u00a0 \u00a0 \u00a0 \u00a0 \u00a0 \u00a0 \u00a0 \u00a0 \u00a0 \u00a0 \u00a0 \u00a0 \u00a0 \u00a0 \u00a0 \u00a0 \u00a0 \u00a0 \u00a0 \u00a0 \u00a0 \u00a0 \u00a0 Tengo tres hermanos.<\/p>\n<p>Soy profesora.\u00a0 \u00a0 \u00a0 \u00a0 \u00a0 \u00a0 \u00a0 \u00a0 \u00a0 \u00a0 \u00a0 \u00a0 \u00a0 \u00a0 \u00a0 Estoy en la escuela.\u00a0 \u00a0 \u00a0 \u00a0 \u00a0 \u00a0 \u00a0 \u00a0 \u00a0 \u00a0 \u00a0 \u00a0 \u00a0 \u00a0 \u00a0 \u00a0 \u00a0 \u00a0 \u00a0 \u00a0 \u00a0 \u00a0Tengo 54 a\u00f1os.<\/p>\n<p><strong>Ordlista<\/strong><\/p>\n<p>profesor, -a\u00a0 \u00a0=\u00a0 \u00a0l\u00e4rare<\/p>\n<p>bien = bra<\/p>\n<p>mal = dalig<\/p>\n<p>m\u00e1s o menos = s\u00e5d\u00e4r<\/p>\n<p>cansado, -a\u00a0 \u00a0=\u00a0 \u00a0tr\u00f6tt<\/p>\n<p>escuela\u00a0 \u00a0=\u00a0 \u00a0skola<\/p>\n<p>ni\u00f1o, -a\u00a0 \u00a0=\u00a0 \u00a0barn<\/p>\n<p>hijos\u00a0 \u00a0=\u00a0 \u00a0s\u00f6ner och d\u00f6ttrar<\/p>\n<p>hijo\u00a0 \u00a0=\u00a0 \u00a0son\u00a0 \/\u00a0 hijos = s\u00f6ner<\/p>\n<p>hija\u00a0 \u00a0=\u00a0 \u00a0dotter \/ hijas = d\u00f6trar<\/p>\n<p>hermanos\u00a0 \u00a0=\u00a0 \u00a0syskom &#8211; br\u00f6der och systrar<\/p>\n<p>hermana\u00a0 \u00a0=\u00a0 \u00a0syster<\/p>\n<p>hermanas = systrar<\/p>\n<p>hermano\u00a0 \u00a0=\u00a0 \u00a0bror<\/p>\n<p>hermanos = br\u00f6der<\/p>\n<p>a\u00f1o\u00a0 \u00a0=\u00a0 \u00a0\u00e5r<\/p>\n<h5>Preguntas &#8211; <em>Fr\u00e5gor (vi ska \u00f6va med dem n\u00e4sta veckan)<\/em><\/h5>\n<ul>\n<li>\u00bfC\u00f3mo te llamas?<\/li>\n<li>\u00bfDe d\u00f3nde eres?<\/li>\n<li>\u00bfCu\u00e1ntos a\u00f1os tienes?<\/li>\n<li>\u00bfD\u00f3nde vives?<\/li>\n<li>\u00bfTienes hermanos\/hijos?<\/li>\n<li>\u00bfC\u00f3mo se llama(n) tu(s) hijo, -a, -s?<\/li>\n<li>\u00bfC\u00f3mo se llama(n) tu(s) hermanos, -a, -s?<\/li>\n<li>\u00bfQu\u00e9 idiomas hablas?<\/li>\n<\/ul>\n<p><strong>Ordlista<\/strong><\/p>\n<p>idioma, -s = spr\u00e5k<\/p>\n<p>sueco = svenska<\/p>\n<p>ingl\u00e9s = engelska<\/p>\n<p>alem\u00e1n = tyska<\/p>\n<p>ruso = ryska<\/p>\n<p>\u00e1rabe = arabiska<\/p>\n<p>franc\u00e9s = franska<\/p>\n<p>italiano = italienska<\/p>\n<p>portugu\u00e9s = portugisiska<\/p>\n<p>japon\u00e9s = japanska<\/p>\n<h5><strong><span style=\"color: #ff0000\">TAREA<\/span>\u00a0\u2013\u00a0<em>Hemuppgift<\/em><\/strong><\/h5>\n<ul>\n<li>Estudiar las p\u00e1ginas 16 y 17 (Caminando 1).<\/li>\n<li>Ejercicio 2a, p\u00e1gina 18.<\/li>\n<li>Ejercicio 6a, p\u00e1gina 19.<\/li>\n<li>Practicar con el Extramaterial de Caminando 1 (www.nok.se).<\/li>\n<\/ul>\n","protected":false},"excerpt":{"rendered":"<p>Verbos regulares en PRESENTE\u00a0 \u2013 Regelbundna verb i PRESENS (nutid) \u21d3 F\u00f6rklaringar p\u00e5 svenska Verbos irregulares (oregelbundna verb)\u00a0SER, ESTAR, TENER SER\u00a0\u00a0 (att vara)\u00a0 \u00a0 \u00a0 \u00a0 \u00a0 \u00a0 \u00a0 \u00a0 \u00a0 \u00a0 \u00a0 \u00a0 \u00a0 \u00a0 \u00a0 \u00a0 \u00a0 \u00a0 \u00a0ESTAR (att vara)\u00a0 \u00a0 \u00a0 \u00a0 \u00a0 \u00a0 \u00a0 \u00a0 \u00a0 \u00a0 \u00a0 \u00a0 \u00a0 &hellip; <a href=\"https:\/\/blogg.folkuniversitetet.nu\/fuendi\/clase-del-26-de-febrero\/\" class=\"more-link\">Forts\u00e4tt l\u00e4sa <span class=\"screen-reader-text\">Clase del 26 de febrero<\/span> <span class=\"meta-nav\">&rarr;<\/span><\/a><\/p>\n","protected":false},"author":787,"featured_media":0,"parent":0,"menu_order":0,"comment_status":"closed","ping_status":"closed","template":"","meta":{"footnotes":""},"class_list":["post-277","page","type-page","status-publish","hentry"],"_links":{"self":[{"href":"https:\/\/blogg.folkuniversitetet.nu\/fuendi\/wp-json\/wp\/v2\/pages\/277","targetHints":{"allow":["GET"]}}],"collection":[{"href":"https:\/\/blogg.folkuniversitetet.nu\/fuendi\/wp-json\/wp\/v2\/pages"}],"about":[{"href":"https:\/\/blogg.folkuniversitetet.nu\/fuendi\/wp-json\/wp\/v2\/types\/page"}],"author":[{"embeddable":true,"href":"https:\/\/blogg.folkuniversitetet.nu\/fuendi\/wp-json\/wp\/v2\/users\/787"}],"replies":[{"embeddable":true,"href":"https:\/\/blogg.folkuniversitetet.nu\/fuendi\/wp-json\/wp\/v2\/comments?post=277"}],"version-history":[{"count":9,"href":"https:\/\/blogg.folkuniversitetet.nu\/fuendi\/wp-json\/wp\/v2\/pages\/277\/revisions"}],"predecessor-version":[{"id":287,"href":"https:\/\/blogg.folkuniversitetet.nu\/fuendi\/wp-json\/wp\/v2\/pages\/277\/revisions\/287"}],"wp:attachment":[{"href":"https:\/\/blogg.folkuniversitetet.nu\/fuendi\/wp-json\/wp\/v2\/media?parent=277"}],"curies":[{"name":"wp","href":"https:\/\/api.w.org\/{rel}","templated":true}]}}