{"id":269,"date":"2020-02-22T22:07:11","date_gmt":"2020-02-22T21:07:11","guid":{"rendered":"http:\/\/blogg.folkuniversitetet.nu\/fuendi\/?page_id=269"},"modified":"2020-02-26T00:27:41","modified_gmt":"2020-02-25T23:27:41","slug":"clase-del-19-de-febrero-3","status":"publish","type":"page","link":"https:\/\/blogg.folkuniversitetet.nu\/fuendi\/clase-del-19-de-febrero-3\/","title":{"rendered":"Clase del 19 de febrero"},"content":{"rendered":"<h5><span style=\"color: #ff0000\">TAREA:<\/span><\/h5>\n<ul>\n<li>Prepararse para hacer el ejercicio\u00a0 9, p. 120, la pr\u00f3xima clase.<\/li>\n<li>Estudiar el vocabulario de las p\u00e1ginas 125 a 127.<\/li>\n<li>Ejercicios 1, 2 (a,b,c) y 4, p\u00e1gina 130.<\/li>\n<li>Ejercicios 5a y 6a, p\u00e1gina 131.<\/li>\n<\/ul>\n","protected":false},"excerpt":{"rendered":"<p>TAREA: Prepararse para hacer el ejercicio\u00a0 9, p. 120, la pr\u00f3xima clase. Estudiar el vocabulario de las p\u00e1ginas 125 a 127. Ejercicios 1, 2 (a,b,c) y 4, p\u00e1gina 130. Ejercicios 5a y 6a, p\u00e1gina 131.<\/p>\n","protected":false},"author":787,"featured_media":0,"parent":0,"menu_order":0,"comment_status":"closed","ping_status":"closed","template":"","meta":{"footnotes":""},"class_list":["post-269","page","type-page","status-publish","hentry"],"_links":{"self":[{"href":"https:\/\/blogg.folkuniversitetet.nu\/fuendi\/wp-json\/wp\/v2\/pages\/269","targetHints":{"allow":["GET"]}}],"collection":[{"href":"https:\/\/blogg.folkuniversitetet.nu\/fuendi\/wp-json\/wp\/v2\/pages"}],"about":[{"href":"https:\/\/blogg.folkuniversitetet.nu\/fuendi\/wp-json\/wp\/v2\/types\/page"}],"author":[{"embeddable":true,"href":"https:\/\/blogg.folkuniversitetet.nu\/fuendi\/wp-json\/wp\/v2\/users\/787"}],"replies":[{"embeddable":true,"href":"https:\/\/blogg.folkuniversitetet.nu\/fuendi\/wp-json\/wp\/v2\/comments?post=269"}],"version-history":[{"count":2,"href":"https:\/\/blogg.folkuniversitetet.nu\/fuendi\/wp-json\/wp\/v2\/pages\/269\/revisions"}],"predecessor-version":[{"id":276,"href":"https:\/\/blogg.folkuniversitetet.nu\/fuendi\/wp-json\/wp\/v2\/pages\/269\/revisions\/276"}],"wp:attachment":[{"href":"https:\/\/blogg.folkuniversitetet.nu\/fuendi\/wp-json\/wp\/v2\/media?parent=269"}],"curies":[{"name":"wp","href":"https:\/\/api.w.org\/{rel}","templated":true}]}}