{"id":256,"date":"2020-02-21T19:44:04","date_gmt":"2020-02-21T18:44:04","guid":{"rendered":"http:\/\/blogg.folkuniversitetet.nu\/fuendi\/?page_id=256"},"modified":"2020-02-21T20:00:53","modified_gmt":"2020-02-21T19:00:53","slug":"clase-del-19-de-febrero-2","status":"publish","type":"page","link":"https:\/\/blogg.folkuniversitetet.nu\/fuendi\/clase-del-19-de-febrero-2\/","title":{"rendered":"Clase del 19 de febrero"},"content":{"rendered":"<header class=\"entry-header\">\n<h5 class=\"entry-title\"><span style=\"font-size: 18px\">El alfabeto<\/span><\/h5>\n<\/header>\n<div class=\"entry-content\">\n<p>El alfabeto (o abecedario) con la pronunciaci\u00f3n de Hispanoam\u00e9rica y las consonantes CH y LL \u2013\u00a0<em>\u00a0Alfabetet med uttalet av Latinamerika och konsonanterna CH och LL\u00a0 \u00a0 \u00a0 \u00a0 \u00a0\u00a0<\/em>\u21d3\u21d3\u21d3<\/p>\n<p><iframe loading=\"lazy\" title=\"El abecedario en espa\u00f1ol\" width=\"604\" height=\"453\" src=\"https:\/\/www.youtube.com\/embed\/o9Cpe-wmh64?feature=oembed\" frameborder=\"0\" allow=\"accelerometer; autoplay; clipboard-write; encrypted-media; gyroscope; picture-in-picture; web-share\" referrerpolicy=\"strict-origin-when-cross-origin\" allowfullscreen><\/iframe><\/p>\n<p>\u21d3\u21d3\u21d3 El alfabeto con la pronunciaci\u00f3n de Espa\u00f1a \u2013\u00a0\u00a0<em>Alfabetet med uttalet av Spanien<\/em><\/p>\n<\/div>\n<p><iframe loading=\"lazy\" title=\"El Abecedario en Espa\u00f1ol con Ejemplos | The Spanish Alphabet (ELE)\" width=\"604\" height=\"340\" src=\"https:\/\/www.youtube.com\/embed\/9lufeYZZQv0?feature=oembed\" frameborder=\"0\" allow=\"accelerometer; autoplay; clipboard-write; encrypted-media; gyroscope; picture-in-picture; web-share\" referrerpolicy=\"strict-origin-when-cross-origin\" allowfullscreen><\/iframe><\/p>\n<h5>Los n\u00fameros del 0 al 100:<\/h5>\n<p><iframe loading=\"lazy\" title=\"Aprender espa\u00f1ol: Los n\u00fameros del 0 al 100 (nivel b\u00e1sico)\" width=\"604\" height=\"340\" src=\"https:\/\/www.youtube.com\/embed\/7VbPiUSXzLI?start=4&#038;feature=oembed\" frameborder=\"0\" allow=\"accelerometer; autoplay; clipboard-write; encrypted-media; gyroscope; picture-in-picture; web-share\" referrerpolicy=\"strict-origin-when-cross-origin\" allowfullscreen><\/iframe><\/p>\n<div class=\"entry-content\">\n<h4>Cuatro preguntas y respuestas \u2013\u00a0<em>Fyra fr\u00e5gor och svar<\/em><\/h4>\n<ul>\n<li>\u2013 \u00bfC\u00f3mo te llamas?\u00a0 \u00a0\u2013 Me llamo Diana.<\/li>\n<li>\u2013 \u00bfCu\u00e1ntos a\u00f1os tienes?\u00a0 \u00a0 \u2013 Tengo 54 a\u00f1os.<\/li>\n<li>\u2013 \u00bfDe d\u00f3nde eres?\u00a0 \u00a0 \u2013 Soy de Venezuela \/ Soy venezolana<\/li>\n<li>\u2013 \u00bfD\u00f3nde vives?\u00a0 \u00a0 \u2013 Vivo en Haninge.<\/li>\n<\/ul>\n<h5><span style=\"color: #ff0000\">TAREA<\/span>\u00a0\u2013\u00a0<em>Hemupgift<\/em><\/h5>\n<ul>\n<li>Repasar y practicar lo visto en clase.<\/li>\n<li>Crear una cuenta en www.nok.se y practicar.<\/li>\n<\/ul>\n<\/div>\n","protected":false},"excerpt":{"rendered":"<p>El alfabeto El alfabeto (o abecedario) con la pronunciaci\u00f3n de Hispanoam\u00e9rica y las consonantes CH y LL \u2013\u00a0\u00a0Alfabetet med uttalet av Latinamerika och konsonanterna CH och LL\u00a0 \u00a0 \u00a0 \u00a0 \u00a0\u00a0\u21d3\u21d3\u21d3 \u21d3\u21d3\u21d3 El alfabeto con la pronunciaci\u00f3n de Espa\u00f1a \u2013\u00a0\u00a0Alfabetet med uttalet av Spanien Los n\u00fameros del 0 al 100: Cuatro preguntas y respuestas \u2013\u00a0Fyra &hellip; <a href=\"https:\/\/blogg.folkuniversitetet.nu\/fuendi\/clase-del-19-de-febrero-2\/\" class=\"more-link\">Forts\u00e4tt l\u00e4sa <span class=\"screen-reader-text\">Clase del 19 de febrero<\/span> <span class=\"meta-nav\">&rarr;<\/span><\/a><\/p>\n","protected":false},"author":787,"featured_media":0,"parent":0,"menu_order":0,"comment_status":"closed","ping_status":"closed","template":"","meta":{"footnotes":""},"class_list":["post-256","page","type-page","status-publish","hentry"],"_links":{"self":[{"href":"https:\/\/blogg.folkuniversitetet.nu\/fuendi\/wp-json\/wp\/v2\/pages\/256","targetHints":{"allow":["GET"]}}],"collection":[{"href":"https:\/\/blogg.folkuniversitetet.nu\/fuendi\/wp-json\/wp\/v2\/pages"}],"about":[{"href":"https:\/\/blogg.folkuniversitetet.nu\/fuendi\/wp-json\/wp\/v2\/types\/page"}],"author":[{"embeddable":true,"href":"https:\/\/blogg.folkuniversitetet.nu\/fuendi\/wp-json\/wp\/v2\/users\/787"}],"replies":[{"embeddable":true,"href":"https:\/\/blogg.folkuniversitetet.nu\/fuendi\/wp-json\/wp\/v2\/comments?post=256"}],"version-history":[{"count":9,"href":"https:\/\/blogg.folkuniversitetet.nu\/fuendi\/wp-json\/wp\/v2\/pages\/256\/revisions"}],"predecessor-version":[{"id":268,"href":"https:\/\/blogg.folkuniversitetet.nu\/fuendi\/wp-json\/wp\/v2\/pages\/256\/revisions\/268"}],"wp:attachment":[{"href":"https:\/\/blogg.folkuniversitetet.nu\/fuendi\/wp-json\/wp\/v2\/media?parent=256"}],"curies":[{"name":"wp","href":"https:\/\/api.w.org\/{rel}","templated":true}]}}