{"id":238,"date":"2020-02-18T09:14:43","date_gmt":"2020-02-18T08:14:43","guid":{"rendered":"http:\/\/blogg.folkuniversitetet.nu\/fuendi\/?page_id=238"},"modified":"2020-05-14T16:38:30","modified_gmt":"2020-05-14T14:38:30","slug":"clase-del-12-de-febrero","status":"publish","type":"page","link":"https:\/\/blogg.folkuniversitetet.nu\/fuendi\/clase-del-12-de-febrero\/","title":{"rendered":"Clase del 12 de febrero"},"content":{"rendered":"<h5>Verbos usados en la descripci\u00f3n de personas: SER, TENER, ESTAR, LLEVAR:<\/h5>\n<figure id=\"attachment_234\" aria-describedby=\"caption-attachment-234\" style=\"width: 261px\" class=\"wp-caption alignnone\"><a href=\"http:\/\/blogg.folkuniversitetet.nu\/fuendi\/files\/2020\/02\/IMG_20200215_111832.jpg\"><img loading=\"lazy\" decoding=\"async\" class=\"size-medium wp-image-234\" src=\"http:\/\/blogg.folkuniversitetet.nu\/fuendi\/files\/2020\/02\/IMG_20200215_111832-261x300.jpg\" alt=\"\" width=\"261\" height=\"300\" \/><\/a><figcaption id=\"caption-attachment-234\" class=\"wp-caption-text\">SER, TENER, ESTAR, LLEVAR<\/figcaption><\/figure>\n<h5>\u21d3\u21d3\u21d3 Excelente video sobre el uso de SER, TENER, ESTAR, LLEVAR<\/h5>\n<p><iframe loading=\"lazy\" title=\"Aprender espa\u00f1ol: Ser, estar, tener y llevar para describir personas (nivel b\u00e1sico)\" width=\"604\" height=\"340\" src=\"https:\/\/www.youtube.com\/embed\/l-TFbsu0eAA?feature=oembed\" frameborder=\"0\" allow=\"accelerometer; autoplay; clipboard-write; encrypted-media; gyroscope; picture-in-picture; web-share\" referrerpolicy=\"strict-origin-when-cross-origin\" allowfullscreen><\/iframe><\/p>\n<h5>Vocabulario: ropa (<em>kl\u00e4der<\/em>)<\/h5>\n<p>turbante<\/p>\n<p>jersey,\u00a0 jers\u00e9is \/ su\u00e9ter , su\u00e9teres<\/p>\n<p>jersey de cuello alto<\/p>\n<p>pantal\u00f3n, pantalones<\/p>\n<p>zapato, zapatos \/ un par de zapatos<\/p>\n<p>camiteta<\/p>\n<p>camisa<\/p>\n<p>camisa manga larga \/ camisa manga corta<\/p>\n<p>short, short = pantal\u00f3n corto<\/p>\n<p>vestido<\/p>\n<p>bolso<\/p>\n<p>abrigo<\/p>\n<p>chaqueta<\/p>\n<p>maleta<\/p>\n<p>malet\u00edn<\/p>\n<p>zapatillas deportivas \/ zapatos deportivos \/ calzado deportivo<\/p>\n<p>&nbsp;<\/p>\n<h5>Adjetivos GRANDE, BUENO, MALO:<\/h5>\n<p>un coche <span style=\"color: #ff0000\">grande<\/span>\u00a0 \u00a0 \u00a0 \u00a0 \u00a0 \u00a0 \u00a0 \u00a0 \u00a0 \u00a0 \u00a0 \u00a0 \u00a0un hombre <span style=\"color: #ff0000\">bueno\u00a0 \u00a0 \u00a0 \u00a0 \u00a0 \u00a0 \u00a0 \u00a0 \u00a0 \u00a0 \u00a0 \u00a0 \u00a0<\/span>un hombre <span style=\"color: #ff0000\">malo<\/span><\/p>\n<p>un <span style=\"color: #ff0000\">gran<\/span> coche\u00a0 \u00a0 \u00a0 \u00a0 \u00a0 \u00a0 \u00a0 \u00a0 \u00a0 \u00a0 \u00a0 \u00a0 \u00a0 \u00a0 \u00a0 \u00a0un <span style=\"color: #ff0000\">buen<\/span> hombre\u00a0 \u00a0 \u00a0 \u00a0 \u00a0 \u00a0 \u00a0 \u00a0 \u00a0 \u00a0 \u00a0 \u00a0 \u00a0 \u00a0un <span style=\"color: #ff0000\">mal<\/span> hombre<\/p>\n<p>&nbsp;<\/p>\n<p>una casa <span style=\"color: #ff0000\">grande\u00a0 \u00a0 \u00a0 \u00a0 \u00a0 \u00a0 \u00a0 \u00a0 \u00a0 \u00a0 \u00a0 \u00a0 \u00a0<\/span> una mujer <span style=\"color: #ff0000\">buena\u00a0 \u00a0 \u00a0 \u00a0 \u00a0 \u00a0 \u00a0 \u00a0 \u00a0 \u00a0 \u00a0 \u00a0 \u00a0<\/span> una mujer <span style=\"color: #ff0000\">mala<\/span><\/p>\n<p>una <span style=\"color: #ff0000\">gran<\/span> casa\u00a0 \u00a0 \u00a0 \u00a0 \u00a0 \u00a0 \u00a0 \u00a0 \u00a0 \u00a0 \u00a0 \u00a0 \u00a0 \u00a0 \u00a0 \u00a0una <span style=\"color: #ff0000\">buena<\/span> mujer\u00a0 \u00a0 \u00a0 \u00a0 \u00a0 \u00a0 \u00a0 \u00a0 \u00a0 \u00a0 \u00a0 \u00a0 \u00a0 una <span style=\"color: #ff0000\">mala<\/span> mujer<\/p>\n<p>\u21d3\u00a0 \u00a0 \u00a0 \u00a0 \u00a0 \u00a0 \u00a0 \u00a0 \u00a0 \u00a0 \u00a0 \u00a0 \u00a0 \u00a0 \u00a0 \u00a0 \u00a0 \u00a0 \u00a0 \u00a0 \u00a0 \u00a0 \u00a0 \u00a0 \u00a0 \u00a0 \u00a0 \u00a0 \u00a0 \u00a0 \u00a0 \u00a0 \u00a0 \u00a0 \u00a0 \u00a0 \u00a0 \u00a0 \u00a0 \u00a0 \u00a0 \u00a0 \u00a0 \u00a0 \u00a0 \u21d3<\/p>\n<p>grande cambia siempre\u00a0 \u00a0 \u00a0 \u00a0 \u00a0 \u00a0 \u00a0 \u00a0 \u00a0 \u00a0 \u00a0 \u00a0 \u00a0bueno y malo cambian solamente en masculino<\/p>\n<p><span style=\"color: #ff0000\">OBS!<\/span>\u00a0 \u00a0 N\u00e4r man placerar adjektiv innan substantiv, vill man markera eller betona kvaliteten.<\/p>\n<h5><span style=\"color: #ff0000\">TAREA:<\/span><\/h5>\n<ul>\n<li>Ejercicio 10, una carta, del 1. Seguir las instrucciones y escribir una carta en un papel suelto.<\/li>\n<\/ul>\n","protected":false},"excerpt":{"rendered":"<p>Verbos usados en la descripci\u00f3n de personas: SER, TENER, ESTAR, LLEVAR: \u21d3\u21d3\u21d3 Excelente video sobre el uso de SER, TENER, ESTAR, LLEVAR Vocabulario: ropa (kl\u00e4der) turbante jersey,\u00a0 jers\u00e9is \/ su\u00e9ter , su\u00e9teres jersey de cuello alto pantal\u00f3n, pantalones zapato, zapatos \/ un par de zapatos camiteta camisa camisa manga larga \/ camisa manga corta short, &hellip; <a href=\"https:\/\/blogg.folkuniversitetet.nu\/fuendi\/clase-del-12-de-febrero\/\" class=\"more-link\">Forts\u00e4tt l\u00e4sa <span class=\"screen-reader-text\">Clase del 12 de febrero<\/span> <span class=\"meta-nav\">&rarr;<\/span><\/a><\/p>\n","protected":false},"author":787,"featured_media":0,"parent":0,"menu_order":0,"comment_status":"closed","ping_status":"closed","template":"","meta":{"footnotes":""},"class_list":["post-238","page","type-page","status-publish","hentry"],"_links":{"self":[{"href":"https:\/\/blogg.folkuniversitetet.nu\/fuendi\/wp-json\/wp\/v2\/pages\/238","targetHints":{"allow":["GET"]}}],"collection":[{"href":"https:\/\/blogg.folkuniversitetet.nu\/fuendi\/wp-json\/wp\/v2\/pages"}],"about":[{"href":"https:\/\/blogg.folkuniversitetet.nu\/fuendi\/wp-json\/wp\/v2\/types\/page"}],"author":[{"embeddable":true,"href":"https:\/\/blogg.folkuniversitetet.nu\/fuendi\/wp-json\/wp\/v2\/users\/787"}],"replies":[{"embeddable":true,"href":"https:\/\/blogg.folkuniversitetet.nu\/fuendi\/wp-json\/wp\/v2\/comments?post=238"}],"version-history":[{"count":5,"href":"https:\/\/blogg.folkuniversitetet.nu\/fuendi\/wp-json\/wp\/v2\/pages\/238\/revisions"}],"predecessor-version":[{"id":562,"href":"https:\/\/blogg.folkuniversitetet.nu\/fuendi\/wp-json\/wp\/v2\/pages\/238\/revisions\/562"}],"wp:attachment":[{"href":"https:\/\/blogg.folkuniversitetet.nu\/fuendi\/wp-json\/wp\/v2\/media?parent=238"}],"curies":[{"name":"wp","href":"https:\/\/api.w.org\/{rel}","templated":true}]}}