{"id":1473,"date":"2022-02-25T18:06:58","date_gmt":"2022-02-25T17:06:58","guid":{"rendered":"https:\/\/blogg.folkuniversitetet.nu\/fuendi\/?page_id=1473"},"modified":"2022-03-04T10:22:13","modified_gmt":"2022-03-04T09:22:13","slug":"spanska-b1-del-1-fortsattning","status":"publish","type":"page","link":"https:\/\/blogg.folkuniversitetet.nu\/fuendi\/spanska-b1-del-1-fortsattning\/","title":{"rendered":"Spanska B1 del 1 &#8211; forts\u00e4ttning"},"content":{"rendered":"<h5><span style=\"color: #0000ff\">Clase 2 &#8211; 2 de marzo<\/span><\/h5>\n<p>1. Leer el texto &#8221;Un actor en Bolivia&#8221;, p. 51-53, y contestar las preguntas, p. 53. Revisar el vocabulario (repasar los usos de &#8221;llevar + expresi\u00f3n de tiempo&#8221; y &#8221;acabar de + verbo infinitivo&#8221;, ambos se usan para expresar el pret\u00e9rito perfecto). Repaso de las formas del pret\u00e9rito perfecto y de las palabras aqu\u00ed, ac\u00e1, all\u00e1, all\u00ed, ah\u00ed (ver foto \u21d3).<\/p>\n<p><a href=\"http:\/\/blogg.folkuniversitetet.nu\/fuendi\/files\/2022\/03\/IMG_20220302_185601_edit_1010616023844228-scaled.jpg\"><img loading=\"lazy\" decoding=\"async\" class=\"size-medium wp-image-1483\" src=\"http:\/\/blogg.folkuniversitetet.nu\/fuendi\/files\/2022\/03\/IMG_20220302_185601_edit_1010616023844228-300x160.jpg\" alt=\"\" width=\"300\" height=\"160\" srcset=\"https:\/\/blogg.folkuniversitetet.nu\/fuendi\/files\/2022\/03\/IMG_20220302_185601_edit_1010616023844228-300x160.jpg 300w, https:\/\/blogg.folkuniversitetet.nu\/fuendi\/files\/2022\/03\/IMG_20220302_185601_edit_1010616023844228-1024x546.jpg 1024w, https:\/\/blogg.folkuniversitetet.nu\/fuendi\/files\/2022\/03\/IMG_20220302_185601_edit_1010616023844228-768x409.jpg 768w, https:\/\/blogg.folkuniversitetet.nu\/fuendi\/files\/2022\/03\/IMG_20220302_185601_edit_1010616023844228-1536x818.jpg 1536w, https:\/\/blogg.folkuniversitetet.nu\/fuendi\/files\/2022\/03\/IMG_20220302_185601_edit_1010616023844228-2048x1091.jpg 2048w\" sizes=\"auto, (max-width: 300px) 100vw, 300px\" \/><\/a><\/p>\n<p>&nbsp;<\/p>\n<p>2. Hacer una lista de las palabras relacionadas con el teatro.<\/p>\n<p>3. Ejercicios 5b y 5c, p. 60.<\/p>\n<p><a href=\"http:\/\/blogg.folkuniversitetet.nu\/fuendi\/files\/2022\/03\/IMG_20220302_195153_edit_1058583987970242.jpg\"><img loading=\"lazy\" decoding=\"async\" class=\"size-medium wp-image-1484\" src=\"http:\/\/blogg.folkuniversitetet.nu\/fuendi\/files\/2022\/03\/IMG_20220302_195153_edit_1058583987970242-300x245.jpg\" alt=\"\" width=\"300\" height=\"245\" srcset=\"https:\/\/blogg.folkuniversitetet.nu\/fuendi\/files\/2022\/03\/IMG_20220302_195153_edit_1058583987970242-300x245.jpg 300w, https:\/\/blogg.folkuniversitetet.nu\/fuendi\/files\/2022\/03\/IMG_20220302_195153_edit_1058583987970242-1024x837.jpg 1024w, https:\/\/blogg.folkuniversitetet.nu\/fuendi\/files\/2022\/03\/IMG_20220302_195153_edit_1058583987970242-768x627.jpg 768w, https:\/\/blogg.folkuniversitetet.nu\/fuendi\/files\/2022\/03\/IMG_20220302_195153_edit_1058583987970242-1536x1255.jpg 1536w, https:\/\/blogg.folkuniversitetet.nu\/fuendi\/files\/2022\/03\/IMG_20220302_195153_edit_1058583987970242-2048x1673.jpg 2048w\" sizes=\"auto, (max-width: 300px) 100vw, 300px\" \/><\/a><\/p>\n<p>3. Repasar: comparar.<\/p>\n<p>Con <strong><span style=\"color: #ff0000\">adjetivos<\/span><\/strong>:<\/p>\n<p>m\u00e1s &#8230; que\u00a0 \u00a0 \u00a0 \u00a0 \u00a0 Mar\u00eda es m\u00e1s <strong><span style=\"color: #ff0000\">alta<\/span><\/strong> que Elena.<\/p>\n<p>menos &#8230; que\u00a0 \u00a0 \u00a0Jorge es menos <span style=\"color: #ff0000\"><strong>simp\u00e1tico<\/strong><\/span> que Pedro.<\/p>\n<p>tan &#8230; como\u00a0 \u00a0 \u00a0 \u00a0 \u00a0Mar\u00eda es tan <strong><span style=\"color: #ff0000\">inteligente<\/span><\/strong>\u00a0como Elena.<\/p>\n<p>Con <strong><span style=\"color: #ff0000\">sustantivos<\/span><\/strong>:<\/p>\n<p>m\u00e1s &#8230; que\u00a0 \u00a0 \u00a0 \u00a0 \u00a0 Mar\u00eda tiene m\u00e1s <span style=\"color: #ff0000\"><strong>hijos<\/strong><\/span> que Elena.<\/p>\n<p>menos &#8230; que\u00a0 \u00a0 \u00a0Jorge gana menos <span style=\"color: #ff0000\"><strong>dinero<\/strong><\/span> que Pedro.<\/p>\n<p>tanto, -a, -os, -as &#8230; como\u00a0 \u00a0 \u00a0 \u00a0 \u00a0Mar\u00eda tiene tantos <strong><span style=\"color: #ff0000\">hijos<\/span><\/strong> como su hermana M\u00f3nica.<\/p>\n<p>4. Leer el texto sobre Bolivia , p. 54, y responder las preguntas.<\/p>\n<p>5. Comparar Bolivia y Suecia, a partir de los datos de la p\u00e1gina 54. Escribe 5 oraciones. Usa las formas\u00a0 (m\u00e1s&#8230; que, menos.. que, etc) que repasamos en la actividad 3 \u21d1.<\/p>\n<h5><span style=\"color: #ff0000\">TAREA:<\/span><\/h5>\n<ol>\n<li>Ejercicio 6, p. 60 (repasar los verbos con diptongo, p. 55).<\/li>\n<li>Ejercicio 9, p. 61.<\/li>\n<li>Ejercicio 11, p. 63.<\/li>\n<li>Piensa en una actividad que haces normalmente (por ejemplo, tu trabajo o una afici\u00f3n\/<em>hobbie<\/em>) y prep\u00e1rate para hablar sobre eso la semana que viene. Piensa c\u00f3mo puedes 1) describir la actividad, y hablar sobre 2) qu\u00e9 formaci\u00f3n necesitas para hacer esa actividad, 3) por qu\u00e9 te gusta esa actividad y 4) por qu\u00e9 es importante, interesante o divertida.<\/li>\n<\/ol>\n<p>&nbsp;<\/p>\n<h5><span style=\"color: #0000ff\">Clase 1 &#8211; 23 de febrero<\/span><\/h5>\n<p>1. Qu\u00e9 aprendimos en el curso pasado y qu\u00e9 vamos a aprender en este curso.<\/p>\n<p><a href=\"http:\/\/blogg.folkuniversitetet.nu\/fuendi\/files\/2022\/02\/IMG_20220223_182308-scaled.jpg\"><img loading=\"lazy\" decoding=\"async\" class=\"alignnone size-medium wp-image-1474\" src=\"http:\/\/blogg.folkuniversitetet.nu\/fuendi\/files\/2022\/02\/IMG_20220223_182308-300x225.jpg\" alt=\"\" width=\"300\" height=\"225\" srcset=\"https:\/\/blogg.folkuniversitetet.nu\/fuendi\/files\/2022\/02\/IMG_20220223_182308-300x225.jpg 300w, https:\/\/blogg.folkuniversitetet.nu\/fuendi\/files\/2022\/02\/IMG_20220223_182308-1024x768.jpg 1024w, https:\/\/blogg.folkuniversitetet.nu\/fuendi\/files\/2022\/02\/IMG_20220223_182308-768x576.jpg 768w, https:\/\/blogg.folkuniversitetet.nu\/fuendi\/files\/2022\/02\/IMG_20220223_182308-1536x1152.jpg 1536w, https:\/\/blogg.folkuniversitetet.nu\/fuendi\/files\/2022\/02\/IMG_20220223_182308-2048x1536.jpg 2048w\" sizes=\"auto, (max-width: 300px) 100vw, 300px\" \/><\/a><\/p>\n<p>2. Repaso. Conversar sobre informaci\u00f3n cotidiana (usar distintos tiempos).<\/p>\n<p><a href=\"http:\/\/blogg.folkuniversitetet.nu\/fuendi\/files\/2022\/02\/IMG_20220223_194123-scaled.jpg\"><img loading=\"lazy\" decoding=\"async\" class=\"alignnone size-medium wp-image-1477\" src=\"http:\/\/blogg.folkuniversitetet.nu\/fuendi\/files\/2022\/02\/IMG_20220223_194123-300x225.jpg\" alt=\"\" width=\"300\" height=\"225\" srcset=\"https:\/\/blogg.folkuniversitetet.nu\/fuendi\/files\/2022\/02\/IMG_20220223_194123-300x225.jpg 300w, https:\/\/blogg.folkuniversitetet.nu\/fuendi\/files\/2022\/02\/IMG_20220223_194123-1024x768.jpg 1024w, https:\/\/blogg.folkuniversitetet.nu\/fuendi\/files\/2022\/02\/IMG_20220223_194123-768x576.jpg 768w, https:\/\/blogg.folkuniversitetet.nu\/fuendi\/files\/2022\/02\/IMG_20220223_194123-1536x1152.jpg 1536w, https:\/\/blogg.folkuniversitetet.nu\/fuendi\/files\/2022\/02\/IMG_20220223_194123-2048x1536.jpg 2048w\" sizes=\"auto, (max-width: 300px) 100vw, 300px\" \/><\/a><\/p>\n<p>3. Repaso. Conversar sobre recados que tienes que, debes, necesitas o quieres hacer.<\/p>\n<p><a href=\"http:\/\/blogg.folkuniversitetet.nu\/fuendi\/files\/2022\/02\/IMG_20220223_201410-scaled.jpg\"><img loading=\"lazy\" decoding=\"async\" class=\"alignnone size-medium wp-image-1480\" src=\"http:\/\/blogg.folkuniversitetet.nu\/fuendi\/files\/2022\/02\/IMG_20220223_201410-300x225.jpg\" alt=\"\" width=\"300\" height=\"225\" srcset=\"https:\/\/blogg.folkuniversitetet.nu\/fuendi\/files\/2022\/02\/IMG_20220223_201410-300x225.jpg 300w, https:\/\/blogg.folkuniversitetet.nu\/fuendi\/files\/2022\/02\/IMG_20220223_201410-1024x768.jpg 1024w, https:\/\/blogg.folkuniversitetet.nu\/fuendi\/files\/2022\/02\/IMG_20220223_201410-768x576.jpg 768w, https:\/\/blogg.folkuniversitetet.nu\/fuendi\/files\/2022\/02\/IMG_20220223_201410-1536x1152.jpg 1536w, https:\/\/blogg.folkuniversitetet.nu\/fuendi\/files\/2022\/02\/IMG_20220223_201410-2048x1536.jpg 2048w\" sizes=\"auto, (max-width: 300px) 100vw, 300px\" \/><\/a><\/p>\n<h5><span style=\"color: #ff0000\"><strong>TAREA:<\/strong><\/span><\/h5>\n<ol>\n<li>Leer el texto &#8221;Un actor en Bolivia&#8221;, p\u00e1ginas 51-53 y contestar las preguntas de Comprensi\u00f3n del texto.<\/li>\n<li>Estudiar el vocabulario de la p\u00e1gina 58 (Frases para la conversaci\u00f3n II).<\/li>\n<\/ol>\n<p>&nbsp;<\/p>\n","protected":false},"excerpt":{"rendered":"<p>Clase 2 &#8211; 2 de marzo 1. Leer el texto &#8221;Un actor en Bolivia&#8221;, p. 51-53, y contestar las preguntas, p. 53. Revisar el vocabulario (repasar los usos de &#8221;llevar + expresi\u00f3n de tiempo&#8221; y &#8221;acabar de + verbo infinitivo&#8221;, ambos se usan para expresar el pret\u00e9rito perfecto). Repaso de las formas del pret\u00e9rito perfecto &hellip; <a href=\"https:\/\/blogg.folkuniversitetet.nu\/fuendi\/spanska-b1-del-1-fortsattning\/\" class=\"more-link\">Forts\u00e4tt l\u00e4sa <span class=\"screen-reader-text\">Spanska B1 del 1 &#8211; forts\u00e4ttning<\/span> <span class=\"meta-nav\">&rarr;<\/span><\/a><\/p>\n","protected":false},"author":787,"featured_media":0,"parent":0,"menu_order":0,"comment_status":"closed","ping_status":"closed","template":"","meta":{"footnotes":""},"class_list":["post-1473","page","type-page","status-publish","hentry"],"_links":{"self":[{"href":"https:\/\/blogg.folkuniversitetet.nu\/fuendi\/wp-json\/wp\/v2\/pages\/1473","targetHints":{"allow":["GET"]}}],"collection":[{"href":"https:\/\/blogg.folkuniversitetet.nu\/fuendi\/wp-json\/wp\/v2\/pages"}],"about":[{"href":"https:\/\/blogg.folkuniversitetet.nu\/fuendi\/wp-json\/wp\/v2\/types\/page"}],"author":[{"embeddable":true,"href":"https:\/\/blogg.folkuniversitetet.nu\/fuendi\/wp-json\/wp\/v2\/users\/787"}],"replies":[{"embeddable":true,"href":"https:\/\/blogg.folkuniversitetet.nu\/fuendi\/wp-json\/wp\/v2\/comments?post=1473"}],"version-history":[{"count":5,"href":"https:\/\/blogg.folkuniversitetet.nu\/fuendi\/wp-json\/wp\/v2\/pages\/1473\/revisions"}],"predecessor-version":[{"id":1478,"href":"https:\/\/blogg.folkuniversitetet.nu\/fuendi\/wp-json\/wp\/v2\/pages\/1473\/revisions\/1478"}],"wp:attachment":[{"href":"https:\/\/blogg.folkuniversitetet.nu\/fuendi\/wp-json\/wp\/v2\/media?parent=1473"}],"curies":[{"name":"wp","href":"https:\/\/api.w.org\/{rel}","templated":true}]}}