{"id":1468,"date":"2022-02-25T16:58:32","date_gmt":"2022-02-25T15:58:32","guid":{"rendered":"https:\/\/blogg.folkuniversitetet.nu\/fuendi\/?page_id=1468"},"modified":"2022-04-07T12:08:04","modified_gmt":"2022-04-07T10:08:04","slug":"spanska-a1-del-2-martes","status":"publish","type":"page","link":"https:\/\/blogg.folkuniversitetet.nu\/fuendi\/spanska-a1-del-2-martes\/","title":{"rendered":"Spanska A1 del 2 &#8211; Martes"},"content":{"rendered":"<h5><span style=\"color: #0000ff\">Clase 6 &#8211; 5 de abril<\/span><\/h5>\n<p>1. Expresiones para hablar del tiempo (v\u00e4deruttryck), p. 73.<\/p>\n<p>Ejercicio 3, p. 74.<\/p>\n<p><a href=\"http:\/\/blogg.folkuniversitetet.nu\/fuendi\/files\/2022\/04\/IMG_20220405_211328_edit_338799305851948-scaled.jpg\"><img loading=\"lazy\" decoding=\"async\" class=\"size-medium wp-image-1496\" src=\"http:\/\/blogg.folkuniversitetet.nu\/fuendi\/files\/2022\/04\/IMG_20220405_211328_edit_338799305851948-229x300.jpg\" alt=\"\" width=\"229\" height=\"300\" srcset=\"https:\/\/blogg.folkuniversitetet.nu\/fuendi\/files\/2022\/04\/IMG_20220405_211328_edit_338799305851948-229x300.jpg 229w, https:\/\/blogg.folkuniversitetet.nu\/fuendi\/files\/2022\/04\/IMG_20220405_211328_edit_338799305851948-782x1024.jpg 782w, https:\/\/blogg.folkuniversitetet.nu\/fuendi\/files\/2022\/04\/IMG_20220405_211328_edit_338799305851948-768x1006.jpg 768w, https:\/\/blogg.folkuniversitetet.nu\/fuendi\/files\/2022\/04\/IMG_20220405_211328_edit_338799305851948-1173x1536.jpg 1173w, https:\/\/blogg.folkuniversitetet.nu\/fuendi\/files\/2022\/04\/IMG_20220405_211328_edit_338799305851948-1564x2048.jpg 1564w, https:\/\/blogg.folkuniversitetet.nu\/fuendi\/files\/2022\/04\/IMG_20220405_211328_edit_338799305851948-scaled.jpg 1955w\" sizes=\"auto, (max-width: 229px) 100vw, 229px\" \/><\/a><\/p>\n<p>2. Preguntas \u00fatiles para describir una ciudad o pa\u00eds<\/p>\n<p>\u00bfD\u00f3nde est\u00e1 Espa\u00f1a?<\/p>\n<p>\u00bfCon qu\u00e9 pa\u00edses limita Espa\u00f1a?<\/p>\n<p>\u00bfCu\u00e1ntos habitantes tiene Espa\u00f1a?<\/p>\n<p>\u00bfCu\u00e1l es la capital de Espa\u00f1a?<\/p>\n<p>\u00bfC\u00f3mo es la naturaleza en Espa\u00f1a?<\/p>\n<p>\u00bfQu\u00e9 tiempo hace?<\/p>\n<p>\u00bfQu\u00e9 lugares famosos o\u00a0<strong>lugares tur\u00edsticos<\/strong>\u00a0(sev\u00e4rdheter) podemos visitar?<\/p>\n<p>&nbsp;<\/p>\n<p>TRABAJA EN GRUPO, contesta estas preguntas sobre Suecia.<\/p>\n<p>&nbsp;<\/p>\n<p>3. Empezar la unidad 4a.<\/p>\n<p>Estudiar los verbos con diptongo, p. 84.<\/p>\n<p><iframe loading=\"lazy\" title=\"Diftongerade verb p\u00e5 spanska\" width=\"604\" height=\"340\" src=\"https:\/\/www.youtube.com\/embed\/kSFcMR-psGA?feature=oembed\" frameborder=\"0\" allow=\"accelerometer; autoplay; clipboard-write; encrypted-media; gyroscope; picture-in-picture; web-share\" referrerpolicy=\"strict-origin-when-cross-origin\" allowfullscreen><\/iframe><\/p>\n<p><a href=\"http:\/\/blogg.folkuniversitetet.nu\/fuendi\/files\/2022\/04\/IMG_20220405_211313_edit_338785966682158-scaled.jpg\"><img loading=\"lazy\" decoding=\"async\" class=\"size-medium wp-image-1497\" src=\"http:\/\/blogg.folkuniversitetet.nu\/fuendi\/files\/2022\/04\/IMG_20220405_211313_edit_338785966682158-300x142.jpg\" alt=\"\" width=\"300\" height=\"142\" srcset=\"https:\/\/blogg.folkuniversitetet.nu\/fuendi\/files\/2022\/04\/IMG_20220405_211313_edit_338785966682158-300x142.jpg 300w, https:\/\/blogg.folkuniversitetet.nu\/fuendi\/files\/2022\/04\/IMG_20220405_211313_edit_338785966682158-1024x485.jpg 1024w, https:\/\/blogg.folkuniversitetet.nu\/fuendi\/files\/2022\/04\/IMG_20220405_211313_edit_338785966682158-768x364.jpg 768w, https:\/\/blogg.folkuniversitetet.nu\/fuendi\/files\/2022\/04\/IMG_20220405_211313_edit_338785966682158-1536x728.jpg 1536w, https:\/\/blogg.folkuniversitetet.nu\/fuendi\/files\/2022\/04\/IMG_20220405_211313_edit_338785966682158-2048x971.jpg 2048w\" sizes=\"auto, (max-width: 300px) 100vw, 300px\" \/><\/a><\/p>\n<p><strong>Verbos reflexivos<\/strong><\/p>\n<p>Observera: man anv\u00e4nder ett reflexivt verb f\u00f6r att s\u00e4ga att n\u00e5gon g\u00f6r n\u00e5got med sig sj\u00e4lv, till exempel:<\/p>\n<p>afeitarse\u00a0 \u00a0=\u00a0 att raka sig<\/p>\n<p>peinarse\u00a0 \u00a0=\u00a0 \u00a0att kamma sig<\/p>\n<p>maquillarse\u00a0 \u00a0=\u00a0 \u00a0att sminka sig<\/p>\n<p>De spanska reflexiva verben slutar p\u00e5 -se i grundform.<\/p>\n<p>Hur anv\u00e4nder man dem?<\/p>\n<p>Om man vill anv\u00e4nda verbet \u201dafeitarse\u201d, till exempel, g\u00f6r man s\u00e5 h\u00e4r:<\/p>\n<ol>\n<li>Ta bort -se, s\u00e5 afeitarse blir afeitar.<\/li>\n<li>B\u00f6ja verb som vanligt efter subjektet:<\/li>\n<\/ol>\n<p>(yo) afeito<\/p>\n<ol start=\"3\">\n<li>Anv\u00e4nda det reflexiva pronomen som st\u00e4mmer och placera det f\u00f6re verbet:<\/li>\n<\/ol>\n<p>(yo) Me afeito<\/p>\n<p><strong>\u00a0<\/strong><\/p>\n<p><strong>Reflexiva pronomen:<\/strong><\/p>\n<ul>\n<li>Yo\u00a0 \u00a0 \u00a0 \u00a0 \u00a0 \u00a0 \u00a0 \u00a0\u00a0<strong>me<\/strong><\/li>\n<li>T\u00fa\u00a0 \u00a0 \u00a0 \u00a0 \u00a0 \u00a0 \u00a0 \u00a0 \u00a0<strong>te<\/strong><\/li>\n<li>\u00c9l, ella, usted, ustedes, ellos, ellas\u00a0 \u00a0 \u00a0 \u00a0\u00a0<strong>se<\/strong><\/li>\n<li>Nosotros\u00a0 \u00a0<strong>nos<\/strong><\/li>\n<li>Vosotros\u00a0 \u00a0<strong>os<\/strong><\/li>\n<\/ul>\n<p>Observera: det reflexiva pronomenet st\u00e5r alltid f\u00f6re verbet:<\/p>\n<p>&nbsp;<\/p>\n<p>Estudiar algunos verbos reflexivos:<\/p>\n<p>levantar<strong><span style=\"color: #ff0000\">se<\/span><\/strong>\u00a0 \u00a0 \u00a0 \u00a0 \u00a0 \u00a0 \u00a0 \u00a0 \u00a0poner<span style=\"color: #ff0000\"><strong>se\u00a0<\/strong><\/span>\u00a0\u00a0\u00a0\u00a0\u00a0\u00a0\u00a0\u00a0\u00a0\u00a0\u00a0\u00a0 dormir<strong><span style=\"color: #ff0000\">se<\/span><\/strong><\/p>\n<p>yo\u00a0\u00a0\u00a0\u00a0\u00a0\u00a0\u00a0\u00a0\u00a0\u00a0\u00a0\u00a0\u00a0\u00a0\u00a0\u00a0\u00a0\u00a0\u00a0\u00a0\u00a0\u00a0\u00a0 me levanto\u00a0\u00a0\u00a0\u00a0\u00a0\u00a0\u00a0\u00a0\u00a0\u00a0\u00a0\u00a0\u00a0\u00a0\u00a0\u00a0\u00a0\u00a0 me pongo\u00a0\u00a0\u00a0\u00a0\u00a0\u00a0\u00a0\u00a0\u00a0\u00a0 me duermo<\/p>\n<p>t\u00fa\u00a0\u00a0\u00a0\u00a0\u00a0\u00a0\u00a0\u00a0\u00a0\u00a0\u00a0\u00a0\u00a0\u00a0\u00a0\u00a0\u00a0\u00a0\u00a0\u00a0\u00a0\u00a0\u00a0\u00a0 te levantas\u00a0\u00a0\u00a0\u00a0\u00a0\u00a0\u00a0\u00a0\u00a0\u00a0\u00a0\u00a0\u00a0\u00a0\u00a0\u00a0\u00a0\u00a0 te pones\u00a0\u00a0\u00a0\u00a0\u00a0\u00a0\u00a0\u00a0\u00a0\u00a0\u00a0\u00a0 te duermes<\/p>\n<p>\u00e9l, ella\u00a0\u00a0\u00a0\u00a0\u00a0\u00a0\u00a0\u00a0\u00a0\u00a0\u00a0\u00a0\u00a0\u00a0\u00a0\u00a0 se levanta\u00a0 \u00a0 \u00a0 \u00a0 \u00a0 \u00a0 \u00a0 \u00a0 \u00a0 \u00a0 \u00a0se pone\u00a0\u00a0\u00a0\u00a0\u00a0\u00a0\u00a0\u00a0\u00a0\u00a0\u00a0\u00a0\u00a0 se duerme<\/p>\n<h5><span style=\"color: #ff0000\"><strong>TAREA:<\/strong><\/span><\/h5>\n<ol>\n<li>Repasar: verbos con diptongo, verbos reflexivos.<\/li>\n<li>Ejercicio 4, p. 87.<\/li>\n<\/ol>\n<h5><span style=\"color: #0000ff\">Clase 5 &#8211; 29 de marzo<\/span><\/h5>\n<p>Vikarie Paula Elion.<\/p>\n<h5><span style=\"color: #0000ff\">Clase 4 &#8211; 15 de marzo<\/span><\/h5>\n<p>1. Saludarse.<\/p>\n<p>2. Ejercicio 7b y 7c, p. 65.<\/p>\n<p>3. Ejercicio 6, p. 65. Escuchar y responder.<\/p>\n<p>4. Ejercicio 9, p. 66.<\/p>\n<p>5. Leer el texto Barcelona y Espa\u00f1a, p. 68, 69 y 70. Vocabulario. Preguntas.<\/p>\n<p><strong>Vocabulario \u2013 nombres geogr\u00e1ficos\u00a0 \u00a0\u00a0<em>Vocabul\u00e4r \u2013 geografiska namn<\/em><\/strong><\/p>\n<p>el pa\u00eds\u00a0 \u00a0 \u00a0 \u00a0 \u00a0 \u00a0 \u00a0 \u00a0 \u00a0 \u00a0 \u00a0 \u00a0 \u00a0 \u00a0 \u00a0 \u00a0 \u00a0 \u00a0 \u00a0 \u00a0 \u00a0 \u00a0 \u00a0 \u00a0 \u00a0 \u00a0 \u00a0 \u00a0 \u00a0 \u00a0 \u00a0 \u00a0 \u00a0 \u00a0 \u00a0 \u00a0 land<\/p>\n<p>la ciudad\u00a0\u00a0\u00a0\u00a0\u00a0\u00a0\u00a0\u00a0\u00a0\u00a0\u00a0\u00a0\u00a0\u00a0\u00a0\u00a0\u00a0\u00a0\u00a0\u00a0\u00a0\u00a0\u00a0\u00a0\u00a0\u00a0\u00a0\u00a0\u00a0\u00a0\u00a0\u00a0\u00a0\u00a0\u00a0\u00a0\u00a0\u00a0\u00a0\u00a0\u00a0\u00a0\u00a0\u00a0\u00a0\u00a0\u00a0\u00a0\u00a0\u00a0\u00a0\u00a0\u00a0\u00a0\u00a0\u00a0\u00a0\u00a0\u00a0\u00a0\u00a0\u00a0\u00a0\u00a0\u00a0 stad<\/p>\n<p>la capital\u00a0\u00a0\u00a0\u00a0\u00a0\u00a0\u00a0\u00a0\u00a0\u00a0\u00a0\u00a0\u00a0\u00a0\u00a0\u00a0\u00a0\u00a0\u00a0\u00a0\u00a0\u00a0\u00a0\u00a0\u00a0\u00a0\u00a0\u00a0\u00a0\u00a0\u00a0\u00a0\u00a0\u00a0\u00a0\u00a0\u00a0\u00a0\u00a0\u00a0\u00a0\u00a0\u00a0\u00a0\u00a0\u00a0\u00a0\u00a0\u00a0\u00a0\u00a0\u00a0\u00a0\u00a0\u00a0\u00a0\u00a0\u00a0\u00a0\u00a0\u00a0\u00a0\u00a0\u00a0\u00a0 huvudstad<\/p>\n<p>el mar\u00a0 \u00a0 \u00a0 \u00a0 \u00a0 \u00a0 \u00a0 \u00a0 \u00a0 \u00a0 \u00a0 \u00a0 \u00a0 \u00a0 \u00a0 \u00a0 \u00a0 \u00a0 \u00a0 \u00a0 \u00a0 \u00a0 \u00a0 \u00a0 \u00a0 \u00a0 \u00a0 \u00a0 \u00a0 \u00a0 \u00a0 \u00a0 \u00a0 \u00a0 \u00a0 \u00a0 hav<\/p>\n<p>el oc\u00e9ano \u00a0\u00a0\u00a0\u00a0\u00a0\u00a0\u00a0\u00a0\u00a0\u00a0\u00a0\u00a0\u00a0\u00a0\u00a0\u00a0\u00a0\u00a0\u00a0\u00a0\u00a0\u00a0\u00a0\u00a0\u00a0\u00a0\u00a0\u00a0\u00a0\u00a0\u00a0\u00a0\u00a0\u00a0\u00a0\u00a0\u00a0\u00a0\u00a0\u00a0\u00a0\u00a0\u00a0\u00a0\u00a0\u00a0\u00a0\u00a0\u00a0\u00a0\u00a0\u00a0\u00a0\u00a0\u00a0\u00a0\u00a0\u00a0\u00a0\u00a0\u00a0\u00a0\u00a0 ocean<\/p>\n<p>la costa\u00a0 \u00a0 \u00a0 \u00a0 \u00a0 \u00a0 \u00a0 \u00a0 \u00a0 \u00a0 \u00a0 \u00a0 \u00a0 \u00a0 \u00a0 \u00a0 \u00a0 \u00a0 \u00a0 \u00a0 \u00a0 \u00a0 \u00a0 \u00a0 \u00a0 \u00a0 \u00a0 \u00a0 \u00a0 \u00a0 \u00a0 \u00a0 \u00a0 \u00a0 \u00a0 kust<\/p>\n<p>la playa\u00a0\u00a0\u00a0\u00a0\u00a0\u00a0\u00a0\u00a0\u00a0 \u00a0 \u00a0 \u00a0 \u00a0 \u00a0 \u00a0 \u00a0 \u00a0 \u00a0 \u00a0 \u00a0 \u00a0 \u00a0 \u00a0 \u00a0 \u00a0 \u00a0 \u00a0 \u00a0 \u00a0 \u00a0 \u00a0 \u00a0 \u00a0 \u00a0\u00a0\u00a0\u00a0\u00a0\u00a0\u00a0\u00a0\u00a0\u00a0 strand<\/p>\n<p>el estrecho\u00a0 \u00a0 \u00a0 \u00a0 \u00a0 \u00a0 \u00a0 \u00a0 \u00a0 \u00a0 \u00a0 \u00a0 \u00a0 \u00a0 \u00a0 \u00a0 \u00a0 \u00a0 \u00a0 \u00a0 \u00a0 \u00a0 \u00a0 \u00a0 \u00a0 \u00a0 \u00a0 \u00a0 \u00a0 \u00a0 \u00a0 sund<\/p>\n<p>la monta\u00f1a\u00a0\u00a0\u00a0\u00a0\u00a0\u00a0\u00a0\u00a0\u00a0\u00a0\u00a0\u00a0\u00a0\u00a0\u00a0\u00a0\u00a0\u00a0\u00a0\u00a0\u00a0\u00a0\u00a0\u00a0\u00a0\u00a0\u00a0\u00a0\u00a0\u00a0\u00a0\u00a0\u00a0\u00a0\u00a0\u00a0\u00a0\u00a0\u00a0\u00a0\u00a0\u00a0\u00a0\u00a0\u00a0\u00a0\u00a0\u00a0\u00a0\u00a0\u00a0\u00a0\u00a0\u00a0\u00a0\u00a0\u00a0\u00a0\u00a0\u00a0\u00a0 berg<\/p>\n<p>monta\u00f1oso\u00a0\u00a0(adjetivo)\u00a0\u00a0\u00a0\u00a0\u00a0\u00a0\u00a0\u00a0\u00a0\u00a0\u00a0\u00a0\u00a0\u00a0\u00a0\u00a0\u00a0\u00a0\u00a0\u00a0\u00a0\u00a0\u00a0\u00a0\u00a0\u00a0\u00a0\u00a0\u00a0\u00a0\u00a0\u00a0un lugar que tiene monta\u00f1as<\/p>\n<p>el lago \u00a0 \u00a0 \u00a0 \u00a0 \u00a0 \u00a0 \u00a0 \u00a0 \u00a0 \u00a0 \u00a0 \u00a0 \u00a0 \u00a0 \u00a0 \u00a0 \u00a0 \u00a0 \u00a0 \u00a0 \u00a0 \u00a0 \u00a0 \u00a0 \u00a0 \u00a0 \u00a0\u00a0\u00a0\u00a0\u00a0\u00a0\u00a0\u00a0\u00a0\u00a0\u00a0\u00a0\u00a0\u00a0\u00a0\u00a0 sj\u00f6<\/p>\n<p>el bosque\u00a0\u00a0\u00a0\u00a0\u00a0\u00a0\u00a0\u00a0\u00a0\u00a0\u00a0\u00a0\u00a0\u00a0\u00a0\u00a0\u00a0\u00a0\u00a0\u00a0\u00a0\u00a0\u00a0\u00a0\u00a0\u00a0\u00a0\u00a0\u00a0\u00a0\u00a0\u00a0\u00a0\u00a0\u00a0\u00a0\u00a0\u00a0\u00a0\u00a0\u00a0\u00a0\u00a0\u00a0\u00a0\u00a0\u00a0\u00a0\u00a0\u00a0\u00a0\u00a0\u00a0\u00a0\u00a0\u00a0\u00a0\u00a0\u00a0\u00a0\u00a0\u00a0\u00a0\u00a0 skog<\/p>\n<p>el r\u00edo\u00a0 \u00a0 \u00a0 \u00a0 \u00a0 \u00a0 \u00a0 \u00a0 \u00a0 \u00a0 \u00a0 \u00a0 \u00a0 \u00a0 \u00a0 \u00a0 \u00a0 \u00a0 \u00a0 \u00a0 \u00a0 \u00a0 \u00a0 \u00a0 \u00a0 \u00a0 \u00a0 \u00a0 \u00a0 \u00a0 \u00a0 \u00a0 \u00a0 \u00a0 \u00a0 \u00a0 \u00a0 \u00a0flod<\/p>\n<p>&nbsp;<\/p>\n<p><strong>Vocabulario \u2013 verbos<\/strong><\/p>\n<p>tener\u00a0\u00a0\u00a0\u00a0\u00a0\u00a0 habitantes, ciudades, r\u00edos, monta\u00f1as\u2026<\/p>\n<p>ser \u00a0\u00a0 \u00a0\u00a0\u00a0\u00a0\u00a0\u00a0\u00a0grande, peque\u00f1o, famoso por, bonito, maravilloso\u2026<\/p>\n<p>estar en\u00a0\u00a0\u00a0 \/\u00a0\u00a0 estar situado\/situada en\u00a0 (un pa\u00eds, una ciudad)\u00a0\u00a0 (ligga)<\/p>\n<p>haber\u00a0 (finns)\u00a0\u00a0\u00a0\u00a0\u00a0\u00a0\u00a0\u00a0\u00a0\u00a0 hay\u00a0 (det finns)\u00a0\u00a0\u00a0\u00a0 lagos, desiertos, playas&#8230;<\/p>\n<p>&nbsp;<\/p>\n<h5><span style=\"color: #ff0000\">TAREA:<\/span><\/h5>\n<ol>\n<li>Ejercicios 5 y 7, p. 75.<\/li>\n<li>Leer el texto \u201cValentina, de Costa Rica\u201d, p. 81, 82 y 83.<\/li>\n<\/ol>\n<p>&nbsp;<\/p>\n<h5><span style=\"color: #0000ff\">Clase 3 &#8211; 8 de marzo<\/span><\/h5>\n<p><strong>1. Los d\u00edas de la semana y la fecha, p\u00e1gina 63.<\/strong><\/p>\n<p><strong>2. Palabras interrogativas, p\u00e1gina 60 + Ejercico 4a y 4b, p. 64.<\/strong><\/p>\n<p><strong>3. Expresiones con tener, p. 60.<\/strong><\/p>\n<p><strong>Observa:<\/strong><br \/>\ntener tiempo \/ de \/ para + verbo en infinitivo<br \/>\nLo siento, no tengo tiempo para conversar ahora, mi clase de<br \/>\nespa\u00f1ol empieza en 10 minutos.<br \/>\ntener que + verbo en infinitivo m\u00e5ste<br \/>\nTengo que estudiar. Ma\u00f1ana tengo un examen \/ una prueba.<br \/>\ntener ganas \/ de + verbo en infinitivo<br \/>\n&#8211; \u00bfQuieres ir al cine hoy? &#8211; No, lo siento, no tengo ganas.<br \/>\n&#8211; Hoy tengo ganas tomar caf\u00e9 con mis amigos.<\/p>\n<p><strong>4. Ejercicio 3, p. 64.<\/strong><\/p>\n<p><strong>5. CONVERSA m\u00e1s largo:<\/strong><br \/>\nEn parejas, pregunta y responde. Usa frases con tener en cada<br \/>\nrespuesta.<\/p>\n<p>1) Hola, \u00bfc\u00f3mo est\u00e1s?<br \/>\n2) \u00bfTienes tiempo para tomar un caf\u00e9 despu\u00e9s de la clase?<\/p>\n<p>Palabras y frases \u00fatiles:<br \/>\nlo siento \/ no \/ pero \/ vale \/ por supuesto \/ claro<\/p>\n<p><strong>6. Practica en espa\u00f1ol con el di\u00e1logo del ejercicio 5a, p. 64. Cambia<\/strong><br \/>\n<strong>roles.<\/strong><br \/>\nPractica despu\u00e9s el di\u00e1logo con un nuevo final (5b). Cambia roles.<\/p>\n<h5><span style=\"color: #ff0000\">TAREA:<\/span><\/h5>\n<p>1. Leer el texto \u201cBarcelona y Espa\u00f1a\u201d, p. 68-70 y responder las<br \/>\npreguntas de la Comprensi\u00f3n del texto, p. 69 y 70.<\/p>\n<p>2. Estudiar el vocabulario de la p\u00e1gina 73.<\/p>\n<p>&nbsp;<\/p>\n<h5><span style=\"color: #0000ff\">Clase 2 &#8211; 1 de marzo<\/span><\/h5>\n<p><strong>1. La hora, p. 61 y material.<\/strong><\/p>\n<p>&nbsp;<\/p>\n<p>Practica: \u00bfQu\u00e9 hora es?<\/p>\n<p>&nbsp;<\/p>\n<table>\n<tbody>\n<tr>\n<td width=\"196\">1) 11:55<\/td>\n<td width=\"196\">5) 21:15<\/td>\n<td width=\"196\">9) 12:20<\/td>\n<\/tr>\n<tr>\n<td width=\"196\">2) 14:25<\/td>\n<td width=\"196\">6) 19:30<\/td>\n<td width=\"196\">10) 8:35<\/td>\n<\/tr>\n<tr>\n<td width=\"196\">3) 1:30<\/td>\n<td width=\"196\">7) 15:05<\/td>\n<td width=\"196\">11) 4:10<\/td>\n<\/tr>\n<tr>\n<td width=\"196\">4) 1: 50<\/td>\n<td width=\"196\">8) 24:00<\/td>\n<td width=\"196\">12) 13:22<\/td>\n<\/tr>\n<\/tbody>\n<\/table>\n<p>&nbsp;<\/p>\n<p>Hacer el ejercicio 2a, p. 64.<\/p>\n<p>&nbsp;<\/p>\n<p><strong>2. Estudiar las frases de \u201cAs\u00ed se dice\u201d, p\u00e1gina 62.<\/strong><\/p>\n<p>&nbsp;<\/p>\n<p><strong>3. Leer el texto \u201cEn el caf\u00e9 Zurich\u201d, p\u00e1ginas 57-59. Estudiar el vocabulario y responder las preguntas de la p\u00e1gina 59 (Comprensi\u00f3n del texto).<\/strong><\/p>\n<p>&nbsp;<\/p>\n<p><strong>4. Practicar en grupo: leer los di\u00e1logos, p. 57-59.<\/strong><\/p>\n<p>&nbsp;<\/p>\n<p>5. Practicar ordenar en un caf\u00e9. Usar la p\u00e1gina 62 como ayuda.<\/p>\n<p>&nbsp;<\/p>\n<p>Modelo:<\/p>\n<p>&#8211; (Llamar al camarero) _______________________<\/p>\n<p>Camarero: &#8211; Hola, buenas noches, bienvenidos. \u00bfQu\u00e9 desean?<\/p>\n<p>&#8211; _________________________________________<\/p>\n<p>Camarero: &#8211; \u00bfY para usted \/ se\u00f1or, se\u00f1ora, se\u00f1orita?<\/p>\n<p>&#8211; _________________________________________<\/p>\n<p>Camarero: &#8211; Muy bien, \u00bfalgo m\u00e1s?<\/p>\n<p>&#8211; _________________________________________<\/p>\n<p>Camarero: &#8211; Vale. Enseguida.<\/p>\n<p>&nbsp;<\/p>\n<p>(Un poco m\u00e1s tarde):<\/p>\n<p>Camarero: &#8211; Tenga, para usted\u2026<\/p>\n<p>&#8211; ________________________________________________<\/p>\n<p>Camarero: &#8211; De nada.<\/p>\n<p>&nbsp;<\/p>\n<p>(Despu\u00e9s de tomar y comer):<\/p>\n<p>&#8211; (Llamar al camarero) ___________________________________<\/p>\n<p>Camarero: &#8211; S\u00ed.<\/p>\n<p>&#8211; (Pedir la cuenta) ______________________________________<\/p>\n<p>Camarero: &#8211; S\u00ed, claro, enseguida.<\/p>\n<p>&nbsp;<\/p>\n<p>(Un poco m\u00e1s tarde):<\/p>\n<p>Camarero: &#8211; Aqu\u00ed est\u00e1 la cuenta, son\u2026.<\/p>\n<p>&#8211; (Preguntar si pueden pagar con tarjeta) ______________________<\/p>\n<p>Camarero: &#8211; S\u00ed \/ No, lo siento, en efectivo.<\/p>\n<p>&#8211; (Pagar) _________________<\/p>\n<p>Camarero: &#8211; Gracias.<\/p>\n<p>-________________________<\/p>\n<p>&nbsp;<\/p>\n<h5><span style=\"color: #ff0000\"><strong>TAREA:<\/strong><\/span><\/h5>\n<ol>\n<li>Ejercicio 1, p. 64 (Escribir un texto corto en una hoja suelta \/ Skriv en kort text p\u00e5 ett l\u00f6st papper).<\/li>\n<li>Ejercicio 5a y 5b, p. 64.<\/li>\n<li>Ejercicio 7a, p. 65.<\/li>\n<li>Ejercicio 8, p. 66.<\/li>\n<li>Estudiar el men\u00fa del Caf\u00e9 Viena, p. 65, y prepararse para (f\u00f6rbereda sig f\u00f6r att) hacer el ejercicio 9, p. 66, la pr\u00f3xima semana (n\u00e4sta vecka).<\/li>\n<\/ol>\n<p>&nbsp;<\/p>\n<h5><span style=\"color: #0000ff\">Clase 1 &#8211; 22 de febrero<\/span><\/h5>\n<p><strong><span style=\"color: #000000\">1. El curso<\/span><\/strong><\/p>\n<p>Libro: Caminando 1 (unidades\u00a0 3a &#8211; 5a, p\u00e1ginas 56-113.<\/p>\n<p>&#8211; textos en sueco<\/p>\n<p>&#8211; autodiagn\u00f3stico (sjalvdiagnoser)<\/p>\n<p>&#8211; diccionario (lexikon)<\/p>\n<p>&#8211; www.nok.se \u21d2 crear una cuenta \u21d2 ir a Extramaterial \u21d2 Caminando 1<\/p>\n<p><strong>2.\u00a0Repasar: saludar y presentarse.<\/strong><\/p>\n<p><strong>3. Repasar: entender, pedir y dar informaci\u00f3n personal. Principales verbos.<\/strong><\/p>\n<p><strong>4. Dar informaci\u00f3n personal.<\/strong><\/p>\n<p><strong>5. Conversar. Preguntar y responder.<\/strong><\/p>\n<p><strong>6. La hora en espa\u00f1ol, p\u00e1gina 61.<\/strong><\/p>\n<p>Material entregado en la clase \u21d2 PDF aqu\u00ed\u00a0 \u21d2<strong><span style=\"color: #ff0000\"> <a style=\"color: #ff0000\" href=\"http:\/\/blogg.folkuniversitetet.nu\/fuendi\/files\/2022\/02\/EJERCICIOS-1era-clase.pdf\">EJERCICIOS 1era clase<\/a><\/span><\/strong><\/p>\n<h5><strong style=\"color: #ff0000\">TAREA:<\/strong><\/h5>\n<ol>\n<li>Repasar los n\u00fameros del 0 al 60 y la hora.<\/li>\n<li>Leer el texto \u201cEn el caf\u00e9 Zurich\u201d, p\u00e1ginas 57-59. Estudiar el vocabulario y responder las preguntas de la p\u00e1gina 59 (Comprensi\u00f3n del texto).<\/li>\n<li>Estudiar las frases de \u201cAs\u00ed se dice\u201d, p\u00e1gina 62.<\/li>\n<\/ol>\n","protected":false},"excerpt":{"rendered":"<p>Clase 6 &#8211; 5 de abril 1. Expresiones para hablar del tiempo (v\u00e4deruttryck), p. 73. Ejercicio 3, p. 74. 2. Preguntas \u00fatiles para describir una ciudad o pa\u00eds \u00bfD\u00f3nde est\u00e1 Espa\u00f1a? \u00bfCon qu\u00e9 pa\u00edses limita Espa\u00f1a? \u00bfCu\u00e1ntos habitantes tiene Espa\u00f1a? \u00bfCu\u00e1l es la capital de Espa\u00f1a? \u00bfC\u00f3mo es la naturaleza en Espa\u00f1a? \u00bfQu\u00e9 tiempo hace? &hellip; <a href=\"https:\/\/blogg.folkuniversitetet.nu\/fuendi\/spanska-a1-del-2-martes\/\" class=\"more-link\">Forts\u00e4tt l\u00e4sa <span class=\"screen-reader-text\">Spanska A1 del 2 &#8211; Martes<\/span> <span class=\"meta-nav\">&rarr;<\/span><\/a><\/p>\n","protected":false},"author":787,"featured_media":0,"parent":0,"menu_order":0,"comment_status":"closed","ping_status":"closed","template":"","meta":{"footnotes":""},"class_list":["post-1468","page","type-page","status-publish","hentry"],"_links":{"self":[{"href":"https:\/\/blogg.folkuniversitetet.nu\/fuendi\/wp-json\/wp\/v2\/pages\/1468","targetHints":{"allow":["GET"]}}],"collection":[{"href":"https:\/\/blogg.folkuniversitetet.nu\/fuendi\/wp-json\/wp\/v2\/pages"}],"about":[{"href":"https:\/\/blogg.folkuniversitetet.nu\/fuendi\/wp-json\/wp\/v2\/types\/page"}],"author":[{"embeddable":true,"href":"https:\/\/blogg.folkuniversitetet.nu\/fuendi\/wp-json\/wp\/v2\/users\/787"}],"replies":[{"embeddable":true,"href":"https:\/\/blogg.folkuniversitetet.nu\/fuendi\/wp-json\/wp\/v2\/comments?post=1468"}],"version-history":[{"count":7,"href":"https:\/\/blogg.folkuniversitetet.nu\/fuendi\/wp-json\/wp\/v2\/pages\/1468\/revisions"}],"predecessor-version":[{"id":1499,"href":"https:\/\/blogg.folkuniversitetet.nu\/fuendi\/wp-json\/wp\/v2\/pages\/1468\/revisions\/1499"}],"wp:attachment":[{"href":"https:\/\/blogg.folkuniversitetet.nu\/fuendi\/wp-json\/wp\/v2\/media?parent=1468"}],"curies":[{"name":"wp","href":"https:\/\/api.w.org\/{rel}","templated":true}]}}