{"id":1462,"date":"2022-02-25T16:23:33","date_gmt":"2022-02-25T15:23:33","guid":{"rendered":"https:\/\/blogg.folkuniversitetet.nu\/fuendi\/?page_id=1462"},"modified":"2022-03-15T13:08:36","modified_gmt":"2022-03-15T12:08:36","slug":"spanska-a2-del-1-distans-live-martes","status":"publish","type":"page","link":"https:\/\/blogg.folkuniversitetet.nu\/fuendi\/spanska-a2-del-1-distans-live-martes\/","title":{"rendered":"Spanska A2 del 1 Distans Live &#8211; Martes"},"content":{"rendered":"<h5><span style=\"color: #0000ff\">Clase 3 \u2013 8 de marzo<\/span><\/h5>\n<p><strong>1. Conversar sobre gustos e intereses.<\/strong><\/p>\n<p><strong><span style=\"color: #ff0000\">Modelo:<\/span><\/strong><\/p>\n<p>&#8211; A m\u00ed me gusta cocinar, \u00bfy a ti?<\/p>\n<p>1) A m\u00ed tambi\u00e9n (y explicar o decir algo m\u00e1s).<\/p>\n<p>2) A m\u00ed no (y explicar o decir algo m\u00e1s).<\/p>\n<p>&nbsp;<\/p>\n<p>&#8211; A m\u00ed no me gusta jugar en el ordenador, \u00bfy a ti?<\/p>\n<p>1) A m\u00ed tampoco (y explicar o decir algo m\u00e1s).<\/p>\n<p>2) A m\u00ed s\u00ed (y explicar o decir algo m\u00e1s).<\/p>\n<p>&nbsp;<\/p>\n<p>&#8211; \u00bfQu\u00e9 le gusta hacer a tus hijos \/ esposo \/ esposa\u2026?<\/p>\n<p>&#8211; A ellos \/ A mis hijos \/ A Diana y a Diego les gusta\u2026<\/p>\n<p>&#8211; A \u00e9l \/ A ella \/ A Diana \/ A Diego le gusta\u2026<\/p>\n<p>&nbsp;<\/p>\n<p><strong>2. Ejercicio 9, p. 22.<\/strong><\/p>\n<p>1) 9a, escuchar y completar.<\/p>\n<p>2) Practicar el di\u00e1logo.<\/p>\n<p>2) Practicar el di\u00e1logo, pero con otras actividades.<\/p>\n<p>&nbsp;<\/p>\n<p><strong>3. Texto \u201cDos pa\u00edses, dos voces\u201d: Susana, p. 24 y 25.<\/strong><\/p>\n<p><strong><span style=\"color: #ff0000\">Vocabulario interesante:<\/span><\/strong><\/p>\n<p>diferente, -s = olik, olika, annorlunda<\/p>\n<p>importante, -s = viktig<\/p>\n<p>la ama de casa = hemmafru<\/p>\n<p>lo m\u00e1s importante = det viktigaste<\/p>\n<p>lo que m\u00e1s me gusta = det jag gillar mest<\/p>\n<p>lo mejor = det b\u00e4sta<\/p>\n<p>gemensam (adj) = com\u00fan<\/p>\n<p>tener en com\u00fan = ha gemensamt<\/p>\n<p>encontrar(se) <strong>con<\/strong> alguien = tr\u00e4ffa n\u00e5gon<\/p>\n<p>estar a punto de <strong>hacer algo<\/strong> (vara p\u00e5 v\u00e4g att g\u00f6ra n\u00e5got)\u00a0 = futuro<\/p>\n<p>Ejemplo:\u00a0\u00a0\u00a0 Estoy a punto de salir del trabajo = Voy a salir del trabajo en unos minutos.<\/p>\n<p>acabar de <strong>hacer algo<\/strong> (ha just gjort n\u00e5got) = pret\u00e9rito perfecto (pasado)<\/p>\n<p>Ejemplo: Acabo de llegar a Madrid = He llegado hace poco a Madrid.<\/p>\n<p>&nbsp;<\/p>\n<p><span style=\"color: #ff0000\"><strong>LO (art\u00edculo neutro)<\/strong><\/span><\/p>\n<p>LO + adjetivo<\/p>\n<p>Lo importante\u00a0\u00a0\u00a0\u00a0\u00a0\u00a0\u00a0\u00a0\u00a0\u00a0\u00a0\u00a0\u00a0\u00a0\u00a0\u00a0\u00a0\u00a0\u00a0\u00a0\u00a0\u00a0 + <strong><span style=\"color: #ff0000\">es<\/span><\/strong> + la naturaleza\u00a0 \u00a0 \u00a0 \u00a0 \u00a0 \u00a0 \u00a0 \u00a0 + <strong><span style=\"color: #ff0000\">son<\/span><\/strong> + los ni\u00f1os<\/p>\n<p>Lo m\u00e1s importante<\/p>\n<p>&nbsp;<\/p>\n<p>LO que m\u00e1s\u00a0 +\u00a0 verbo<\/p>\n<p>Lo que m\u00e1s me gusta\u00a0\u00a0\u00a0\u00a0\u00a0\u00a0\u00a0\u00a0\u00a0\u00a0 + <strong><span style=\"color: #ff0000\">de<\/span><\/strong> + algo + <strong><span style=\"color: #ff0000\">es<\/span><\/strong><\/p>\n<p>Lo que m\u00e1s extra\u00f1o\u00a0\u00a0\u00a0\u00a0\u00a0\u00a0\u00a0\u00a0\u00a0\u00a0\u00a0\u00a0 + <strong><span style=\"color: #ff0000\">de<\/span><\/strong> + mi pa\u00eds + <span style=\"color: #ff0000\"><strong>es<\/strong><\/span> + el sol\u00a0 \u00a0 \u00a0 \u00a0 \u00a0 + <strong><span style=\"color: #ff0000\">de<\/span><\/strong> + mi pa\u00eds + <span style=\"color: #ff0000\"><strong>son<\/strong><\/span> + las playas<\/p>\n<p>&nbsp;<\/p>\n<p><strong>4. Ejercicio 2, p. 31.<\/strong><\/p>\n<h5><span style=\"color: #ff0000\"><strong>TAREA:<\/strong><\/span><\/h5>\n<ol>\n<li>Ejercicio 3, p. 31.<\/li>\n<li>Ejercicio 4, p. 32.<\/li>\n<li>Repasar: Ejercicio 8, p. 33 + Pret\u00e9rito perfecto, p. 29.<\/li>\n<li>Prepararse para hacer el ejercicio 10, p. 33.<\/li>\n<\/ol>\n<h5><span style=\"color: #0000ff\">Clase 2 &#8211; 1 de marzo<\/span><\/h5>\n<p>1. Leer el texto otra vez, p. 13-15, revisar vocabulario y contestar las preguntas (Comprensi\u00f3n del texto, p. 15).<\/p>\n<p>2. Ejercicio 5b, p. 20.<\/p>\n<p>3. Ejercicio 7b, p. 21, en parejas.<\/p>\n<p>4. Repasar el verbo gustar y otros. PDF + Ejercicio 3a y 3b, p. 20. Todos juntos.<\/p>\n<p>&nbsp;<\/p>\n<h5>Apuntes sobre la pronunciaci\u00f3n de la J (jota) y la G (ge)<\/h5>\n<p>Observa: la letra J se puede pronunciar como la letra sueca H.<\/p>\n<p>Ja\u00a0\u00a0 je\u00a0\u00a0 ji\u00a0\u00a0 jo\u00a0\u00a0 ju\u00a0 \u00a0 \u00a0 \u00a0 Jamaica, jefe, jirafa, Joaqu\u00edn,\u00a0 julio,\u00a0 \u00a0junio,\u00a0 Julia<\/p>\n<p>Observa: la letra G, tiene 2 sonidos diferentes:<\/p>\n<ol>\n<li>G\u00a0\u00a0\u00a0\u00a0 ga go gu\u00a0 \u00a0 \u00a0 \u00a0gato, gota, gusano\u00a0 \u00a0 \u00a0 \u00a0 \u00a0 \u00a0 \u00a0 \u00a0 \u00a0 \u00a0 \u00a0 \u00a0 \u00a0 \u00a0 \u00a0 \u00a0 gui\u00a0\u00a0\u00a0 gue\u00a0 \u00a0 \u00a0 \u00a0 guitarra, guerra<\/li>\n<li>G\u00a0\u00a0\u00a0\u00a0 ge\u00a0\u00a0 gi\u00a0\u00a0\u00a0\u00a0\u00a0\u00a0\u00a0\u00a0\u00a0\u00a0\u00a0 gimnasio, genial<\/li>\n<\/ol>\n<p><strong>Un buen video sobre este aspecto:<\/strong><\/p>\n<p><iframe loading=\"lazy\" title=\"Spanish pronunciation: J &amp; G\" width=\"604\" height=\"340\" src=\"https:\/\/www.youtube.com\/embed\/kNRLEXaJfs8?feature=oembed\" frameborder=\"0\" allow=\"accelerometer; autoplay; clipboard-write; encrypted-media; gyroscope; picture-in-picture; web-share\" referrerpolicy=\"strict-origin-when-cross-origin\" allowfullscreen><\/iframe><\/p>\n<h5>Apuntes sobre los verbos gustar, encantar, aburrir<\/h5>\n<p>Yo\u00a0\u00a0\u00a0\u00a0\u00a0\u00a0\u00a0\u00a0\u00a0\u00a0\u00a0\u00a0\u00a0 Me gusta\u2026\u00a0\u00a0\u00a0\u00a0\u00a0\u00a0\u00a0\u00a0\u00a0\u00a0\u00a0 A mi me gusta\u2026\u00a0 \u00a0 \u00a0 \u00a0 \u00a0\u00bfY a ti?<\/p>\n<p>Tu\u00a0\u00a0\u00a0\u00a0\u00a0\u00a0\u00a0\u00a0\u00a0\u00a0\u00a0\u00a0\u00a0 Te gusta\u2026\u00a0\u00a0\u00a0\u00a0\u00a0\u00a0\u00a0\u00a0\u00a0\u00a0\u00a0\u00a0\u00a0 A ti te gusta&#8230;<\/p>\n<p>\u00c9l, ella, usted\u00a0 \u00a0 \u00a0 \u00a0 Le gusta&#8230;\u00a0 \u00a0 \u00a0 \u00a0A \u00e9l\/ella\/usted le gusta&#8230;\u00a0 \u00a0 \u00a0 \u00a0\u00bfQu\u00e9 le gusta a \u00e9l, ella\/usted?<\/p>\n<p>&nbsp;<\/p>\n<h5>Apuntes del chat de la clase (Zoom)<\/h5>\n<p>He quedado con Juan para tomar cafe.<\/p>\n<p>He visto a Margarita hoy.<\/p>\n<p>enc<strong>o<\/strong>ntrase \/ <strong>ue<\/strong><\/p>\n<p>Me he encontrado con Margarita.<\/p>\n<p>Mis Amigos y yo solemos cenar juntos cada domingo<\/p>\n<p>Patricia suele salir con sus amigos.<\/p>\n<p>Mis amigos y yo aprendemos idiomas.<\/p>\n<p>Tus padres y tu viv\u00eds cerca del centro.<\/p>\n<p>Patricia viaja por el mundo.<\/p>\n<p>s<strong>o<\/strong>ler \/ <strong>ue<\/strong><\/p>\n<p>Mis amigos y yo solemos salir de fiesta.<\/p>\n<p>La se\u00f1ora Montalb\u00e1n busca amigos.<\/p>\n<p>Patricia ayuda a sus padres.<\/p>\n<p>Miguel hace deporte y viaja.<\/p>\n<p>Me gusta aprender idiomas y me interesa la pol\u00edtica.<\/p>\n<p>abuelos maternos, abuelos paternos<\/p>\n<p>en el futuro<\/p>\n<p>mudarse<\/p>\n<p>Me voy a mudar<\/p>\n<p>Te vas a mudar<\/p>\n<p>Mi hijo se ha mudado este a\u00f1o.<\/p>\n<p>pref<strong>e<\/strong>rir \/ <strong>ue<\/strong><\/p>\n<p>yo prefiero, t\u00fa prefieres, ella prefiere<\/p>\n<p>A m\u00ed no me gustan las novelas de amor. \u00bfY a ti?<\/p>\n<p>A m\u00ed tampoco.<\/p>\n<p>A m\u00ed s\u00ed.<\/p>\n<p>A mi me gusta cocinar. \u00bfY a ti?<\/p>\n<p>A mi tambi\u00e9n.<\/p>\n<p>A m\u00ed no.<\/p>\n<p>&nbsp;<\/p>\n<h5><strong><span style=\"color: #ff0000\">TAREA:<\/span><\/strong><\/h5>\n<ol>\n<li>Prepararse (f\u00f6rbereda sig) para hacer el ejercicio 9c, p. 22 en clase.<\/li>\n<li>Ejercicio 12, p. 23: Escribir una carta. Sigue las instrucciones y escribe una carta. Env\u00edame la carta a mi correo electr\u00f3nico. Yo voy a leer la carta y te voy a enviar mis comentarios.<\/li>\n<li>Leer los textos de las p\u00e1ginas 24, 25, 26 y 27, y estudiar el vocabulario.<\/li>\n<\/ol>\n<p>&nbsp;<\/p>\n<h5><span style=\"color: #0000ff\">Clase 1 &#8211; 22 de febrero<\/span><\/h5>\n<p><strong>1. El curso<\/strong><\/p>\n<p>Libro: Caminando 2 (unidades 1a &#8211; 2b, p\u00e1ginas 8 &#8211; 63).<\/p>\n<p>&#8211; textos en sueco, p\u00e1gina 194<\/p>\n<p>&#8211; autodiagn\u00f3stico, p\u00e1gina 178<\/p>\n<p>&#8211; diccionario, p\u00e1gina 236<\/p>\n<p>&#8211; www. nok.se \u21d2 crear una cuenta \u21d2 ir a Extramaterial \u21d2 Caminando 2.<\/p>\n<p>&nbsp;<\/p>\n<p><strong>2. Ejercicio p\u00e1gina 8, saludar.<\/strong><\/p>\n<p><strong>3. Frases \u00fatiles (As\u00ed se dice), p\u00e1gina\u00a0 10.\u00a0<\/strong><\/p>\n<p><strong>4. Repaso: Ejercicio para conjugar los principales verbos para entender, pedir y dar informaci\u00f3n personal.\u00a0 \u00a0<\/strong><\/p>\n<p>PDF \u21d2 Aqu\u00ed \u21d2 <strong><a href=\"http:\/\/blogg.folkuniversitetet.nu\/fuendi\/files\/2022\/02\/EJERCICIO-Escribe-la-forma-adecuada-de-los-verbos.pdf\">EJERCICIO &#8211; Escribe la forma adecuada de los verbos<\/a><\/strong><\/p>\n<p><strong><span style=\"color: #ff0000\">OBSERVA:<\/span><\/strong> El verbo gustar tiene una estructura especial. Puedes leer m\u00e1s aqu\u00ed \u21d2<strong> <a href=\"http:\/\/blogg.folkuniversitetet.nu\/fuendi\/files\/2021\/09\/GUSTAR.pdf\">GUSTAR<\/a><\/strong><\/p>\n<p>&nbsp;<\/p>\n<p><strong>5. Unidad 1a, texto &#8221;Busco amigos&#8221;, p\u00e1ginas 13-15. Escuchar y leer el texto.<\/strong><\/p>\n<p><strong>6. Formular oraciones a partir del perfil de Patricia, p\u00e1gina 13.\u00a0<\/strong><\/p>\n<p>Ejemplos:<\/p>\n<p>Ella se llama Patricia Mart\u00ednez D\u00edaz.<\/p>\n<p>Tiene 19 a\u00f1os.<\/p>\n<p>Su cumplea\u00f1os es el 29 de septiembre. \/ Cumple a\u00f1os el 29 de septiembre.<\/p>\n<p>Vive en Murcia.\u00a0 \u00a0\/ Patricia es espa\u00f1ola.\u00a0 \/ Patricia es de Espa\u00f1a.<\/p>\n<p>Tiene un hermano. \/ Vive con sus padres y su hermano.<\/p>\n<p>Estudia Psicolog\u00eda.<\/p>\n<p>Habla espa\u00f1ol, ingl\u00e9s y franc\u00e9s.<\/p>\n<p>Le gusta ir al cine, leer novelas y bailar.<\/p>\n<p>Le encanta el rock.<\/p>\n<p>Le gustan mucho los platos de la cocina italiana y espa\u00f1ola.<\/p>\n<p>&nbsp;<\/p>\n<h5><span style=\"color: #ff0000\"><strong>TAREA: <\/strong><\/span><\/h5>\n<ul>\n<li>Leer las p\u00e1ginas 13, 14 y 15 y contestar la Comprensi\u00f3n del texto I y II.<\/li>\n<li>Ejercicio 2a y 2b, p. 19.<\/li>\n<li>Ejercicio 5a y 5b, p. 20.<\/li>\n<li>Ejercicio 7a, p. 21.<\/li>\n<li>Repasar la gram\u00e1tica de las p\u00e1ginas 16 y 17.<\/li>\n<\/ul>\n","protected":false},"excerpt":{"rendered":"<p>Clase 3 \u2013 8 de marzo 1. Conversar sobre gustos e intereses. Modelo: &#8211; A m\u00ed me gusta cocinar, \u00bfy a ti? 1) A m\u00ed tambi\u00e9n (y explicar o decir algo m\u00e1s). 2) A m\u00ed no (y explicar o decir algo m\u00e1s). &nbsp; &#8211; A m\u00ed no me gusta jugar en el ordenador, \u00bfy a &hellip; <a href=\"https:\/\/blogg.folkuniversitetet.nu\/fuendi\/spanska-a2-del-1-distans-live-martes\/\" class=\"more-link\">Forts\u00e4tt l\u00e4sa <span class=\"screen-reader-text\">Spanska A2 del 1 Distans Live &#8211; Martes<\/span> <span class=\"meta-nav\">&rarr;<\/span><\/a><\/p>\n","protected":false},"author":787,"featured_media":0,"parent":0,"menu_order":0,"comment_status":"closed","ping_status":"closed","template":"","meta":{"footnotes":""},"class_list":["post-1462","page","type-page","status-publish","hentry"],"_links":{"self":[{"href":"https:\/\/blogg.folkuniversitetet.nu\/fuendi\/wp-json\/wp\/v2\/pages\/1462","targetHints":{"allow":["GET"]}}],"collection":[{"href":"https:\/\/blogg.folkuniversitetet.nu\/fuendi\/wp-json\/wp\/v2\/pages"}],"about":[{"href":"https:\/\/blogg.folkuniversitetet.nu\/fuendi\/wp-json\/wp\/v2\/types\/page"}],"author":[{"embeddable":true,"href":"https:\/\/blogg.folkuniversitetet.nu\/fuendi\/wp-json\/wp\/v2\/users\/787"}],"replies":[{"embeddable":true,"href":"https:\/\/blogg.folkuniversitetet.nu\/fuendi\/wp-json\/wp\/v2\/comments?post=1462"}],"version-history":[{"count":7,"href":"https:\/\/blogg.folkuniversitetet.nu\/fuendi\/wp-json\/wp\/v2\/pages\/1462\/revisions"}],"predecessor-version":[{"id":1466,"href":"https:\/\/blogg.folkuniversitetet.nu\/fuendi\/wp-json\/wp\/v2\/pages\/1462\/revisions\/1466"}],"wp:attachment":[{"href":"https:\/\/blogg.folkuniversitetet.nu\/fuendi\/wp-json\/wp\/v2\/media?parent=1462"}],"curies":[{"name":"wp","href":"https:\/\/api.w.org\/{rel}","templated":true}]}}