{"id":1455,"date":"2022-02-25T14:52:43","date_gmt":"2022-02-25T13:52:43","guid":{"rendered":"https:\/\/blogg.folkuniversitetet.nu\/fuendi\/?page_id=1455"},"modified":"2022-03-04T09:41:26","modified_gmt":"2022-03-04T08:41:26","slug":"spanska-a2-del-2-torsdagar","status":"publish","type":"page","link":"https:\/\/blogg.folkuniversitetet.nu\/fuendi\/spanska-a2-del-2-torsdagar\/","title":{"rendered":"Spanska A2 del 2 &#8211; Torsdagar"},"content":{"rendered":"<h5><span style=\"color: #0000ff\">Clase 2 &#8211; 3 de marzo<\/span><\/h5>\n<p><strong>1. Saluda a 3 compa\u00f1eros de clase (usa la p\u00e1gina 8).<\/strong> Explica con m\u00e1s detalles c\u00f3mo est\u00e1s y habla del trabajo, del tiempo, de tu d\u00eda o de la clase (tarea, etc).<\/p>\n<p>Pueden terminar la conversaci\u00f3n as\u00ed:<\/p>\n<p>&#8211; Gracias por practicar conmigo.<\/p>\n<p>&#8211; Igualmente \/ Gracias a ti, nos vemos.<\/p>\n<p>&nbsp;<\/p>\n<p>Ejemplos:<\/p>\n<p>1<\/p>\n<p>&#8211; \u00a1Hola! \u00bfC\u00f3mo est\u00e1s?<\/p>\n<p>&#8211; Bien, aunque un poco cansado (-a), he trabajado mucho hoy. \u00bfY t\u00fa?<\/p>\n<p>&#8211; Todo bien. Hoy he salido a caminar para disfrutar el sol.<\/p>\n<p>&#8211; Qu\u00e9 bueno. Gracias por practicar conmigo.<\/p>\n<p>&#8211; Igualmente, nos vemos.<\/p>\n<p>&nbsp;<\/p>\n<p>2<\/p>\n<p>&#8211; \u00a1Hola, qu\u00e9 alegr\u00eda verte! \u00bfC\u00f3mo est\u00e1s?<\/p>\n<p>&#8211; Bien, bien, gracias, muy contento (-a) de estar aqu\u00ed. \u00bfY t\u00fa?<\/p>\n<p>&#8211; Estoy bien tambi\u00e9n, gracias.\u00a0 Oye, \u00bfhas hecho la tarea?<\/p>\n<p>&#8211; S\u00ed, \u00bfy t\u00fa?<\/p>\n<p>&#8211; Tambi\u00e9n.<\/p>\n<p>&#8211; Qu\u00e9 bien. Gracias por practicar conmigo.<\/p>\n<p>&#8211; Gracias a ti, nos vemos.<\/p>\n<p>&nbsp;<\/p>\n<p><strong>2. Ejercicio: Repasar el presente, el pret\u00e9rito perfecto y el futuro.<\/strong><\/p>\n<p>1) \u00bfQu\u00e9 haces los fines de semana?<\/p>\n<p>Ejemplo: Los fines de semana visito a mis padres.<\/p>\n<p>2) \u00bfQu\u00e9 has hecho hoy?<\/p>\n<p>Ejemplo: Hoy me he levantado muy temprano y he trabajado mucho.<\/p>\n<p>3) \u00bfQu\u00e9 vas a hacer ma\u00f1ana?<\/p>\n<p>Ma\u00f1ana voy a ir al gimnasio y despu\u00e9s voy a salir con mis amigos.<\/p>\n<p><strong>Recuerda (kom ih\u00e5g) responder y luego preguntar: \u00bfY t\u00fa?<\/strong><\/p>\n<p>&nbsp;<\/p>\n<p><strong>3. Leer el texto \u201cComer en Madrid\u201d, p\u00e1ginas 65-67:<\/strong><\/p>\n<p>a) Revisar la tarea:<\/p>\n<p>Subrayar (stryka under) las expresiones de tiempo. Usar las p. 45 y 55 como ayuda (Expresiones de tiempo I y II).<\/p>\n<p>En grupo, escribir 5 oraciones con esas expresiones de tiempo.<\/p>\n<p>&nbsp;<\/p>\n<p>b) Estudiar el vocabulario. \u00bfPreguntas?<strong> Vocabulario:<\/strong><\/p>\n<p>el extranjero\u00a0\u00a0\u00a0\u00a0\u00a0\u00a0\u00a0\u00a0\u00a0\u00a0\u00a0\u00a0\u00a0\u00a0\u00a0\u00a0\u00a0\u00a0\u00a0\u00a0\u00a0\u00a0\u00a0\u00a0\u00a0\u00a0\u00a0\u00a0\u00a0\u00a0\u00a0\u00a0\u00a0\u00a0\u00a0\u00a0 Me gusta viajar al extranjero.<\/p>\n<p>el extranjero, la extranjera\u00a0\u00a0\u00a0\u00a0\u00a0\u00a0\u00a0\u00a0\u00a0\u00a0\u00a0\u00a0 Tengo muchos amigos extranjeros.<\/p>\n<p>Muchos extranjeros vienen a Suecia por necesidad.<\/p>\n<p>sano\u00a0\u00a0\u00a0\u00a0\u00a0\u00a0\u00a0\u00a0\u00a0\u00a0\u00a0\u00a0\u00a0\u00a0\u00a0\u00a0\u00a0\u00a0\u00a0\u00a0\u00a0\u00a0\u00a0\u00a0\u00a0\u00a0\u00a0\u00a0\u00a0\u00a0\u00a0\u00a0\u00a0\u00a0\u00a0\u00a0\u00a0\u00a0\u00a0\u00a0\u00a0\u00a0\u00a0\u00a0\u00a0\u00a0\u00a0\u00a0\u00a0 Necesitamos comer sano\u2026<\/p>\n<p>la salud\u00a0\u00a0\u00a0\u00a0\u00a0\u00a0\u00a0\u00a0\u00a0\u00a0\u00a0\u00a0\u00a0\u00a0\u00a0\u00a0\u00a0\u00a0\u00a0\u00a0\u00a0\u00a0\u00a0\u00a0\u00a0\u00a0\u00a0\u00a0\u00a0\u00a0\u00a0\u00a0\u00a0\u00a0\u00a0\u00a0\u00a0\u00a0\u00a0\u00a0\u00a0\u00a0\u00a0\u00a0 \u2026para cuidar nuestra salud.<\/p>\n<p>encontrar \/ ue\u00a0\u00a0\u00a0\u00a0\u00a0\u00a0\u00a0\u00a0\u00a0\u00a0\u00a0\u00a0\u00a0\u00a0\u00a0\u00a0\u00a0\u00a0\u00a0\u00a0\u00a0 En Madrid siempre encuentro buenos restaurantes.<\/p>\n<p>en la calle\u00a0\u00a0\u00a0\u00a0\u00a0\u00a0\u00a0\u00a0\u00a0\u00a0\u00a0\u00a0\u00a0\u00a0\u00a0\u00a0\u00a0\u00a0\u00a0\u00a0\u00a0\u00a0\u00a0\u00a0\u00a0\u00a0\u00a0\u00a0 Los viernes me gusta cenar en la calle.<\/p>\n<p>lleno de gente\u00a0\u00a0\u00a0\u00a0\u00a0\u00a0\u00a0\u00a0\u00a0\u00a0\u00a0\u00a0\u00a0\u00a0\u00a0\u00a0\u00a0\u00a0\u00a0\u00a0 El tren est\u00e1 lleno de gente.<\/p>\n<p>el vecino\u00a0\u00a0\u00a0\u00a0\u00a0\u00a0\u00a0\u00a0\u00a0\u00a0\u00a0\u00a0\u00a0\u00a0\u00a0\u00a0\u00a0\u00a0\u00a0\u00a0\u00a0\u00a0\u00a0\u00a0\u00a0\u00a0\u00a0\u00a0\u00a0\u00a0 Tengo suerte, tengo buenos vecinos.<\/p>\n<p>charlar\u00a0\u00a0\u00a0\u00a0\u00a0\u00a0\u00a0\u00a0\u00a0\u00a0\u00a0\u00a0\u00a0\u00a0\u00a0\u00a0\u00a0\u00a0\u00a0\u00a0\u00a0\u00a0\u00a0\u00a0\u00a0\u00a0\u00a0\u00a0\u00a0\u00a0\u00a0\u00a0\u00a0\u00a0 Siempre charlo con mis colegas a la hora del almuerzo.<\/p>\n<p>cobrar \u00a0\u00a0\u00a0\u00a0\u00a0\u00a0\u00a0\u00a0\u00a0\u00a0\u00a0\u00a0\u00a0\u00a0\u00a0\u00a0\u00a0\u00a0\u00a0\u00a0\u00a0\u00a0\u00a0\u00a0\u00a0\u00a0\u00a0\u00a0\u00a0\u00a0\u00a0\u00a0\u00a0\u00a0 Cuando cobro, me gusta ir al cine.<\/p>\n<p>disfrutar \u00a0\u00a0\u00a0\u00a0\u00a0\u00a0\u00a0\u00a0\u00a0\u00a0\u00a0\u00a0\u00a0\u00a0\u00a0\u00a0\u00a0\u00a0\u00a0\u00a0\u00a0\u00a0\u00a0\u00a0\u00a0\u00a0\u00a0\u00a0\u00a0\u00a0 Disfruto mucho cuando salgo a pasear con mi perro.<\/p>\n<p>coger \u00a0\u00a0\u00a0\u00a0\u00a0\u00a0\u00a0\u00a0\u00a0\u00a0\u00a0\u00a0\u00a0\u00a0\u00a0\u00a0\u00a0\u00a0\u00a0\u00a0\u00a0\u00a0\u00a0\u00a0\u00a0\u00a0\u00a0\u00a0\u00a0\u00a0\u00a0\u00a0\u00a0\u00a0\u00a0 Todas las ma\u00f1anas cojo el metro para ir al trabajo.<\/p>\n<p>caro \u00a0\u00a0\u00a0\u00a0\u00a0\u00a0\u00a0\u00a0\u00a0\u00a0\u00a0\u00a0\u00a0\u00a0\u00a0\u00a0\u00a0\u00a0\u00a0\u00a0\u00a0\u00a0\u00a0\u00a0\u00a0\u00a0\u00a0\u00a0\u00a0\u00a0\u00a0\u00a0\u00a0\u00a0\u00a0\u00a0\u00a0 El caf\u00e9 est\u00e1 m\u00e1s caro ahora.<\/p>\n<p>recomendar \u00a0\u00a0\u00a0\u00a0\u00a0\u00a0\u00a0\u00a0\u00a0\u00a0\u00a0\u00a0\u00a0\u00a0\u00a0\u00a0\u00a0\u00a0\u00a0\u00a0\u00a0\u00a0\u00a0\u00a0 Si vas a Barcelona, te recomiendo ir al caf\u00e9 Z\u00farich<\/p>\n<p>genial\u00a0\u00a0\u00a0\u00a0\u00a0\u00a0\u00a0\u00a0\u00a0\u00a0\u00a0\u00a0\u00a0\u00a0\u00a0\u00a0\u00a0\u00a0\u00a0\u00a0\u00a0\u00a0\u00a0\u00a0\u00a0\u00a0\u00a0\u00a0\u00a0\u00a0\u00a0\u00a0\u00a0\u00a0\u00a0 En el caf\u00e9 Z\u00farich los bocadillos son geniales.<\/p>\n<p>rico, riqu\u00edsimo\u00a0\u00a0\u00a0\u00a0\u00a0\u00a0\u00a0\u00a0\u00a0\u00a0\u00a0\u00a0\u00a0\u00a0\u00a0\u00a0\u00a0\u00a0\u00a0\u00a0\u00a0 La cena ha estado riqu\u00edsima.<\/p>\n<p>desayunar \u00a0\u00a0\u00a0\u00a0\u00a0\u00a0\u00a0\u00a0\u00a0\u00a0\u00a0\u00a0\u00a0\u00a0\u00a0\u00a0\u00a0\u00a0\u00a0\u00a0\u00a0\u00a0\u00a0\u00a0\u00a0\u00a0 Normalmente desayuno en casa\u2026<\/p>\n<p>almorzar \/ ue\u00a0\u00a0\u00a0\u00a0\u00a0\u00a0\u00a0\u00a0\u00a0\u00a0\u00a0\u00a0\u00a0\u00a0\u00a0\u00a0\u00a0\u00a0\u00a0\u00a0\u00a0\u00a0\u00a0 \u2026 pero almuerzo en el trabajo. Llevo una lonchera.<\/p>\n<p>cenar\u00a0\u00a0\u00a0\u00a0\u00a0\u00a0\u00a0\u00a0\u00a0\u00a0\u00a0\u00a0\u00a0\u00a0\u00a0\u00a0\u00a0\u00a0\u00a0\u00a0\u00a0\u00a0\u00a0\u00a0\u00a0\u00a0\u00a0\u00a0\u00a0\u00a0\u00a0\u00a0\u00a0\u00a0\u00a0\u00a0 Ceno a las 7 de la noche, tambi\u00e9n en casa.<\/p>\n<p>&nbsp;<\/p>\n<h5><span style=\"color: #ff0000\"><strong>TAREA:<\/strong><\/span><\/h5>\n<ol>\n<li>Estudiar las p\u00e1ginas 68 y 69. Anotar preguntas.<\/li>\n<li>Ejercicio 7, p. 73.<\/li>\n<\/ol>\n<h5><span style=\"color: #0000ff\">Clase 1 &#8211; 24 de febrero<\/span><\/h5>\n<h5>1. El curso<\/h5>\n<p><strong>Libro: <\/strong>Caminando\u00a0 2, unidades\u00a0 \u00a03a\u00a0 &#8211;\u00a0 4b, p\u00e1ginas 64 &#8211; 115.<\/p>\n<p><strong>Textos en sueco (p.194), autodiagn\u00f3stico (p. 178) y diccionario (p, 236).<\/strong><\/p>\n<p><strong>Ejercicios en la p\u00e1gina web: <\/strong><\/p>\n<p>www.nok.se \u21d2 crear una cuenta \u21d2 ir a Extramaterial \u21d2 Caminando 2<\/p>\n<p><strong>Contenido del curso (resumen): <\/strong><\/p>\n<p>F\u00f6rst\u00e5, fr\u00e5ga och ber\u00e4tta om mat, dryck och matvanor.<\/p>\n<p>Best\u00e4lla p\u00e5 restaurang.<\/p>\n<p>Ber\u00e4tta om en n\u00f6dsituation.<\/p>\n<p>Beskriva och ber\u00e4tta i d\u00e5tid.<\/p>\n<p><strong>Gram\u00e1tica:\u00a0<\/strong><\/p>\n<p>ESTAR + gerundium.<\/p>\n<p>SER\u00a0\u00a0 eller\u00a0 ESTAR.<\/p>\n<p>Preteritum av regelbundna \u00a0verb.<\/p>\n<p>Demonstrativa pronomen.<\/p>\n<p>Vocabul\u00e4r:\u00a0 mat, dryck, p\u00e5 restaurangen, m\u00e4nniskokroppen.<\/p>\n<p>Komparation av adjektiv.<\/p>\n<p>Adjektiv som slutar p\u00e5\u00a0 -\u00cdSIMO \/ -\u00cdSIMA.<\/p>\n<p><strong>Dianas blogg.<\/strong><\/p>\n<p><strong>Tarea.<\/strong><\/p>\n<p>&nbsp;<\/p>\n<h5>2. Repaso:<\/h5>\n<p><strong>Ejercicio 1: dar informaci\u00f3n personal.<\/strong><\/p>\n<p>Verbos mas utilizados para entender, pedir y dar informaci\u00f3n personal: llamarse, ser (de), tener, vivir (en, con), estar, hablar, trabajar (de, en), estudiar, gustar.<\/p>\n<p><strong>Ejercicio 2: \u00bfCu\u00e1l es la pregunta?<\/strong><\/p>\n<p><a href=\"http:\/\/blogg.folkuniversitetet.nu\/fuendi\/files\/2022\/02\/IMG_20220225_145001_edit_884850535807168-scaled.jpg\"><img loading=\"lazy\" decoding=\"async\" class=\"size-medium wp-image-1459\" src=\"http:\/\/blogg.folkuniversitetet.nu\/fuendi\/files\/2022\/02\/IMG_20220225_145001_edit_884850535807168-300x143.jpg\" alt=\"\" width=\"300\" height=\"143\" srcset=\"https:\/\/blogg.folkuniversitetet.nu\/fuendi\/files\/2022\/02\/IMG_20220225_145001_edit_884850535807168-300x143.jpg 300w, https:\/\/blogg.folkuniversitetet.nu\/fuendi\/files\/2022\/02\/IMG_20220225_145001_edit_884850535807168-1024x488.jpg 1024w, https:\/\/blogg.folkuniversitetet.nu\/fuendi\/files\/2022\/02\/IMG_20220225_145001_edit_884850535807168-768x366.jpg 768w, https:\/\/blogg.folkuniversitetet.nu\/fuendi\/files\/2022\/02\/IMG_20220225_145001_edit_884850535807168-1536x733.jpg 1536w, https:\/\/blogg.folkuniversitetet.nu\/fuendi\/files\/2022\/02\/IMG_20220225_145001_edit_884850535807168-2048x977.jpg 2048w\" sizes=\"auto, (max-width: 300px) 100vw, 300px\" \/><\/a><\/p>\n<p>&nbsp;<\/p>\n<p><strong>Ejercicio 3: p\u00e1gina\u00a0 8. Saludar \/ presentarse + hacer 5 preguntas<\/strong><\/p>\n<p><strong>Ejercicio 4: Repasar las frases, p\u00e1gina 10.<\/strong><\/p>\n<p><strong>Ejercicio 5: Repasar el presente, el pret\u00e9rito perfecto y el futuro.<\/strong><\/p>\n<p>1) \u00bfQu\u00e9 haces los fines de semana?<\/p>\n<p>Ejemplo: Los fines de semana visito a mis padres.<\/p>\n<p>2) \u00bfQu\u00e9 has hecho hoy?<\/p>\n<p>Ejemplo: Hoy me he levantado muy temprano y he trabajado mucho.<\/p>\n<p>3) \u00bfQu\u00e9 vas a hacer ma\u00f1ana?<\/p>\n<p>Ma\u00f1ana voy a ir al gimnasio y despu\u00e9s voy a salir con mis amigos.<\/p>\n<p><span style=\"color: #ff0000\"><strong>OBSERVA:<\/strong><\/span> Puedes preparar (f\u00f6rbereda) las respuestas a estas preguntas para la pr\u00f3xima clase.<\/p>\n<p>&nbsp;<\/p>\n<h5><span style=\"color: #ff0000\">TAREA:<\/span><\/h5>\n<p>1. Leer el texto \u201cComer en Madrid\u201d, p\u00e1ginas 65-67:<\/p>\n<p>a) Subrayar (stryka under) las expresiones de tiempo. Usar las p. 45 y 55 como ayuda (Expresiones de tiempo I y II).<\/p>\n<p>b) Estudiar el vocabulario.<\/p>\n<p>c) Responder las preguntas de Comprensi\u00f3n del texto, p. 67.<\/p>\n<p>2. Estudiar el vocabulario, comida y bebida, p. 70.<\/p>\n<p>3. Ejercicio 2, p. 71.<\/p>\n","protected":false},"excerpt":{"rendered":"<p>Clase 2 &#8211; 3 de marzo 1. Saluda a 3 compa\u00f1eros de clase (usa la p\u00e1gina 8). Explica con m\u00e1s detalles c\u00f3mo est\u00e1s y habla del trabajo, del tiempo, de tu d\u00eda o de la clase (tarea, etc). Pueden terminar la conversaci\u00f3n as\u00ed: &#8211; Gracias por practicar conmigo. &#8211; Igualmente \/ Gracias a ti, nos &hellip; <a href=\"https:\/\/blogg.folkuniversitetet.nu\/fuendi\/spanska-a2-del-2-torsdagar\/\" class=\"more-link\">Forts\u00e4tt l\u00e4sa <span class=\"screen-reader-text\">Spanska A2 del 2 &#8211; Torsdagar<\/span> <span class=\"meta-nav\">&rarr;<\/span><\/a><\/p>\n","protected":false},"author":787,"featured_media":0,"parent":0,"menu_order":0,"comment_status":"closed","ping_status":"closed","template":"","meta":{"footnotes":""},"class_list":["post-1455","page","type-page","status-publish","hentry"],"_links":{"self":[{"href":"https:\/\/blogg.folkuniversitetet.nu\/fuendi\/wp-json\/wp\/v2\/pages\/1455","targetHints":{"allow":["GET"]}}],"collection":[{"href":"https:\/\/blogg.folkuniversitetet.nu\/fuendi\/wp-json\/wp\/v2\/pages"}],"about":[{"href":"https:\/\/blogg.folkuniversitetet.nu\/fuendi\/wp-json\/wp\/v2\/types\/page"}],"author":[{"embeddable":true,"href":"https:\/\/blogg.folkuniversitetet.nu\/fuendi\/wp-json\/wp\/v2\/users\/787"}],"replies":[{"embeddable":true,"href":"https:\/\/blogg.folkuniversitetet.nu\/fuendi\/wp-json\/wp\/v2\/comments?post=1455"}],"version-history":[{"count":5,"href":"https:\/\/blogg.folkuniversitetet.nu\/fuendi\/wp-json\/wp\/v2\/pages\/1455\/revisions"}],"predecessor-version":[{"id":1482,"href":"https:\/\/blogg.folkuniversitetet.nu\/fuendi\/wp-json\/wp\/v2\/pages\/1455\/revisions\/1482"}],"wp:attachment":[{"href":"https:\/\/blogg.folkuniversitetet.nu\/fuendi\/wp-json\/wp\/v2\/media?parent=1455"}],"curies":[{"name":"wp","href":"https:\/\/api.w.org\/{rel}","templated":true}]}}