{"id":1022,"date":"2020-12-18T01:08:15","date_gmt":"2020-12-18T00:08:15","guid":{"rendered":"http:\/\/blogg.folkuniversitetet.nu\/fuendi\/?page_id=1022"},"modified":"2020-12-18T01:30:16","modified_gmt":"2020-12-18T00:30:16","slug":"clase-del-8-de-diciembre","status":"publish","type":"page","link":"https:\/\/blogg.folkuniversitetet.nu\/fuendi\/clase-del-8-de-diciembre\/","title":{"rendered":"Clase del 8 de diciembre"},"content":{"rendered":"<h5>GUSTAR, ENCANTAR, INTERESAR, ABURRIR, PARECER \/ A M\u00cd, A TI, A ELENA, p\u00e1gina 107<\/h5>\n<p>Ejercicio 2a y 2b, p\u00e1gina 109, individual.<\/p>\n<p>&nbsp;<\/p>\n<p>Conversar:<\/p>\n<p>1)\u00a0 &#8211; A m\u00ed me gusta (n) \/ encanta (n)\u2026\u00a0 \u00bfY a ti?<\/p>\n<p>&#8211; A m\u00ed tambi\u00e9n\u00a0\u00a0\u00a0 \/\u00a0\u00a0\u00a0 A m\u00ed no<\/p>\n<p>&nbsp;<\/p>\n<p>2) \u2013 A m\u00ed <strong>no<\/strong> me gusta (n) <strong>nada<\/strong> \/ <strong>para nada<\/strong>\u2026\u00a0 \u00bfY a ti?<\/p>\n<p>&#8211; A m\u00ed tampoco\u00a0\u00a0 \/\u00a0 A m\u00ed s\u00ed<\/p>\n<p>&nbsp;<\/p>\n<h5>Ejercicio 6, p\u00e1gina 111: Mi cumplea\u00f1os.<\/h5>\n<p>A \u00bfCu\u00e1ntos a\u00f1os tienes?<\/p>\n<p>B Tengo &#8230;.a\u00f1os.<\/p>\n<p>A \u00bfCu\u00e1ndo es tu cumplea\u00f1os?<\/p>\n<p>B Mi cumplea\u00f1os es el&#8230;<\/p>\n<p>A \u00bfC\u00f3mo vas a celebrar tu cumplea\u00f1os?<\/p>\n<p>B He preparado una fiesta. \u00bfQuieres venir?<\/p>\n<p>A \u00a1Por supuesto! \u00a1Gracias!<\/p>\n<p>B \u00a1Bienvenido!<\/p>\n<p>&nbsp;<\/p>\n<h5>Entrevista y cuenta \/ Intervjua och ber\u00e4tta<\/h5>\n<p>PDF aqu\u00ed \u21d2 <a href=\"http:\/\/blogg.folkuniversitetet.nu\/fuendi\/files\/2020\/04\/Entrevista-y-cuenta.pdf\">Entrevista y cuenta<\/a><\/p>\n<p>&nbsp;<\/p>\n<h5><span style=\"color: #ff0000\">TAREA:<\/span><\/h5>\n<ol>\n<li>Ejercicio 1, p\u00e1gina 109.<\/li>\n<li>Ejercicio 8, p\u00e1gina 111.<\/li>\n<li>Les recomiendo hacer la autoevaluaci\u00f3n (sj\u00e4lvdiagnosen) de las p\u00e1ginas 186 a 191 y repasar los contenidos necesarios. Controlen los resultados en las p\u00e1ginas 197 a 199.<\/li>\n<li><strong>\u00a1Feliz Navidad y Pr\u00f3spero A\u00f1o Nuevo!<\/strong><\/li>\n<\/ol>\n","protected":false},"excerpt":{"rendered":"<p>GUSTAR, ENCANTAR, INTERESAR, ABURRIR, PARECER \/ A M\u00cd, A TI, A ELENA, p\u00e1gina 107 Ejercicio 2a y 2b, p\u00e1gina 109, individual. &nbsp; Conversar: 1)\u00a0 &#8211; A m\u00ed me gusta (n) \/ encanta (n)\u2026\u00a0 \u00bfY a ti? &#8211; A m\u00ed tambi\u00e9n\u00a0\u00a0\u00a0 \/\u00a0\u00a0\u00a0 A m\u00ed no &nbsp; 2) \u2013 A m\u00ed no me gusta (n) nada \/ &hellip; <a href=\"https:\/\/blogg.folkuniversitetet.nu\/fuendi\/clase-del-8-de-diciembre\/\" class=\"more-link\">Forts\u00e4tt l\u00e4sa <span class=\"screen-reader-text\">Clase del 8 de diciembre<\/span> <span class=\"meta-nav\">&rarr;<\/span><\/a><\/p>\n","protected":false},"author":787,"featured_media":0,"parent":0,"menu_order":0,"comment_status":"closed","ping_status":"closed","template":"","meta":{"footnotes":""},"class_list":["post-1022","page","type-page","status-publish","hentry"],"_links":{"self":[{"href":"https:\/\/blogg.folkuniversitetet.nu\/fuendi\/wp-json\/wp\/v2\/pages\/1022","targetHints":{"allow":["GET"]}}],"collection":[{"href":"https:\/\/blogg.folkuniversitetet.nu\/fuendi\/wp-json\/wp\/v2\/pages"}],"about":[{"href":"https:\/\/blogg.folkuniversitetet.nu\/fuendi\/wp-json\/wp\/v2\/types\/page"}],"author":[{"embeddable":true,"href":"https:\/\/blogg.folkuniversitetet.nu\/fuendi\/wp-json\/wp\/v2\/users\/787"}],"replies":[{"embeddable":true,"href":"https:\/\/blogg.folkuniversitetet.nu\/fuendi\/wp-json\/wp\/v2\/comments?post=1022"}],"version-history":[{"count":5,"href":"https:\/\/blogg.folkuniversitetet.nu\/fuendi\/wp-json\/wp\/v2\/pages\/1022\/revisions"}],"predecessor-version":[{"id":1028,"href":"https:\/\/blogg.folkuniversitetet.nu\/fuendi\/wp-json\/wp\/v2\/pages\/1022\/revisions\/1028"}],"wp:attachment":[{"href":"https:\/\/blogg.folkuniversitetet.nu\/fuendi\/wp-json\/wp\/v2\/media?parent=1022"}],"curies":[{"name":"wp","href":"https:\/\/api.w.org\/{rel}","templated":true}]}}