{"id":93,"date":"2014-11-27T08:57:09","date_gmt":"2014-11-27T08:57:09","guid":{"rendered":"http:\/\/blogg.folkuniversitetet.nu\/fajila\/?page_id=93"},"modified":"2014-11-27T08:59:16","modified_gmt":"2014-11-27T08:59:16","slug":"presentacion-prezi-verbo-tener","status":"publish","type":"page","link":"https:\/\/blogg.folkuniversitetet.nu\/fajila\/verbos\/el-verbo-tener\/presentacion-prezi-verbo-tener\/","title":{"rendered":"Presentaci\u00f3n prezi-verbo tener"},"content":{"rendered":"<p><strong><span style=\"color: #339966\">Vad kan man s\u00e4gar om desea bilder?<\/span><\/strong><\/p>\n<p>Anv\u00e4nda verbet &#8221;tener&#8221; son i exemplet:<\/p>\n<p>&#8221;Tener hambre&#8221;&#8211;&gt; el ni\u00f1o tiene hambre<\/p>\n<p><a href=\"http:\/\/prezi.com\/gvimzilkwdps\/?utm_campaign=share&amp;utm_medium=copy&amp;rc=ex0share\"><img loading=\"lazy\" decoding=\"async\" class=\"alignnone wp-image-94 size-medium\" src=\"http:\/\/blogg.folkuniversitetet.nu\/fajila\/files\/2014\/11\/Screen-Shot-2014-11-27-at-09.51.05-300x187.png\" alt=\"Screen Shot 2014-11-27 at 09.51.05\" width=\"300\" height=\"187\" srcset=\"https:\/\/blogg.folkuniversitetet.nu\/fajila\/files\/2014\/11\/Screen-Shot-2014-11-27-at-09.51.05-300x187.png 300w, https:\/\/blogg.folkuniversitetet.nu\/fajila\/files\/2014\/11\/Screen-Shot-2014-11-27-at-09.51.05-1024x640.png 1024w, https:\/\/blogg.folkuniversitetet.nu\/fajila\/files\/2014\/11\/Screen-Shot-2014-11-27-at-09.51.05-480x300.png 480w\" sizes=\"auto, (max-width: 300px) 100vw, 300px\" \/><\/a><\/p>\n","protected":false},"excerpt":{"rendered":"<p>Vad kan man s\u00e4gar om desea bilder? Anv\u00e4nda verbet &#8221;tener&#8221; son i exemplet: &#8221;Tener hambre&#8221;&#8211;&gt; el ni\u00f1o tiene hambre<\/p>\n","protected":false},"author":223,"featured_media":0,"parent":91,"menu_order":0,"comment_status":"open","ping_status":"open","template":"","meta":{"footnotes":""},"class_list":["post-93","page","type-page","status-publish","hentry"],"_links":{"self":[{"href":"https:\/\/blogg.folkuniversitetet.nu\/fajila\/wp-json\/wp\/v2\/pages\/93","targetHints":{"allow":["GET"]}}],"collection":[{"href":"https:\/\/blogg.folkuniversitetet.nu\/fajila\/wp-json\/wp\/v2\/pages"}],"about":[{"href":"https:\/\/blogg.folkuniversitetet.nu\/fajila\/wp-json\/wp\/v2\/types\/page"}],"author":[{"embeddable":true,"href":"https:\/\/blogg.folkuniversitetet.nu\/fajila\/wp-json\/wp\/v2\/users\/223"}],"replies":[{"embeddable":true,"href":"https:\/\/blogg.folkuniversitetet.nu\/fajila\/wp-json\/wp\/v2\/comments?post=93"}],"version-history":[{"count":4,"href":"https:\/\/blogg.folkuniversitetet.nu\/fajila\/wp-json\/wp\/v2\/pages\/93\/revisions"}],"predecessor-version":[{"id":98,"href":"https:\/\/blogg.folkuniversitetet.nu\/fajila\/wp-json\/wp\/v2\/pages\/93\/revisions\/98"}],"up":[{"embeddable":true,"href":"https:\/\/blogg.folkuniversitetet.nu\/fajila\/wp-json\/wp\/v2\/pages\/91"}],"wp:attachment":[{"href":"https:\/\/blogg.folkuniversitetet.nu\/fajila\/wp-json\/wp\/v2\/media?parent=93"}],"curies":[{"name":"wp","href":"https:\/\/api.w.org\/{rel}","templated":true}]}}