{"id":42,"date":"2014-10-25T09:41:22","date_gmt":"2014-10-25T09:41:22","guid":{"rendered":"http:\/\/blogg.folkuniversitetet.nu\/fajila\/?page_id=42"},"modified":"2014-10-25T10:02:39","modified_gmt":"2014-10-25T10:02:39","slug":"ejercicio-de-repeticion","status":"publish","type":"page","link":"https:\/\/blogg.folkuniversitetet.nu\/fajila\/videos\/ejercicio-de-repeticion\/","title":{"rendered":"Ejercicios de repetici\u00f3n"},"content":{"rendered":"<p>Spela in dig sj\u00e4lv! Klicka p\u00e5 l\u00e4nken, lyssna och upprepa \u00f6vningen.<\/p>\n<p>Vad har jag i min\u00a0ryggs\u00e4cken?<\/p>\n<p><a title=\"mailVU klippen\" href=\"http:\/\/ml.vu\/1wriCsf\">http:\/\/ml.vu\/1wriCsf<\/a><\/p>\n","protected":false},"excerpt":{"rendered":"<p>Spela in dig sj\u00e4lv! Klicka p\u00e5 l\u00e4nken, lyssna och upprepa \u00f6vningen. Vad har jag i min\u00a0ryggs\u00e4cken? http:\/\/ml.vu\/1wriCsf<\/p>\n","protected":false},"author":223,"featured_media":0,"parent":45,"menu_order":0,"comment_status":"open","ping_status":"open","template":"","meta":{"footnotes":""},"class_list":["post-42","page","type-page","status-publish","hentry"],"_links":{"self":[{"href":"https:\/\/blogg.folkuniversitetet.nu\/fajila\/wp-json\/wp\/v2\/pages\/42","targetHints":{"allow":["GET"]}}],"collection":[{"href":"https:\/\/blogg.folkuniversitetet.nu\/fajila\/wp-json\/wp\/v2\/pages"}],"about":[{"href":"https:\/\/blogg.folkuniversitetet.nu\/fajila\/wp-json\/wp\/v2\/types\/page"}],"author":[{"embeddable":true,"href":"https:\/\/blogg.folkuniversitetet.nu\/fajila\/wp-json\/wp\/v2\/users\/223"}],"replies":[{"embeddable":true,"href":"https:\/\/blogg.folkuniversitetet.nu\/fajila\/wp-json\/wp\/v2\/comments?post=42"}],"version-history":[{"count":7,"href":"https:\/\/blogg.folkuniversitetet.nu\/fajila\/wp-json\/wp\/v2\/pages\/42\/revisions"}],"predecessor-version":[{"id":52,"href":"https:\/\/blogg.folkuniversitetet.nu\/fajila\/wp-json\/wp\/v2\/pages\/42\/revisions\/52"}],"up":[{"embeddable":true,"href":"https:\/\/blogg.folkuniversitetet.nu\/fajila\/wp-json\/wp\/v2\/pages\/45"}],"wp:attachment":[{"href":"https:\/\/blogg.folkuniversitetet.nu\/fajila\/wp-json\/wp\/v2\/media?parent=42"}],"curies":[{"name":"wp","href":"https:\/\/api.w.org\/{rel}","templated":true}]}}