{"id":149,"date":"2015-10-26T08:52:31","date_gmt":"2015-10-26T08:52:31","guid":{"rendered":"http:\/\/blogg.folkuniversitetet.nu\/fajila\/?page_id=149"},"modified":"2015-10-26T09:29:27","modified_gmt":"2015-10-26T09:29:27","slug":"hur-kan-man-skriva-pa-spanska-i-en-svensk-keyboard","status":"publish","type":"page","link":"https:\/\/blogg.folkuniversitetet.nu\/fajila\/viktig-information\/hur-kan-man-skriva-pa-spanska-i-en-svensk-keyboard\/","title":{"rendered":"Hur man g\u00f6r en upp och nerv\u00e4nt fr\u00e5getecken och utropstecken p\u00e5 ett svenskt tangentbord?"},"content":{"rendered":"<p><strong>Apple<\/strong><\/p>\n<p>Clicka p\u00e5 &#8221;System preferences&#8221; i Dock bar. V\u00e4lj &#8221;Language och region och clicka p\u00e5 (+) tecken. V\u00e4lj spanska. I meny bar finns det en icon som visar spr\u00e5ket du anv\u00e4nder f\u00f6r att skriva. V\u00e4lj spanska. Nu kan du skriva r\u00e4tt spansk fr\u00e5getecken och &#8221;\u00f1&#8221;.<\/p>\n<p><b>\u00bf &#8211;&gt; Shift\u00a0<\/b>+ [ <strong>\u00b4<\/strong> ] tangent<\/p>\n<p><strong>\u00a1 &#8211;&gt;\u00a0<\/strong>[\u00a0<strong>\u00b4<\/strong>\u00a0] tangent<\/p>\n<p><strong>\u00f1 &#8211;&gt;\u00a0\u00a0<\/strong>[ \u00f6\u00a0]\u00a0tangent<\/p>\n<p>&nbsp;<\/p>\n<p><strong>Windows<\/strong><\/p>\n<p><b>Alt<\/b>\u00a0+\u00a0<b>Ctrl<\/b>\u00a0+\u00a0<b>Shift<\/b>\u00a0och\u00a0<b>!<\/b>\u00a0resp\u00a0<b>?<\/b>\u00a0f\u00f6r att f\u00e5\u00a0<b>\u00a1<\/b>\u00a0och\u00a0<b>\u00bf<\/b><\/p>\n<p>&nbsp;<\/p>\n","protected":false},"excerpt":{"rendered":"<p>Apple Clicka p\u00e5 &#8221;System preferences&#8221; i Dock bar. V\u00e4lj &#8221;Language och region och clicka p\u00e5 (+) tecken. V\u00e4lj spanska. I meny bar finns det en icon som visar spr\u00e5ket du anv\u00e4nder f\u00f6r att skriva. V\u00e4lj spanska. Nu kan du skriva &hellip; <a href=\"https:\/\/blogg.folkuniversitetet.nu\/fajila\/viktig-information\/hur-kan-man-skriva-pa-spanska-i-en-svensk-keyboard\/\">Forts\u00e4tt l\u00e4sa <span class=\"meta-nav\">&rarr;<\/span><\/a><\/p>\n","protected":false},"author":223,"featured_media":0,"parent":145,"menu_order":0,"comment_status":"closed","ping_status":"closed","template":"","meta":{"footnotes":""},"class_list":["post-149","page","type-page","status-publish","hentry"],"_links":{"self":[{"href":"https:\/\/blogg.folkuniversitetet.nu\/fajila\/wp-json\/wp\/v2\/pages\/149","targetHints":{"allow":["GET"]}}],"collection":[{"href":"https:\/\/blogg.folkuniversitetet.nu\/fajila\/wp-json\/wp\/v2\/pages"}],"about":[{"href":"https:\/\/blogg.folkuniversitetet.nu\/fajila\/wp-json\/wp\/v2\/types\/page"}],"author":[{"embeddable":true,"href":"https:\/\/blogg.folkuniversitetet.nu\/fajila\/wp-json\/wp\/v2\/users\/223"}],"replies":[{"embeddable":true,"href":"https:\/\/blogg.folkuniversitetet.nu\/fajila\/wp-json\/wp\/v2\/comments?post=149"}],"version-history":[{"count":3,"href":"https:\/\/blogg.folkuniversitetet.nu\/fajila\/wp-json\/wp\/v2\/pages\/149\/revisions"}],"predecessor-version":[{"id":152,"href":"https:\/\/blogg.folkuniversitetet.nu\/fajila\/wp-json\/wp\/v2\/pages\/149\/revisions\/152"}],"up":[{"embeddable":true,"href":"https:\/\/blogg.folkuniversitetet.nu\/fajila\/wp-json\/wp\/v2\/pages\/145"}],"wp:attachment":[{"href":"https:\/\/blogg.folkuniversitetet.nu\/fajila\/wp-json\/wp\/v2\/media?parent=149"}],"curies":[{"name":"wp","href":"https:\/\/api.w.org\/{rel}","templated":true}]}}