{"id":147,"date":"2015-10-26T08:21:35","date_gmt":"2015-10-26T08:21:35","guid":{"rendered":"http:\/\/blogg.folkuniversitetet.nu\/fajila\/?page_id=147"},"modified":"2015-10-26T08:21:35","modified_gmt":"2015-10-26T08:21:35","slug":"vad-skriver-man-efter-utropstecken-fragetecken","status":"publish","type":"page","link":"https:\/\/blogg.folkuniversitetet.nu\/fajila\/viktig-information\/vad-skriver-man-efter-utropstecken-fragetecken\/","title":{"rendered":"Vad skriver man efter utropstecken\/ fr\u00e5getecken?"},"content":{"rendered":"<p>P\u00e5 spanska man kan skriva (,), (-) eller (;) efter utropstecken eller fr\u00e5getecken, men man kan aldrig skriva (.).<\/p>\n<p>t.ex. &#8221;\u00a1Hola!<strong>,<\/strong> \u00bfc\u00f3mo est\u00e1s?&#8221; \/&#8221;-\u00a1Hola!<strong>&#8211;<\/strong>dijo Ana&#8221;<\/p>\n<p>N\u00e4r tecken p\u00e5 st\u00e4ngnings (?!) \u00e4r\u00a0i slutet av en mening, ord som f\u00f6ljer skrivs med stor bokstav.<\/p>\n<p>t.ex. &#8221;-\u00bfD\u00f3nde vives? <strong>Yo<\/strong> vivo en Almer\u00eda.&#8221;<\/p>\n<p><a href=\"http:\/\/www.rae.es\/consultas\/ortografia-de-los-signos-de-interrogacion-y-exclamacion\">Mer information p\u00e5 spanska<\/a><\/p>\n","protected":false},"excerpt":{"rendered":"<p>P\u00e5 spanska man kan skriva (,), (-) eller (;) efter utropstecken eller fr\u00e5getecken, men man kan aldrig skriva (.). t.ex. &#8221;\u00a1Hola!, \u00bfc\u00f3mo est\u00e1s?&#8221; \/&#8221;-\u00a1Hola!&#8211;dijo Ana&#8221; N\u00e4r tecken p\u00e5 st\u00e4ngnings (?!) \u00e4r\u00a0i slutet av en mening, ord som f\u00f6ljer skrivs med &hellip; <a href=\"https:\/\/blogg.folkuniversitetet.nu\/fajila\/viktig-information\/vad-skriver-man-efter-utropstecken-fragetecken\/\">Forts\u00e4tt l\u00e4sa <span class=\"meta-nav\">&rarr;<\/span><\/a><\/p>\n","protected":false},"author":223,"featured_media":0,"parent":145,"menu_order":0,"comment_status":"closed","ping_status":"closed","template":"","meta":{"footnotes":""},"class_list":["post-147","page","type-page","status-publish","hentry"],"_links":{"self":[{"href":"https:\/\/blogg.folkuniversitetet.nu\/fajila\/wp-json\/wp\/v2\/pages\/147","targetHints":{"allow":["GET"]}}],"collection":[{"href":"https:\/\/blogg.folkuniversitetet.nu\/fajila\/wp-json\/wp\/v2\/pages"}],"about":[{"href":"https:\/\/blogg.folkuniversitetet.nu\/fajila\/wp-json\/wp\/v2\/types\/page"}],"author":[{"embeddable":true,"href":"https:\/\/blogg.folkuniversitetet.nu\/fajila\/wp-json\/wp\/v2\/users\/223"}],"replies":[{"embeddable":true,"href":"https:\/\/blogg.folkuniversitetet.nu\/fajila\/wp-json\/wp\/v2\/comments?post=147"}],"version-history":[{"count":1,"href":"https:\/\/blogg.folkuniversitetet.nu\/fajila\/wp-json\/wp\/v2\/pages\/147\/revisions"}],"predecessor-version":[{"id":148,"href":"https:\/\/blogg.folkuniversitetet.nu\/fajila\/wp-json\/wp\/v2\/pages\/147\/revisions\/148"}],"up":[{"embeddable":true,"href":"https:\/\/blogg.folkuniversitetet.nu\/fajila\/wp-json\/wp\/v2\/pages\/145"}],"wp:attachment":[{"href":"https:\/\/blogg.folkuniversitetet.nu\/fajila\/wp-json\/wp\/v2\/media?parent=147"}],"curies":[{"name":"wp","href":"https:\/\/api.w.org\/{rel}","templated":true}]}}