{"id":8,"date":"2018-04-06T10:04:16","date_gmt":"2018-04-06T08:04:16","guid":{"rendered":"http:\/\/blogg.folkuniversitetet.nu\/fagebo\/?page_id=8"},"modified":"2022-09-14T09:08:41","modified_gmt":"2022-09-14T07:08:41","slug":"lankar","status":"publish","type":"page","link":"https:\/\/blogg.folkuniversitetet.nu\/fagebo\/lankar\/","title":{"rendered":"L\u00e4nkar"},"content":{"rendered":"<p><a href=\"https:\/\/eur02.safelinks.protection.outlook.com\/?url=https%3A%2F%2Fdigital.nok.se%2Fweb%2Fsite-709522%2Fstate-jurdcojshera%2Ffront-page&amp;data=05%7C01%7Cbodil.fagerberg%40folkuniversitetet.se%7C8554469c7d1b4ffe9b8308da8fd558b9%7Ca4d3b9bf20824eeeab79fd407faef1e5%7C0%7C0%7C637980443764303485%7CUnknown%7CTWFpbGZsb3d8eyJWIjoiMC4wLjAwMDAiLCJQIjoiV2luMzIiLCJBTiI6Ik1haWwiLCJXVCI6Mn0%3D%7C3000%7C%7C%7C&amp;sdata=2oTsQo1EoiKoMbX%2FxqTRcEed2Lg%2BYf3CpdciwnbB074%3D&amp;reserved=0\">Extramaterial Rivstart <\/a><\/p>\n<p><a href=\"https:\/\/www.nok.se\/loggain\">Rivstarts webbsida<\/a><\/p>\n<p><a href=\"https:\/\/spraakbanken.gu.se\/korp\/\">Korp spr\u00e5kbanken<\/a><\/p>\n<p><a href=\"http:\/\/sverigesradio.se\/\">Sveriges Radio<\/a><\/p>\n<p><a href=\"https:\/\/www.synonymer.se\/\">Synonymer<\/a><\/p>\n<p><a href=\"http:\/\/sverigesradio.se\/radioswedenpalattsvenska\">Nyheter p\u00e5 l\u00e4tt svenska<\/a><\/p>\n<p><a href=\"http:\/\/sverigesradio.se\/p3dokumentar\">P3 Dokument\u00e4rer<\/a><\/p>\n<p><a href=\"http:\/\/sverigesradio.se\/poddradio\">Sveriges Radios Poddradio<\/a><\/p>\n<p>&nbsp;<\/p>\n","protected":false},"excerpt":{"rendered":"<p>Extramaterial Rivstart Rivstarts webbsida Korp spr\u00e5kbanken Sveriges Radio Synonymer Nyheter p\u00e5 l\u00e4tt svenska P3 Dokument\u00e4rer Sveriges Radios Poddradio &nbsp;<\/p>\n","protected":false},"author":738,"featured_media":0,"parent":0,"menu_order":0,"comment_status":"closed","ping_status":"closed","template":"","meta":{"footnotes":""},"class_list":["post-8","page","type-page","status-publish","hentry"],"_links":{"self":[{"href":"https:\/\/blogg.folkuniversitetet.nu\/fagebo\/wp-json\/wp\/v2\/pages\/8","targetHints":{"allow":["GET"]}}],"collection":[{"href":"https:\/\/blogg.folkuniversitetet.nu\/fagebo\/wp-json\/wp\/v2\/pages"}],"about":[{"href":"https:\/\/blogg.folkuniversitetet.nu\/fagebo\/wp-json\/wp\/v2\/types\/page"}],"author":[{"embeddable":true,"href":"https:\/\/blogg.folkuniversitetet.nu\/fagebo\/wp-json\/wp\/v2\/users\/738"}],"replies":[{"embeddable":true,"href":"https:\/\/blogg.folkuniversitetet.nu\/fagebo\/wp-json\/wp\/v2\/comments?post=8"}],"version-history":[{"count":13,"href":"https:\/\/blogg.folkuniversitetet.nu\/fagebo\/wp-json\/wp\/v2\/pages\/8\/revisions"}],"predecessor-version":[{"id":11,"href":"https:\/\/blogg.folkuniversitetet.nu\/fagebo\/wp-json\/wp\/v2\/pages\/8\/revisions\/11"}],"wp:attachment":[{"href":"https:\/\/blogg.folkuniversitetet.nu\/fagebo\/wp-json\/wp\/v2\/media?parent=8"}],"curies":[{"name":"wp","href":"https:\/\/api.w.org\/{rel}","templated":true}]}}