{"id":5182,"date":"2026-04-09T11:28:25","date_gmt":"2026-04-09T09:28:25","guid":{"rendered":"https:\/\/blogg.folkuniversitetet.nu\/fagebo\/?page_id=5182"},"modified":"2026-04-15T19:57:51","modified_gmt":"2026-04-15T17:57:51","slug":"b1-del-2-1-gang-i-veckan-start-15-4-26","status":"publish","type":"page","link":"https:\/\/blogg.folkuniversitetet.nu\/fagebo\/b1-del-2-1-gang-i-veckan-start-15-4-26\/","title":{"rendered":"B1 del 2 1 g\u00e5ng i veckan &#8211; Start 15\/4-26"},"content":{"rendered":"<p><span style=\"color: #000080\">\u00a0<\/span><b>L\u00e4xa till 22\/4<\/b><\/p>\n<p><b>&#8211; TB <\/b><span style=\"font-weight: 400\">s. 54 \u00f6vning F och G:\u00a0<\/span><\/p>\n<p><span style=\"font-weight: 400\">1) Lyssna (g\u00e4rna flera g\u00e5nger).<\/span><\/p>\n<p><span style=\"font-weight: 400\">2) Anteckna st\u00f6dord (key words).Tillsammans med en kompis ska du f\u00e5 \u00e5terber\u00e4tta vad som h\u00e4nder i texten om Maggi.<\/span><\/p>\n<p><span style=\"font-weight: 400\">3) L\u00e4r dig orden i \u00f6vning E.<\/span><\/p>\n<p><span style=\"font-weight: 400\">4) Svara p\u00e5 fr\u00e5gorna. Mejla mig om du vill s\u00e5 r\u00e4ttar jag.<\/span><\/p>\n<p><b>&#8211; \u00d6B <\/b><span style=\"font-weight: 400\">s. 55-56 (A och B)<\/span><\/p>\n<p><a href=\"https:\/\/docs.google.com\/document\/d\/1YwUdEYAtZcnqkvLc4LI9aR2Q5gskSxM2xWwSyJtfEgE\/edit?usp=sharing\"><b><span data-rich-links=\"{&quot;fple-t&quot;:&quot;Lektionsanteckningar B1 del 2 - 15\/4-26&quot;,&quot;fple-u&quot;:&quot;https:\/\/docs.google.com\/document\/d\/1YwUdEYAtZcnqkvLc4LI9aR2Q5gskSxM2xWwSyJtfEgE\/edit?usp=sharing&quot;,&quot;fple-mt&quot;:&quot;application\/vnd.google-apps.kix&quot;,&quot;type&quot;:&quot;first-party-link&quot;}\">Lektionsanteckningar B1 del 2 &#8211; 15\/4-26<\/span><\/b><\/a><\/p>\n","protected":false},"excerpt":{"rendered":"<p>\u00a0L\u00e4xa till 22\/4 &#8211; TB s. 54 \u00f6vning F och G:\u00a0 1) Lyssna (g\u00e4rna flera g\u00e5nger). 2) Anteckna st\u00f6dord (key words).Tillsammans med en kompis ska du f\u00e5 \u00e5terber\u00e4tta vad som h\u00e4nder i texten om Maggi. 3) L\u00e4r dig orden i \u00f6vning E. 4) Svara p\u00e5 fr\u00e5gorna. Mejla mig om du vill s\u00e5 r\u00e4ttar jag. &#8211; &hellip; <a href=\"https:\/\/blogg.folkuniversitetet.nu\/fagebo\/b1-del-2-1-gang-i-veckan-start-15-4-26\/\" class=\"more-link\">Forts\u00e4tt l\u00e4sa <span class=\"screen-reader-text\">B1 del 2 1 g\u00e5ng i veckan &#8211; Start 15\/4-26<\/span> <span class=\"meta-nav\">&rarr;<\/span><\/a><\/p>\n","protected":false},"author":738,"featured_media":0,"parent":0,"menu_order":0,"comment_status":"closed","ping_status":"closed","template":"","meta":{"footnotes":""},"class_list":["post-5182","page","type-page","status-publish","hentry"],"_links":{"self":[{"href":"https:\/\/blogg.folkuniversitetet.nu\/fagebo\/wp-json\/wp\/v2\/pages\/5182","targetHints":{"allow":["GET"]}}],"collection":[{"href":"https:\/\/blogg.folkuniversitetet.nu\/fagebo\/wp-json\/wp\/v2\/pages"}],"about":[{"href":"https:\/\/blogg.folkuniversitetet.nu\/fagebo\/wp-json\/wp\/v2\/types\/page"}],"author":[{"embeddable":true,"href":"https:\/\/blogg.folkuniversitetet.nu\/fagebo\/wp-json\/wp\/v2\/users\/738"}],"replies":[{"embeddable":true,"href":"https:\/\/blogg.folkuniversitetet.nu\/fagebo\/wp-json\/wp\/v2\/comments?post=5182"}],"version-history":[{"count":4,"href":"https:\/\/blogg.folkuniversitetet.nu\/fagebo\/wp-json\/wp\/v2\/pages\/5182\/revisions"}],"predecessor-version":[{"id":5187,"href":"https:\/\/blogg.folkuniversitetet.nu\/fagebo\/wp-json\/wp\/v2\/pages\/5182\/revisions\/5187"}],"wp:attachment":[{"href":"https:\/\/blogg.folkuniversitetet.nu\/fagebo\/wp-json\/wp\/v2\/media?parent=5182"}],"curies":[{"name":"wp","href":"https:\/\/api.w.org\/{rel}","templated":true}]}}