{"id":5165,"date":"2026-02-28T12:17:12","date_gmt":"2026-02-28T11:17:12","guid":{"rendered":"https:\/\/blogg.folkuniversitetet.nu\/fagebo\/?page_id=5165"},"modified":"2026-03-25T12:18:16","modified_gmt":"2026-03-25T11:18:16","slug":"svenska-pa-jobbet-start-3-3-26","status":"publish","type":"page","link":"https:\/\/blogg.folkuniversitetet.nu\/fagebo\/svenska-pa-jobbet-start-3-3-26\/","title":{"rendered":"Svenska p\u00e5 jobbet &#8211; start 3\/3-26"},"content":{"rendered":"<p><b>L\u00e4xa till 31\/3 &#8211; Sista tillf\u00e4llet<\/b><\/p>\n<p><b>&#8211; Presentation <\/b><span style=\"font-weight: 400\">(4-5 minuter)<\/span> <span style=\"font-weight: 400\">av n\u00e5got som kan relateras till ditt jobb\/har med ditt jobb att g\u00f6ra. G\u00f6r en powerpoint med n\u00e5gra bilder\/slides. Anv\u00e4nd en bilder\/slide d\u00e4r du f\u00f6rklarar nya\/sv\u00e5ra ord. <\/span><b>Mejla mig pp.<\/b><\/p>\n<p><b>&#8211; s. 38: <\/b><span style=\"font-weight: 400\">Lyssna p\u00e5 och l\u00e4s texten. Anteckna fem nya ord och l\u00e4r dig dem. Vi ska prata om texten idag.<\/span><\/p>\n<p>___________________________________________________________________________<\/p>\n<p><b>L\u00e4xa till 24\/3<\/b><\/p>\n<p><b>Yrkesliv <\/b><span style=\"font-weight: 400\">s. 28-29:\u00a0<\/span><\/p>\n<p><span style=\"font-weight: 400\">1) Skriv ett mejl och mejla mig s\u00e5 r\u00e4ttar jag.<\/span><\/p>\n<p><span style=\"font-weight: 400\">2) Spr\u00e5kfokus: Facit i slutet av boken.<\/span><\/p>\n<p><span style=\"font-weight: 400\">3) Sidan 31: L\u00e4s <\/span><i><span style=\"font-weight: 400\">Yrken som g\u00e5r i arv. <\/span><\/i><span style=\"font-weight: 400\">Anteckna <\/span><b>fem nya ord <\/b><span style=\"font-weight: 400\">och l\u00e4r dig f\u00f6rklara dem. Du ska ocks\u00e5 f\u00e5 \u00e5terber\u00e4tta texten idag \ud83d\ude42<\/span><\/p>\n<p><a href=\"https:\/\/docs.google.com\/document\/d\/1wg59L_XQpIDyg5LsB7tTkT8UTXPEezcRXw9HQoJkoS8\/edit?usp=sharing\"><b><span data-rich-links=\"{&quot;fple-t&quot;:&quot;Lektionsanteckningar Yrkesliv 24\/3-26&quot;,&quot;fple-u&quot;:&quot;https:\/\/docs.google.com\/document\/d\/1wg59L_XQpIDyg5LsB7tTkT8UTXPEezcRXw9HQoJkoS8\/edit?usp=sharing&quot;,&quot;fple-mt&quot;:&quot;application\/vnd.google-apps.kix&quot;,&quot;type&quot;:&quot;first-party-link&quot;}\">Lektionsanteckningar Yrkesliv 24\/3-26<\/span><\/b><\/a><\/p>\n<p>___________________________________________________________________________<b>L\u00e4xa till 17\/3<\/b><b><\/b><\/p>\n<p><b>&#8211; Yrkesliv <\/b><span style=\"font-weight: 400\">s. 23-24 uppgift E, F G: Skriv<\/span><b> en<\/b><span style=\"font-weight: 400\"> egen dialog till n\u00e5gon bilderna (22-23). Ta hj\u00e4lp av tillh\u00f6rande ord (n\u00e5gra). Du ska f\u00e5 l\u00e4sa upp din dialog f\u00f6r kompisarna. Mejla mig s\u00e5 r\u00e4ttar jag \ud83d\ude09<\/span><\/p>\n<p><b>&#8211; Yrkesliv<\/b><span style=\"font-weight: 400\"> s. 27:<\/span><\/p>\n<p><span style=\"font-weight: 400\">1) L\u00e4s och reflektera \u00f6ver <\/span><i><span style=\"font-weight: 400\">Saker att ta upp <\/span><\/i><span style=\"font-weight: 400\">(bl\u00e5a f\u00e4ltet)<\/span><i><span style=\"font-weight: 400\">+ Att diskutera <\/span><\/i><span style=\"font-weight: 400\">(gr\u00f6na f\u00e4ltet)<\/span><i><span style=\"font-weight: 400\">.<\/span><\/i><span style=\"font-weight: 400\">\u00a0<\/span><\/p>\n<p><span style=\"font-weight: 400\">2) G\u00f6r en egen lista med Trivselregler. Vi ska l\u00e4sa varandras regler, r\u00e4tta om det beh\u00f6vs och diskutera.<\/span><span style=\"font-weight: 400\">\u00a0<\/span><\/p>\n<p><b>Fler bindeord:\u00a0<\/b><\/p>\n<p><span style=\"font-weight: 400\">Till\u00e4gg<\/span><span style=\"font-weight: 400\">: och, dessutom, samt, vidare, dels \u2013 dels.<\/span><\/p>\n<p><span style=\"font-weight: 400\">Motsatser<\/span><span style=\"font-weight: 400\">: men, dock, \u00e5 andra sidan, trots att, d\u00e4remot.<\/span><\/p>\n<p><span style=\"font-weight: 400\">Orsaker\/Konsekvens<\/span><span style=\"font-weight: 400\">: eftersom, d\u00e4rf\u00f6r, f\u00f6r att, f\u00f6ljaktligen, s\u00e5.<\/span><\/p>\n<p><span style=\"font-weight: 400\">Tid<\/span><span style=\"font-weight: 400\">: n\u00e4r, d\u00e5, sedan, innan, medan, pl\u00f6tsligt, d\u00e4refter, slutligen<\/span><\/p>\n<p><span style=\"font-weight: 400\">F\u00f6rtydligande\/Exempel<\/span><span style=\"font-weight: 400\">: n\u00e4mligen, till exempel, med andra ord<\/span><\/p>\n<p><a href=\"https:\/\/docs.google.com\/document\/d\/1q1wL4MM2DM43ueZ7alnM4Rg-6d0X2DsciquXMrAgmkE\/edit?usp=sharing\"><b><span data-rich-links=\"{&quot;fple-t&quot;:&quot;Lektionsanteckningar Svenska p\u00e5 jobbet - 17\/3-26&quot;,&quot;fple-u&quot;:&quot;https:\/\/docs.google.com\/document\/d\/1q1wL4MM2DM43ueZ7alnM4Rg-6d0X2DsciquXMrAgmkE\/edit?usp=sharing&quot;,&quot;fple-mt&quot;:&quot;application\/vnd.google-apps.kix&quot;,&quot;type&quot;:&quot;first-party-link&quot;}\">Lektionsanteckningar Svenska p\u00e5 jobbet &#8211; 17\/3-26<\/span><\/b><\/a><\/p>\n<p>_______________________________________________________________________<\/p>\n<p><b>L\u00e4xa till 10\/3<\/b><\/p>\n<p><b>&#8211; Skriv <\/b><span style=\"font-weight: 400\">en text om din utbildning, ditt yrke, dina m\u00e5l och framtidsplaner. Se sidan 11 uppgift 4 i <\/span><i><span style=\"font-weight: 400\">Rivstart Yrkesliv.<\/span><\/i><\/p>\n<p><span style=\"font-weight: 400\">Mejla mig om du vill s\u00e5 r\u00e4ttar jag \ud83d\ude42<\/span><\/p>\n<p><b>&#8211; Yrkesliv &#8211; Extramaterial <\/b><span style=\"font-weight: 400\">s. 17:\u00a0<\/span><\/p>\n<p><span style=\"font-weight: 400\">1) Lyssna p\u00e5 Antonia och skriv st\u00f6dord.<\/span><\/p>\n<p><span style=\"font-weight: 400\">2) Anteckna 5-8 nya ord och l\u00e4r dig dem. Ni ska f\u00e5 f\u00f6rklara nya ord f\u00f6r varandra idag.<\/span><\/p>\n<p><span style=\"font-weight: 400\">3) Tr\u00e4na p\u00e5 att \u00e5terber\u00e4tta om Antonia.<\/span><\/p>\n<p><span style=\"font-weight: 400\">&#8211; <\/span><b>Yrkesliv <\/b><span style=\"font-weight: 400\">s. 14-15 \u00f6vning 2A + 2B<\/span><\/p>\n<p><a href=\"https:\/\/docs.google.com\/document\/d\/1ztfFMKHBf0G6mSVQM8QHb7Y0BxsRJejTVnwyVJ7mWUo\/edit?usp=sharing\"><b><span data-rich-links=\"{&quot;fple-t&quot;:&quot;Lektionsanteckningar Svenska p\u00e5 jobbet - 10\/3-26&quot;,&quot;fple-u&quot;:&quot;https:\/\/docs.google.com\/document\/d\/1ztfFMKHBf0G6mSVQM8QHb7Y0BxsRJejTVnwyVJ7mWUo\/edit?usp=sharing&quot;,&quot;fple-mt&quot;:&quot;application\/vnd.google-apps.kix&quot;,&quot;type&quot;:&quot;first-party-link&quot;}\">Lektionsanteckningar Svenska p\u00e5 jobbet &#8211; 10\/3-26<\/span><\/b><\/a><\/p>\n<p>___________________________________________________________________________<\/p>\n<p><strong><a href=\"https:\/\/docs.google.com\/document\/d\/1VYdBz6P44nSJrEQ2EASMAaIbZNFVROSquEYNTWMDsMM\/edit?usp=sharing\">Lektionsanteckningar Svenska p\u00e5 jobbet &#8211; 3\/3-26<\/a><\/strong><\/p>\n","protected":false},"excerpt":{"rendered":"<p>L\u00e4xa till 31\/3 &#8211; Sista tillf\u00e4llet &#8211; Presentation (4-5 minuter) av n\u00e5got som kan relateras till ditt jobb\/har med ditt jobb att g\u00f6ra. G\u00f6r en powerpoint med n\u00e5gra bilder\/slides. Anv\u00e4nd en bilder\/slide d\u00e4r du f\u00f6rklarar nya\/sv\u00e5ra ord. Mejla mig pp. &#8211; s. 38: Lyssna p\u00e5 och l\u00e4s texten. Anteckna fem nya ord och l\u00e4r dig &hellip; <a href=\"https:\/\/blogg.folkuniversitetet.nu\/fagebo\/svenska-pa-jobbet-start-3-3-26\/\" class=\"more-link\">Forts\u00e4tt l\u00e4sa <span class=\"screen-reader-text\">Svenska p\u00e5 jobbet &#8211; start 3\/3-26<\/span> <span class=\"meta-nav\">&rarr;<\/span><\/a><\/p>\n","protected":false},"author":738,"featured_media":0,"parent":0,"menu_order":0,"comment_status":"closed","ping_status":"closed","template":"","meta":{"footnotes":""},"class_list":["post-5165","page","type-page","status-publish","hentry"],"_links":{"self":[{"href":"https:\/\/blogg.folkuniversitetet.nu\/fagebo\/wp-json\/wp\/v2\/pages\/5165","targetHints":{"allow":["GET"]}}],"collection":[{"href":"https:\/\/blogg.folkuniversitetet.nu\/fagebo\/wp-json\/wp\/v2\/pages"}],"about":[{"href":"https:\/\/blogg.folkuniversitetet.nu\/fagebo\/wp-json\/wp\/v2\/types\/page"}],"author":[{"embeddable":true,"href":"https:\/\/blogg.folkuniversitetet.nu\/fagebo\/wp-json\/wp\/v2\/users\/738"}],"replies":[{"embeddable":true,"href":"https:\/\/blogg.folkuniversitetet.nu\/fagebo\/wp-json\/wp\/v2\/comments?post=5165"}],"version-history":[{"count":12,"href":"https:\/\/blogg.folkuniversitetet.nu\/fagebo\/wp-json\/wp\/v2\/pages\/5165\/revisions"}],"predecessor-version":[{"id":5180,"href":"https:\/\/blogg.folkuniversitetet.nu\/fagebo\/wp-json\/wp\/v2\/pages\/5165\/revisions\/5180"}],"wp:attachment":[{"href":"https:\/\/blogg.folkuniversitetet.nu\/fagebo\/wp-json\/wp\/v2\/media?parent=5165"}],"curies":[{"name":"wp","href":"https:\/\/api.w.org\/{rel}","templated":true}]}}