{"id":3460,"date":"2026-05-03T11:33:39","date_gmt":"2026-05-03T09:33:39","guid":{"rendered":"https:\/\/blogg.folkuniversitetet.nu\/erikan\/?page_id=3460"},"modified":"2026-05-06T08:28:49","modified_gmt":"2026-05-06T06:28:49","slug":"lektion-fyra-5-maj","status":"publish","type":"page","link":"https:\/\/blogg.folkuniversitetet.nu\/erikan\/lektion-fyra-5-maj\/","title":{"rendered":"Lektion fyra: 5 maj"},"content":{"rendered":"<p>Idag har vi gjort detta:<\/p>\n<ul>\n<li>B\u00f6rjat jobba med kapitel 2: &#8221;<strong>V\u00e4nner&#8221;<\/strong>\n<ul>\n<li>TB, s. 22: \u00d6vning A i par: L\u00e4s citaten.<\/li>\n<li>Prata med ett annat par om vilket av citaten ni gillar mest respektive minst.<\/li>\n<li>Ber\u00e4tta om n\u00e4r ni senast l\u00e4rde k\u00e4nna en ny person (\u00f6vning B).<\/li>\n<li>\u00d6vning C: Vad betyder adjektiven, fattas n\u00e5gra tycker ni?<\/li>\n<li>Prata i par om vad som \u00e4r viktigt med en v\u00e4n.<\/li>\n<\/ul>\n<\/li>\n<li>Quiz p\u00e5 adverben h\u00e4r\/hit, d\u00e4r\/dit, hem\/hemma:\u00a0 <a href=\"http:\/\/blogg.folkuniversitetet.nu\/erikan\/files\/2026\/05\/Hem-hemma-hit-har-dit-dar_vart_var.pdf\">Hem, hemma, hit, h\u00e4r, dit, d\u00e4r_vart_var<\/a>\u00a0FACIT : <a href=\"http:\/\/blogg.folkuniversitetet.nu\/erikan\/files\/2026\/03\/Hem-hemma-hit-har-dit-dar_vart_var-FACIT.pdf\">Hem, hemma, hit, h\u00e4r, dit, d\u00e4r_vart_var FACIT<\/a><\/li>\n<li>Ordlek! <a href=\"http:\/\/blogg.folkuniversitetet.nu\/erikan\/files\/2026\/05\/Ordlek_Tre-i-rad-.pdf\">Ordlek_Tre i rad<\/a><\/li>\n<\/ul>\n<p>H\u00e4r kan ni repetera skillnaden p\u00e5 tycker\/t\u00e4nker och tror: <a href=\"http:\/\/blogg.folkuniversitetet.nu\/erikan\/files\/2026\/05\/Jag-tanker-pa-Abisko.pdf\">Jag t\u00e4nker p\u00e5 Abisko<\/a><\/p>\n<p><strong><span style=\"text-decoration: underline\"><span style=\"color: #ff0000;text-decoration: underline\">L\u00c4XOR <\/span>till n\u00e4sta g\u00e5ng:<\/span><\/strong><\/p>\n<p>Memorera adjektiven, \u00f6vning C, TB, s. 23.<\/p>\n<p>TB, s. 24-25. \u00d6vning E (ljudfil 5).<\/p>\n<p>\u00d6B, s. 20-21 (\u00f6vning B &amp; C)<\/p>\n<p>\u201dRepetera kapitlet\u201d (kapitel 1) i \u00f6vningsboken, s. 22.<\/p>\n<p>Arbeta g\u00e4rna med extra-\u00f6vningarna till kapitel 1 p\u00e5 nok-portalen som repetition.<\/p>\n<p>Forts\u00e4tt jobba med ordleken!<\/p>\n<p>SKRIV: En liten halvtidsutv\u00e4rdering av kursen: Vad har varit bra (1-2 saker)? Vad vill du g\u00f6ra annorlunda (2 eller fler saker)?<\/p>\n<p>Supersnyggt jobbat idag! Ha nu en fin vecka och en sk\u00f6n helg s\u00e5 ses vi om en vecka!<\/p>\n<p><a href=\"http:\/\/blogg.folkuniversitetet.nu\/erikan\/files\/2026\/05\/5en-ko.jpg\"><img loading=\"lazy\" decoding=\"async\" class=\"alignnone size-medium wp-image-3497\" src=\"http:\/\/blogg.folkuniversitetet.nu\/erikan\/files\/2026\/05\/5en-ko-236x300.jpg\" alt=\"\" width=\"236\" height=\"300\" srcset=\"https:\/\/blogg.folkuniversitetet.nu\/erikan\/files\/2026\/05\/5en-ko-236x300.jpg 236w, https:\/\/blogg.folkuniversitetet.nu\/erikan\/files\/2026\/05\/5en-ko.jpg 478w\" sizes=\"auto, (max-width: 236px) 100vw, 236px\" \/><\/a><\/p>\n<p>Muuuuu, s\u00e4ger svenska kor! \ud83d\udc2e\ud83e\udd70<\/p>\n","protected":false},"excerpt":{"rendered":"<p>Idag har vi gjort detta: B\u00f6rjat jobba med kapitel 2: &#8221;V\u00e4nner&#8221; TB, s. 22: \u00d6vning A i par: L\u00e4s citaten. Prata med ett annat par om vilket av citaten ni gillar mest respektive minst. Ber\u00e4tta om n\u00e4r ni senast l\u00e4rde k\u00e4nna en ny person (\u00f6vning B). \u00d6vning C: Vad betyder adjektiven, fattas n\u00e5gra tycker ni? [&hellip;]<\/p>\n","protected":false},"author":904,"featured_media":0,"parent":0,"menu_order":0,"comment_status":"closed","ping_status":"closed","template":"","meta":{"footnotes":""},"class_list":["post-3460","page","type-page","status-publish","hentry","post-preview"],"_links":{"self":[{"href":"https:\/\/blogg.folkuniversitetet.nu\/erikan\/wp-json\/wp\/v2\/pages\/3460","targetHints":{"allow":["GET"]}}],"collection":[{"href":"https:\/\/blogg.folkuniversitetet.nu\/erikan\/wp-json\/wp\/v2\/pages"}],"about":[{"href":"https:\/\/blogg.folkuniversitetet.nu\/erikan\/wp-json\/wp\/v2\/types\/page"}],"author":[{"embeddable":true,"href":"https:\/\/blogg.folkuniversitetet.nu\/erikan\/wp-json\/wp\/v2\/users\/904"}],"replies":[{"embeddable":true,"href":"https:\/\/blogg.folkuniversitetet.nu\/erikan\/wp-json\/wp\/v2\/comments?post=3460"}],"version-history":[{"count":25,"href":"https:\/\/blogg.folkuniversitetet.nu\/erikan\/wp-json\/wp\/v2\/pages\/3460\/revisions"}],"predecessor-version":[{"id":3500,"href":"https:\/\/blogg.folkuniversitetet.nu\/erikan\/wp-json\/wp\/v2\/pages\/3460\/revisions\/3500"}],"wp:attachment":[{"href":"https:\/\/blogg.folkuniversitetet.nu\/erikan\/wp-json\/wp\/v2\/media?parent=3460"}],"curies":[{"name":"wp","href":"https:\/\/api.w.org\/{rel}","templated":true}]}}