{"id":3435,"date":"2026-05-01T09:56:52","date_gmt":"2026-05-01T07:56:52","guid":{"rendered":"https:\/\/blogg.folkuniversitetet.nu\/erikan\/?page_id=3435"},"modified":"2026-05-08T19:23:41","modified_gmt":"2026-05-08T17:23:41","slug":"a1-del-1-start-2-maj","status":"publish","type":"page","link":"https:\/\/blogg.folkuniversitetet.nu\/erikan\/a1-del-1-start-2-maj\/","title":{"rendered":"A1 del 1: start 2 maj"},"content":{"rendered":"<h4><span style=\"color: #ff00ff\">Lektion tv\u00e5, 9 maj:<\/span><\/h4>\n<p><strong><span style=\"color: #0000ff\">Nya par!<\/span><\/strong><\/p>\n<p><strong><span style=\"color: #0000ff\">Repetition<\/span><\/strong>: <span style=\"color: #0000ff\">H\u00e4lsa och presentera sig.<\/span><\/p>\n<p><span style=\"color: #0000ff\"><strong style=\"color: #333333\"><span style=\"color: #0000ff\">Repetition <\/span><\/strong><span style=\"color: #0000ff\">klassrumsfraser: <\/span><\/span>\u00a0<span style=\"text-decoration: underline;color: #00ccff\"><a style=\"color: #00ccff;text-decoration: underline\" href=\"http:\/\/blogg.folkuniversitetet.nu\/erikan\/files\/2026\/05\/Classroom-phrases.pdf\">Classroom phrases<\/a><\/span><\/p>\n<p><span style=\"color: #0000ff\"><strong>Uttal<\/strong>: <\/span>Textboken, kapitel 7, s. 87 (ljudfil 58). Mjukt och h\u00e5rt uttal av G, K, SK (implications of soft vs hard vowels when it comes to pronunciation of &#8221;G&#8221; and &#8221;K&#8221; and &#8221;SK&#8221;).<\/p>\n<p>Mjuka (soft) vokaler: E, I, Y, \u00c4, \u00d6.<\/p>\n<p>H\u00e5rda (hard) vokaler: A, O, U, \u00c5.<\/p>\n<p><strong><span style=\"color: #0000ff\">Civilst\u00e5nd (civil status)<\/span><\/strong>: Gift, sambo\/s\u00e4rbo, singel. Textboken, s. 14, ljudfil 6. \u00d6vning A, s. 15. <em><strong>Har<\/strong> <\/em>du en partner eller <strong><em>\u00e4r<\/em> <\/strong>du singel?<\/p>\n<p><strong><span style=\"color: #0000ff\">MUSIK!!\u00a0<\/span><\/strong><\/p>\n<p><span style=\"color: #0000ff\"><strong>Verb:\u00a0<\/strong><\/span>Presens, imperativ och infinitiv. <span style=\"text-decoration: underline\"><span style=\"color: #00ccff;text-decoration: underline\"><a style=\"color: #00ccff;text-decoration: underline\" href=\"http:\/\/blogg.folkuniversitetet.nu\/erikan\/files\/2026\/05\/Tre-verbformer.pdf\">Tre verbformer<\/a> <\/span><\/span>Vi g\u00f6r \u00f6vning B i TB, s. 16 .<\/p>\n<p><strong><span style=\"color: #0000ff\"><strong>Repetition <\/strong><\/span><\/strong><span style=\"color: #0000ff\">ordf\u00f6ljd i huvudsats <\/span>\u00a0<span style=\"text-decoration: underline;color: #00ccff\"><a style=\"color: #00ccff;text-decoration: underline\" href=\"http:\/\/blogg.folkuniversitetet.nu\/erikan\/files\/2026\/05\/huvudsatsschema-med-exempel.pdf\">huvudsatsschema med exempel<\/a>\u00a0<\/span> TB, s. 20 &#8221;Vad g\u00f6r de i Sverige?&#8221;<\/p>\n<p><strong><span style=\"color: #0000ff\">Konjunktioner: <\/span><\/strong>TB, s. 20-21, 266-267.<\/p>\n<p><span style=\"color: #ff0000\"><strong><span style=\"text-decoration: underline\">L\u00e4xor till l\u00f6rdag 16 maj:<\/span><\/strong><\/span><\/p>\n<p>Repetera allt (repeat everything that we did in class today)<\/p>\n<p>\u00d6va uttal \u00c5 och O. L\u00e4nk\/link:\u00a0<span style=\"text-decoration: underline\"><span style=\"color: #00ccff;text-decoration: underline\"><a style=\"color: #00ccff;text-decoration: underline\" href=\"https:\/\/digi.nokportalen.se\/contents\/4352034a-d7f9-4957-81cc-1f1cbc5fc931?section=7d3b5432-c157-4622-88bb-3b8fadbf1ef7\">Ljudfiler | Ljudfiler | Uttalsboken Extramaterial |<\/a> <\/span><\/span>(Lyssna p\u00e5 ljudfil &#8221;Sidan 15&#8221; &amp; &#8221;Sidan 16&#8221;.)<\/p>\n<p>\u00d6B (\u00f6vningsboken): Sidorna (pages)10 &amp; 16-18.<\/p>\n<p>&nbsp;<\/p>\n<h4><span style=\"color: #ff00ff\">Lektion ett, 2 maj:<\/span><\/h4>\n<p><span style=\"color: #0000ff\"><strong>Uttal<\/strong>:<\/span><\/p>\n<p>Alfabetet: TB (textboken), sidan (<em>page<\/em>) 17.<\/p>\n<p>L\u00e5ng vokal eller l\u00e5ng konsonant? TB, s. (sidan) 8 och 12.\u00a0 Kom ih\u00e5g att \u00f6\u00f6\u00f6\u00f6verdriiiva (exaaaageraaaaate)! \ud83d\ude09<\/p>\n<p><strong><span style=\"color: #0000ff\">Presentera sig<\/span><\/strong>: <a href=\"http:\/\/blogg.folkuniversitetet.nu\/erikan\/files\/2026\/05\/Hej.pdf\">Hej!<\/a><\/p>\n<p>Fr\u00e5geord: \u00d6B, s. 7 (3)<\/p>\n<p>N\u00e5gra yrken: TB, s. 12.<\/p>\n<p>N\u00e5gra spr\u00e5k och l\u00e4nder: <a href=\"http:\/\/blogg.folkuniversitetet.nu\/erikan\/files\/2026\/05\/Sprak-och-lander.pdf\">Spr\u00e5k och l\u00e4nder<\/a><\/p>\n<p><strong><span style=\"color: #0000ff\">Ordf\u00f6ljd<\/span><\/strong>: <a href=\"http:\/\/blogg.folkuniversitetet.nu\/erikan\/files\/2026\/05\/Huvudsatsschema-tomt.pdf\">Huvudsatsschema tomt<\/a><\/p>\n<p>Satsdelar (elements\/part of sentences): Subjekt, verb, satsadverb, objekt. TB, s. 264 &amp; 266.<\/p>\n<p>TB, s. 10. Kom ih\u00e5g (remember!!)! Verb must always be the second element\/part of a sentence.<\/p>\n<p>Inte (<em>not<\/em>): TB, s. 13.<\/p>\n<p><strong><span style=\"color: #0000ff\">H\u00e4lsa och fr\u00e5ga hur n\u00e5gon m\u00e5r: <\/span><\/strong><\/p>\n<p>TB, kapitel 2, s. 18-20, ljudfil 10.<\/p>\n<p><span style=\"color: #ff0000\"><strong><span style=\"text-decoration: underline\">L\u00e4xor till l\u00f6rdag 9 maj:<\/span><\/strong><\/span><\/p>\n<p>Repetera allt (repeat everything that we did in class)<\/p>\n<p>Lyssna p\u00e5 ljudfil &#8221;Sidan 14&#8221;. \u00d6va uttal. <a href=\"https:\/\/digi.nokportalen.se\/contents\/4352034a-d7f9-4957-81cc-1f1cbc5fc931?section=7d3b5432-c157-4622-88bb-3b8fadbf1ef7\">Ljudfiler | Ljudfiler | Uttalsboken Extramaterial |<\/a> You find the words here: <a href=\"http:\/\/blogg.folkuniversitetet.nu\/erikan\/files\/2026\/05\/uttalsovningar.pdf\">uttals\u00f6vningar<\/a><\/p>\n<p>\u00d6B (\u00f6vningsboken), s. 6-9.<\/p>\n<p>Material: <a href=\"http:\/\/blogg.folkuniversitetet.nu\/erikan\/files\/2026\/05\/Pronomen-A1.pdf\">Pronomen A1<\/a><\/p>\n<p><a href=\"http:\/\/blogg.folkuniversitetet.nu\/erikan\/files\/2026\/01\/Vokaler-scaled.jpg\"><img loading=\"lazy\" decoding=\"async\" class=\"alignnone size-medium wp-image-3062\" src=\"http:\/\/blogg.folkuniversitetet.nu\/erikan\/files\/2026\/01\/Vokaler-224x300.jpg\" alt=\"\" width=\"224\" height=\"300\" srcset=\"https:\/\/blogg.folkuniversitetet.nu\/erikan\/files\/2026\/01\/Vokaler-224x300.jpg 224w, https:\/\/blogg.folkuniversitetet.nu\/erikan\/files\/2026\/01\/Vokaler-766x1024.jpg 766w, https:\/\/blogg.folkuniversitetet.nu\/erikan\/files\/2026\/01\/Vokaler-768x1027.jpg 768w, https:\/\/blogg.folkuniversitetet.nu\/erikan\/files\/2026\/01\/Vokaler-1148x1536.jpg 1148w, https:\/\/blogg.folkuniversitetet.nu\/erikan\/files\/2026\/01\/Vokaler-1531x2048.jpg 1531w, https:\/\/blogg.folkuniversitetet.nu\/erikan\/files\/2026\/01\/Vokaler-676x904.jpg 676w, https:\/\/blogg.folkuniversitetet.nu\/erikan\/files\/2026\/01\/Vokaler-scaled.jpg 1914w\" sizes=\"auto, (max-width: 224px) 100vw, 224px\" \/><\/a><\/p>\n<p>The nine Swedish vowels<\/p>\n<p>A, O, U, \u00c5 are so-called &#8221;soft&#8221; (mjuka) vowels.<\/p>\n<p>The rest (I, E, Y, \u00c4, \u00d6) are called &#8221;hard&#8221; (h\u00e5rda).<\/p>\n<p>YOU DID A GREAT JOB THIS FIRST CLASS! VI SES SNART! \ud83c\udf37\ud83c\udf3f\ud83c\udf1e<\/p>\n<p>&nbsp;<\/p>\n<p>&nbsp;<\/p>\n","protected":false},"excerpt":{"rendered":"<p>Lektion tv\u00e5, 9 maj: Nya par! Repetition: H\u00e4lsa och presentera sig. Repetition klassrumsfraser: \u00a0Classroom phrases Uttal: Textboken, kapitel 7, s. 87 (ljudfil 58). Mjukt och h\u00e5rt uttal av G, K, SK (implications of soft vs hard vowels when it comes to pronunciation of &#8221;G&#8221; and &#8221;K&#8221; and &#8221;SK&#8221;). Mjuka (soft) vokaler: E, I, Y, \u00c4, [&hellip;]<\/p>\n","protected":false},"author":904,"featured_media":0,"parent":0,"menu_order":0,"comment_status":"closed","ping_status":"closed","template":"","meta":{"footnotes":""},"class_list":["post-3435","page","type-page","status-publish","hentry","post-preview"],"_links":{"self":[{"href":"https:\/\/blogg.folkuniversitetet.nu\/erikan\/wp-json\/wp\/v2\/pages\/3435","targetHints":{"allow":["GET"]}}],"collection":[{"href":"https:\/\/blogg.folkuniversitetet.nu\/erikan\/wp-json\/wp\/v2\/pages"}],"about":[{"href":"https:\/\/blogg.folkuniversitetet.nu\/erikan\/wp-json\/wp\/v2\/types\/page"}],"author":[{"embeddable":true,"href":"https:\/\/blogg.folkuniversitetet.nu\/erikan\/wp-json\/wp\/v2\/users\/904"}],"replies":[{"embeddable":true,"href":"https:\/\/blogg.folkuniversitetet.nu\/erikan\/wp-json\/wp\/v2\/comments?post=3435"}],"version-history":[{"count":37,"href":"https:\/\/blogg.folkuniversitetet.nu\/erikan\/wp-json\/wp\/v2\/pages\/3435\/revisions"}],"predecessor-version":[{"id":3520,"href":"https:\/\/blogg.folkuniversitetet.nu\/erikan\/wp-json\/wp\/v2\/pages\/3435\/revisions\/3520"}],"wp:attachment":[{"href":"https:\/\/blogg.folkuniversitetet.nu\/erikan\/wp-json\/wp\/v2\/media?parent=3435"}],"curies":[{"name":"wp","href":"https:\/\/api.w.org\/{rel}","templated":true}]}}