{"id":3419,"date":"2026-04-25T21:23:53","date_gmt":"2026-04-25T19:23:53","guid":{"rendered":"https:\/\/blogg.folkuniversitetet.nu\/erikan\/?page_id=3419"},"modified":"2026-04-25T21:53:33","modified_gmt":"2026-04-25T19:53:33","slug":"lektion-tre-28-april","status":"publish","type":"page","link":"https:\/\/blogg.folkuniversitetet.nu\/erikan\/lektion-tre-28-april\/","title":{"rendered":"Lektion tre: 28 april"},"content":{"rendered":"<p><span style=\"text-decoration: underline\">Idag ska vi:<\/span><\/p>\n<ul>\n<li>G\u00f6ra <em><strong>testet<\/strong>\u00a0 <\/em>p\u00e5 sidan 15 i textboken ( i par): &#8221;\u00c4r du en soffpotatis eller en hurtbulle?&#8221;.\u00a0 Halva klassen svarar som\u00a0 &#8221;soffpotatisar&#8221; och halva som &#8221;hurtbullar&#8221;. Ordlista: <a href=\"http:\/\/blogg.folkuniversitetet.nu\/erikan\/files\/2026\/04\/Rivstart-B1B2-Ordlista.pdf\">Rivstart B1B2 Ordlista<\/a><\/li>\n<li>Jobba med <strong><em>adverb<\/em><\/strong>: Textboken, s. 17. \u00d6vningar i textboken och \u00f6vningsboken.<\/li>\n<li>Jobba med n\u00e5gra olika <em><strong>tids-prepositioner<\/strong><\/em>: Textboken, s. 18-19.<\/li>\n<li><em><strong>Kahoot<\/strong><\/em>!<\/li>\n<\/ul>\n<p><span style=\"text-decoration: underline\">L\u00e4xa till n\u00e4sta g\u00e5ng:<\/span><\/p>\n<p>Sport: Textboken, s. 19: 5A, lyssna p\u00e5 ljudfil 3.<\/p>\n<p>Uttal: Textboken, s. 21: Lyssna p\u00e5 ljudfil 4 (l\u00e5ng vokal eller konsonant?)<\/p>\n<p>Adjektiv och adverb: \u00d6vningsboken, s. 10 och 11.<\/p>\n<p>Tids-prepositioner:\u00a0 <a href=\"http:\/\/blogg.folkuniversitetet.nu\/erikan\/files\/2026\/04\/Tidsprepositioner-ovningar.pdf\">Tidsprepositioner \u00f6vningar<\/a><\/p>\n","protected":false},"excerpt":{"rendered":"<p>Idag ska vi: G\u00f6ra testet\u00a0 p\u00e5 sidan 15 i textboken ( i par): &#8221;\u00c4r du en soffpotatis eller en hurtbulle?&#8221;.\u00a0 Halva klassen svarar som\u00a0 &#8221;soffpotatisar&#8221; och halva som &#8221;hurtbullar&#8221;. Ordlista: Rivstart B1B2 Ordlista Jobba med adverb: Textboken, s. 17. \u00d6vningar i textboken och \u00f6vningsboken. Jobba med n\u00e5gra olika tids-prepositioner: Textboken, s. 18-19. Kahoot! L\u00e4xa till [&hellip;]<\/p>\n","protected":false},"author":904,"featured_media":0,"parent":0,"menu_order":0,"comment_status":"closed","ping_status":"closed","template":"","meta":{"footnotes":""},"class_list":["post-3419","page","type-page","status-publish","hentry","post-preview"],"_links":{"self":[{"href":"https:\/\/blogg.folkuniversitetet.nu\/erikan\/wp-json\/wp\/v2\/pages\/3419","targetHints":{"allow":["GET"]}}],"collection":[{"href":"https:\/\/blogg.folkuniversitetet.nu\/erikan\/wp-json\/wp\/v2\/pages"}],"about":[{"href":"https:\/\/blogg.folkuniversitetet.nu\/erikan\/wp-json\/wp\/v2\/types\/page"}],"author":[{"embeddable":true,"href":"https:\/\/blogg.folkuniversitetet.nu\/erikan\/wp-json\/wp\/v2\/users\/904"}],"replies":[{"embeddable":true,"href":"https:\/\/blogg.folkuniversitetet.nu\/erikan\/wp-json\/wp\/v2\/comments?post=3419"}],"version-history":[{"count":8,"href":"https:\/\/blogg.folkuniversitetet.nu\/erikan\/wp-json\/wp\/v2\/pages\/3419\/revisions"}],"predecessor-version":[{"id":3429,"href":"https:\/\/blogg.folkuniversitetet.nu\/erikan\/wp-json\/wp\/v2\/pages\/3419\/revisions\/3429"}],"wp:attachment":[{"href":"https:\/\/blogg.folkuniversitetet.nu\/erikan\/wp-json\/wp\/v2\/media?parent=3419"}],"curies":[{"name":"wp","href":"https:\/\/api.w.org\/{rel}","templated":true}]}}