{"id":3395,"date":"2026-04-17T17:39:06","date_gmt":"2026-04-17T15:39:06","guid":{"rendered":"https:\/\/blogg.folkuniversitetet.nu\/erikan\/?page_id=3395"},"modified":"2026-04-25T21:55:43","modified_gmt":"2026-04-25T19:55:43","slug":"lektion-tva-21-april","status":"publish","type":"page","link":"https:\/\/blogg.folkuniversitetet.nu\/erikan\/lektion-tva-21-april\/","title":{"rendered":"Lektion tv\u00e5: 21 april"},"content":{"rendered":"<p><strong><span style=\"color: #800080\">Idag har vi:<\/span><\/strong><\/p>\n<ul>\n<li>Tittat p\u00e5 ett klipp om &#8221;Svenskans b\u00e4sta ord&#8221;: <a href=\"https:\/\/www.svtplay.se\/video\/eXvvN7E\/aktuellt\/tis-14-apr-21-00?video=visa&amp;position=1997\">Aktuellt \u2013 Tis 14 apr 21:00 | SVT Play<\/a><\/li>\n<li>L\u00e4st och pratat om texten \u201dFritid f\u00f6rr och nu\u201d (TB, s. 12-13 ).<\/li>\n<li>Lyssnat p\u00e5 och sjungit en s\u00e5ng \ud83c\udfb6\ud83c\udfa4\ud83d\udcbd<\/li>\n<li>Pratat om texten\u00a0 <a href=\"http:\/\/blogg.folkuniversitetet.nu\/erikan\/files\/2026\/04\/Kapitel-1-\u2013-Hur-lar-man-sig-ett-sprak.pdf\">Kapitel 1 \u2013 Hur l\u00e4r man sig ett spr\u00e5k<\/a>.<\/li>\n<li>Jobbat med hur man b\u00f6jer adjektiv: Textboken, s. 16-17, \u00d6vningsboken, s. 8-9.<\/li>\n<\/ul>\n<p><span style=\"color: #800080\"><strong>L\u00e4xor:<\/strong><\/span><\/p>\n<p>-&gt; Forts\u00e4tt jobba med texten \u201dFritid f\u00f6rr och nu\u201d (TB, s. 12-13 ).\u00a0 L\u00e4s och lyssna. Skriv fem egna (sanna eller falska) p\u00e5st\u00e5enden (som de p\u00e5 sidan 11 i TB). Mejla dem till mig.<\/p>\n<p>-&gt; Adjektiv-\u00f6vningar:<\/p>\n<p>-&gt; \u00d6B, s. 8-9, \u00f6vning A &amp; B.<\/p>\n<p>-&gt; Skriv meningar till bilden som jag har mejlat er.<\/p>\n<p>-&gt; Fyll i r\u00e4tt form av adjektivet: <a href=\"http:\/\/blogg.folkuniversitetet.nu\/erikan\/files\/2026\/04\/Extra-meningar-adjektiv.pdf\">Extra meningar adjektiv<\/a><\/p>\n<p>-&gt; Lyssna p\u00e5 svensk musik: <a href=\"https:\/\/open.spotify.com\/playlist\/70VJtirDC102dldvHlgcOv?si=a9d2b9aa6e8745c9\">https:\/\/open.spotify.com\/track\/0XhOD3RRzXJWj0slwbEWWP?si=39971190ebc448b3<\/a><\/p>\n<p>SNYGGT JOBBAT IDAG!<\/p>\n<p>Vi ses om en vecka \ud83e\udd17 Till dess \u00f6nskar jag er en fantastisk fortsatt vecka och helg! \ud83c\udf1e\ud83c\udf3f\ud83c\udf37\ud83d\udc14<\/p>\n","protected":false},"excerpt":{"rendered":"<p>Idag har vi: Tittat p\u00e5 ett klipp om &#8221;Svenskans b\u00e4sta ord&#8221;: Aktuellt \u2013 Tis 14 apr 21:00 | SVT Play L\u00e4st och pratat om texten \u201dFritid f\u00f6rr och nu\u201d (TB, s. 12-13 ). Lyssnat p\u00e5 och sjungit en s\u00e5ng \ud83c\udfb6\ud83c\udfa4\ud83d\udcbd Pratat om texten\u00a0 Kapitel 1 \u2013 Hur l\u00e4r man sig ett spr\u00e5k. Jobbat med hur [&hellip;]<\/p>\n","protected":false},"author":904,"featured_media":0,"parent":0,"menu_order":0,"comment_status":"closed","ping_status":"closed","template":"","meta":{"footnotes":""},"class_list":["post-3395","page","type-page","status-publish","hentry","post-preview"],"_links":{"self":[{"href":"https:\/\/blogg.folkuniversitetet.nu\/erikan\/wp-json\/wp\/v2\/pages\/3395","targetHints":{"allow":["GET"]}}],"collection":[{"href":"https:\/\/blogg.folkuniversitetet.nu\/erikan\/wp-json\/wp\/v2\/pages"}],"about":[{"href":"https:\/\/blogg.folkuniversitetet.nu\/erikan\/wp-json\/wp\/v2\/types\/page"}],"author":[{"embeddable":true,"href":"https:\/\/blogg.folkuniversitetet.nu\/erikan\/wp-json\/wp\/v2\/users\/904"}],"replies":[{"embeddable":true,"href":"https:\/\/blogg.folkuniversitetet.nu\/erikan\/wp-json\/wp\/v2\/comments?post=3395"}],"version-history":[{"count":20,"href":"https:\/\/blogg.folkuniversitetet.nu\/erikan\/wp-json\/wp\/v2\/pages\/3395\/revisions"}],"predecessor-version":[{"id":3430,"href":"https:\/\/blogg.folkuniversitetet.nu\/erikan\/wp-json\/wp\/v2\/pages\/3395\/revisions\/3430"}],"wp:attachment":[{"href":"https:\/\/blogg.folkuniversitetet.nu\/erikan\/wp-json\/wp\/v2\/media?parent=3395"}],"curies":[{"name":"wp","href":"https:\/\/api.w.org\/{rel}","templated":true}]}}