{"id":3371,"date":"2026-04-13T20:03:07","date_gmt":"2026-04-13T18:03:07","guid":{"rendered":"https:\/\/blogg.folkuniversitetet.nu\/erikan\/?page_id=3371"},"modified":"2026-04-22T21:07:34","modified_gmt":"2026-04-22T19:07:34","slug":"lektion-ett-14-april","status":"publish","type":"page","link":"https:\/\/blogg.folkuniversitetet.nu\/erikan\/lektion-ett-14-april\/","title":{"rendered":"Lektion ett: 14 april"},"content":{"rendered":"<p>Tack f\u00f6r idag allihopa! \ud83c\udf39<\/p>\n<p>Vilket trevligt g\u00e4ng, det h\u00e4r blir kul! \ud83e\udd29 (jag \u00e4lskar emojis!)<\/p>\n<p><a href=\"http:\/\/blogg.folkuniversitetet.nu\/erikan\/files\/2026\/04\/dance-151041_1280.png\"><img loading=\"lazy\" decoding=\"async\" class=\"alignnone size-medium wp-image-3376\" src=\"http:\/\/blogg.folkuniversitetet.nu\/erikan\/files\/2026\/04\/dance-151041_1280-300x298.png\" alt=\"\" width=\"300\" height=\"298\" srcset=\"https:\/\/blogg.folkuniversitetet.nu\/erikan\/files\/2026\/04\/dance-151041_1280-300x298.png 300w, https:\/\/blogg.folkuniversitetet.nu\/erikan\/files\/2026\/04\/dance-151041_1280-1024x1018.png 1024w, https:\/\/blogg.folkuniversitetet.nu\/erikan\/files\/2026\/04\/dance-151041_1280-150x150.png 150w, https:\/\/blogg.folkuniversitetet.nu\/erikan\/files\/2026\/04\/dance-151041_1280-768x764.png 768w, https:\/\/blogg.folkuniversitetet.nu\/erikan\/files\/2026\/04\/dance-151041_1280-676x672.png 676w, https:\/\/blogg.folkuniversitetet.nu\/erikan\/files\/2026\/04\/dance-151041_1280.png 1280w\" sizes=\"auto, (max-width: 300px) 100vw, 300px\" \/><\/a><\/p>\n<p><span style=\"color: #800080\"><strong>Idag gjorde vi detta<\/strong><\/span>:<\/p>\n<ul>\n<li>Vi gick f\u00f6rst igenom n\u00e5gra praktiska saker:\n<ul>\n<li>Vid brandlarm g\u00e5r vi tillsammans ned till Sp\u00f6kparken \ud83d\udc7b p\u00e5 innerg\u00e5rden. V\u00e4nta d\u00e4r tills jag har r\u00e4knat in alla.<\/li>\n<li>L\u00e4xor till varje g\u00e5ng. G\u00f6r g\u00e4rna lite varje eller varannan dag! \ud83e\udd17<\/li>\n<\/ul>\n<\/li>\n<li>Ni intervjuade varandra och ber\u00e4ttade sedan om varandra f\u00f6r oss andra. J\u00e4ttebra jobbat!!<\/li>\n<li>Vi b\u00f6rjade jobba med kapitel 1, som handlar om fritidsaktiviteter:\n<ul>\n<li>Textboken, s. 8: B &#8211; matcha verbfraserna med bilderna.<\/li>\n<li>Textboken, s. 9: C &#8211; vi lyssnade p\u00e5 ljudfilen och fyllde i orden som saknades. Sedan lyssnade vi en g\u00e5ng till, denna g\u00e5ng efter ord som uttalas annorlunda \u00e4n de stavas. Ni l\u00e4ste i par med ett &#8221;talspr\u00e5kligt&#8221; uttal.<\/li>\n<li>Textboken, s. 10: 2 &#8211; Vad g\u00f6r vi p\u00e5 fritiden?\u00a0 Vi gick igenom fraserna (som st\u00e5r i supinum) och sedan gjorde vi \u00f6vning A i par. Ni ber\u00e4ttade f\u00f6r oss andra om n\u00e5got som er kompis svarat.<\/li>\n<\/ul>\n<\/li>\n<\/ul>\n<p>SUPERBRA jobbat!!\u00a0 \ud83d\udcaf\ud83d\udcaf<\/p>\n<p><span style=\"text-decoration: underline\"><strong><span style=\"color: #ff0000;text-decoration: underline\">L\u00e4xor<\/span><\/strong><\/span><\/p>\n<p><strong><span style=\"color: #3366ff\">Fundera \u00f6ver fr\u00e5gorna om spr\u00e5k<\/span><\/strong>. <a href=\"http:\/\/blogg.folkuniversitetet.nu\/erikan\/files\/2026\/04\/Kapitel-1-\u2013-Hur-lar-man-sig-ett-sprak.pdf\">Kapitel 1 \u2013 Hur l\u00e4r man sig ett spr\u00e5k<\/a>\u00a0 Skriv ned n\u00e5gra reflektioner \/ svar. \u270d\ud83c\udffc Vi kommer att diskutera dem tillsammans n\u00e4sta g\u00e5ng. Mejla dem till mig i f\u00f6rv\u00e4g om ni vill \ud83e\udd17<\/p>\n<p><strong><span style=\"color: #3366ff\">\u00d6B, s. 7, \u00f6vning A &amp; B<\/span> <\/strong>(substantivens plural)<\/p>\n<p><strong><span style=\"color: #3366ff\">G\u00f6r \u00f6vningar i\u00a0 NOK<\/span><\/strong>-portalen: <a href=\"https:\/\/digi.nokportalen.se\/interactives\/a6ceed39-4261-49df-9220-6338b4c9de74?close_url=%2Fareas%2Ffafbe856-1e26-4f56-af4e-ae7014eca210\">\u00d6vningar | Kapitel 1 | Rivstart B1\/B2, tredje upplagan Extramaterial<\/a>\u00a0 G\u00f6r dessa \u00f6vningar: Verb, substantiv (pluralregler), substantiv (alla former) &amp; personliga pronomen.<\/p>\n<p><strong><span style=\"color: #3366ff\">Glosor<\/span><\/strong>: Sl\u00e5 upp och l\u00e4r er orden i de gr\u00e5 rutorna p\u00e5 s. 8, 10 &amp; 11. H\u00e4r \u00e4r en bra uppslagsbok: <a href=\"https:\/\/folkets-lexikon.csc.kth.se\/folkets\/folkets.html\">Folkets lexikon<\/a>\u00a0 \u00a0 \u00a0 \u00a0 \u00a0 \u00a0 \u00a0 \u00a0 \u00a0 \u00a0 \u00a0 \u00a0 \u00a0 \u00a0 Vilka ordklasser (word classes) \u00e4r orden?<\/p>\n<ul>\n<li>Vad heter <strong><em>substantiven<\/em><\/strong> i alla former (singular obest\u00e4md och best\u00e4md form, plural obest\u00e4md och best\u00e4md form) Ni kan anv\u00e4nda den h\u00e4r tabellen om ni vill: <a href=\"http:\/\/blogg.folkuniversitetet.nu\/erikan\/files\/2024\/11\/Substantivens-former_tom.pdf\">Substantivens former_tom<\/a><\/li>\n<li>Vad heter <strong><em>verben<\/em><\/strong> i alla former (imperativ, infinitiv, presens, preteritum och presens perfekt [har+supinum])? Om ni beh\u00f6ver repetera verbformerna kan ni titta h\u00e4r: <a href=\"http:\/\/blogg.folkuniversitetet.nu\/erikan\/files\/2026\/04\/Verb-lathund.pdf\">Verb lathund<\/a> och h\u00e4r: <a href=\"http:\/\/blogg.folkuniversitetet.nu\/erikan\/files\/2026\/04\/Rivstart-B1-B2-Verblista.pdf\">Rivstart B1 B2 Verblista<\/a><\/li>\n<\/ul>\n<p>Tveka inte att mejla om ni har n\u00e5gra fr\u00e5gor! \ud83d\ude4f\ud83c\udffc<\/p>\n<p>Vi ses n\u00e4sta tisdag! Ha en fin vecka till dess! \ud83c\udf1e\ud83c\udf37\ud83c\udf3f<\/p>\n","protected":false},"excerpt":{"rendered":"<p>Tack f\u00f6r idag allihopa! \ud83c\udf39 Vilket trevligt g\u00e4ng, det h\u00e4r blir kul! \ud83e\udd29 (jag \u00e4lskar emojis!) Idag gjorde vi detta: Vi gick f\u00f6rst igenom n\u00e5gra praktiska saker: Vid brandlarm g\u00e5r vi tillsammans ned till Sp\u00f6kparken \ud83d\udc7b p\u00e5 innerg\u00e5rden. V\u00e4nta d\u00e4r tills jag har r\u00e4knat in alla. L\u00e4xor till varje g\u00e5ng. G\u00f6r g\u00e4rna lite varje eller [&hellip;]<\/p>\n","protected":false},"author":904,"featured_media":0,"parent":0,"menu_order":0,"comment_status":"closed","ping_status":"closed","template":"","meta":{"footnotes":""},"class_list":["post-3371","page","type-page","status-publish","hentry","post-preview"],"_links":{"self":[{"href":"https:\/\/blogg.folkuniversitetet.nu\/erikan\/wp-json\/wp\/v2\/pages\/3371","targetHints":{"allow":["GET"]}}],"collection":[{"href":"https:\/\/blogg.folkuniversitetet.nu\/erikan\/wp-json\/wp\/v2\/pages"}],"about":[{"href":"https:\/\/blogg.folkuniversitetet.nu\/erikan\/wp-json\/wp\/v2\/types\/page"}],"author":[{"embeddable":true,"href":"https:\/\/blogg.folkuniversitetet.nu\/erikan\/wp-json\/wp\/v2\/users\/904"}],"replies":[{"embeddable":true,"href":"https:\/\/blogg.folkuniversitetet.nu\/erikan\/wp-json\/wp\/v2\/comments?post=3371"}],"version-history":[{"count":17,"href":"https:\/\/blogg.folkuniversitetet.nu\/erikan\/wp-json\/wp\/v2\/pages\/3371\/revisions"}],"predecessor-version":[{"id":3418,"href":"https:\/\/blogg.folkuniversitetet.nu\/erikan\/wp-json\/wp\/v2\/pages\/3371\/revisions\/3418"}],"wp:attachment":[{"href":"https:\/\/blogg.folkuniversitetet.nu\/erikan\/wp-json\/wp\/v2\/media?parent=3371"}],"curies":[{"name":"wp","href":"https:\/\/api.w.org\/{rel}","templated":true}]}}