{"id":3367,"date":"2026-04-13T20:01:53","date_gmt":"2026-04-13T18:01:53","guid":{"rendered":"https:\/\/blogg.folkuniversitetet.nu\/erikan\/?page_id=3367"},"modified":"2026-04-13T20:02:30","modified_gmt":"2026-04-13T18:02:30","slug":"b1-del-1-en-gang-i-veckan","status":"publish","type":"page","link":"https:\/\/blogg.folkuniversitetet.nu\/erikan\/b1-del-1-en-gang-i-veckan\/","title":{"rendered":"B1 del 1: en g\u00e5ng i veckan med start 14 april"},"content":{"rendered":"<p>Hej och v\u00e4lkomna till v\u00e5r kursblogg!<\/p>\n<p>Nu k\u00f6r vi! \ud83e\udd29\ud83c\udf88\ud83c\udf1e<\/p>\n","protected":false},"excerpt":{"rendered":"<p>Hej och v\u00e4lkomna till v\u00e5r kursblogg! Nu k\u00f6r vi! \ud83e\udd29\ud83c\udf88\ud83c\udf1e<\/p>\n","protected":false},"author":904,"featured_media":0,"parent":0,"menu_order":0,"comment_status":"closed","ping_status":"closed","template":"","meta":{"footnotes":""},"class_list":["post-3367","page","type-page","status-publish","hentry","post-preview"],"_links":{"self":[{"href":"https:\/\/blogg.folkuniversitetet.nu\/erikan\/wp-json\/wp\/v2\/pages\/3367","targetHints":{"allow":["GET"]}}],"collection":[{"href":"https:\/\/blogg.folkuniversitetet.nu\/erikan\/wp-json\/wp\/v2\/pages"}],"about":[{"href":"https:\/\/blogg.folkuniversitetet.nu\/erikan\/wp-json\/wp\/v2\/types\/page"}],"author":[{"embeddable":true,"href":"https:\/\/blogg.folkuniversitetet.nu\/erikan\/wp-json\/wp\/v2\/users\/904"}],"replies":[{"embeddable":true,"href":"https:\/\/blogg.folkuniversitetet.nu\/erikan\/wp-json\/wp\/v2\/comments?post=3367"}],"version-history":[{"count":2,"href":"https:\/\/blogg.folkuniversitetet.nu\/erikan\/wp-json\/wp\/v2\/pages\/3367\/revisions"}],"predecessor-version":[{"id":3370,"href":"https:\/\/blogg.folkuniversitetet.nu\/erikan\/wp-json\/wp\/v2\/pages\/3367\/revisions\/3370"}],"wp:attachment":[{"href":"https:\/\/blogg.folkuniversitetet.nu\/erikan\/wp-json\/wp\/v2\/media?parent=3367"}],"curies":[{"name":"wp","href":"https:\/\/api.w.org\/{rel}","templated":true}]}}