{"id":3314,"date":"2026-03-17T11:19:09","date_gmt":"2026-03-17T10:19:09","guid":{"rendered":"https:\/\/blogg.folkuniversitetet.nu\/erikan\/?page_id=3314"},"modified":"2026-03-24T22:11:24","modified_gmt":"2026-03-24T21:11:24","slug":"vecka-fyra-16-och-18-mars","status":"publish","type":"page","link":"https:\/\/blogg.folkuniversitetet.nu\/erikan\/vecka-fyra-16-och-18-mars\/","title":{"rendered":"Vecka fyra: 16 och 18 mars"},"content":{"rendered":"<h5><span style=\"color: #993366\"><strong>M\u00e5ndag 16 mars:<\/strong><\/span><\/h5>\n<p>Idag jobbade vi n\u00e4stan hela lektionen med ordf\u00f6ljd.<\/p>\n<p>Vi l\u00e4ste f\u00f6rst FOKUS-rutan p\u00e5 sidan 34 i textboken f\u00f6r lite repetition kring ordf\u00f6ljd i huvudsatser och bisatser.<\/p>\n<p>Sedan tittade vi p\u00e5 denna Power point: <a href=\"http:\/\/blogg.folkuniversitetet.nu\/erikan\/files\/2026\/03\/satser-\u2013-sprakets-byggklossar-2.1.pdf\">satser \u2013 spr\u00e5kets byggklossar 2.1<\/a><\/p>\n<p>Efter rasten jobbade ni j\u00e4tteduktigt med att bilda meningar av dessa ord: <a href=\"http:\/\/blogg.folkuniversitetet.nu\/erikan\/files\/2026\/03\/Ord-att-bilda-meningar-av.pdf\">Ord att bilda meningar av<\/a><\/p>\n<p>Ni lade in orden i satsscheman f\u00f6r b\u00e5de huvudsats (<a href=\"http:\/\/blogg.folkuniversitetet.nu\/erikan\/files\/2026\/03\/Huvudsatsschema-tomt.pdf\">Huvudsatsschema tomt<\/a>) och bisats ( <a href=\"http:\/\/blogg.folkuniversitetet.nu\/erikan\/files\/2026\/03\/Bisatsschema-tomt.pdf\">Bisatsschema tomt<\/a>).<\/p>\n<p>Exempel p\u00e5 era meningar:\u00a0 <a href=\"http:\/\/blogg.folkuniversitetet.nu\/erikan\/files\/2026\/03\/era-meningar.pdf\">era meningar<\/a><\/p>\n<p>Och h\u00e4r \u00e4r bisatserna ur samma meningar: <a href=\"http:\/\/blogg.folkuniversitetet.nu\/erikan\/files\/2026\/03\/bisatserna.pdf\">bisatserna<\/a><\/p>\n<p>Sist hade vi en uttals\u00f6vning av vokalerna \u00c5, \u00c4, \u00d6. TB, s. 35-36, \u00f6vning F (ljudfil 9).<\/p>\n<p>L\u00e4xan har ni f\u00e5tt p\u00e5 mejl!<\/p>\n<p>Vi ses imorgon! \ud83d\ude0e\ud83c\udf88<\/p>\n<p>&nbsp;<\/p>\n<h5><strong><span style=\"color: #993366\">Onsdag 18 mars:<\/span><\/strong><\/h5>\n<p>Idag fortsatte vi att \u00f6va ordf\u00f6ljd genom en liten lek som gick ut p\u00e5 att bilda en mening av n\u00e5gra ord.<\/p>\n<p>Det gick galant!!<\/p>\n<p>Sedan jobbade vi i textboken med kapitel tre, som handlar om pengar. Vi l\u00e4ste p\u00e5st\u00e5endena i \u00f6vning B h\u00f6gt. Sedan diskuterade vi fr\u00e5gorna i par.<\/p>\n<p>H\u00e4r h\u00e4r n\u00e5gra anv\u00e4ndbara fraser n\u00e4r man diskuterar:<\/p>\n<p><a href=\"http:\/\/blogg.folkuniversitetet.nu\/erikan\/files\/2026\/03\/Fraser-for-att-diskutera-scaled.jpg\"><img loading=\"lazy\" decoding=\"async\" class=\"alignnone size-medium wp-image-3331\" src=\"http:\/\/blogg.folkuniversitetet.nu\/erikan\/files\/2026\/03\/Fraser-for-att-diskutera-300x167.jpg\" alt=\"\" width=\"300\" height=\"167\" srcset=\"https:\/\/blogg.folkuniversitetet.nu\/erikan\/files\/2026\/03\/Fraser-for-att-diskutera-300x167.jpg 300w, https:\/\/blogg.folkuniversitetet.nu\/erikan\/files\/2026\/03\/Fraser-for-att-diskutera-1024x569.jpg 1024w, https:\/\/blogg.folkuniversitetet.nu\/erikan\/files\/2026\/03\/Fraser-for-att-diskutera-768x427.jpg 768w, https:\/\/blogg.folkuniversitetet.nu\/erikan\/files\/2026\/03\/Fraser-for-att-diskutera-1536x854.jpg 1536w, https:\/\/blogg.folkuniversitetet.nu\/erikan\/files\/2026\/03\/Fraser-for-att-diskutera-2048x1139.jpg 2048w, https:\/\/blogg.folkuniversitetet.nu\/erikan\/files\/2026\/03\/Fraser-for-att-diskutera-676x376.jpg 676w\" sizes=\"auto, (max-width: 300px) 100vw, 300px\" \/><\/a><\/p>\n<p>Vi gick d\u00e4refter igenom n\u00e5gra konjunktioner som f\u00f6rekommer i p\u00e5st\u00e5endena, som &#8221;antingen&#8230; eller&#8221;, &#8221;b\u00e5de&#8230;och&#8221;, &#8221;varken&#8230; eller&#8221; med flera. TB, s.\u00a038: \u00d6vning D &amp; E.<\/p>\n<p>Efter rasten gjorde vi en Kahoot. Ni har f\u00e5tt l\u00e4nken p\u00e5 mejl, g\u00f6r den g\u00e4rna hemma igen!<\/p>\n<p>Innan vi avslutade hann vi med att l\u00e4ra oss n\u00e5gra slangord och slanguttryck:<\/p>\n<p>Flabbar, garvar = skrattar<\/p>\n<p>Snackar = pratar<\/p>\n<p>Dillar = pratar nonsens<\/p>\n<p>Typ = sort of \/ &#8221;-ish&#8221;<\/p>\n<p>Hundra procent \/ absolut \/ precis = Ja visst!<\/p>\n<p>Super! = j\u00e4ttebra!<\/p>\n<p>K\u00e4kar = \u00e4ter<\/p>\n<p>Liksom = i likhet med \/ som (&#8221;like&#8221;)<\/p>\n<p>B\u00f6lar, lipar = gr\u00e5ter<\/p>\n<p>Hojjar = cyklar<\/p>\n<p>En hoj = en cykel<\/p>\n<p>Slaggar = sover<\/p>\n<p>Funkar = fungerar<\/p>\n<p>Bakis = bakfull<\/p>\n<p>Nyord (fr\u00e5n engelska): mejlar, chattar, googlar, shoppar<\/p>\n<p>Tjenare = hej! (Kommer fr\u00e5n ordet en tj\u00e4nare\u00a0 (a servant) )<\/p>\n<p>Tja! = hej!<\/p>\n<p>Tja d\u00e5 [tjar\u00e5] = hej d\u00e5!<\/p>\n<p>Pluggar = studerar<\/p>\n<p>Fattar,\u00a0 hajjar = f\u00f6rst\u00e5r, begriper<\/p>\n<p>Fattaru? Hajjaru? = Fattar du \/ hajjar du?<\/p>\n<p>Va saaaru? = vad sa du?<\/p>\n<p>Grattis\u00a0 = gratulerar (congratulaions!)<\/p>\n<p>En tjej = en flicka<\/p>\n<p>En kille = en pojke<\/p>\n<p>En unge = ett barn<\/p>\n<p>Det var allt vi hann med den h\u00e4r lektionen! Vi ses p\u00e5 m\u00e5ndag!<\/p>\n<p><a href=\"http:\/\/blogg.folkuniversitetet.nu\/erikan\/files\/2026\/03\/Elvis-pa-lejon-scaled.jpg\"><img loading=\"lazy\" decoding=\"async\" class=\"alignnone size-medium wp-image-3344\" src=\"http:\/\/blogg.folkuniversitetet.nu\/erikan\/files\/2026\/03\/Elvis-pa-lejon-300x225.jpg\" alt=\"\" width=\"300\" height=\"225\" srcset=\"https:\/\/blogg.folkuniversitetet.nu\/erikan\/files\/2026\/03\/Elvis-pa-lejon-300x225.jpg 300w, https:\/\/blogg.folkuniversitetet.nu\/erikan\/files\/2026\/03\/Elvis-pa-lejon-1024x768.jpg 1024w, https:\/\/blogg.folkuniversitetet.nu\/erikan\/files\/2026\/03\/Elvis-pa-lejon-768x576.jpg 768w, https:\/\/blogg.folkuniversitetet.nu\/erikan\/files\/2026\/03\/Elvis-pa-lejon-1536x1152.jpg 1536w, https:\/\/blogg.folkuniversitetet.nu\/erikan\/files\/2026\/03\/Elvis-pa-lejon-2048x1536.jpg 2048w, https:\/\/blogg.folkuniversitetet.nu\/erikan\/files\/2026\/03\/Elvis-pa-lejon-676x507.jpg 676w\" sizes=\"auto, (max-width: 300px) 100vw, 300px\" \/><\/a><\/p>\n<p>Njut nu av helgen, varf\u00f6r inte med en fika utomhus! \ud83c\udf1e\ud83d\ude0e\ud83c\udf75\u2615<\/p>\n<p>&nbsp;<\/p>\n<p>&nbsp;<\/p>\n<p>&nbsp;<\/p>\n","protected":false},"excerpt":{"rendered":"<p>M\u00e5ndag 16 mars: Idag jobbade vi n\u00e4stan hela lektionen med ordf\u00f6ljd. Vi l\u00e4ste f\u00f6rst FOKUS-rutan p\u00e5 sidan 34 i textboken f\u00f6r lite repetition kring ordf\u00f6ljd i huvudsatser och bisatser. Sedan tittade vi p\u00e5 denna Power point: satser \u2013 spr\u00e5kets byggklossar 2.1 Efter rasten jobbade ni j\u00e4tteduktigt med att bilda meningar av dessa ord: Ord att [&hellip;]<\/p>\n","protected":false},"author":904,"featured_media":0,"parent":0,"menu_order":0,"comment_status":"closed","ping_status":"closed","template":"","meta":{"footnotes":""},"class_list":["post-3314","page","type-page","status-publish","hentry","post-preview"],"_links":{"self":[{"href":"https:\/\/blogg.folkuniversitetet.nu\/erikan\/wp-json\/wp\/v2\/pages\/3314","targetHints":{"allow":["GET"]}}],"collection":[{"href":"https:\/\/blogg.folkuniversitetet.nu\/erikan\/wp-json\/wp\/v2\/pages"}],"about":[{"href":"https:\/\/blogg.folkuniversitetet.nu\/erikan\/wp-json\/wp\/v2\/types\/page"}],"author":[{"embeddable":true,"href":"https:\/\/blogg.folkuniversitetet.nu\/erikan\/wp-json\/wp\/v2\/users\/904"}],"replies":[{"embeddable":true,"href":"https:\/\/blogg.folkuniversitetet.nu\/erikan\/wp-json\/wp\/v2\/comments?post=3314"}],"version-history":[{"count":18,"href":"https:\/\/blogg.folkuniversitetet.nu\/erikan\/wp-json\/wp\/v2\/pages\/3314\/revisions"}],"predecessor-version":[{"id":3349,"href":"https:\/\/blogg.folkuniversitetet.nu\/erikan\/wp-json\/wp\/v2\/pages\/3314\/revisions\/3349"}],"wp:attachment":[{"href":"https:\/\/blogg.folkuniversitetet.nu\/erikan\/wp-json\/wp\/v2\/media?parent=3314"}],"curies":[{"name":"wp","href":"https:\/\/api.w.org\/{rel}","templated":true}]}}