{"id":3239,"date":"2026-02-28T20:05:22","date_gmt":"2026-02-28T19:05:22","guid":{"rendered":"https:\/\/blogg.folkuniversitetet.nu\/erikan\/?page_id=3239"},"modified":"2026-03-01T21:48:23","modified_gmt":"2026-03-01T20:48:23","slug":"lektion-sju-28-februari","status":"publish","type":"page","link":"https:\/\/blogg.folkuniversitetet.nu\/erikan\/lektion-sju-28-februari\/","title":{"rendered":"Lektion sju: 28 februari"},"content":{"rendered":"<p>Hej allihopa och tack f\u00f6r den sista lektionen!<\/p>\n<p>S\u00e5 sorgligt att s\u00e4ga hejd\u00e5 idag \ud83e\udd79<\/p>\n<p>Men jag hoppas att vi tr\u00e4ffas n\u00e5gon annan g\u00e5ng, n\u00e5gon annanstans (some other time, some where else)!<\/p>\n<p>Vi hann<em> (preteritum av hinner\/to have time for!!)<\/em> g\u00f6ra m\u00e5nga saker idag:<\/p>\n<ol>\n<li><span style=\"text-decoration: underline\"><span style=\"color: #800080\"><strong>Preteritum<\/strong><\/span>:<\/span>\u00a0 <a href=\"http:\/\/blogg.folkuniversitetet.nu\/erikan\/files\/2026\/02\/4-verbformer.pdf\">4 verbformer<\/a> Texten i TB, s. 61. Vi l\u00e4ste och lyssnade p\u00e5 Marcos dag (ljudfil 40). Ni letade verb och ber\u00e4ttade vilken form de har, och om de \u00e4r regelbundna eller oregelbundna. SUPERBRA jobbat!!\u00a0 Ni kan ocks\u00e5 titta i denna \u201dLathund\u201d (lazy dog\/cheat sheet): <a href=\"http:\/\/blogg.folkuniversitetet.nu\/erikan\/files\/2026\/02\/Verb-lathund.pdf\">Verb lathund<\/a>\u00a0 och i textboken p\u00e5 sidan 270.<\/li>\n<li>Vi gick igenom <strong><span style=\"color: #800080\"><span style=\"text-decoration: underline\">adjektivets b\u00f6jning<\/span>:\u00a0<\/span><\/strong>Adjektivets grundform (t ex <em>fin)<\/em> tillsammans med <em>en<\/em>-substantiv (en <strong><em><span style=\"color: #ff00ff\">fin<\/span> <\/em><\/strong>hund). Adjektivets grundform+t\u00a0 tillsammans med <em>ett-substantiv\u00a0<\/em>(ett <em><strong><span style=\"color: #ff00ff\">fint<\/span><\/strong> <\/em>hus). Adjektivets grundform+a tillsammans med <em>plural<\/em> f\u00f6r b\u00e5de en- &amp; ett-substantiv <span style=\"color: #ff00ff\"><strong><em>(fina<\/em><\/strong><\/span> hundar \/ <em><strong><span style=\"color: #ff00ff\">goda<\/span><\/strong> <\/em>\u00e4pplen). TB, s. 60.<\/li>\n<li><span style=\"color: #800080\"><strong><span style=\"text-decoration: underline\">LEKAR &amp; MUSIK!<\/span><\/strong><\/span>\n<ul>\n<li>Vi sj\u00f6ng en ABBA-s\u00e5ng p\u00e5 svenska: <a href=\"https:\/\/www.youtube.com\/watch?v=AThkmxENaOg&amp;list=RDMMAThkmxENaOg&amp;index=1\">05. Mamma Mia &#8211; MAMMA MIA! p\u00e5 Svenska<\/a>\u00a0 H\u00e4r \u00e4r texten: <a href=\"http:\/\/blogg.folkuniversitetet.nu\/erikan\/files\/2026\/03\/Mamma-mia.pdf\">Mamma mia<\/a><\/li>\n<li>Ni gjorde ett quiz i lag: <a href=\"http:\/\/blogg.folkuniversitetet.nu\/erikan\/files\/2026\/03\/Quiz-A1-del-1-.pdf\">Quiz A1 del 1<\/a>\u00a0 \u00a0 SUPER-DUPERBRA JOBBAT!! \ud83d\udcaf\ud83e\udd29\ud83e\udd47\ud83e\udd47\ud83e\udd47<\/li>\n<li>Ni skrev fr\u00e5gor till mig om Sverige: 1) Vad heter en <span style=\"text-decoration: underline\"><span style=\"color: #0000ff;text-decoration: underline\">tunnelbanestation<\/span> <\/span>i Stockholm? a) Telefoncenter, b) Telefonplan d) Mobilplan.\u00a0 Mitt svar: Telefonplan! \u274e<\/li>\n<li>St\u00e4mmer det att v\u00e4nner inte f\u00e5r <span style=\"text-decoration: underline\"><span style=\"color: #0000ff;text-decoration: underline\">\u00e4ta middag<\/span><\/span> n\u00e4r de bes\u00f6ker en v\u00e4n? Mitt svar: I min barndom var det s\u00e5! Men inte nu l\u00e4ngre, som tur \u00e4r (luckily!)\ud83e\udd17<\/li>\n<li>Varf\u00f6r \u00e4r <span style=\"text-decoration: underline;color: #0000ff\">nationaldagen <\/span>i Sverige den<span style=\"text-decoration: underline;color: #0000ff\"> 6 juni<\/span>? Mitt svar: Jag tror att det beror p\u00e5 att Gustav Vasa blev Sveriges f\u00f6rsta kung, \u00e5r femtonhundratjugo&#8230; fyra..??\u00a0 R\u00e4tt svar: Ja, vi firar att <span style=\"color: #ff0000\">Gustav Vasa kr\u00f6ntes (was crowned) den 6 juni, \u00e5r <em><strong>152<span style=\"text-decoration: underline\"><span style=\"color: #ff0000;text-decoration: underline\">3.<\/span><\/span> <\/strong><\/em><\/span>H\u00e4r kan ni l\u00e4sa mer: <a href=\"https:\/\/sv.wikipedia.org\/wiki\/Sveriges_nationaldag\">Sveriges nationaldag \u2013 Wikipedia<\/a><\/li>\n<\/ul>\n<\/li>\n<\/ol>\n<p>Stort tack f\u00f6r den h\u00e4r tiden! Lycka till med era svenska-studier och allt annat! \ud83d\udc9e<\/p>\n<p><a href=\"http:\/\/blogg.folkuniversitetet.nu\/erikan\/files\/2026\/03\/Elvis-i-kohagen.jpg\"><img loading=\"lazy\" decoding=\"async\" class=\"alignnone size-medium wp-image-3264\" src=\"http:\/\/blogg.folkuniversitetet.nu\/erikan\/files\/2026\/03\/Elvis-i-kohagen-300x195.jpg\" alt=\"\" width=\"300\" height=\"195\" \/><\/a><\/p>\n<p>GLAD SOMMAR (n\u00e4r den kommer!) \u00f6nskar Elvis och jag!<\/p>\n","protected":false},"excerpt":{"rendered":"<p>Hej allihopa och tack f\u00f6r den sista lektionen! S\u00e5 sorgligt att s\u00e4ga hejd\u00e5 idag \ud83e\udd79 Men jag hoppas att vi tr\u00e4ffas n\u00e5gon annan g\u00e5ng, n\u00e5gon annanstans (some other time, some where else)! Vi hann (preteritum av hinner\/to have time for!!) g\u00f6ra m\u00e5nga saker idag: Preteritum:\u00a0 4 verbformer Texten i TB, s. 61. Vi l\u00e4ste och [&hellip;]<\/p>\n","protected":false},"author":904,"featured_media":0,"parent":0,"menu_order":0,"comment_status":"closed","ping_status":"closed","template":"","meta":{"footnotes":""},"class_list":["post-3239","page","type-page","status-publish","hentry","post-preview"],"_links":{"self":[{"href":"https:\/\/blogg.folkuniversitetet.nu\/erikan\/wp-json\/wp\/v2\/pages\/3239","targetHints":{"allow":["GET"]}}],"collection":[{"href":"https:\/\/blogg.folkuniversitetet.nu\/erikan\/wp-json\/wp\/v2\/pages"}],"about":[{"href":"https:\/\/blogg.folkuniversitetet.nu\/erikan\/wp-json\/wp\/v2\/types\/page"}],"author":[{"embeddable":true,"href":"https:\/\/blogg.folkuniversitetet.nu\/erikan\/wp-json\/wp\/v2\/users\/904"}],"replies":[{"embeddable":true,"href":"https:\/\/blogg.folkuniversitetet.nu\/erikan\/wp-json\/wp\/v2\/comments?post=3239"}],"version-history":[{"count":20,"href":"https:\/\/blogg.folkuniversitetet.nu\/erikan\/wp-json\/wp\/v2\/pages\/3239\/revisions"}],"predecessor-version":[{"id":3268,"href":"https:\/\/blogg.folkuniversitetet.nu\/erikan\/wp-json\/wp\/v2\/pages\/3239\/revisions\/3268"}],"wp:attachment":[{"href":"https:\/\/blogg.folkuniversitetet.nu\/erikan\/wp-json\/wp\/v2\/media?parent=3239"}],"curies":[{"name":"wp","href":"https:\/\/api.w.org\/{rel}","templated":true}]}}