{"id":3227,"date":"2026-02-26T14:15:28","date_gmt":"2026-02-26T13:15:28","guid":{"rendered":"https:\/\/blogg.folkuniversitetet.nu\/erikan\/?page_id=3227"},"modified":"2026-03-05T21:03:36","modified_gmt":"2026-03-05T20:03:36","slug":"lektion-2-25-februari","status":"publish","type":"page","link":"https:\/\/blogg.folkuniversitetet.nu\/erikan\/lektion-2-25-februari\/","title":{"rendered":"Vecka ett: 23 och 25 februari"},"content":{"rendered":"<h5><span style=\"color: #800080\"><strong>M\u00e5ndag 23 februari &#8211; Lektion 1:<\/strong><\/span><\/h5>\n<p>Det var j\u00e4tteroligt att tr\u00e4ffa er idag, ni \u00e4r fantastiskt duktiga p\u00e5 att prata svenska!<\/p>\n<p>S\u00e5 h\u00e4r s\u00e5g schemat ut f\u00f6r dagens lektion, :<\/p>\n<ol>\n<li>Praktiska saker. Registrera er g\u00e4rna p\u00e5 nok-portalen: <a href=\"https:\/\/www.nok.se\/\">Vi ger ordet till fler &#8211; Natur &amp; Kultur<\/a><\/li>\n<li>Intervjua varandra i par f\u00f6r att l\u00e4ra k\u00e4nna varandra!\u00a0Fr\u00e5ga till exempel: Vad heter du, var kommer du ifr\u00e5n, vilka spr\u00e5k kan du, vad gillar du att g\u00f6ra? Kom ih\u00e5g att skriva ned svaren \ud83e\udd17<\/li>\n<li>Ber\u00e4tta om din nya v\u00e4n f\u00f6r oss andra!<\/li>\n<li>Vi b\u00f6rjar med kapitel 1 : Fritidsaktiviteter.\n<ul>\n<li>TB (textboken), s. (sidan) 8-9: \u00d6vning 1 B, C, D, E &amp; F<\/li>\n<\/ul>\n<\/li>\n<\/ol>\n<p>S\u00e5ngen om alfabetet: https:\/\/open.spotify.com\/track\/32j6iryzCSKYwu9ddOWhT4?si=47e73008e3dc484a<\/p>\n<p>Texten: <a href=\"http:\/\/blogg.folkuniversitetet.nu\/erikan\/files\/2026\/02\/Minnesalfabetan-text-svenska-och-engelska.pdf\">Minnesalfabetan text svenska och engelska<\/a><\/p>\n<p><span style=\"color: #000080\"><strong>L\u00e4xor till onsdag:<\/strong><\/span><\/p>\n<p>Diagnostiskt test: G\u00f6r testet (som bygger p\u00e5 A2 del 1+2). L\u00e4mna till mig p\u00e5 onsdag (ni beh\u00f6ver inte skriva namn). Om ni tappar bort testet kan ni ladda ned det igen h\u00e4r: <a href=\"http:\/\/blogg.folkuniversitetet.nu\/erikan\/files\/2026\/02\/Diagnostiskt-test-B1-del-1.pdf\">Diagnostiskt test B1 del 1<\/a><\/p>\n<p>Fundera \u00f6ver fr\u00e5gorna \u201dAtt l\u00e4ra ett nytt spr\u00e5k\u201d. Om ni tappar bort pappret hittar ni det h\u00e4r: <a href=\"http:\/\/blogg.folkuniversitetet.nu\/erikan\/files\/2026\/02\/Kapitel-1-\u2013-Hur-lar-man-sig-ett-sprak.pdf\">Kapitel 1 \u2013 Hur l\u00e4r man sig ett spr\u00e5k<\/a><\/p>\n<p>Titta p\u00e5 feel-good-nyheten: <a href=\"https:\/\/www.svt.se\/nyheter\/lokalt\/norrbotten\/ante-17-och-epa-kompisarna-raddade-man-i-35-gradig-kyla\">Ante, 17, och epa-kompisarna r\u00e4ddade man i 35-gradig kyla | SVT Nyheter<\/a><\/p>\n<p>&nbsp;<\/p>\n<h5><strong><span style=\"color: #800080\">Onsdag 25 februari &#8211; Lektion 2:<\/span><\/strong><\/h5>\n<p>J\u00e4ttebra jobbat idag!!<\/p>\n<p>Kv\u00e4llens schema s\u00e5g ut s\u00e5 h\u00e4r:<\/p>\n<ol>\n<li><span style=\"color: #0000ff\"><strong>Samtal i par om att l\u00e4ra ett spr\u00e5k. <\/strong><\/span>Det var s\u00e5 roligt att se hur mycket ni hade att prata om. Ni hade m\u00e5nga intressanta tankar kring spr\u00e5kinl\u00e4rning, och j\u00e4ttebra tips att dela med varandra. Toppen!<\/li>\n<li><span style=\"color: #0000ff\"><strong>Fritid f\u00f6rr och nu.\u00a0<\/strong><\/span>Textboken, s. 11-12, \u00f6vningarna 3A-C:\n<ul>\n<li>Vi gick igenom orden i den gr\u00e5 rutan. (A)<\/li>\n<li>Vi gissade om p\u00e5st\u00e5endena var sanna (true) eller falska (false). (B)<\/li>\n<li>Vi lyssnade slutligen (lastly) p\u00e5 ljudfil 2 och kontrollerade v\u00e5ra svar. (C) Vi hade r\u00e4tt p\u00e5 n\u00e4stan alla!!<\/li>\n<\/ul>\n<\/li>\n<li><strong><span style=\"color: #0000ff\">Repetition av verbformer: <\/span><a href=\"http:\/\/blogg.folkuniversitetet.nu\/erikan\/files\/2026\/02\/Verbformer-och-andelser.pdf\">Verbformer och \u00e4ndelser<\/a><\/strong><\/li>\n<li><strong><span style=\"color: #ff0000\"><span style=\"color: #0000ff\">Repetition av preteritum och presens perfekt?<\/span> <a href=\"http:\/\/blogg.folkuniversitetet.nu\/erikan\/files\/2026\/02\/Presens-vs-preteritum_vad-passar-bast.pdf\">Presens vs preteritum_vad passar b\u00e4st<\/a> \u00a0<\/span><\/strong><\/li>\n<li><span style=\"color: #0000ff\"><strong>Hur vi b\u00f6jer adjektiv: <\/strong><\/span>Textboken, s. 16-17, \u00f6vning 4 D.\n<ul>\n<li>FOKUS-rutan om adjektiv p\u00e5 s. 16.<\/li>\n<li>\u00d6vning D: S\u00e4g adjektiven i r\u00e4tt form. H\u00e4r \u00e4r n\u00e5gra extra meningar:\u00a0<a href=\"http:\/\/blogg.folkuniversitetet.nu\/erikan\/files\/2026\/01\/Extra-meningar-adjektivets-bojningar.pdf\">Extra meningar adjektivets b\u00f6jningar<\/a><\/li>\n<\/ul>\n<\/li>\n<li><strong>MUSIK!\u00a0<\/strong>\u00a0\ud83c\udfb9\ud83c\udfb6 https:\/\/open.spotify.com\/track\/7AkX86lSUsUh54umWJ9Xaw?si=7dbbf29f899b48bb\u00a0\u00a0<a href=\"http:\/\/blogg.folkuniversitetet.nu\/erikan\/files\/2026\/01\/Gunnars-fingrar.pdf\">Gunnars fingrar<\/a><\/li>\n<\/ol>\n<p>L\u00e4xorna har ni f\u00e5tt p\u00e5 mejl \ud83e\udd17<\/p>\n<p>STORT TACK F\u00d6R IDAG! Vi ses p\u00e5 m\u00e5ndag n\u00e4sta vecka! \ud83e\udd29<\/p>\n","protected":false},"excerpt":{"rendered":"<p>M\u00e5ndag 23 februari &#8211; Lektion 1: Det var j\u00e4tteroligt att tr\u00e4ffa er idag, ni \u00e4r fantastiskt duktiga p\u00e5 att prata svenska! S\u00e5 h\u00e4r s\u00e5g schemat ut f\u00f6r dagens lektion, : Praktiska saker. Registrera er g\u00e4rna p\u00e5 nok-portalen: Vi ger ordet till fler &#8211; Natur &amp; Kultur Intervjua varandra i par f\u00f6r att l\u00e4ra k\u00e4nna varandra!\u00a0Fr\u00e5ga [&hellip;]<\/p>\n","protected":false},"author":904,"featured_media":0,"parent":0,"menu_order":0,"comment_status":"closed","ping_status":"closed","template":"","meta":{"footnotes":""},"class_list":["post-3227","page","type-page","status-publish","hentry","post-preview"],"_links":{"self":[{"href":"https:\/\/blogg.folkuniversitetet.nu\/erikan\/wp-json\/wp\/v2\/pages\/3227","targetHints":{"allow":["GET"]}}],"collection":[{"href":"https:\/\/blogg.folkuniversitetet.nu\/erikan\/wp-json\/wp\/v2\/pages"}],"about":[{"href":"https:\/\/blogg.folkuniversitetet.nu\/erikan\/wp-json\/wp\/v2\/types\/page"}],"author":[{"embeddable":true,"href":"https:\/\/blogg.folkuniversitetet.nu\/erikan\/wp-json\/wp\/v2\/users\/904"}],"replies":[{"embeddable":true,"href":"https:\/\/blogg.folkuniversitetet.nu\/erikan\/wp-json\/wp\/v2\/comments?post=3227"}],"version-history":[{"count":10,"href":"https:\/\/blogg.folkuniversitetet.nu\/erikan\/wp-json\/wp\/v2\/pages\/3227\/revisions"}],"predecessor-version":[{"id":3279,"href":"https:\/\/blogg.folkuniversitetet.nu\/erikan\/wp-json\/wp\/v2\/pages\/3227\/revisions\/3279"}],"wp:attachment":[{"href":"https:\/\/blogg.folkuniversitetet.nu\/erikan\/wp-json\/wp\/v2\/media?parent=3227"}],"curies":[{"name":"wp","href":"https:\/\/api.w.org\/{rel}","templated":true}]}}