{"id":3197,"date":"2026-02-23T16:27:15","date_gmt":"2026-02-23T15:27:15","guid":{"rendered":"https:\/\/blogg.folkuniversitetet.nu\/erikan\/?page_id=3197"},"modified":"2026-03-05T21:01:31","modified_gmt":"2026-03-05T20:01:31","slug":"b1-del-1-med-start-23-februari","status":"publish","type":"page","link":"https:\/\/blogg.folkuniversitetet.nu\/erikan\/b1-del-1-med-start-23-februari\/","title":{"rendered":"B1 del 1, start 23 februari 2026"},"content":{"rendered":"<p>Hej!!<\/p>\n<p>V\u00e4lkomna till v\u00e5r kursblogg!<\/p>\n<p>H\u00e4r hittar ni allt vi har gjort p\u00e5 lektionerna, och lite till \ud83e\udd17<\/p>\n<p>Vi ses p\u00e5 m\u00e5ndag! \ud83d\udd7a\ud83d\udc83<\/p>\n","protected":false},"excerpt":{"rendered":"<p>Hej!! V\u00e4lkomna till v\u00e5r kursblogg! H\u00e4r hittar ni allt vi har gjort p\u00e5 lektionerna, och lite till \ud83e\udd17 Vi ses p\u00e5 m\u00e5ndag! \ud83d\udd7a\ud83d\udc83<\/p>\n","protected":false},"author":904,"featured_media":0,"parent":0,"menu_order":0,"comment_status":"closed","ping_status":"closed","template":"","meta":{"footnotes":""},"class_list":["post-3197","page","type-page","status-publish","hentry","post-preview"],"_links":{"self":[{"href":"https:\/\/blogg.folkuniversitetet.nu\/erikan\/wp-json\/wp\/v2\/pages\/3197","targetHints":{"allow":["GET"]}}],"collection":[{"href":"https:\/\/blogg.folkuniversitetet.nu\/erikan\/wp-json\/wp\/v2\/pages"}],"about":[{"href":"https:\/\/blogg.folkuniversitetet.nu\/erikan\/wp-json\/wp\/v2\/types\/page"}],"author":[{"embeddable":true,"href":"https:\/\/blogg.folkuniversitetet.nu\/erikan\/wp-json\/wp\/v2\/users\/904"}],"replies":[{"embeddable":true,"href":"https:\/\/blogg.folkuniversitetet.nu\/erikan\/wp-json\/wp\/v2\/comments?post=3197"}],"version-history":[{"count":11,"href":"https:\/\/blogg.folkuniversitetet.nu\/erikan\/wp-json\/wp\/v2\/pages\/3197\/revisions"}],"predecessor-version":[{"id":3278,"href":"https:\/\/blogg.folkuniversitetet.nu\/erikan\/wp-json\/wp\/v2\/pages\/3197\/revisions\/3278"}],"wp:attachment":[{"href":"https:\/\/blogg.folkuniversitetet.nu\/erikan\/wp-json\/wp\/v2\/media?parent=3197"}],"curies":[{"name":"wp","href":"https:\/\/api.w.org\/{rel}","templated":true}]}}