{"id":3182,"date":"2026-02-21T21:13:34","date_gmt":"2026-02-21T20:13:34","guid":{"rendered":"https:\/\/blogg.folkuniversitetet.nu\/erikan\/?page_id=3182"},"modified":"2026-02-21T22:01:16","modified_gmt":"2026-02-21T21:01:16","slug":"3182-2","status":"publish","type":"page","link":"https:\/\/blogg.folkuniversitetet.nu\/erikan\/3182-2\/","title":{"rendered":"Lektion sex: 21 februari"},"content":{"rendered":"<ol>\n<li>Vi g\u00e5r igenom <span style=\"color: #ff00ff\"><strong>plural-l\u00e4xan<\/strong><\/span>: <a href=\"http:\/\/blogg.folkuniversitetet.nu\/erikan\/files\/2026\/02\/Pluralquiz-Facit.pdf\">Pluralquiz Facit<\/a><\/li>\n<li><strong><span style=\"color: #ff00ff\">P\u00e5 caf\u00e9<\/span><\/strong>!! TB, s. 41. \u2615\ud83c\udf75\ud83c\udf70\n<ul>\n<li>Ljudfil 26. Vi lyssnar. F\u00f6rst\u00e5r vi allt?<\/li>\n<li>H\u00f6gl\u00e4sning.<\/li>\n<li>\u00d6vning A \u2013 den som vill ber\u00e4ttar om sitt favoritcaf\u00e9!<span style=\"color: #ff0000\"><strong>\u00a0<\/strong><\/span><\/li>\n<li>TB, s. 44. P\u00e5 Kaf\u00e9 Svea. Vi lyssnar p\u00e5 ljudfil 29. F\u00f6rst\u00e5r vi allt?<\/li>\n<li>I grupper p\u00e5 3-4: G\u00f6r ett rollspel: P\u00e5 caf\u00e9. 2-3 kunder, en personal (caf\u00e9bitr\u00e4de)<\/li>\n<li>Den som vill spelar upp sitt rollspel f\u00f6r oss alla!\u00a0 <span style=\"color: #ff0000\"><strong>Superbra jobbat!!<\/strong><\/span> \ud83e\udd17\ud83e\udd73<\/li>\n<\/ul>\n<\/li>\n<li><strong><span style=\"color: #ff00ff\">Infinitiv<\/span><\/strong>: TB, s. 42: \u201dJag m\u00e5ste hj\u00e4lpa mormor\u2026\u201d Vi l\u00e4ser och letar hj\u00e4lpverb + infinitiv.\n<ul>\n<li>Vi ska (will\/shall) <span style=\"text-decoration: line-through\">att<\/span> jobba med infinitiv. Vi planerar (plan) <strong>att<\/strong> jobba med infinitiv<\/li>\n<li>Kan (can), vill (want to), ska (shall), beh\u00f6ver (need), m\u00e5ste (must) = No &#8221;att&#8221; efter these help verbs!<\/li>\n<li>Ska + any verb in infinitive = future<\/li>\n<li>TB, s. 43: \u00d6vning D i par.<\/li>\n<li>Sats-schema med hj\u00e4lpverb (help verbs) och infinitiv-verb: <a href=\"http:\/\/blogg.folkuniversitetet.nu\/erikan\/files\/2026\/02\/Huvudsatsschema-lektion-6.pdf\">Huvudsatsschema lektion 6<\/a><\/li>\n<\/ul>\n<\/li>\n<\/ol>\n<ol start=\"4\">\n<li><strong><span style=\"color: #ff00ff\">Uttal<\/span><\/strong>: TB, s. 40. TJ-ljudet\u00a0 \u00a0 &amp; \u00a0\u00a0SJ-fr\u00e4mre\u00a0 \u00a0&amp;\u00a0 \u00a0SJ-bakre. Ljudfil 25.<\/li>\n<li><strong><span style=\"color: #ff00ff\">Vi sj\u00f6ng &#8221;Sm\u00e5 grodorna&#8221;<\/span><\/strong>: <a href=\"https:\/\/open.spotify.com\/track\/0QZjL9KbdU5YscGFyXeVDe?si=fa8d9d2fdb5741c4\">https:\/\/open.spotify.com\/track\/0QZjL9KbdU5YscGFyXeVDe?si=fa8d9d2fdb5741c4<\/a>\u00a0 \u00a0 \u00a0 \u00a0 Och med text: <a href=\"https:\/\/open.spotify.com\/track\/1O60SExCK7IPlOET5Ms88P?si=a21efbfc5b1d48c3\">https:\/\/open.spotify.com\/track\/1O60SExCK7IPlOET5Ms88P?si=a21efbfc5b1d48c3<\/a><\/li>\n<\/ol>\n<p><strong>Ni var j\u00e4tteduktiga idag! Jag \u00e4r superstolt (super proud) \u00f6ver er!!<\/strong> \ud83d\udcaf\ud83d\udd25\ud83d\udc4f<\/p>\n<p><span style=\"text-decoration: underline\">L\u00e4xa till n\u00e4sta g\u00e5ng:<\/span><\/p>\n<p>TB, s. 44. Ljudfil 28. Lyssna, l\u00e4s. Ordlista h\u00e4r: <a href=\"http:\/\/blogg.folkuniversitetet.nu\/erikan\/files\/2026\/02\/Ordlista-sidan-44-TB.pdf\">Ordlista sidan 44 TB<\/a><\/p>\n<p>SKRIV om en vanlig dag i ditt liv (write about an ordinary day in your life). 10-15 meningar.<\/p>\n<p>\u00d6B, s. 42-43, 46, 53.<\/p>\n<p><a href=\"http:\/\/blogg.folkuniversitetet.nu\/erikan\/files\/2026\/02\/ett-bageri-scaled.jpg\"><img loading=\"lazy\" decoding=\"async\" class=\"alignnone size-medium wp-image-3189\" src=\"http:\/\/blogg.folkuniversitetet.nu\/erikan\/files\/2026\/02\/ett-bageri-300x237.jpg\" alt=\"\" width=\"300\" height=\"237\" \/><\/a><\/p>\n<p>Leijons bageri och caf\u00e9 i Uppsala \u00e4r mitt favoritfik\ud83d\udc97<\/p>\n<p>&nbsp;<\/p>\n<p>&nbsp;<\/p>\n","protected":false},"excerpt":{"rendered":"<p>Vi g\u00e5r igenom plural-l\u00e4xan: Pluralquiz Facit P\u00e5 caf\u00e9!! TB, s. 41. \u2615\ud83c\udf75\ud83c\udf70 Ljudfil 26. Vi lyssnar. F\u00f6rst\u00e5r vi allt? H\u00f6gl\u00e4sning. \u00d6vning A \u2013 den som vill ber\u00e4ttar om sitt favoritcaf\u00e9!\u00a0 TB, s. 44. P\u00e5 Kaf\u00e9 Svea. Vi lyssnar p\u00e5 ljudfil 29. F\u00f6rst\u00e5r vi allt? I grupper p\u00e5 3-4: G\u00f6r ett rollspel: P\u00e5 caf\u00e9. 2-3 kunder, [&hellip;]<\/p>\n","protected":false},"author":904,"featured_media":0,"parent":0,"menu_order":0,"comment_status":"closed","ping_status":"closed","template":"","meta":{"footnotes":""},"class_list":["post-3182","page","type-page","status-publish","hentry","post-preview"],"_links":{"self":[{"href":"https:\/\/blogg.folkuniversitetet.nu\/erikan\/wp-json\/wp\/v2\/pages\/3182","targetHints":{"allow":["GET"]}}],"collection":[{"href":"https:\/\/blogg.folkuniversitetet.nu\/erikan\/wp-json\/wp\/v2\/pages"}],"about":[{"href":"https:\/\/blogg.folkuniversitetet.nu\/erikan\/wp-json\/wp\/v2\/types\/page"}],"author":[{"embeddable":true,"href":"https:\/\/blogg.folkuniversitetet.nu\/erikan\/wp-json\/wp\/v2\/users\/904"}],"replies":[{"embeddable":true,"href":"https:\/\/blogg.folkuniversitetet.nu\/erikan\/wp-json\/wp\/v2\/comments?post=3182"}],"version-history":[{"count":9,"href":"https:\/\/blogg.folkuniversitetet.nu\/erikan\/wp-json\/wp\/v2\/pages\/3182\/revisions"}],"predecessor-version":[{"id":3196,"href":"https:\/\/blogg.folkuniversitetet.nu\/erikan\/wp-json\/wp\/v2\/pages\/3182\/revisions\/3196"}],"wp:attachment":[{"href":"https:\/\/blogg.folkuniversitetet.nu\/erikan\/wp-json\/wp\/v2\/media?parent=3182"}],"curies":[{"name":"wp","href":"https:\/\/api.w.org\/{rel}","templated":true}]}}