{"id":3152,"date":"2026-02-16T11:32:28","date_gmt":"2026-02-16T10:32:28","guid":{"rendered":"https:\/\/blogg.folkuniversitetet.nu\/erikan\/?page_id=3152"},"modified":"2026-02-16T12:08:05","modified_gmt":"2026-02-16T11:08:05","slug":"lektion-fem-14-februari","status":"publish","type":"page","link":"https:\/\/blogg.folkuniversitetet.nu\/erikan\/lektion-fem-14-februari\/","title":{"rendered":"Lektion fem: 14 februari"},"content":{"rendered":"<p>Hej allihopa och Glad alla hj\u00e4rtans dag! \u2764\ufe0f\ud83c\udf39<\/p>\n<p>Idag jobbade (worked) vi mycket med grammatik: pluralformer och verbformerna imperativ, infinitiv och presens.<\/p>\n<p>F\u00f6rst satt (sat) ni i par i Break-out-rum och skrev (wrote) fem fr\u00e5gor till texten \u201dRenates dag\u201d, TB, s. 49.<\/p>\n<p>Sedan st\u00e4llde ni fr\u00e5gorna till ett annat par (then you asked the questions to another pair).<\/p>\n<p>Mycket bra jobbat!!<\/p>\n<p>Efter fem minuters paus b\u00f6rjade (started) vi med plural:<\/p>\n<p>Flow chart: \u00d6B, s. \u00a048.<\/p>\n<p>H\u00e4r \u00e4r en lathund (literally: &#8221;lazy dog&#8221;, i.e.\u00a0 <em>cheat sheet<\/em>):<\/p>\n<p><a href=\"http:\/\/blogg.folkuniversitetet.nu\/erikan\/files\/2026\/02\/Plural-lathund.pdf\">Plural lathund<\/a><\/p>\n<p>Vi gjorde (did) \u00f6vning B, \u00d6B, s. 49.<\/p>\n<p>Efter lunch jobbade vi med verb:<\/p>\n<p>\u00d6B, s. 44, TB, s. 38, 39 &amp; 43. Vi gjorde \u00f6vning C i Break-out-rum.<\/p>\n<p>H\u00e4r \u00e4r excel-filen vi jobbade med:<\/p>\n<p><a href=\"http:\/\/blogg.folkuniversitetet.nu\/erikan\/files\/2026\/02\/Verbformerna-imperativ-infinitiv-och-presens.pdf\">Verbformerna imperativ, infinitiv och presens<\/a><\/p>\n<p>Till sist (at the end\/lastly) lyssnade vi p\u00e5 en l\u00e5t (a song), och sj\u00f6ng med (sang along):<\/p>\n<p><a href=\"http:\/\/blogg.folkuniversitetet.nu\/erikan\/files\/2026\/02\/Herr-gurka.pdf\">Herr gurka<\/a>\u00a0 (link to Spotfy in the document)<\/p>\n<p>SUPERBRA jobbat idag!!!\u00a0 \ud83e\udd17<\/p>\n<p>Vi ses p\u00e5 l\u00f6rdag igen!<\/p>\n<p><a href=\"http:\/\/blogg.folkuniversitetet.nu\/erikan\/files\/2026\/02\/cinnamon-buns-756498_1280.jpg\"><img loading=\"lazy\" decoding=\"async\" class=\"alignnone size-medium wp-image-3163\" src=\"http:\/\/blogg.folkuniversitetet.nu\/erikan\/files\/2026\/02\/cinnamon-buns-756498_1280-225x300.jpg\" alt=\"\" width=\"225\" height=\"300\" srcset=\"https:\/\/blogg.folkuniversitetet.nu\/erikan\/files\/2026\/02\/cinnamon-buns-756498_1280-225x300.jpg 225w, https:\/\/blogg.folkuniversitetet.nu\/erikan\/files\/2026\/02\/cinnamon-buns-756498_1280-768x1024.jpg 768w, https:\/\/blogg.folkuniversitetet.nu\/erikan\/files\/2026\/02\/cinnamon-buns-756498_1280-676x901.jpg 676w, https:\/\/blogg.folkuniversitetet.nu\/erikan\/files\/2026\/02\/cinnamon-buns-756498_1280.jpg 960w\" sizes=\"auto, (max-width: 225px) 100vw, 225px\" \/><\/a><\/p>\n<p>&#8221;Stanna-inne-och-fika-v\u00e4dret&#8221; forts\u00e4tter!\u2615\ud83c\udf75\u2603\ufe0f\u2744\ufe0f<\/p>\n<p>The &#8221;stay-indoors-and-fika-weather&#8221; continues! \u2615\ud83c\udf75\u2603\ufe0f\u2744\ufe0f<\/p>\n<p>&nbsp;<\/p>\n","protected":false},"excerpt":{"rendered":"<p>Hej allihopa och Glad alla hj\u00e4rtans dag! \u2764\ufe0f\ud83c\udf39 Idag jobbade (worked) vi mycket med grammatik: pluralformer och verbformerna imperativ, infinitiv och presens. F\u00f6rst satt (sat) ni i par i Break-out-rum och skrev (wrote) fem fr\u00e5gor till texten \u201dRenates dag\u201d, TB, s. 49. Sedan st\u00e4llde ni fr\u00e5gorna till ett annat par (then you asked the questions [&hellip;]<\/p>\n","protected":false},"author":904,"featured_media":0,"parent":0,"menu_order":0,"comment_status":"closed","ping_status":"closed","template":"","meta":{"footnotes":""},"class_list":["post-3152","page","type-page","status-publish","hentry","post-preview"],"_links":{"self":[{"href":"https:\/\/blogg.folkuniversitetet.nu\/erikan\/wp-json\/wp\/v2\/pages\/3152","targetHints":{"allow":["GET"]}}],"collection":[{"href":"https:\/\/blogg.folkuniversitetet.nu\/erikan\/wp-json\/wp\/v2\/pages"}],"about":[{"href":"https:\/\/blogg.folkuniversitetet.nu\/erikan\/wp-json\/wp\/v2\/types\/page"}],"author":[{"embeddable":true,"href":"https:\/\/blogg.folkuniversitetet.nu\/erikan\/wp-json\/wp\/v2\/users\/904"}],"replies":[{"embeddable":true,"href":"https:\/\/blogg.folkuniversitetet.nu\/erikan\/wp-json\/wp\/v2\/comments?post=3152"}],"version-history":[{"count":7,"href":"https:\/\/blogg.folkuniversitetet.nu\/erikan\/wp-json\/wp\/v2\/pages\/3152\/revisions"}],"predecessor-version":[{"id":3165,"href":"https:\/\/blogg.folkuniversitetet.nu\/erikan\/wp-json\/wp\/v2\/pages\/3152\/revisions\/3165"}],"wp:attachment":[{"href":"https:\/\/blogg.folkuniversitetet.nu\/erikan\/wp-json\/wp\/v2\/media?parent=3152"}],"curies":[{"name":"wp","href":"https:\/\/api.w.org\/{rel}","templated":true}]}}