{"id":3126,"date":"2026-02-09T17:53:58","date_gmt":"2026-02-09T16:53:58","guid":{"rendered":"https:\/\/blogg.folkuniversitetet.nu\/erikan\/?page_id=3126"},"modified":"2026-02-09T18:03:13","modified_gmt":"2026-02-09T17:03:13","slug":"lektion-fyra-8-februari","status":"publish","type":"page","link":"https:\/\/blogg.folkuniversitetet.nu\/erikan\/lektion-fyra-8-februari\/","title":{"rendered":"Lektion fyra: 8 februari"},"content":{"rendered":"<p><span style=\"color: #000080\"><strong>KLOCKAN<\/strong>\u00a0<\/span>\u231a\u23f0<\/p>\n<p>-&gt;Textboken (TB), sidan (s.) 30: Tidsord: Sekund(er), minut(er), kvart(ar), timme (timmar).<\/p>\n<p>H\u00e4r kan ni l\u00e4ra er mer om klockan p\u00e5 svenska: <a href=\"http:\/\/blogg.folkuniversitetet.nu\/erikan\/files\/2026\/02\/klockan-handout.pdf\">klockan handout<\/a><\/p>\n<p>-&gt; TB, s. 31, \u00f6vning B.<\/p>\n<p>-&gt; TB, s. 32. Gr\u00f6na+gula rutan. Vad \u00e4r klockan? Hur mycket \u00e4r klockan? Den \/ hon \/ \u00e4r&#8230;<\/p>\n<p>-&gt; TB, s. 32, \u00f6vning C.<\/p>\n<p><strong><span style=\"color: #000080\">RENATES DAG<\/span><\/strong>: Ordf\u00f6ljd<\/p>\n<p>-&gt; Ljudfil 22.<\/p>\n<p>KAHOOT! Do it again! https:\/\/create.kahoot.it\/share\/a1-del-1-lektion-4\/cb39f153-fd1b-47f3-9aa9-add01c2c28d0<\/p>\n<p><span style=\"color: #000080\"><strong>Pronomen DEN \/ DET:<\/strong><\/span><\/p>\n<p>-&gt; TB, s. 36. FOKUS. \u00d6vning I.<\/p>\n<p>-&gt; \u00d6B, s. 32. FOKUS. Sidan 33, \u00f6vning B. Leta \u201dtomma\u201d subjekt.<\/p>\n<p><span style=\"color: #000080\"><strong>L\u00c4XOR:<\/strong><\/span><\/p>\n<p>TB, s. 35, \u00f6vning D. Then choose some sentences from the text (&#8221;Renates dag&#8221;), and insert the words in the scheme (satsschema). (You find empty schemes if needed at my blog under &#8221;Grammatik och uttal&#8221;).<\/p>\n<p>TB, s. 34, \u00f6vning A (ljudfil 23): Vilka aktiviteter h\u00f6r du (which activities do you hear)?<\/p>\n<p>\u00d6B, s. 32: g\u00f6r klart (finish) \u00f6vning A.<\/p>\n<p>\u00d6B, s. 28; \u00f6vning 4 &amp; 5.<\/p>\n<p>SKRIV fem fr\u00e5gor (write 5 questions) om &#8221;Renates dag&#8221;.<\/p>\n<p>Vi ses p\u00e5 l\u00f6rdag! \u2603\ufe0f<\/p>\n<p><a href=\"http:\/\/blogg.folkuniversitetet.nu\/erikan\/files\/2026\/02\/Abisko-scaled.jpg\"><img loading=\"lazy\" decoding=\"async\" class=\"alignnone size-medium wp-image-3133\" src=\"http:\/\/blogg.folkuniversitetet.nu\/erikan\/files\/2026\/02\/Abisko-300x225.jpg\" alt=\"\" width=\"300\" height=\"225\" srcset=\"https:\/\/blogg.folkuniversitetet.nu\/erikan\/files\/2026\/02\/Abisko-300x225.jpg 300w, https:\/\/blogg.folkuniversitetet.nu\/erikan\/files\/2026\/02\/Abisko-1024x768.jpg 1024w, https:\/\/blogg.folkuniversitetet.nu\/erikan\/files\/2026\/02\/Abisko-768x576.jpg 768w, https:\/\/blogg.folkuniversitetet.nu\/erikan\/files\/2026\/02\/Abisko-1536x1152.jpg 1536w, https:\/\/blogg.folkuniversitetet.nu\/erikan\/files\/2026\/02\/Abisko-2048x1536.jpg 2048w, https:\/\/blogg.folkuniversitetet.nu\/erikan\/files\/2026\/02\/Abisko-676x507.jpg 676w\" sizes=\"auto, (max-width: 300px) 100vw, 300px\" \/><\/a><\/p>\n<p>Abisko, norra Sverige<\/p>\n","protected":false},"excerpt":{"rendered":"<p>KLOCKAN\u00a0\u231a\u23f0 -&gt;Textboken (TB), sidan (s.) 30: Tidsord: Sekund(er), minut(er), kvart(ar), timme (timmar). H\u00e4r kan ni l\u00e4ra er mer om klockan p\u00e5 svenska: klockan handout -&gt; TB, s. 31, \u00f6vning B. -&gt; TB, s. 32. Gr\u00f6na+gula rutan. Vad \u00e4r klockan? Hur mycket \u00e4r klockan? Den \/ hon \/ \u00e4r&#8230; -&gt; TB, s. 32, \u00f6vning C. RENATES [&hellip;]<\/p>\n","protected":false},"author":904,"featured_media":0,"parent":0,"menu_order":0,"comment_status":"closed","ping_status":"closed","template":"","meta":{"footnotes":""},"class_list":["post-3126","page","type-page","status-publish","hentry","post-preview"],"_links":{"self":[{"href":"https:\/\/blogg.folkuniversitetet.nu\/erikan\/wp-json\/wp\/v2\/pages\/3126","targetHints":{"allow":["GET"]}}],"collection":[{"href":"https:\/\/blogg.folkuniversitetet.nu\/erikan\/wp-json\/wp\/v2\/pages"}],"about":[{"href":"https:\/\/blogg.folkuniversitetet.nu\/erikan\/wp-json\/wp\/v2\/types\/page"}],"author":[{"embeddable":true,"href":"https:\/\/blogg.folkuniversitetet.nu\/erikan\/wp-json\/wp\/v2\/users\/904"}],"replies":[{"embeddable":true,"href":"https:\/\/blogg.folkuniversitetet.nu\/erikan\/wp-json\/wp\/v2\/comments?post=3126"}],"version-history":[{"count":6,"href":"https:\/\/blogg.folkuniversitetet.nu\/erikan\/wp-json\/wp\/v2\/pages\/3126\/revisions"}],"predecessor-version":[{"id":3135,"href":"https:\/\/blogg.folkuniversitetet.nu\/erikan\/wp-json\/wp\/v2\/pages\/3126\/revisions\/3135"}],"wp:attachment":[{"href":"https:\/\/blogg.folkuniversitetet.nu\/erikan\/wp-json\/wp\/v2\/media?parent=3126"}],"curies":[{"name":"wp","href":"https:\/\/api.w.org\/{rel}","templated":true}]}}