{"id":3061,"date":"2026-01-26T13:41:03","date_gmt":"2026-01-26T12:41:03","guid":{"rendered":"https:\/\/blogg.folkuniversitetet.nu\/erikan\/?page_id=3061"},"modified":"2026-02-01T17:09:00","modified_gmt":"2026-02-01T16:09:00","slug":"lektion-tre-31-januari","status":"publish","type":"page","link":"https:\/\/blogg.folkuniversitetet.nu\/erikan\/lektion-tre-31-januari\/","title":{"rendered":"Lektion tre: 31 januari"},"content":{"rendered":"<p>Forts\u00e4ttning (continuation) <strong><span style=\"text-decoration: underline;color: #008000\">ordf\u00f6ljd<\/span>:<\/strong><\/p>\n<p>-&gt; <em>P\u00e5st\u00e5ende<\/em> (statement): Subjekt + Verb\u00a0 eller<em>\u00a0 V<\/em>erb + Subjekt? \u00d6B, s. 6.<\/p>\n<p>If there is (an)other word(s) in the first column (than the subject), the verb will (naturally) come before the subject:<\/p>\n<p><a href=\"http:\/\/blogg.folkuniversitetet.nu\/erikan\/files\/2026\/02\/Huvudsatsschema-lektion-2.pdf\">Huvudsatsschema-lektion 2<\/a><\/p>\n<p>-&gt; <em>Fr\u00e5geord<\/em> (question words). TB, s. 10. Fr\u00e5geord st\u00e5r f\u00f6rst i meningen (=Verb+Subjekt)<\/p>\n<p>-&gt; Fr\u00e5ga <em>utan fr\u00e5geord<\/em> b\u00f6rjar alltid med verbet (=Verb+Subjekt). Kan besvaras (be answered) Med JA eller NEJ.<\/p>\n<p>-&gt; Var ska \u201dinte\u201d st\u00e5? &#8221;Inte&#8221; st\u00e5r alltid efter verbet i en huvudsats (main clause). TB, s. 13: B.<\/p>\n<p><strong><span style=\"color: #008000\">Konjunktioner<\/span> <\/strong>binder ihop satsdelar (a conjunction binds together main cluases, i e self-standing parts of sentences):<\/p>\n<p><strong>Och\u00a0 \/\u00a0 men\u00a0 \/\u00a0 f\u00f6r\u00a0 \/\u00a0 eller\u00a0 \/ \u00a0s\u00e5\u00a0 <\/strong>\u00a0\u00d6B, s. 17. \u00d6vning A.<\/p>\n<p><span style=\"color: #800080\"><strong>Vi g\u00e5r p\u00e5 fest<\/strong><\/span>! \ud83e\udd73\ud83c\udf89 TB, s. 22-23. Lyssna, l\u00e4sa i grupper.<\/p>\n<p><span style=\"color: #800080\"><strong>Substantiv<\/strong><\/span>: TB, s. 25. FOKUS-rutan och \u00f6vning F.<\/p>\n<p><span style=\"text-decoration: underline\"><strong><span style=\"color: #008000;text-decoration: underline\">MUSIK<\/span><\/strong><\/span>! https:\/\/open.spotify.com\/track\/0oKOAL9nhFMieApXNLYkZ8?si=bd622a8a5e3840bc<\/p>\n<p><iframe title=\"Spotify Embed: Vem vet?\" style=\"border-radius: 12px\" width=\"100%\" height=\"152\" frameborder=\"0\" allowfullscreen allow=\"autoplay; clipboard-write; encrypted-media; fullscreen; picture-in-picture\" loading=\"lazy\" src=\"https:\/\/open.spotify.com\/embed\/track\/0oKOAL9nhFMieApXNLYkZ8?si=B9Q0jm6KSz-dketDTiNuBQ&amp;utm_source=oembed\"><\/iframe><\/p>\n<p>Text (lyrics): <a href=\"http:\/\/blogg.folkuniversitetet.nu\/erikan\/files\/2026\/02\/Vem-vet_lyrics.pdf\">Vem vet_lyrics<\/a><\/p>\n<p>TB, s. 27, ljudfil 18. Sidan 30. \u00d6vning B i par.<\/p>\n<p><span style=\"text-decoration: underline\"><span style=\"color: #008000;text-decoration: underline\">Stavningslek<\/span><\/span><strong>: <\/strong>Grupperna v\u00e4ljer ett ord i Break-out-Rum. Check the pronunciation at<strong> <a href=\"https:\/\/folkets-lexikon.csc.kth.se\/folkets\/folkets.html#lookup&amp;a\">Folkets lexikon<\/a> .\u00a0 <\/strong>Stava orden f\u00f6r mig och se om jag kan skriva dem r\u00e4tt!<strong>\u00a0<\/strong><\/p>\n<p>SUPERBRA jobbat idag, som alltid!! \ud83d\udc4f\ud83d\udc4f\ud83e\udd29<\/p>\n<p><a href=\"http:\/\/blogg.folkuniversitetet.nu\/erikan\/files\/2026\/01\/Vokaler-scaled.jpg\"><img loading=\"lazy\" decoding=\"async\" class=\"alignnone size-medium wp-image-3062\" src=\"http:\/\/blogg.folkuniversitetet.nu\/erikan\/files\/2026\/01\/Vokaler-224x300.jpg\" alt=\"\" width=\"224\" height=\"300\" srcset=\"https:\/\/blogg.folkuniversitetet.nu\/erikan\/files\/2026\/01\/Vokaler-224x300.jpg 224w, https:\/\/blogg.folkuniversitetet.nu\/erikan\/files\/2026\/01\/Vokaler-766x1024.jpg 766w, https:\/\/blogg.folkuniversitetet.nu\/erikan\/files\/2026\/01\/Vokaler-768x1027.jpg 768w, https:\/\/blogg.folkuniversitetet.nu\/erikan\/files\/2026\/01\/Vokaler-1148x1536.jpg 1148w, https:\/\/blogg.folkuniversitetet.nu\/erikan\/files\/2026\/01\/Vokaler-1531x2048.jpg 1531w, https:\/\/blogg.folkuniversitetet.nu\/erikan\/files\/2026\/01\/Vokaler-676x904.jpg 676w, https:\/\/blogg.folkuniversitetet.nu\/erikan\/files\/2026\/01\/Vokaler-scaled.jpg 1914w\" sizes=\"auto, (max-width: 224px) 100vw, 224px\" \/><\/a><\/p>\n<p><strong>H<span style=\"color: #ff00ff\">\u00e4<\/span>r<\/strong> <strong><span style=\"color: #ff00ff\">\u00e4<\/span><\/strong>r <strong><span style=\"color: #0000ff\">a<\/span>ll<span style=\"color: #0000ff\">a<\/span><\/strong> <strong>n<span style=\"color: #ff00ff\">i<\/span>o<\/strong> <strong>v<span style=\"color: #0000ff\">o<\/span>k<span style=\"color: #0000ff\">a<\/span>l<span style=\"color: #ff00ff\">e<\/span><\/strong>r <strong>sm<\/strong><span style=\"color: #0000ff\"><strong>\u00e5<\/strong><\/span><strong>,<\/strong><\/p>\n<p><strong>b<span style=\"color: #0000ff\">\u00e5<\/span>d<span style=\"color: #ff00ff\">e<\/span> <span style=\"text-decoration: underline\"><span style=\"text-decoration: underline;color: #0000ff\">h\u00e5rda<\/span><\/span> <span style=\"color: #0000ff\">o<\/span>ch<\/strong> <span style=\"color: #ff00ff\"><strong><span style=\"text-decoration: underline\">mj<\/span><span style=\"text-decoration: underline\">u<\/span><span style=\"text-decoration: underline\">k<\/span><span style=\"text-decoration: underline\">a<\/span><\/strong><\/span><\/p>\n<p><strong style=\"color: #ff00ff\">Y <span style=\"color: #0000ff\"><strong>o<\/strong><\/span><\/strong><strong>ch<\/strong> <strong><span style=\"color: #ff00ff\">\u00d6<\/span><\/strong><strong style=\"color: #ff00ff\"><span style=\"color: #333333\"> l<span style=\"color: #ff00ff\">i<\/span>k<\/span><span style=\"color: #0000ff\">a<\/span><\/strong><strong><span style=\"color: #333333\">s<\/span><span style=\"color: #0000ff\">\u00e5<\/span><\/strong> !<\/p>\n","protected":false},"excerpt":{"rendered":"<p>Forts\u00e4ttning (continuation) ordf\u00f6ljd: -&gt; P\u00e5st\u00e5ende (statement): Subjekt + Verb\u00a0 eller\u00a0 Verb + Subjekt? \u00d6B, s. 6. If there is (an)other word(s) in the first column (than the subject), the verb will (naturally) come before the subject: Huvudsatsschema-lektion 2 -&gt; Fr\u00e5geord (question words). TB, s. 10. Fr\u00e5geord st\u00e5r f\u00f6rst i meningen (=Verb+Subjekt) -&gt; Fr\u00e5ga utan fr\u00e5geord [&hellip;]<\/p>\n","protected":false},"author":904,"featured_media":0,"parent":0,"menu_order":0,"comment_status":"closed","ping_status":"closed","template":"","meta":{"footnotes":""},"class_list":["post-3061","page","type-page","status-publish","hentry","post-preview"],"_links":{"self":[{"href":"https:\/\/blogg.folkuniversitetet.nu\/erikan\/wp-json\/wp\/v2\/pages\/3061","targetHints":{"allow":["GET"]}}],"collection":[{"href":"https:\/\/blogg.folkuniversitetet.nu\/erikan\/wp-json\/wp\/v2\/pages"}],"about":[{"href":"https:\/\/blogg.folkuniversitetet.nu\/erikan\/wp-json\/wp\/v2\/types\/page"}],"author":[{"embeddable":true,"href":"https:\/\/blogg.folkuniversitetet.nu\/erikan\/wp-json\/wp\/v2\/users\/904"}],"replies":[{"embeddable":true,"href":"https:\/\/blogg.folkuniversitetet.nu\/erikan\/wp-json\/wp\/v2\/comments?post=3061"}],"version-history":[{"count":17,"href":"https:\/\/blogg.folkuniversitetet.nu\/erikan\/wp-json\/wp\/v2\/pages\/3061\/revisions"}],"predecessor-version":[{"id":3103,"href":"https:\/\/blogg.folkuniversitetet.nu\/erikan\/wp-json\/wp\/v2\/pages\/3061\/revisions\/3103"}],"wp:attachment":[{"href":"https:\/\/blogg.folkuniversitetet.nu\/erikan\/wp-json\/wp\/v2\/media?parent=3061"}],"curies":[{"name":"wp","href":"https:\/\/api.w.org\/{rel}","templated":true}]}}