{"id":3003,"date":"2026-01-18T12:09:56","date_gmt":"2026-01-18T11:09:56","guid":{"rendered":"https:\/\/blogg.folkuniversitetet.nu\/erikan\/?page_id=3003"},"modified":"2026-01-28T08:02:12","modified_gmt":"2026-01-28T07:02:12","slug":"lektion-1-17-januari","status":"publish","type":"page","link":"https:\/\/blogg.folkuniversitetet.nu\/erikan\/lektion-1-17-januari\/","title":{"rendered":"Lektion 1, 17 januari"},"content":{"rendered":"<p><strong>Att presentera sig sj\u00e4lv och n\u00e5gon annan:<\/strong><\/p>\n<p>* <a href=\"https:\/\/www.youtube.com\/watch?v=VVADDCIFi_o\">(30) Presentera dig &#8211; introduce yourself &#8211; YouTube<\/a><\/p>\n<p>* <a href=\"http:\/\/blogg.folkuniversitetet.nu\/erikan\/files\/2026\/01\/Questions-and-answers.pdf\">Questions and answers<\/a><\/p>\n<p>* <a href=\"http:\/\/blogg.folkuniversitetet.nu\/erikan\/files\/2026\/01\/Nagra-olika-sprak.pdf\">N\u00e5gra olika spr\u00e5k<\/a><\/p>\n<p>* <a href=\"http:\/\/blogg.folkuniversitetet.nu\/erikan\/files\/2026\/01\/Tell-about-each-other.pdf\">Tell about each other<\/a><\/p>\n<p><span style=\"color: #ff00ff\"><em>J\u00e4ttebra jobbat allihop!<\/em> <\/span>\ud83d\udc4f\ud83d\udc4f<\/p>\n<p><strong>Uttal:\u00a0<\/strong><\/p>\n<p>* Alfabetet: Textboken (TB), p. 17 (sidan 17), ljudfil 9.<\/p>\n<p>* Uttal av G och K f\u00f6re mjuka vokaler (E, I, Y, \u00c4, \u00d6): TB, sidan 87, 260-261, ljudfilerna 58, 183, 186.<\/p>\n<p><strong>Grammatisk terminologi:<\/strong><\/p>\n<p>TB, sidan 262:<\/p>\n<p>Substantiv &#8211; en eller ett? En hund (hunden), ett hus (huset)&#8230;<\/p>\n<p>Adjektiv &#8211; adjektiv that describes ett-words will have -t\u00a0 in the end; ett stor<span style=\"color: #ff0000\"><strong>t<\/strong><\/span> hus.)<\/p>\n<p>Verb &#8211; doesn&#8217;t change with person in Swedish. Hence; jag g\u00e5r, du g\u00e5r, han\/hon\/hen g\u00e5r&#8230; etc.<\/p>\n<p>Pronomen: <a href=\"http:\/\/blogg.folkuniversitetet.nu\/erikan\/files\/2026\/01\/Pronomen-A1-1.pdf\">Pronomen A1<\/a><\/p>\n<p>Prepositioner &#8211; p\u00e5, i, f\u00f6r, till etc etc. Must be learned on a case by case basis.<\/p>\n<p><strong>H\u00f6gl\u00e4sning (reading out loud):\u00a0<\/strong>TB, sidan 9 &#8221;Presentation&#8221; och sidan 19, \u00f6vning B &#8221;Tiago&#8221;.<\/p>\n<p>Super well done this first class! J\u00e4ttebra jobbat den f\u00f6rsta lektionen!!\ud83e\udd29<\/p>\n<p>Vi ses om en vecka! \ud83e\udd17<\/p>\n<p><a href=\"http:\/\/blogg.folkuniversitetet.nu\/erikan\/files\/2026\/01\/Oland.jpg\"><img loading=\"lazy\" decoding=\"async\" class=\"alignnone size-medium wp-image-3017\" src=\"http:\/\/blogg.folkuniversitetet.nu\/erikan\/files\/2026\/01\/Oland-300x300.jpg\" alt=\"\" width=\"300\" height=\"300\" srcset=\"https:\/\/blogg.folkuniversitetet.nu\/erikan\/files\/2026\/01\/Oland-300x300.jpg 300w, https:\/\/blogg.folkuniversitetet.nu\/erikan\/files\/2026\/01\/Oland-1024x1024.jpg 1024w, https:\/\/blogg.folkuniversitetet.nu\/erikan\/files\/2026\/01\/Oland-150x150.jpg 150w, https:\/\/blogg.folkuniversitetet.nu\/erikan\/files\/2026\/01\/Oland-768x768.jpg 768w, https:\/\/blogg.folkuniversitetet.nu\/erikan\/files\/2026\/01\/Oland-676x676.jpg 676w, https:\/\/blogg.folkuniversitetet.nu\/erikan\/files\/2026\/01\/Oland.jpg 1080w\" sizes=\"auto, (max-width: 300px) 100vw, 300px\" \/><\/a><\/p>\n<p>Jag dr\u00f6mmer om sommaren! \ud83c\udf1e<\/p>\n<p>&nbsp;<\/p>\n<p>&nbsp;<\/p>\n<p>&nbsp;<\/p>\n<p>&nbsp;<\/p>\n<p>&nbsp;<\/p>\n<p>&nbsp;<\/p>\n","protected":false},"excerpt":{"rendered":"<p>Att presentera sig sj\u00e4lv och n\u00e5gon annan: * (30) Presentera dig &#8211; introduce yourself &#8211; YouTube * Questions and answers * N\u00e5gra olika spr\u00e5k * Tell about each other J\u00e4ttebra jobbat allihop! \ud83d\udc4f\ud83d\udc4f Uttal:\u00a0 * Alfabetet: Textboken (TB), p. 17 (sidan 17), ljudfil 9. * Uttal av G och K f\u00f6re mjuka vokaler (E, I, [&hellip;]<\/p>\n","protected":false},"author":904,"featured_media":0,"parent":0,"menu_order":0,"comment_status":"closed","ping_status":"closed","template":"","meta":{"footnotes":""},"class_list":["post-3003","page","type-page","status-publish","hentry","post-preview"],"_links":{"self":[{"href":"https:\/\/blogg.folkuniversitetet.nu\/erikan\/wp-json\/wp\/v2\/pages\/3003","targetHints":{"allow":["GET"]}}],"collection":[{"href":"https:\/\/blogg.folkuniversitetet.nu\/erikan\/wp-json\/wp\/v2\/pages"}],"about":[{"href":"https:\/\/blogg.folkuniversitetet.nu\/erikan\/wp-json\/wp\/v2\/types\/page"}],"author":[{"embeddable":true,"href":"https:\/\/blogg.folkuniversitetet.nu\/erikan\/wp-json\/wp\/v2\/users\/904"}],"replies":[{"embeddable":true,"href":"https:\/\/blogg.folkuniversitetet.nu\/erikan\/wp-json\/wp\/v2\/comments?post=3003"}],"version-history":[{"count":11,"href":"https:\/\/blogg.folkuniversitetet.nu\/erikan\/wp-json\/wp\/v2\/pages\/3003\/revisions"}],"predecessor-version":[{"id":3075,"href":"https:\/\/blogg.folkuniversitetet.nu\/erikan\/wp-json\/wp\/v2\/pages\/3003\/revisions\/3075"}],"wp:attachment":[{"href":"https:\/\/blogg.folkuniversitetet.nu\/erikan\/wp-json\/wp\/v2\/media?parent=3003"}],"curies":[{"name":"wp","href":"https:\/\/api.w.org\/{rel}","templated":true}]}}